{"id":824,"date":"2024-11-21T03:33:30","date_gmt":"2024-11-21T03:33:30","guid":{"rendered":"https:\/\/volovape.com\/?post_type=product&#038;p=824"},"modified":"2025-07-06T04:22:09","modified_gmt":"2025-07-06T04:22:09","slug":"elfworld-15pro-12000-baforadas","status":"publish","type":"product","link":"https:\/\/volovape.com\/pt\/product\/elfworld-15pro-12000-puffs\/","title":{"rendered":"ELFWORLD 15PRO 12000 puffs vape descart\u00e1vel com ecr\u00e3 digital e fluxo de ar ajust\u00e1vel"},"content":{"rendered":"<p><strong>ELFWORLD 15PRO 12000 Puffs Vape descart\u00e1vel<\/strong> - Vaping inteligente com ecr\u00e3 digital e fluxo de ar ajust\u00e1vel.<\/p>\n<p>O <strong>ELFWORLD 15PRO 12000 Puffs<\/strong> O vape descart\u00e1vel combina um elevado desempenho com funcionalidades inteligentes, oferecendo at\u00e9 <strong>12.000 baforadas<\/strong>, um <strong>Capacidade para 18 ml de e-l\u00edquido<\/strong>, e um <strong>Bateria recarreg\u00e1vel de 600mAh<\/strong>. O sistema integrado <strong>ecr\u00e3 digital<\/strong> fornece monitoriza\u00e7\u00e3o em tempo real dos n\u00edveis da bateria e do e-l\u00edquido, enquanto o <strong>fluxo de ar ajust\u00e1vel<\/strong> permite experi\u00eancias de vaporiza\u00e7\u00e3o personalizadas. O avan\u00e7ado <strong>bobina de malha<\/strong> garante um vapor suave e saboroso. Escolha entre <strong>Concentra\u00e7\u00f5es de nicotina 0%, 2%, 3% ou 5%<\/strong>. Ideal para uso pessoal e <strong>vape descart\u00e1vel por atacado<\/strong>Este dispositivo oferece comodidade e controlo. <strong>Encomenda a granel<\/strong> est\u00e3o dispon\u00edveis para os retalhistas.<\/p>\n<h3><strong>ELFWORLD 15PRO 12000 Puffs Carater\u00edsticas:<\/strong><\/h3>\n<ul>\n<li>Puffs: At\u00e9 12.000<\/li>\n<li>Capacidade do E-l\u00edquido: 18ml<\/li>\n<li>Bateria: 600mAh (recarreg\u00e1vel)<\/li>\n<li>Carregamento: Tipo C<\/li>\n<li>Bobina: Bobina de malha<\/li>\n<li>Ecr\u00e3: Ecr\u00e3 digital (n\u00edveis de bateria e de e-l\u00edquido)<\/li>\n<li>Fluxo de ar: Ajust\u00e1vel<\/li>\n<li>Pontos fortes da nicotina: 0%, 2%, 3%, 5%<\/li>\n<li>Sabores dispon\u00edveis: Melancia Ice, Blue Razz Ice, Morango Ice, Baunilha Casta Tabaco, Fruta do Drag\u00e3o Berry, Uva Sakura, P\u00eassego Manga, Doce Arco-\u00edris, Menta, Bagas Mistas, Pastilha el\u00e1stica de Melancia, Kiwi Maracuj\u00e1 Goiaba, Melancia Framboesa, Ma\u00e7\u00e3 Dupla, Gelado de Morango.<\/li>\n<\/ul>\n<h4>Perguntas frequentes<\/h4>\n<h5>Como \u00e9 que o ecr\u00e3 digital melhora a experi\u00eancia de vaporiza\u00e7\u00e3o?<\/h5>\n<p>O visor digital fornece informa\u00e7\u00f5es em tempo real sobre os n\u00edveis da bateria e do e-l\u00edquido, permitindo aos utilizadores monitorizar o estado do seu dispositivo num relance. Esta funcionalidade garante que nunca \u00e9 apanhado desprevenido e que pode planear as suas sess\u00f5es de vaporiza\u00e7\u00e3o em conformidade, aumentando a comodidade e o controlo gerais.<\/p>\n<h5>Quais s\u00e3o as vantagens do caudal de ar regul\u00e1vel?<\/h5>\n<p>O fluxo de ar ajust\u00e1vel permite que os utilizadores personalizem a sua experi\u00eancia de vaporiza\u00e7\u00e3o, afinando a resist\u00eancia de tra\u00e7\u00e3o. Quer prefira um tra\u00e7\u00e3o mais apertada ou mais solta, esta carater\u00edstica permite-lhe personalizar o seu vape de acordo com as suas prefer\u00eancias, resultando numa experi\u00eancia mais satisfat\u00f3ria e agrad\u00e1vel.<\/p>\n<h5>Como \u00e9 que a bobina de malha contribui para o sabor e a produ\u00e7\u00e3o de vapor?<\/h5>\n<p>A bobina de malha foi concebida para proporcionar um aquecimento uniforme e uma vaporiza\u00e7\u00e3o \u00f3ptima do e-l\u00edquido, resultando num vapor consistentemente suave e saboroso. Esta tecnologia melhora a experi\u00eancia global de vaporiza\u00e7\u00e3o, proporcionando nuvens ricas e satisfat\u00f3rias em cada tragada.<\/p>\n<h5>Que m\u00e9todos de envio s\u00e3o utilizados?<\/h5>\n<p>Estabelecemos parcerias com transportadoras de confian\u00e7a, como a UPS, a DHL, a FedEx e a DPD, para garantir uma entrega fi\u00e1vel e eficiente. Seleccionamos o m\u00e9todo de envio mais adequado com base na sua localiza\u00e7\u00e3o para que a sua encomenda chegue at\u00e9 si o mais rapidamente poss\u00edvel.<\/p>\n<h5>Posso confiar na minha compra?<\/h5>\n<p>Damos prioridade \u00e0 satisfa\u00e7\u00e3o do cliente e oferecemos op\u00e7\u00f5es de pagamento seguras, incluindo PayPal com prote\u00e7\u00e3o do comprador. Tamb\u00e9m pode ver as opini\u00f5es dos clientes no TrustPilot: <a href=\"https:\/\/www.trustpilot.com\/review\/volovape.com?utm_medium=trustbox&amp;utm_source=TrustBoxReviewCollector\">TrustPilot<\/a>.<\/p>","protected":false},"excerpt":{"rendered":"<p>Distribuir os vaporizadores descart\u00e1veis ELFWORLD 15PRO 12000 Puffs. 12.000 baforadas, 18 ml de e-l\u00edquido, ecr\u00e3 digital, fluxo de ar ajust\u00e1vel, bobina de malha. Nicotina variada. Descobre 15 sabores.<\/p>","protected":false},"featured_media":1243,"comment_status":"open","ping_status":"closed","template":"","meta":[],"product_brand":[],"product_cat":[69,38,21,18,39,20,23,24,22,25,26,27,28,29,30,31,32,33,34,35,36,40],"product_tag":[],"class_list":{"0":"post-824","1":"product","2":"type-product","3":"status-publish","4":"has-post-thumbnail","6":"product_cat-elfworld","7":"product_cat-12000-puffs-disposable-vape","8":"product_cat-big-puffs-vapes","9":"product_cat-different-puffs-of-disposable-vapes","10":"product_cat-digital-box-vapes","11":"product_cat-disposable-vape-types","12":"product_cat-disposable-vapes-in-austria","13":"product_cat-disposable-vapes-in-belgium","14":"product_cat-disposable-vapes-in-europe","15":"product_cat-disposable-vapes-in-france","16":"product_cat-disposable-vapes-in-germany","17":"product_cat-disposable-vapes-in-hungary","18":"product_cat-disposable-vapes-in-ltaly","19":"product_cat-disposable-vapes-in-netherlands","20":"product_cat-disposable-vapes-in-norway","21":"product_cat-disposable-vapes-in-poland","22":"product_cat-disposable-vapes-in-portugal","23":"product_cat-disposable-vapes-in-spain","24":"product_cat-disposable-vapes-in-sweden","25":"product_cat-disposable-vapes-in-switzerland","26":"product_cat-rechargeable-vapes","27":"product_cat-smart-screen-vapes","29":"first","30":"instock","31":"shipping-taxable","32":"purchasable","33":"product-type-variable","34":"has-default-attributes"},"jetpack_sharing_enabled":true,"tiered_pricing_type":"fixed","tiered_pricing_fixed_rules":{"2000":5.20000000000000017763568394002504646778106689453125},"tiered_pricing_product_settings":{"layout":"default","base_unit_name":{"singular":null,"plural":null},"default_variation":null},"tiered_pricing_minimum_quantity":1000,"tiered_pricing_roles_data":[],"tiered_pricing_percentage_rules":[],"tiered_pricing_maximum_quantity":null,"tiered_pricing_quantity_step":"10","_links":{"self":[{"href":"https:\/\/volovape.com\/pt\/wp-json\/wp\/v2\/product\/824","targetHints":{"allow":["GET"]}}],"collection":[{"href":"https:\/\/volovape.com\/pt\/wp-json\/wp\/v2\/product"}],"about":[{"href":"https:\/\/volovape.com\/pt\/wp-json\/wp\/v2\/types\/product"}],"replies":[{"embeddable":true,"href":"https:\/\/volovape.com\/pt\/wp-json\/wp\/v2\/comments?post=824"}],"wp:featuredmedia":[{"embeddable":true,"href":"https:\/\/volovape.com\/pt\/wp-json\/wp\/v2\/media\/1243"}],"wp:attachment":[{"href":"https:\/\/volovape.com\/pt\/wp-json\/wp\/v2\/media?parent=824"}],"wp:term":[{"taxonomy":"product_brand","embeddable":true,"href":"https:\/\/volovape.com\/pt\/wp-json\/wp\/v2\/product_brand?post=824"},{"taxonomy":"product_cat","embeddable":true,"href":"https:\/\/volovape.com\/pt\/wp-json\/wp\/v2\/product_cat?post=824"},{"taxonomy":"product_tag","embeddable":true,"href":"https:\/\/volovape.com\/pt\/wp-json\/wp\/v2\/product_tag?post=824"}],"curies":[{"name":"wp","href":"https:\/\/api.w.org\/{rel}","templated":true}]}}