{"id":785,"date":"2024-11-21T03:33:06","date_gmt":"2024-11-21T03:33:06","guid":{"rendered":"https:\/\/volovape.com\/?post_type=product&#038;p=785"},"modified":"2025-06-19T03:45:15","modified_gmt":"2025-06-19T03:45:15","slug":"aivono-aim-plus-800-puffs","status":"publish","type":"product","link":"https:\/\/volovape.com\/pt\/product\/aivono-aim-plus-800-puffs\/","title":{"rendered":"Aivono Aim Plus 800 Puffs Vape descart\u00e1vel - Bobina de malha, Certificado TPD"},"content":{"rendered":"<p><strong>Aivono Aim Plus 800 Puffs Vape descart\u00e1vel<\/strong> - Fi\u00e1vel, saboroso e com certifica\u00e7\u00e3o TPD para garantia de qualidade.<\/p>\n<p>O <strong>Aivono Aim Plus 800 Puffs<\/strong> O vape descart\u00e1vel oferece uma experi\u00eancia de vaporiza\u00e7\u00e3o simples e satisfat\u00f3ria com at\u00e9 <strong>800 puffs<\/strong>, a <strong>3,2 ml de capacidade de e-l\u00edquido<\/strong>, e um <strong>Bateria de 550mAh<\/strong>. O <strong>Bobina de malha de 1,8\u03a9<\/strong> garante uma produ\u00e7\u00e3o de vapor consistente e saborosa. Este dispositivo tem certifica\u00e7\u00e3o TPD, garantindo a ades\u00e3o a elevados padr\u00f5es de qualidade e seguran\u00e7a. Escolha entre <strong>Doses de nicotina 0%, 2% ou 5%<\/strong>. Ideal para uso pessoal e <strong>vape descart\u00e1vel por atacado<\/strong>O Aivono Aim Plus oferece fiabilidade e sabor numa embalagem pr\u00e1tica. <strong>Encomenda a granel<\/strong> est\u00e3o dispon\u00edveis para os retalhistas.<\/p>\n<h3><strong>Aivono Aim Plus 800 Puffs Carater\u00edsticas:<\/strong><\/h3>\n<ul>\n<li>Puffs: At\u00e9 800<\/li>\n<li>Capacidade do E-l\u00edquido: 3,2 ml<\/li>\n<li>Bateria: 550mAh<\/li>\n<li>Bobina: Bobina de malha de 1.8\u03a9<\/li>\n<li>Pontos fortes da nicotina: 0%, 2%, 5%<\/li>\n<li>Certifica\u00e7\u00e3o: Certificado TPD<\/li>\n<li>Sabores dispon\u00edveis: Cool Mint, Lush Ice, Cotton Candy, Tangerine Ice, Strawberry Watermelon, Blueberry Raspberry Lemon, Mixed Berry, Peach Ice, Banana Ice, Blueberry on Ice, Grape Ice, Mango Ice, Strawberry Ice, Apple Ice, Lychee Ice, Pink Lemonade, Pineapple Colada, Cola Ice, Red Bull, Strawberry Banana, Guava Ice, Strawberry Passion Fruit, Strawberry Kiwi, Mango Lychee, White Peach Grapefruit, Mango Pineapple Peach, Orange Passion Fruit Guava, Watermelon Bubble Gum, Blueberry Cheesecake.<\/li>\n<\/ul>\n<h4>Perguntas frequentes<\/h4>\n<h5>O que significa a certifica\u00e7\u00e3o TPD para este vape?<\/h5>\n<p>A certifica\u00e7\u00e3o TPD (Tobacco Products Directive) significa que o Aivono Aim Plus 800 cumpre as rigorosas normas de qualidade e seguran\u00e7a estabelecidas pela Uni\u00e3o Europeia. Isto garante que o produto foi submetido a testes rigorosos e cumpre os regulamentos relativos a ingredientes, emiss\u00f5es e embalagem, proporcionando aos utilizadores uma experi\u00eancia de vaporiza\u00e7\u00e3o segura e fi\u00e1vel.<\/p>\n<h5>Como \u00e9 que a bobina de malha de 1,8\u03a9 contribui para a experi\u00eancia de vaporiza\u00e7\u00e3o?<\/h5>\n<p>A bobina de malha de 1,8\u03a9 foi concebida para proporcionar uma experi\u00eancia de vaporiza\u00e7\u00e3o suave e consistente. Optimiza o fornecimento de sabor e a produ\u00e7\u00e3o de vapor, assegurando que cada tragada \u00e9 satisfat\u00f3ria e saborosa. Esta bobina \u00e9 ideal para utilizadores que preferem uma sess\u00e3o de vaporiza\u00e7\u00e3o mais controlada e agrad\u00e1vel.<\/p>\n<h5>Quanto tempo dura a bateria e qual \u00e9 a capacidade do e-l\u00edquido?<\/h5>\n<p>A bateria de 550mAh suporta at\u00e9 800 baforadas, fornecendo energia fi\u00e1vel para uma utiliza\u00e7\u00e3o prolongada. O dispositivo possui uma capacidade de 3,2 ml de e-l\u00edquido, garantindo que tem e-l\u00edquido suficiente para durar toda a vida \u00fatil do dispositivo.<\/p>\n<h5>Que m\u00e9todos de envio s\u00e3o utilizados?<\/h5>\n<p>Estabelecemos parcerias com transportadoras de confian\u00e7a, como a UPS, a DHL, a FedEx e a DPD, para garantir uma entrega fi\u00e1vel e eficiente. Seleccionamos o m\u00e9todo de envio mais adequado com base na sua localiza\u00e7\u00e3o para que a sua encomenda chegue at\u00e9 si o mais rapidamente poss\u00edvel.<\/p>\n<h5>Posso confiar na minha compra?<\/h5>\n<p>Damos prioridade \u00e0 satisfa\u00e7\u00e3o do cliente e oferecemos op\u00e7\u00f5es de pagamento seguras, incluindo PayPal com prote\u00e7\u00e3o do comprador. Tamb\u00e9m pode ver as opini\u00f5es dos clientes no TrustPilot: <a href=\"https:\/\/www.trustpilot.com\/review\/volovape.com?utm_medium=trustbox&amp;utm_source=TrustBoxReviewCollector\">TrustPilot<\/a>.<\/p>","protected":false},"excerpt":{"rendered":"<p>Compre o Vape descart\u00e1vel Aivono Aim Plus 800 Puffs a granel. Com 3,2 ml de e-l\u00edquido, bobina de malha, certifica\u00e7\u00e3o TPD e v\u00e1rias op\u00e7\u00f5es de nicotina, \u00e9 perfeito para fornecedores e revendedores de vape por atacado.<\/p>","protected":false},"featured_media":1213,"comment_status":"open","ping_status":"closed","template":"","meta":[],"product_brand":[],"product_cat":[67,59,18,20,23,24,22,25,26,27,28,29,30,31,32,33,34,35,60],"product_tag":[],"class_list":{"0":"post-785","1":"product","2":"type-product","3":"status-publish","4":"has-post-thumbnail","6":"product_cat-aivono","7":"product_cat-800-puffs-disposable-vape","8":"product_cat-different-puffs-of-disposable-vapes","9":"product_cat-disposable-vape-types","10":"product_cat-disposable-vapes-in-austria","11":"product_cat-disposable-vapes-in-belgium","12":"product_cat-disposable-vapes-in-europe","13":"product_cat-disposable-vapes-in-france","14":"product_cat-disposable-vapes-in-germany","15":"product_cat-disposable-vapes-in-hungary","16":"product_cat-disposable-vapes-in-ltaly","17":"product_cat-disposable-vapes-in-netherlands","18":"product_cat-disposable-vapes-in-norway","19":"product_cat-disposable-vapes-in-poland","20":"product_cat-disposable-vapes-in-portugal","21":"product_cat-disposable-vapes-in-spain","22":"product_cat-disposable-vapes-in-sweden","23":"product_cat-disposable-vapes-in-switzerland","24":"product_cat-mini-puffs-vapes","26":"first","27":"instock","28":"shipping-taxable","29":"purchasable","30":"product-type-variable","31":"has-default-attributes"},"jetpack_sharing_enabled":true,"tiered_pricing_type":"fixed","tiered_pricing_fixed_rules":{"2000":3.04000000000000003552713678800500929355621337890625},"tiered_pricing_product_settings":{"layout":"default","base_unit_name":{"singular":null,"plural":null},"default_variation":null},"tiered_pricing_minimum_quantity":1000,"tiered_pricing_roles_data":[],"tiered_pricing_percentage_rules":[],"tiered_pricing_maximum_quantity":null,"tiered_pricing_quantity_step":"10","_links":{"self":[{"href":"https:\/\/volovape.com\/pt\/wp-json\/wp\/v2\/product\/785","targetHints":{"allow":["GET"]}}],"collection":[{"href":"https:\/\/volovape.com\/pt\/wp-json\/wp\/v2\/product"}],"about":[{"href":"https:\/\/volovape.com\/pt\/wp-json\/wp\/v2\/types\/product"}],"replies":[{"embeddable":true,"href":"https:\/\/volovape.com\/pt\/wp-json\/wp\/v2\/comments?post=785"}],"wp:featuredmedia":[{"embeddable":true,"href":"https:\/\/volovape.com\/pt\/wp-json\/wp\/v2\/media\/1213"}],"wp:attachment":[{"href":"https:\/\/volovape.com\/pt\/wp-json\/wp\/v2\/media?parent=785"}],"wp:term":[{"taxonomy":"product_brand","embeddable":true,"href":"https:\/\/volovape.com\/pt\/wp-json\/wp\/v2\/product_brand?post=785"},{"taxonomy":"product_cat","embeddable":true,"href":"https:\/\/volovape.com\/pt\/wp-json\/wp\/v2\/product_cat?post=785"},{"taxonomy":"product_tag","embeddable":true,"href":"https:\/\/volovape.com\/pt\/wp-json\/wp\/v2\/product_tag?post=785"}],"curies":[{"name":"wp","href":"https:\/\/api.w.org\/{rel}","templated":true}]}}