{"id":784,"date":"2024-11-21T03:33:06","date_gmt":"2024-11-21T03:33:06","guid":{"rendered":"https:\/\/volovape.com\/?post_type=product&#038;p=784"},"modified":"2025-06-19T03:45:13","modified_gmt":"2025-06-19T03:45:13","slug":"aivono-mini-boxx-600-puffs","status":"publish","type":"product","link":"https:\/\/volovape.com\/pt\/product\/aivono-mini-boxx-600-puffs\/","title":{"rendered":"Aivono Mini Boxx 600 Puffs Vape Descart\u00e1vel - Recarreg\u00e1vel, Bobina de Malha"},"content":{"rendered":"<p><strong>Aivono Mini Boxx 600 Puffs Vape descart\u00e1vel<\/strong> - Vaporizador compacto, recarreg\u00e1vel e saboroso em movimento.<\/p>\n<p>O <strong>Aivono Mini Boxx 600 Puffs<\/strong> O vape descart\u00e1vel foi concebido para quem d\u00e1 prioridade \u00e0 portabilidade e \u00e0 comodidade sem comprometer o sabor. Com at\u00e9 <strong>600 puffs<\/strong>, a <strong>Capacidade para 2 ml de e-l\u00edquido<\/strong>, e um <strong>Bateria recarreg\u00e1vel de 400mAh<\/strong>Este dispositivo oferece uma experi\u00eancia de vaporiza\u00e7\u00e3o satisfat\u00f3ria num design elegante e compacto. O <strong>Bobina de malha de 1,2\u03a9<\/strong> garante um vapor suave e saboroso, perfeito para o uso di\u00e1rio. Escolha entre <strong>Doses de nicotina 0%, 2% ou 5%<\/strong>. Ideal para uso pessoal e <strong>vape descart\u00e1vel por atacado<\/strong>O Aivono Mini Boxx \u00e9 uma combina\u00e7\u00e3o perfeita de comodidade e desempenho. <strong>Encomenda a granel<\/strong> est\u00e3o dispon\u00edveis para os retalhistas.<\/p>\n<h3><strong>Aivono Mini Boxx 600 Puffs Carater\u00edsticas:<\/strong><\/h3>\n<ul>\n<li>Puffs: At\u00e9 600<\/li>\n<li>Capacidade do E-l\u00edquido: 2ml<\/li>\n<li>Bateria: 400mAh (recarreg\u00e1vel)<\/li>\n<li>Carregamento: Tipo C<\/li>\n<li>Bobina: Bobina de malha de 1.2\u03a9<\/li>\n<li>Pontos fortes da nicotina: 0%, 2%, 5%<\/li>\n<li>Sabores dispon\u00edveis: Gelado de Morango, Menta Lim\u00e3o, Gelado de Morango Kiwi, Gelado de Alo\u00e9 Amora, Gelado de Goma Bolha Melancia, Gelado de Morango, Bebida Energ\u00e9tica, P\u00eassego Branco Toranja, Cereja Cantaloupe, Anan\u00e1s Coco Gel.<\/li>\n<\/ul>\n<h4>Perguntas frequentes<\/h4>\n<h5>O que torna o Aivono Mini Boxx ideal para vaporiza\u00e7\u00e3o em movimento?<\/h5>\n<p>O Aivono Mini Boxx foi concebido com um formato compacto e leve, tornando-o extremamente port\u00e1til e perfeito para os utilizadores que necessitam de uma solu\u00e7\u00e3o de vaporiza\u00e7\u00e3o discreta e conveniente. O seu tamanho pequeno cabe facilmente em bolsos ou sacos, garantindo que pode desfrutar dos seus sabores favoritos em qualquer altura e em qualquer lugar.<\/p>\n<h5>Como \u00e9 que a bobina de malha de 1,2\u03a9 melhora a experi\u00eancia de sabor?<\/h5>\n<p>A bobina de malha de 1,2\u03a9 \u00e9 optimizada para proporcionar sabor, proporcionando uma experi\u00eancia de vaporiza\u00e7\u00e3o suave e consistente. Esta bobina aquece eficazmente o e-l\u00edquido, assegurando que cada baforada \u00e9 rica e saborosa, aumentando a satisfa\u00e7\u00e3o geral de cada sess\u00e3o de vaporiza\u00e7\u00e3o.<\/p>\n<h5>Quanto tempo dura a bateria e com que rapidez \u00e9 recarregada?<\/h5>\n<p>A bateria recarreg\u00e1vel de 400mAh foi concebida para suportar at\u00e9 600 baforadas. Com o carregamento tipo C, o dispositivo recarrega-se rapidamente, minimizando o tempo de inatividade e garantindo que pode voltar a vaporizar mais cedo.<\/p>\n<h5>Que m\u00e9todos de envio s\u00e3o utilizados?<\/h5>\n<p>Estabelecemos parcerias com transportadoras fi\u00e1veis, como a UPS, a DHL, a FedEx e a DPD, para proporcionar uma entrega eficiente e segura. Seleccionamos a melhor op\u00e7\u00e3o de envio com base na sua localiza\u00e7\u00e3o para garantir que a sua encomenda chega prontamente.<\/p>\n<h5>Posso confiar na minha compra?<\/h5>\n<p>Damos prioridade \u00e0 satisfa\u00e7\u00e3o do cliente e oferecemos op\u00e7\u00f5es de pagamento seguras, incluindo PayPal com prote\u00e7\u00e3o do comprador. Tamb\u00e9m pode ver as opini\u00f5es dos clientes no TrustPilot: <a href=\"https:\/\/www.trustpilot.com\/review\/volovape.com?utm_medium=trustbox&amp;utm_source=TrustBoxReviewCollector\">TrustPilot<\/a>.<\/p>","protected":false},"excerpt":{"rendered":"<p>Compre o Vape descart\u00e1vel Aivono Mini Boxx 600 Puffs a granel. Com 2ml de e-l\u00edquido, bobina de malha e design compacto, \u00e9 uma op\u00e7\u00e3o ideal de atacado para distribuidores e varejistas de vape.<\/p>","protected":false},"featured_media":1203,"comment_status":"open","ping_status":"closed","template":"","meta":[],"product_brand":[],"product_cat":[67,59,18,20,23,24,22,25,26,27,28,29,30,31,32,33,34,35,60],"product_tag":[],"class_list":{"0":"post-784","1":"product","2":"type-product","3":"status-publish","4":"has-post-thumbnail","6":"product_cat-aivono","7":"product_cat-800-puffs-disposable-vape","8":"product_cat-different-puffs-of-disposable-vapes","9":"product_cat-disposable-vape-types","10":"product_cat-disposable-vapes-in-austria","11":"product_cat-disposable-vapes-in-belgium","12":"product_cat-disposable-vapes-in-europe","13":"product_cat-disposable-vapes-in-france","14":"product_cat-disposable-vapes-in-germany","15":"product_cat-disposable-vapes-in-hungary","16":"product_cat-disposable-vapes-in-ltaly","17":"product_cat-disposable-vapes-in-netherlands","18":"product_cat-disposable-vapes-in-norway","19":"product_cat-disposable-vapes-in-poland","20":"product_cat-disposable-vapes-in-portugal","21":"product_cat-disposable-vapes-in-spain","22":"product_cat-disposable-vapes-in-sweden","23":"product_cat-disposable-vapes-in-switzerland","24":"product_cat-mini-puffs-vapes","26":"first","27":"instock","28":"shipping-taxable","29":"purchasable","30":"product-type-variable","31":"has-default-attributes"},"jetpack_sharing_enabled":true,"tiered_pricing_type":"fixed","tiered_pricing_fixed_rules":{"2000":3.45999999999999996447286321199499070644378662109375},"tiered_pricing_product_settings":{"layout":"default","base_unit_name":{"singular":null,"plural":null},"default_variation":null},"tiered_pricing_minimum_quantity":1000,"tiered_pricing_roles_data":[],"tiered_pricing_percentage_rules":[],"tiered_pricing_maximum_quantity":null,"tiered_pricing_quantity_step":"10","_links":{"self":[{"href":"https:\/\/volovape.com\/pt\/wp-json\/wp\/v2\/product\/784","targetHints":{"allow":["GET"]}}],"collection":[{"href":"https:\/\/volovape.com\/pt\/wp-json\/wp\/v2\/product"}],"about":[{"href":"https:\/\/volovape.com\/pt\/wp-json\/wp\/v2\/types\/product"}],"replies":[{"embeddable":true,"href":"https:\/\/volovape.com\/pt\/wp-json\/wp\/v2\/comments?post=784"}],"wp:featuredmedia":[{"embeddable":true,"href":"https:\/\/volovape.com\/pt\/wp-json\/wp\/v2\/media\/1203"}],"wp:attachment":[{"href":"https:\/\/volovape.com\/pt\/wp-json\/wp\/v2\/media?parent=784"}],"wp:term":[{"taxonomy":"product_brand","embeddable":true,"href":"https:\/\/volovape.com\/pt\/wp-json\/wp\/v2\/product_brand?post=784"},{"taxonomy":"product_cat","embeddable":true,"href":"https:\/\/volovape.com\/pt\/wp-json\/wp\/v2\/product_cat?post=784"},{"taxonomy":"product_tag","embeddable":true,"href":"https:\/\/volovape.com\/pt\/wp-json\/wp\/v2\/product_tag?post=784"}],"curies":[{"name":"wp","href":"https:\/\/api.w.org\/{rel}","templated":true}]}}