{"id":783,"date":"2024-11-21T03:33:06","date_gmt":"2024-11-21T03:33:06","guid":{"rendered":"https:\/\/volovape.com\/?post_type=product&#038;p=783"},"modified":"2025-08-06T08:14:48","modified_gmt":"2025-08-06T08:14:48","slug":"shisha-fatman-aivono-15-000-baforadas","status":"publish","type":"product","link":"https:\/\/volovape.com\/pt\/product\/aivono-fatman-shisha-15000-puffs\/","title":{"rendered":"Aivono Fatman Shisha 15000 puffs vape descart\u00e1vel - sabores ricos de narguil\u00e9, recarreg\u00e1vel, desconto por volume"},"content":{"rendered":"<p><strong>Aivono Fatman Shisha 15000 Puffs Vape descart\u00e1vel<\/strong> - Experimente sabores ricos de narguil\u00e9 com vaporiza\u00e7\u00e3o de alto desempenho.<\/p>\n<p>O <strong>Aivono Fatman Shisha 15000 Folhados<\/strong> O vape descart\u00e1vel proporciona uma experi\u00eancia aut\u00eantica de narguil\u00e9 com a sua impressionante <strong>15 000 puff<\/strong> capacidade, uma generosa <strong>Reservat\u00f3rio de e-l\u00edquido de 24 ml<\/strong>e um sistema fi\u00e1vel <strong>Bateria recarreg\u00e1vel de 600mAh<\/strong>. A otimiza\u00e7\u00e3o <strong>Bobina de malha de 0,6\u03a9<\/strong> garante um vapor denso e sabores ricos e satisfat\u00f3rios, reproduzindo a ess\u00eancia da shisha tradicional. Escolha entre <strong>Concentra\u00e7\u00f5es de nicotina 0%, 2%, 3% ou 5%<\/strong> para corresponder \u00e0s suas prefer\u00eancias. Este dispositivo \u00e9 perfeito para uso pessoal e <strong>vape descart\u00e1vel por atacado<\/strong>, proporcionando comodidade e desempenho. <strong>Encomenda a granel<\/strong> existem op\u00e7\u00f5es dispon\u00edveis para os retalhistas que procuram vaporizadores descart\u00e1veis de alta qualidade.<\/p>\n<h3><strong>Aivono Fatman Shisha 15000 Puffs Carater\u00edsticas:<\/strong><\/h3>\n<ul>\n<li>Puffs: At\u00e9 15.000<\/li>\n<li>Capacidade do E-l\u00edquido: 24ml<\/li>\n<li>Bateria: 600mAh (recarreg\u00e1vel)<\/li>\n<li>Carregamento: Tipo C<\/li>\n<li>Bobina: Bobina de malha de 0,6\u03a9<\/li>\n<li>Pontos fortes da nicotina: 0%, 2%, 3%, 5%<\/li>\n<li>Sabores dispon\u00edveis: Gelo de Morango, Gelo de Melancia, Framboesa de Morango, P\u00eassego Suculento, Gelo de Mirtilo, Maracuj\u00e1 de Manga, Gelatina de Melancia e Cereja.<\/li>\n<\/ul>\n<h4>Perguntas frequentes<\/h4>\n<h5>Como \u00e9 que a bobina de malha de 0,6\u03a9 melhora a experi\u00eancia de vaporiza\u00e7\u00e3o do narguil\u00e9?<\/h5>\n<p>A bobina de malha de 0,6\u03a9 foi especificamente concebida para maximizar a produ\u00e7\u00e3o de vapor e a intensidade do sabor, proporcionando uma nuvem densa e saborosa que imita de perto a experi\u00eancia da shisha tradicional. Esta bobina assegura um aquecimento uniforme e um fornecimento \u00f3timo de sabor.<\/p>\n<h5>Qual \u00e9 a dura\u00e7\u00e3o da bateria e o tempo de carregamento?<\/h5>\n<p>A bateria recarreg\u00e1vel de 600mAh fornece energia de longa dura\u00e7\u00e3o para at\u00e9 15.000 baforadas. Com o carregamento tipo C, pode recarregar o dispositivo de forma r\u00e1pida e eficiente, minimizando o tempo de inatividade e maximizando o prazer de vaporizar.<\/p>\n<h5>Que op\u00e7\u00f5es de sabores est\u00e3o dispon\u00edveis?<\/h5>\n<p>O Aivono Fatman Shisha 15000 oferece uma variedade de sabores inspirados no narguil\u00e9, incluindo Morango Gelo, Melancia Gelo, Morango Framboesa, P\u00eassego Suculento, Mirtilo Gelo, Manga Maracuj\u00e1 e Gelatina de Cereja e Melancia. Cada sabor foi criado para proporcionar uma experi\u00eancia de vaporiza\u00e7\u00e3o \u00fanica e satisfat\u00f3ria.<\/p>\n<h5>Que m\u00e9todos de envio s\u00e3o utilizados?<\/h5>\n<p>Estabelecemos parcerias com transportadoras fi\u00e1veis, como a UPS, a DHL, a FedEx e a DPD, para garantir uma entrega r\u00e1pida e segura. Seleccionamos o m\u00e9todo de envio mais adequado com base na sua localiza\u00e7\u00e3o para que a sua encomenda chegue at\u00e9 si o mais rapidamente poss\u00edvel.<\/p>\n<h5>Posso confiar na minha compra?<\/h5>\n<p>Damos prioridade \u00e0 satisfa\u00e7\u00e3o do cliente e oferecemos op\u00e7\u00f5es de pagamento seguras, incluindo PayPal com prote\u00e7\u00e3o do comprador. Tamb\u00e9m pode ver as opini\u00f5es dos clientes no TrustPilot: <a href=\"https:\/\/www.trustpilot.com\/review\/volovape.com?utm_medium=trustbox&amp;utm_source=TrustBoxReviewCollector\">TrustPilot<\/a>.<\/p>","protected":false},"excerpt":{"rendered":"<p>Aivono Fatman Shisha 15000 Puffs Vape descart\u00e1vel por atacado. 15.000 baforadas, 24ml de e-l\u00edquido, recarreg\u00e1vel. Bobina de malha, nicotina variada. Explore os sabores do narguil\u00e9 agora.<\/p>","protected":false},"featured_media":1191,"comment_status":"open","ping_status":"closed","template":"","meta":[],"product_brand":[],"product_cat":[67,41,21,18,20,23,24,22,25,26,27,28,29,30,31,32,33,34,35,36,47],"product_tag":[],"class_list":{"0":"post-783","1":"product","2":"type-product","3":"status-publish","4":"has-post-thumbnail","6":"product_cat-aivono","7":"product_cat-15000-puffs-disposable-vape","8":"product_cat-big-puffs-vapes","9":"product_cat-different-puffs-of-disposable-vapes","10":"product_cat-disposable-vape-types","11":"product_cat-disposable-vapes-in-austria","12":"product_cat-disposable-vapes-in-belgium","13":"product_cat-disposable-vapes-in-europe","14":"product_cat-disposable-vapes-in-france","15":"product_cat-disposable-vapes-in-germany","16":"product_cat-disposable-vapes-in-hungary","17":"product_cat-disposable-vapes-in-ltaly","18":"product_cat-disposable-vapes-in-netherlands","19":"product_cat-disposable-vapes-in-norway","20":"product_cat-disposable-vapes-in-poland","21":"product_cat-disposable-vapes-in-portugal","22":"product_cat-disposable-vapes-in-spain","23":"product_cat-disposable-vapes-in-sweden","24":"product_cat-disposable-vapes-in-switzerland","25":"product_cat-rechargeable-vapes","26":"product_cat-shisha-hookah-vapes","28":"first","29":"instock","30":"shipping-taxable","31":"purchasable","32":"product-type-variable","33":"has-default-attributes"},"jetpack_sharing_enabled":true,"tiered_pricing_type":"fixed","tiered_pricing_fixed_rules":{"2000":5.4900000000000002131628207280300557613372802734375},"tiered_pricing_product_settings":{"layout":"default","base_unit_name":{"singular":null,"plural":null},"default_variation":null},"tiered_pricing_minimum_quantity":1000,"tiered_pricing_roles_data":[],"tiered_pricing_percentage_rules":[],"tiered_pricing_maximum_quantity":null,"tiered_pricing_quantity_step":"10","_links":{"self":[{"href":"https:\/\/volovape.com\/pt\/wp-json\/wp\/v2\/product\/783","targetHints":{"allow":["GET"]}}],"collection":[{"href":"https:\/\/volovape.com\/pt\/wp-json\/wp\/v2\/product"}],"about":[{"href":"https:\/\/volovape.com\/pt\/wp-json\/wp\/v2\/types\/product"}],"replies":[{"embeddable":true,"href":"https:\/\/volovape.com\/pt\/wp-json\/wp\/v2\/comments?post=783"}],"wp:featuredmedia":[{"embeddable":true,"href":"https:\/\/volovape.com\/pt\/wp-json\/wp\/v2\/media\/1191"}],"wp:attachment":[{"href":"https:\/\/volovape.com\/pt\/wp-json\/wp\/v2\/media?parent=783"}],"wp:term":[{"taxonomy":"product_brand","embeddable":true,"href":"https:\/\/volovape.com\/pt\/wp-json\/wp\/v2\/product_brand?post=783"},{"taxonomy":"product_cat","embeddable":true,"href":"https:\/\/volovape.com\/pt\/wp-json\/wp\/v2\/product_cat?post=783"},{"taxonomy":"product_tag","embeddable":true,"href":"https:\/\/volovape.com\/pt\/wp-json\/wp\/v2\/product_tag?post=783"}],"curies":[{"name":"wp","href":"https:\/\/api.w.org\/{rel}","templated":true}]}}