{"id":77,"date":"2024-11-21T03:26:51","date_gmt":"2024-11-21T03:26:51","guid":{"rendered":"https:\/\/volovape.com\/?post_type=product&#038;p=77"},"modified":"2025-06-19T03:44:32","modified_gmt":"2025-06-19T03:44:32","slug":"fihp-shisha-narguile-12000-baforadas","status":"publish","type":"product","link":"https:\/\/volovape.com\/pt\/product\/fihp-shisha-hookah-12000-puffs\/","title":{"rendered":"FIHP Cachimbo de \u00e1gua para narguil\u00e9 12000 baforadas Vape descart\u00e1vel - Bobina de malha de 0,6\u03a9, visor LED"},"content":{"rendered":"<p><iframe title=\"Reprodutor de v\u00eddeo VideoPress\" aria-label='Reprodutor de v\u00eddeo VideoPress' width='421' height='750' src='https:\/\/videopress.com\/embed\/mhBUnzpJ?hd=0&amp;cover=1' frameborder='0' allowfullscreen allow='clipboard-write'><\/iframe><script src='https:\/\/v0.wordpress.com\/js\/next\/videopress-iframe.js?m=1739540970'><\/script><\/p>\n<p><strong>FIHP Shisha Hookah 12000 Puffs Vape descart\u00e1vel recarreg\u00e1vel com ecr\u00e3 LED<\/strong> - Experi\u00eancia de vaporiza\u00e7\u00e3o inspirada no narguil\u00e9.<\/p>\n<p>O <strong>FIHP Narguil\u00e9 12000 Puffs<\/strong> O vape descart\u00e1vel oferece uma experi\u00eancia de vaporiza\u00e7\u00e3o \u00fanica com at\u00e9 <strong>12.000 baforadas<\/strong>, a <strong>Capacidade de e-l\u00edquido de 22 ml<\/strong>, e um <strong>Bateria recarreg\u00e1vel de 650mAh<\/strong> com <strong>Carregamento tipo C<\/strong>. O <strong>Bobina de malha de 0,6\u03a9<\/strong> proporciona nuvens densas e sabores ricos, que fazem lembrar a shisha tradicional. Um <strong>Visor LED<\/strong> fornece o estado do dispositivo em tempo real. Com um <strong>0,6% (6mg) de nicotina<\/strong>oferece uma experi\u00eancia suave e satisfat\u00f3ria. Escolha entre <strong>10 sabores inspirados na shisha<\/strong>incluindo Melancia Bubblegum e Kiwi Maracuj\u00e1 Goiaba. Ideal para o prazer pessoal ou <strong>vape descart\u00e1vel por atacado<\/strong>Este dispositivo combina desempenho e comodidade. Para <strong>encomenda por grosso<\/strong> pre\u00e7os, contacte-nos.<\/p>\n<p><iframe title=\"Reprodutor de v\u00eddeo VideoPress\" aria-label='Reprodutor de v\u00eddeo VideoPress' width='421' height='750' src='https:\/\/videopress.com\/embed\/BahiQflA?hd=0&amp;cover=1' frameborder='0' allowfullscreen allow='clipboard-write'><\/iframe><script src='https:\/\/v0.wordpress.com\/js\/next\/videopress-iframe.js?m=1739540970'><\/script><\/p>\n<h3><strong>FIHP Cachimbo de \u00e1gua para narguil\u00e9 12000 Carater\u00edsticas:<\/strong><\/h3>\n<ul>\n<li>Puffs: At\u00e9 12.000<\/li>\n<li>Capacidade do E-l\u00edquido: 22ml<\/li>\n<li>Bateria: 650mAh (recarreg\u00e1vel)<\/li>\n<li>Carregamento: Tipo C<\/li>\n<li>Bobina: Bobina de malha de 0,6\u03a9<\/li>\n<li>Ecr\u00e3: Ecr\u00e3 LED<\/li>\n<li>For\u00e7a da nicotina: 0.6% (6mg)<\/li>\n<li>10 op\u00e7\u00f5es de sabores<\/li>\n<\/ul>\n<h4>Perguntas frequentes<\/h4>\n<h5>Como \u00e9 que a bobina de malha de 0,6\u03a9 melhora a experi\u00eancia do narguil\u00e9?<\/h5>\n<p>A bobina de malha de 0,6\u03a9 foi especificamente concebida para produzir nuvens maiores e mais densas e sabores mais ricos, imitando os tragos suaves e saborosos da shisha tradicional. Isto garante uma experi\u00eancia de vaporiza\u00e7\u00e3o mais envolvente e satisfat\u00f3ria.<\/p>\n<h5>Que m\u00e9todos de envio s\u00e3o utilizados?<\/h5>\n<p>Estabelecemos parcerias com transportadoras fi\u00e1veis como a UPS, a DHL, a FedEx e a DPD para garantir que as suas encomendas s\u00e3o entregues de forma eficiente. O m\u00e9todo de envio \u00e9 selecionado com base na sua localiza\u00e7\u00e3o para uma velocidade de entrega e fiabilidade ideais.<\/p>\n<h5>Quanto tempo demora normalmente a expedi\u00e7\u00e3o?<\/h5>\n<p>A expedi\u00e7\u00e3o demora normalmente entre 7 e 15 dias \u00fateis. Durante as \u00e9pocas altas ou condi\u00e7\u00f5es climat\u00e9ricas adversas, pode demorar at\u00e9 20 dias \u00fateis.<\/p>\n<h5>Terei problemas com a alf\u00e2ndega ou taxas adicionais?<\/h5>\n<p>Tratamos de todos os procedimentos de desalfandegamento, garantindo que o seu envio passa sem problemas. N\u00e3o ter\u00e1 de pagar quaisquer impostos ou taxas adicionais. Garantimos o desalfandegamento do 100%.<\/p>\n<h5>Como posso ter a certeza da qualidade e fiabilidade do produto?<\/h5>\n<p>Aceitamos pagamentos seguros por PayPal com prote\u00e7\u00e3o do comprador. Tamb\u00e9m pode ler as opini\u00f5es dos clientes em <a href=\"https:\/\/www.trustpilot.com\/review\/volovape.com?utm_medium=trustbox&amp;utm_source=TrustBoxReviewCollector\">TrustPilot<\/a>onde muitos clientes partilharam experi\u00eancias positivas com os nossos produtos e servi\u00e7os.<\/p>","protected":false},"excerpt":{"rendered":"<p>Delicie-se com o rico sabor da shisha com o FIHP Hookah 12000 Puffs. Ecr\u00e3 LED, bobina de malha de 0,6\u03a9, 22 ml, recarreg\u00e1vel. Perfeito para uso pessoal ou para venda por grosso, proporcionando nuvens impressionantes.<\/p>","protected":false},"featured_media":201,"comment_status":"open","ping_status":"closed","template":"","meta":[],"product_brand":[],"product_cat":[46,38,21,18,20,23,24,22,25,26,27,28,29,30,31,32,33,34,35,36,47,40],"product_tag":[],"class_list":{"0":"post-77","1":"product","2":"type-product","3":"status-publish","4":"has-post-thumbnail","6":"product_cat-fihp","7":"product_cat-12000-puffs-disposable-vape","8":"product_cat-big-puffs-vapes","9":"product_cat-different-puffs-of-disposable-vapes","10":"product_cat-disposable-vape-types","11":"product_cat-disposable-vapes-in-austria","12":"product_cat-disposable-vapes-in-belgium","13":"product_cat-disposable-vapes-in-europe","14":"product_cat-disposable-vapes-in-france","15":"product_cat-disposable-vapes-in-germany","16":"product_cat-disposable-vapes-in-hungary","17":"product_cat-disposable-vapes-in-ltaly","18":"product_cat-disposable-vapes-in-netherlands","19":"product_cat-disposable-vapes-in-norway","20":"product_cat-disposable-vapes-in-poland","21":"product_cat-disposable-vapes-in-portugal","22":"product_cat-disposable-vapes-in-spain","23":"product_cat-disposable-vapes-in-sweden","24":"product_cat-disposable-vapes-in-switzerland","25":"product_cat-rechargeable-vapes","26":"product_cat-shisha-hookah-vapes","27":"product_cat-smart-screen-vapes","29":"first","30":"instock","31":"shipping-taxable","32":"purchasable","33":"product-type-variable","34":"has-default-attributes"},"jetpack_sharing_enabled":true,"tiered_pricing_type":"fixed","tiered_pricing_fixed_rules":{"2000":5.089999999999999857891452847979962825775146484375},"tiered_pricing_product_settings":{"layout":"default","base_unit_name":{"singular":null,"plural":null},"default_variation":null},"tiered_pricing_minimum_quantity":1000,"tiered_pricing_roles_data":[],"tiered_pricing_percentage_rules":[],"tiered_pricing_maximum_quantity":null,"tiered_pricing_quantity_step":"10","_links":{"self":[{"href":"https:\/\/volovape.com\/pt\/wp-json\/wp\/v2\/product\/77","targetHints":{"allow":["GET"]}}],"collection":[{"href":"https:\/\/volovape.com\/pt\/wp-json\/wp\/v2\/product"}],"about":[{"href":"https:\/\/volovape.com\/pt\/wp-json\/wp\/v2\/types\/product"}],"replies":[{"embeddable":true,"href":"https:\/\/volovape.com\/pt\/wp-json\/wp\/v2\/comments?post=77"}],"wp:featuredmedia":[{"embeddable":true,"href":"https:\/\/volovape.com\/pt\/wp-json\/wp\/v2\/media\/201"}],"wp:attachment":[{"href":"https:\/\/volovape.com\/pt\/wp-json\/wp\/v2\/media?parent=77"}],"wp:term":[{"taxonomy":"product_brand","embeddable":true,"href":"https:\/\/volovape.com\/pt\/wp-json\/wp\/v2\/product_brand?post=77"},{"taxonomy":"product_cat","embeddable":true,"href":"https:\/\/volovape.com\/pt\/wp-json\/wp\/v2\/product_cat?post=77"},{"taxonomy":"product_tag","embeddable":true,"href":"https:\/\/volovape.com\/pt\/wp-json\/wp\/v2\/product_tag?post=77"}],"curies":[{"name":"wp","href":"https:\/\/api.w.org\/{rel}","templated":true}]}}