{"id":76,"date":"2024-11-21T03:26:51","date_gmt":"2024-11-21T03:26:51","guid":{"rendered":"https:\/\/volovape.com\/?post_type=product&#038;p=76"},"modified":"2026-03-16T08:57:47","modified_gmt":"2026-03-16T08:57:47","slug":"desperdicio-25k","status":"publish","type":"product","link":"https:\/\/volovape.com\/pt\/product\/waspe-25k\/","title":{"rendered":"WASPE 25K vape descart\u00e1vel de malha dupla | 25ml recarreg\u00e1vel a granel comprar por atacado"},"content":{"rendered":"<p><iframe title=\"Reprodutor de v\u00eddeo VideoPress\" aria-label='Reprodutor de v\u00eddeo VideoPress' width='421' height='750' src='https:\/\/videopress.com\/embed\/qjEoBbFN?hd=0&amp;cover=1' frameborder='0' allowfullscreen allow='clipboard-write'><\/iframe><script src='https:\/\/v0.wordpress.com\/js\/next\/videopress-iframe.js?m=1739540970'><\/script><\/p>\n<p><strong>Vape descart\u00e1vel recarreg\u00e1vel de malha dupla WASPE 25K com ecr\u00e3 LCD<\/strong> - Longevidade e sabor inigual\u00e1veis.<\/p>\n<p>O <strong>Malha dupla WASPE 25K<\/strong> O vape descart\u00e1vel proporciona um excecional <strong>25.000 baforadas<\/strong>, com uma grande <strong>Capacidade para 25 ml de e-l\u00edquido<\/strong> e um <strong>Bateria recarreg\u00e1vel de 650mAh<\/strong> com <strong>Carregamento tipo C<\/strong>. O avan\u00e7ado <strong>tecnologia de bobina de malha dupla<\/strong> garante um sabor e uma produ\u00e7\u00e3o de vapor superiores. O sistema integrado <strong>Ecr\u00e3 LCD<\/strong> permite monitorizar facilmente a dura\u00e7\u00e3o da bateria e a contagem de baforadas. Escolha entre <strong>Doses de nicotina 0%, 2% ou 5%<\/strong> e desfrutar <strong>10 sabores deliciosos<\/strong>incluindo P\u00eassego, Manga, Melancia e Limonada de Mirtilo e Framboesa. Perfeito para uso pessoal ou <strong>vape descart\u00e1vel por atacado<\/strong>Este dispositivo proporciona uma longevidade e um desempenho inigual\u00e1veis. Para <strong>encomenda por grosso<\/strong> pre\u00e7os, contacte-nos.<\/p>\n<h3><strong>Carater\u00edsticas WASPE 25K:<\/strong><\/h3>\n<ul>\n<li>Puffs: At\u00e9 25.000<\/li>\n<li>Capacidade do E-l\u00edquido: 25ml<\/li>\n<li>Bateria: 650mAh (recarreg\u00e1vel)<\/li>\n<li>Carregamento: Tipo C<\/li>\n<li>Bobina: Bobina de malha dupla<\/li>\n<li>Pontos fortes da nicotina: 0%, 2%, 5%<\/li>\n<li>Ecr\u00e3: LCD (Bateria e contagem de baforadas)<\/li>\n<li>10 op\u00e7\u00f5es de sabores<\/li>\n<\/ul>\n<h4>Perguntas frequentes<\/h4>\n<h5>Como \u00e9 que a tecnologia da bobina de malha dupla beneficia o utilizador?<\/h5>\n<p>A tecnologia de bobina de malha dupla maximiza a \u00e1rea da superf\u00edcie de aquecimento, resultando num fornecimento de sabor consistente e intenso. Tamb\u00e9m assegura um aquecimento uniforme, evitando sabores a queimado e proporcionando uma experi\u00eancia de vaporiza\u00e7\u00e3o suave e satisfat\u00f3ria durante toda a vida \u00fatil do dispositivo.<\/p>\n<h5>Que m\u00e9todos de envio est\u00e3o dispon\u00edveis?<\/h5>\n<p>Utilizamos transportadoras de confian\u00e7a como a UPS, DHL, FedEx e DPD para garantir que as suas encomendas s\u00e3o entregues de forma eficiente. O m\u00e9todo de envio \u00e9 selecionado com base na sua localiza\u00e7\u00e3o para garantir uma velocidade de entrega e fiabilidade ideais.<\/p>\n<h5>Quanto tempo demora normalmente a expedi\u00e7\u00e3o?<\/h5>\n<p>A expedi\u00e7\u00e3o demora normalmente entre 7 e 15 dias \u00fateis. Durante as \u00e9pocas altas ou condi\u00e7\u00f5es climat\u00e9ricas adversas, pode demorar at\u00e9 20 dias \u00fateis.<\/p>\n<h5>Terei problemas com a alf\u00e2ndega ou taxas adicionais?<\/h5>\n<p>Tratamos de todos os procedimentos de desalfandegamento, garantindo que o seu envio passa sem problemas. N\u00e3o ter\u00e1 de pagar quaisquer impostos ou taxas adicionais. Garantimos o desalfandegamento do 100%.<\/p>\n<h5>Como posso ter a certeza da qualidade e fiabilidade do produto?<\/h5>\n<p>Aceitamos pagamentos seguros por PayPal com prote\u00e7\u00e3o do comprador. Tamb\u00e9m pode ler as opini\u00f5es dos clientes em <a href=\"https:\/\/www.trustpilot.com\/review\/volovape.com?utm_medium=trustbox&amp;utm_source=TrustBoxReviewCollector\">TrustPilot<\/a>onde muitos clientes partilharam experi\u00eancias positivas com os nossos produtos e servi\u00e7os.<\/p>","protected":false},"excerpt":{"rendered":"<p>Melhore a sua experi\u00eancia de vaporiza\u00e7\u00e3o com o WASPE 25K Dual Mesh. Bobinas de malha dupla, ecr\u00e3 LCD, 25 ml, recarreg\u00e1vel. Ideal para uso pessoal ou para venda por grosso, com um sabor superior.<\/p>","protected":false},"featured_media":188,"comment_status":"open","ping_status":"closed","template":"","meta":[],"product_brand":[],"product_cat":[17,45,21,18,39,20,23,24,22,25,26,27,28,29,30,31,32,33,34,35,44,36,40],"product_tag":[],"class_list":{"0":"post-76","1":"product","2":"type-product","3":"status-publish","4":"has-post-thumbnail","6":"product_cat-waspe","7":"product_cat-25000-puffs-disposable-vape","8":"product_cat-big-puffs-vapes","9":"product_cat-different-puffs-of-disposable-vapes","10":"product_cat-digital-box-vapes","11":"product_cat-disposable-vape-types","12":"product_cat-disposable-vapes-in-austria","13":"product_cat-disposable-vapes-in-belgium","14":"product_cat-disposable-vapes-in-europe","15":"product_cat-disposable-vapes-in-france","16":"product_cat-disposable-vapes-in-germany","17":"product_cat-disposable-vapes-in-hungary","18":"product_cat-disposable-vapes-in-ltaly","19":"product_cat-disposable-vapes-in-netherlands","20":"product_cat-disposable-vapes-in-norway","21":"product_cat-disposable-vapes-in-poland","22":"product_cat-disposable-vapes-in-portugal","23":"product_cat-disposable-vapes-in-spain","24":"product_cat-disposable-vapes-in-sweden","25":"product_cat-disposable-vapes-in-switzerland","26":"product_cat-dual-mesh-vapes","27":"product_cat-rechargeable-vapes","28":"product_cat-smart-screen-vapes","30":"first","31":"instock","32":"shipping-taxable","33":"purchasable","34":"product-type-variable","35":"has-default-attributes"},"jetpack_sharing_enabled":true,"tiered_pricing_type":"fixed","tiered_pricing_fixed_rules":{"2000":5.55999999999999960920149533194489777088165283203125},"tiered_pricing_product_settings":{"layout":"default","base_unit_name":{"singular":null,"plural":null},"default_variation":null},"tiered_pricing_minimum_quantity":1000,"tiered_pricing_roles_data":[],"tiered_pricing_percentage_rules":[],"tiered_pricing_maximum_quantity":null,"tiered_pricing_quantity_step":"10","_links":{"self":[{"href":"https:\/\/volovape.com\/pt\/wp-json\/wp\/v2\/product\/76","targetHints":{"allow":["GET"]}}],"collection":[{"href":"https:\/\/volovape.com\/pt\/wp-json\/wp\/v2\/product"}],"about":[{"href":"https:\/\/volovape.com\/pt\/wp-json\/wp\/v2\/types\/product"}],"replies":[{"embeddable":true,"href":"https:\/\/volovape.com\/pt\/wp-json\/wp\/v2\/comments?post=76"}],"wp:featuredmedia":[{"embeddable":true,"href":"https:\/\/volovape.com\/pt\/wp-json\/wp\/v2\/media\/188"}],"wp:attachment":[{"href":"https:\/\/volovape.com\/pt\/wp-json\/wp\/v2\/media?parent=76"}],"wp:term":[{"taxonomy":"product_brand","embeddable":true,"href":"https:\/\/volovape.com\/pt\/wp-json\/wp\/v2\/product_brand?post=76"},{"taxonomy":"product_cat","embeddable":true,"href":"https:\/\/volovape.com\/pt\/wp-json\/wp\/v2\/product_cat?post=76"},{"taxonomy":"product_tag","embeddable":true,"href":"https:\/\/volovape.com\/pt\/wp-json\/wp\/v2\/product_tag?post=76"}],"curies":[{"name":"wp","href":"https:\/\/api.w.org\/{rel}","templated":true}]}}