{"id":750,"date":"2024-11-21T03:32:38","date_gmt":"2024-11-21T03:32:38","guid":{"rendered":"https:\/\/volovape.com\/?post_type=product&#038;p=750"},"modified":"2025-07-06T04:26:20","modified_gmt":"2025-07-06T04:26:20","slug":"evappe-shisha-deluxe-bar-18000-baforadas","status":"publish","type":"product","link":"https:\/\/volovape.com\/pt\/product\/evappe-shisha-deluxe-bar-18000-puffs\/","title":{"rendered":"EVAPPE Shisha Deluxe Bar 18000 puffs vape descart\u00e1vel - bobina de malha de 0,6\u03a9, recarreg\u00e1vel (0-5% nicotina)"},"content":{"rendered":"<p><strong>EVAPPE Shisha Deluxe Bar 18000 Puffs Vape descart\u00e1vel<\/strong> - Experimente a vaporiza\u00e7\u00e3o inspirada no narguil\u00e9 com uma longevidade inigual\u00e1vel.<\/p>\n<p>O <strong>EVAPPE Shisha Deluxe Bar 18000 Puffs<\/strong> O vape descart\u00e1vel traz a experi\u00eancia rica e saborosa do narguil\u00e9 para um formato pr\u00e1tico e port\u00e1til. Com um impressionante <strong>18.000 baforadas<\/strong>, um generoso <strong>Capacidade para 25 ml de e-l\u00edquido<\/strong>e um robusto <strong>Bateria recarreg\u00e1vel de 600mAh<\/strong>Este dispositivo garante sess\u00f5es de vaporiza\u00e7\u00e3o prolongadas. A tecnologia avan\u00e7ada <strong>Bobina de malha de 0,6\u03a9<\/strong> proporciona um vapor consistentemente suave e denso, captando a ess\u00eancia dos sabores cl\u00e1ssicos da shisha. Escolha entre <strong>Concentra\u00e7\u00f5es de nicotina 0%, 2%, 3% ou 5%<\/strong> para personalizar a sua experi\u00eancia. Ideal para o prazer pessoal e <strong>vape descart\u00e1vel por atacado<\/strong>Este dispositivo elegante \u00e9 perfeito para quem procura um vaporizador de qualidade superior. <strong>Encomenda a granel<\/strong> est\u00e3o dispon\u00edveis para os retalhistas.<\/p>\n<h3><strong>EVAPPE Shisha Deluxe Bar 18000 Puffs Carater\u00edsticas:<\/strong><\/h3>\n<ul>\n<li>Puffs: At\u00e9 18.000<\/li>\n<li>Capacidade do E-l\u00edquido: 25ml<\/li>\n<li>Bateria: 600mAh (recarreg\u00e1vel)<\/li>\n<li>Carregamento: Tipo C<\/li>\n<li>Bobina: Bobina de malha de 0,6\u03a9<\/li>\n<li>Pontos fortes da nicotina: 0%, 2%, 3%, 5%<\/li>\n<li>Sabores dispon\u00edveis: Two Apple, Berry Ice, Blueberry Gum, Grape Mint, Lush Ice, Cherry Raspberry, Peach Ice, Strawberry Punch.<\/li>\n<\/ul>\n<h4>Perguntas frequentes<\/h4>\n<h5>Como \u00e9 que a bobina de malha de 0,6\u03a9 melhora o sabor inspirado no narguil\u00e9?<\/h5>\n<p>A bobina de malha de 0,6\u03a9 foi concebida para proporcionar uma distribui\u00e7\u00e3o \u00f3ptima do calor, real\u00e7ando os sabores ricos e complexos das misturas de narguil\u00e9. Isto resulta num vapor mais denso e saboroso, proporcionando uma experi\u00eancia de vaporiza\u00e7\u00e3o verdadeiramente envolvente que faz lembrar o narguil\u00e9 tradicional.<\/p>\n<h5>Quais s\u00e3o as op\u00e7\u00f5es de concentra\u00e7\u00e3o de nicotina dispon\u00edveis?<\/h5>\n<p>A EVAPPE Shisha Deluxe Bar 18000 Puffs oferece n\u00edveis de nicotina de 0%, 2%, 3% e 5%, permitindo-lhe escolher o n\u00edvel que melhor se adapta \u00e0s suas prefer\u00eancias e necessidades.<\/p>\n<h5>Quanto tempo dura a bateria e com que rapidez \u00e9 recarregada?<\/h5>\n<p>A bateria recarreg\u00e1vel de 600mAh foi concebida para um desempenho duradouro, suportando at\u00e9 18.000 baforadas. Com o carregamento tipo C, pode recarregar o seu dispositivo de forma r\u00e1pida e eficiente, minimizando o tempo de inatividade.<\/p>\n<h5>Que m\u00e9todos de envio s\u00e3o utilizados?<\/h5>\n<p>Estabelecemos parcerias com transportadoras de renome, como a UPS, a DHL, a FedEx e a DPD, para garantir uma entrega fi\u00e1vel e eficiente. Seleccionamos a melhor op\u00e7\u00e3o de envio com base na sua localiza\u00e7\u00e3o para que a sua encomenda chegue at\u00e9 si o mais rapidamente poss\u00edvel.<\/p>\n<h5>Posso confiar na minha compra?<\/h5>\n<p>Damos prioridade \u00e0 satisfa\u00e7\u00e3o do cliente e oferecemos op\u00e7\u00f5es de pagamento seguras, incluindo PayPal, com prote\u00e7\u00e3o do comprador. Tamb\u00e9m pode ler as opini\u00f5es dos nossos clientes satisfeitos no TrustPilot: <a href=\"https:\/\/www.trustpilot.com\/review\/volovape.com?utm_medium=trustbox&amp;utm_source=TrustBoxReviewCollector\">TrustPilot<\/a>.<\/p>","protected":false},"excerpt":{"rendered":"<p>Compre o Vape descart\u00e1vel EVAPPE Shisha Deluxe Bar 18000 Puffs a granel. Com 25 ml de e-l\u00edquido, bobina de malha suave e sabores inspirados no narguil\u00e9, \u00e9 perfeito para revendedores e fornecedores de vape por atacado.<\/p>","protected":false},"featured_media":1169,"comment_status":"open","ping_status":"closed","template":"","meta":[],"product_brand":[],"product_cat":[68,50,21,18,20,23,24,22,25,26,27,28,29,30,31,32,33,34,35,36,47],"product_tag":[],"class_list":{"0":"post-750","1":"product","2":"type-product","3":"status-publish","4":"has-post-thumbnail","6":"product_cat-evappe","7":"product_cat-18000-puffs-disposable-vape","8":"product_cat-big-puffs-vapes","9":"product_cat-different-puffs-of-disposable-vapes","10":"product_cat-disposable-vape-types","11":"product_cat-disposable-vapes-in-austria","12":"product_cat-disposable-vapes-in-belgium","13":"product_cat-disposable-vapes-in-europe","14":"product_cat-disposable-vapes-in-france","15":"product_cat-disposable-vapes-in-germany","16":"product_cat-disposable-vapes-in-hungary","17":"product_cat-disposable-vapes-in-ltaly","18":"product_cat-disposable-vapes-in-netherlands","19":"product_cat-disposable-vapes-in-norway","20":"product_cat-disposable-vapes-in-poland","21":"product_cat-disposable-vapes-in-portugal","22":"product_cat-disposable-vapes-in-spain","23":"product_cat-disposable-vapes-in-sweden","24":"product_cat-disposable-vapes-in-switzerland","25":"product_cat-rechargeable-vapes","26":"product_cat-shisha-hookah-vapes","28":"first","29":"instock","30":"shipping-taxable","31":"purchasable","32":"product-type-variable","33":"has-default-attributes"},"jetpack_sharing_enabled":true,"tiered_pricing_type":"fixed","tiered_pricing_fixed_rules":{"2000":5.70000000000000017763568394002504646778106689453125},"tiered_pricing_product_settings":{"layout":"default","base_unit_name":{"singular":null,"plural":null},"default_variation":null},"tiered_pricing_minimum_quantity":1000,"tiered_pricing_roles_data":[],"tiered_pricing_percentage_rules":[],"tiered_pricing_maximum_quantity":null,"tiered_pricing_quantity_step":"10","_links":{"self":[{"href":"https:\/\/volovape.com\/pt\/wp-json\/wp\/v2\/product\/750","targetHints":{"allow":["GET"]}}],"collection":[{"href":"https:\/\/volovape.com\/pt\/wp-json\/wp\/v2\/product"}],"about":[{"href":"https:\/\/volovape.com\/pt\/wp-json\/wp\/v2\/types\/product"}],"replies":[{"embeddable":true,"href":"https:\/\/volovape.com\/pt\/wp-json\/wp\/v2\/comments?post=750"}],"wp:featuredmedia":[{"embeddable":true,"href":"https:\/\/volovape.com\/pt\/wp-json\/wp\/v2\/media\/1169"}],"wp:attachment":[{"href":"https:\/\/volovape.com\/pt\/wp-json\/wp\/v2\/media?parent=750"}],"wp:term":[{"taxonomy":"product_brand","embeddable":true,"href":"https:\/\/volovape.com\/pt\/wp-json\/wp\/v2\/product_brand?post=750"},{"taxonomy":"product_cat","embeddable":true,"href":"https:\/\/volovape.com\/pt\/wp-json\/wp\/v2\/product_cat?post=750"},{"taxonomy":"product_tag","embeddable":true,"href":"https:\/\/volovape.com\/pt\/wp-json\/wp\/v2\/product_tag?post=750"}],"curies":[{"name":"wp","href":"https:\/\/api.w.org\/{rel}","templated":true}]}}