{"id":749,"date":"2024-11-21T03:32:38","date_gmt":"2024-11-21T03:32:38","guid":{"rendered":"https:\/\/volovape.com\/?post_type=product&#038;p=749"},"modified":"2025-06-19T03:45:11","modified_gmt":"2025-06-19T03:45:11","slug":"fumot-randm-cristal-12000-puffs","status":"publish","type":"product","link":"https:\/\/volovape.com\/pt\/product\/fumot-randm-crystal-12000-puffs\/","title":{"rendered":"FUMOT RandM Crystal 12000 Puffs Vape Descart\u00e1vel - Bobina de Malha, Recarreg\u00e1vel"},"content":{"rendered":"<p><iframe title=\"Reprodutor de v\u00eddeo VideoPress\" aria-label='Reprodutor de v\u00eddeo VideoPress' width='500' height='281' src='https:\/\/videopress.com\/embed\/yQX23W0R?hd=0&amp;cover=1' frameborder='0' allowfullscreen allow='clipboard-write'><\/iframe><script src='https:\/\/v0.wordpress.com\/js\/next\/videopress-iframe.js?m=1739540970'><\/script><\/p>\n<p><strong>FUMOT RandM Crystal 12000 Puffs Vape descart\u00e1vel<\/strong> - Experimente o Vaping prolongado com estilo e desempenho.<\/p>\n<p>O <strong>FUMOT RandM Crystal 12000 Puffs<\/strong> O vape descart\u00e1vel oferece uma impressionante <strong>12.000 baforadas<\/strong>com um substancial <strong>Capacidade para 20 ml de e-l\u00edquido<\/strong> e um poderoso <strong>Bateria recarreg\u00e1vel de 650mAh<\/strong>. Concebido para proporcionar estilo e comodidade, este dispositivo garante um prazer duradouro gra\u00e7as \u00e0s suas avan\u00e7adas <strong>tecnologia de bobina de malha<\/strong> para um vapor consistentemente suave e saboroso. Escolha a sua concentra\u00e7\u00e3o de nicotina preferida entre <strong>0%, 2%, 3%, ou 5%<\/strong>e apreciar o elegante design em cristal. Perfeito para uso pessoal e <strong>vape descart\u00e1vel por atacado<\/strong>Este dispositivo oferece um valor excecional. <strong>Encomenda a granel<\/strong> tamb\u00e9m est\u00e3o dispon\u00edveis.<\/p>\n<h3><strong>FUMOT RandM Crystal 12000 Puffs Carater\u00edsticas:<\/strong><\/h3>\n<ul>\n<li>Puffs: At\u00e9 12.000<\/li>\n<li>Capacidade do E-l\u00edquido: 20ml<\/li>\n<li>Bateria: 650mAh (recarreg\u00e1vel)<\/li>\n<li>Carregamento: Tipo C<\/li>\n<li>Bobina: Bobina de malha<\/li>\n<li>Pontos fortes da nicotina: 0%, 2%, 3%, 5%<\/li>\n<li>Sabores dispon\u00edveis: Alo\u00e9 Uva, Blue Razz Ice, Rainbow Candy, Melancia Manga P\u00eassego, Hortel\u00e3 fresca, Kiwi Morango, Lush Ice.<\/li>\n<\/ul>\n<h4>Perguntas frequentes<\/h4>\n<h5>Como \u00e9 que a bobina de malha melhora a experi\u00eancia de vaporiza\u00e7\u00e3o?<\/h5>\n<p>A bobina de malha do FUMOT RandM Crystal 12000 proporciona uma maior superf\u00edcie de aquecimento, resultando num aquecimento mais uniforme e num fornecimento de sabor superior. Esta tecnologia assegura uma produ\u00e7\u00e3o de vapor consistentemente suave e rica, maximizando o seu prazer em cada tragada.<\/p>\n<h5>Que m\u00e9todos de envio s\u00e3o utilizados?<\/h5>\n<p>Estabelecemos parcerias com transportadoras de confian\u00e7a, como a UPS, a DHL, a FedEx e a DPD. Seleccionamos a op\u00e7\u00e3o de envio mais eficiente com base no seu local de entrega para garantir que a sua encomenda chega prontamente.<\/p>\n<h5>Quanto tempo demora a minha encomenda a chegar?<\/h5>\n<p>Normalmente, a entrega demora 7 a 15 dias \u00fateis. No entanto, durante os feriados ou condi\u00e7\u00f5es climat\u00e9ricas adversas, a entrega pode demorar at\u00e9 20 dias \u00fateis.<\/p>\n<h5>Irei deparar-me com problemas aduaneiros ou fiscais?<\/h5>\n<p>Garantimos uma experi\u00eancia sem complica\u00e7\u00f5es com o desalfandegamento. Tratamos de todos os processos alfandeg\u00e1rios, assegurando que n\u00e3o lhe s\u00e3o cobrados impostos ou taxas adicionais. Cumprimos a nossa promessa de desalfandegamento do 100%.<\/p>\n<h5>Posso confiar na minha compra?<\/h5>\n<p>Oferecemos op\u00e7\u00f5es de pagamento seguras atrav\u00e9s do PayPal e fornecemos prote\u00e7\u00e3o ao comprador. Tamb\u00e9m pode ler as opini\u00f5es genu\u00ednas dos clientes na nossa p\u00e1gina TrustPilot: <a href=\"https:\/\/www.trustpilot.com\/review\/volovape.com?utm_medium=trustbox&amp;utm_source=TrustBoxReviewCollector\">TrustPilot<\/a>.<\/p>","protected":false},"excerpt":{"rendered":"<p>Comprar Vape descart\u00e1vel FUMOT RandM Crystal 12000 Puffs a granel. Com 20 ml de e-l\u00edquido, bobina de malha e design de cristal, \u00e9 uma op\u00e7\u00e3o elegante de vape por atacado para retalhistas e distribuidores.<\/p>","protected":false},"featured_media":1152,"comment_status":"open","ping_status":"closed","template":"","meta":[],"product_brand":[],"product_cat":[52,38,21,43,18,39,20,23,24,22,25,26,27,28,29,30,31,32,33,34,35,36,40],"product_tag":[],"class_list":{"0":"post-749","1":"product","2":"type-product","3":"status-publish","4":"has-post-thumbnail","6":"product_cat-randm","7":"product_cat-12000-puffs-disposable-vape","8":"product_cat-big-puffs-vapes","9":"product_cat-crystal-vapes","10":"product_cat-different-puffs-of-disposable-vapes","11":"product_cat-digital-box-vapes","12":"product_cat-disposable-vape-types","13":"product_cat-disposable-vapes-in-austria","14":"product_cat-disposable-vapes-in-belgium","15":"product_cat-disposable-vapes-in-europe","16":"product_cat-disposable-vapes-in-france","17":"product_cat-disposable-vapes-in-germany","18":"product_cat-disposable-vapes-in-hungary","19":"product_cat-disposable-vapes-in-ltaly","20":"product_cat-disposable-vapes-in-netherlands","21":"product_cat-disposable-vapes-in-norway","22":"product_cat-disposable-vapes-in-poland","23":"product_cat-disposable-vapes-in-portugal","24":"product_cat-disposable-vapes-in-spain","25":"product_cat-disposable-vapes-in-sweden","26":"product_cat-disposable-vapes-in-switzerland","27":"product_cat-rechargeable-vapes","28":"product_cat-smart-screen-vapes","30":"first","31":"instock","32":"shipping-taxable","33":"purchasable","34":"product-type-variable","35":"has-default-attributes"},"jetpack_sharing_enabled":true,"tiered_pricing_type":"fixed","tiered_pricing_fixed_rules":{"2000":6.20000000000000017763568394002504646778106689453125},"tiered_pricing_product_settings":{"layout":"default","base_unit_name":{"singular":null,"plural":null},"default_variation":null},"tiered_pricing_minimum_quantity":1000,"tiered_pricing_roles_data":[],"tiered_pricing_percentage_rules":[],"tiered_pricing_maximum_quantity":null,"tiered_pricing_quantity_step":"10","_links":{"self":[{"href":"https:\/\/volovape.com\/pt\/wp-json\/wp\/v2\/product\/749","targetHints":{"allow":["GET"]}}],"collection":[{"href":"https:\/\/volovape.com\/pt\/wp-json\/wp\/v2\/product"}],"about":[{"href":"https:\/\/volovape.com\/pt\/wp-json\/wp\/v2\/types\/product"}],"replies":[{"embeddable":true,"href":"https:\/\/volovape.com\/pt\/wp-json\/wp\/v2\/comments?post=749"}],"wp:featuredmedia":[{"embeddable":true,"href":"https:\/\/volovape.com\/pt\/wp-json\/wp\/v2\/media\/1152"}],"wp:attachment":[{"href":"https:\/\/volovape.com\/pt\/wp-json\/wp\/v2\/media?parent=749"}],"wp:term":[{"taxonomy":"product_brand","embeddable":true,"href":"https:\/\/volovape.com\/pt\/wp-json\/wp\/v2\/product_brand?post=749"},{"taxonomy":"product_cat","embeddable":true,"href":"https:\/\/volovape.com\/pt\/wp-json\/wp\/v2\/product_cat?post=749"},{"taxonomy":"product_tag","embeddable":true,"href":"https:\/\/volovape.com\/pt\/wp-json\/wp\/v2\/product_tag?post=749"}],"curies":[{"name":"wp","href":"https:\/\/api.w.org\/{rel}","templated":true}]}}