{"id":747,"date":"2024-11-21T03:32:38","date_gmt":"2024-11-21T03:32:38","guid":{"rendered":"https:\/\/volovape.com\/?post_type=product&#038;p=747"},"modified":"2025-09-08T03:35:35","modified_gmt":"2025-09-08T03:35:35","slug":"tornado-aleatorio-9000-puffs","status":"publish","type":"product","link":"https:\/\/volovape.com\/pt\/product\/randm-tornado-9000-puffs\/","title":{"rendered":"RandM Tornado 9000 Puffs Vape Descart\u00e1vel com Luz RGB - Recarreg\u00e1vel (0-5% Nicotina)"},"content":{"rendered":"<p><strong>RandM Tornado 9000 Puffs RGB Lighting Vape descart\u00e1vel recarreg\u00e1vel<\/strong> - Eleve a sua experi\u00eancia de vaporiza\u00e7\u00e3o com o RandM Tornado 9000, com uma ilumina\u00e7\u00e3o RGB vibrante e um desempenho de alta capacidade. Este vape descart\u00e1vel recarreg\u00e1vel fornece at\u00e9 9.000 baforadas, com um reservat\u00f3rio de e-l\u00edquido de 18 ml e uma bateria de 850 mAh. A tecnologia de bobina de malha garante um vapor consistentemente suave e saboroso, ideal para uso pessoal e encomendas por grosso de vape descart\u00e1vel. Escolha entre os teores de nicotina 0%, 2%, 3% ou 5% e uma vasta sele\u00e7\u00e3o de mais de 40 deliciosos sabores.<\/p>\n<h3><strong>RandM Tornado 9000 Puffs Carater\u00edsticas:<\/strong><\/h3>\n<ul>\n<li>Puffs: 9000 puffs<\/li>\n<li>Capacidade do E-l\u00edquido: 18mL<\/li>\n<li>Bateria: 850mAh (recarreg\u00e1vel)<\/li>\n<li>Carregamento: Tipo C<\/li>\n<li>Bobina: Bobina de malha<\/li>\n<li>Pontos fortes da nicotina: 0%, 2%, 3%, 5%<\/li>\n<li>Ilumina\u00e7\u00e3o: RGB<\/li>\n<li>Op\u00e7\u00f5es de sabores: Lush Ice, Blue Razz Ice, Strawberry Watermelon, Pina Colada, Sour Apple, Cotton Pear, Skittles Candy, Cool Mint, e muitos mais.<\/li>\n<\/ul>\n<h4>Perguntas frequentes<\/h4>\n<h5>Como \u00e9 que a ilumina\u00e7\u00e3o RGB melhora a experi\u00eancia de vaporiza\u00e7\u00e3o?<\/h5>\n<p>A ilumina\u00e7\u00e3o RGB personaliz\u00e1vel acrescenta um elemento visual elegante e din\u00e2mico \u00e0 sua experi\u00eancia de vaporiza\u00e7\u00e3o. Permite-lhe personalizar o seu dispositivo e desfrutar de uma est\u00e9tica \u00fanica enquanto vaporiza.<\/p>\n<h5>Que m\u00e9todos de envio est\u00e3o dispon\u00edveis?<\/h5>\n<p>Estabelecemos parcerias com transportadoras fi\u00e1veis, incluindo a UPS, a DHL, a FedEx e a DPD, para oferecer um envio eficiente e fi\u00e1vel. O m\u00e9todo de envio mais adequado \u00e9 selecionado com base no seu local de entrega.<\/p>\n<h5>Quanto tempo demora normalmente a expedi\u00e7\u00e3o?<\/h5>\n<p>O envio demora normalmente 7 a 15 dias \u00fateis, embora os prazos de entrega possam prolongar-se at\u00e9 20 dias \u00fateis durante os feriados ou condi\u00e7\u00f5es climat\u00e9ricas adversas.<\/p>\n<h5>Terei de pagar taxas ou impostos alfandeg\u00e1rios?<\/h5>\n<p>Tratamos de todo o desalfandegamento, garantindo que n\u00e3o incorrer\u00e1 em quaisquer impostos ou taxas adicionais. 100% dos nossos produtos s\u00e3o desalfandegados sem problemas.<\/p>\n<h5>A minha compra \u00e9 segura e fi\u00e1vel?<\/h5>\n<p>Oferecemos transac\u00e7\u00f5es seguras atrav\u00e9s da prote\u00e7\u00e3o do comprador do PayPal. Tamb\u00e9m pode verificar a nossa fiabilidade consultando as opini\u00f5es dos clientes em <a href=\"https:\/\/www.trustpilot.com\/review\/volovape.com?utm_medium=trustbox&amp;utm_source=TrustBoxReviewCollector\">TrustPilot<\/a>.<\/p>","protected":false},"excerpt":{"rendered":"<p>Encomende o Vape descart\u00e1vel recarreg\u00e1vel RandM Tornado 9000 Puffs a granel. Com ilumina\u00e7\u00e3o RGB, bobina de malha e 18ml de e-l\u00edquido, \u00e9 uma \u00f3tima op\u00e7\u00e3o de atacado para distribuidores e varejistas de vape.<\/p>","protected":false},"featured_media":1122,"comment_status":"open","ping_status":"closed","template":"","meta":[],"product_brand":[],"product_cat":[52,48,21,18,20,23,24,22,25,26,27,28,29,30,31,32,33,34,35],"product_tag":[],"class_list":{"0":"post-747","1":"product","2":"type-product","3":"status-publish","4":"has-post-thumbnail","6":"product_cat-randm","7":"product_cat-9000-puffs-disposable-vape","8":"product_cat-big-puffs-vapes","9":"product_cat-different-puffs-of-disposable-vapes","10":"product_cat-disposable-vape-types","11":"product_cat-disposable-vapes-in-austria","12":"product_cat-disposable-vapes-in-belgium","13":"product_cat-disposable-vapes-in-europe","14":"product_cat-disposable-vapes-in-france","15":"product_cat-disposable-vapes-in-germany","16":"product_cat-disposable-vapes-in-hungary","17":"product_cat-disposable-vapes-in-ltaly","18":"product_cat-disposable-vapes-in-netherlands","19":"product_cat-disposable-vapes-in-norway","20":"product_cat-disposable-vapes-in-poland","21":"product_cat-disposable-vapes-in-portugal","22":"product_cat-disposable-vapes-in-spain","23":"product_cat-disposable-vapes-in-sweden","24":"product_cat-disposable-vapes-in-switzerland","26":"first","27":"instock","28":"shipping-taxable","29":"purchasable","30":"product-type-variable","31":"has-default-attributes"},"jetpack_sharing_enabled":true,"tiered_pricing_type":"fixed","tiered_pricing_fixed_rules":{"2000":7.0999999999999996447286321199499070644378662109375},"tiered_pricing_product_settings":{"layout":"default","base_unit_name":{"singular":null,"plural":null},"default_variation":null},"tiered_pricing_minimum_quantity":1000,"tiered_pricing_roles_data":[],"tiered_pricing_percentage_rules":[],"tiered_pricing_maximum_quantity":null,"tiered_pricing_quantity_step":"10","_links":{"self":[{"href":"https:\/\/volovape.com\/pt\/wp-json\/wp\/v2\/product\/747","targetHints":{"allow":["GET"]}}],"collection":[{"href":"https:\/\/volovape.com\/pt\/wp-json\/wp\/v2\/product"}],"about":[{"href":"https:\/\/volovape.com\/pt\/wp-json\/wp\/v2\/types\/product"}],"replies":[{"embeddable":true,"href":"https:\/\/volovape.com\/pt\/wp-json\/wp\/v2\/comments?post=747"}],"wp:featuredmedia":[{"embeddable":true,"href":"https:\/\/volovape.com\/pt\/wp-json\/wp\/v2\/media\/1122"}],"wp:attachment":[{"href":"https:\/\/volovape.com\/pt\/wp-json\/wp\/v2\/media?parent=747"}],"wp:term":[{"taxonomy":"product_brand","embeddable":true,"href":"https:\/\/volovape.com\/pt\/wp-json\/wp\/v2\/product_brand?post=747"},{"taxonomy":"product_cat","embeddable":true,"href":"https:\/\/volovape.com\/pt\/wp-json\/wp\/v2\/product_cat?post=747"},{"taxonomy":"product_tag","embeddable":true,"href":"https:\/\/volovape.com\/pt\/wp-json\/wp\/v2\/product_tag?post=747"}],"curies":[{"name":"wp","href":"https:\/\/api.w.org\/{rel}","templated":true}]}}