{"id":74,"date":"2024-11-21T03:26:51","date_gmt":"2024-11-21T03:26:51","guid":{"rendered":"https:\/\/volovape.com\/?post_type=product&#038;p=74"},"modified":"2025-09-08T03:35:12","modified_gmt":"2025-09-08T03:35:12","slug":"desperdicar-15000-puffs","status":"publish","type":"product","link":"https:\/\/volovape.com\/pt\/product\/waspe-15000-puffs\/","title":{"rendered":"Vape descart\u00e1vel recarreg\u00e1vel Waspe 15000 Puffs com ecr\u00e3 LCD (0-5% Nicotina)"},"content":{"rendered":"<p><iframe title=\"Reprodutor de v\u00eddeo VideoPress\" aria-label='Reprodutor de v\u00eddeo VideoPress' width='500' height='281' src='https:\/\/videopress.com\/embed\/8ucqlbSL?hd=0&amp;cover=1' frameborder='0' allowfullscreen allow='clipboard-write'><\/iframe><script src='https:\/\/v0.wordpress.com\/js\/next\/videopress-iframe.js?m=1739540970'><\/script><\/p>\n<p><strong>Vape descart\u00e1vel recarreg\u00e1vel Waspe 15000 Puffs com ecr\u00e3 LCD<\/strong> - Vaporizador de alta capacidade com monitoriza\u00e7\u00e3o inteligente.<\/p>\n<p>O <strong>Waspe 15000 Puffs<\/strong> O vape descart\u00e1vel proporciona um impressionante <strong>15.000 baforadas<\/strong>, com uma grande <strong>22mL de capacidade de e-l\u00edquido<\/strong> e um <strong>Bateria recarreg\u00e1vel de 850mAh<\/strong> com <strong>Carregamento tipo C<\/strong> para uma utiliza\u00e7\u00e3o prolongada. O sistema integrado <strong>Ecr\u00e3 LCD<\/strong> permite-lhe acompanhar facilmente a dura\u00e7\u00e3o da bateria e a contagem de baforadas. O <strong>Bobina de malha de 0,8\u03a9<\/strong> assegura uma produ\u00e7\u00e3o de vapor suave e consistente, dispon\u00edvel em <strong>Concentra\u00e7\u00f5es de nicotina 0%, 2%, 3% ou 5%<\/strong>. Escolha entre <strong>12 sabores diversos<\/strong>incluindo Orange Soda e Blue Razz Lemon. Ideal para o seu consumo pessoal ou <strong>vape descart\u00e1vel por atacado<\/strong>Este dispositivo oferece desempenho e comodidade. Para <strong>encomenda por grosso<\/strong> pre\u00e7os, contacte-nos.<\/p>\n<h3><strong>Waspe 15000 Carater\u00edsticas:<\/strong><\/h3>\n<ul>\n<li>Puffs: At\u00e9 15.000<\/li>\n<li>Capacidade do E-l\u00edquido: 22ml<\/li>\n<li>Bateria: 850mAh (recarreg\u00e1vel)<\/li>\n<li>Carregamento: Tipo C<\/li>\n<li>Bobina: Bobina de malha de 0,8\u03a9<\/li>\n<li>Pontos fortes da nicotina: 0%, 2%, 3%, 5%<\/li>\n<li>Ecr\u00e3: LCD (Bateria e contagem de baforadas)<\/li>\n<li>12 op\u00e7\u00f5es de sabores<\/li>\n<\/ul>\n<h4>Perguntas frequentes<\/h4>\n<h5>Como \u00e9 que o ecr\u00e3 LCD melhora a facilidade de utiliza\u00e7\u00e3o?<\/h5>\n<p>O visor LCD fornece actualiza\u00e7\u00f5es em tempo real sobre o n\u00edvel da bateria e a contagem de baforadas, permitindo-lhe monitorizar a sua utiliza\u00e7\u00e3o e planear eficazmente as suas sess\u00f5es de vaporiza\u00e7\u00e3o. Esta carater\u00edstica aumenta a comodidade e garante que est\u00e1 sempre a par do estado do seu dispositivo.<\/p>\n<h5>Que m\u00e9todos de envio est\u00e3o dispon\u00edveis?<\/h5>\n<p>Trabalhamos com transportadoras de confian\u00e7a como a UPS, a DHL, a FedEx e a DPD para entregar as suas encomendas. O m\u00e9todo de envio mais adequado \u00e9 selecionado com base na sua localiza\u00e7\u00e3o para garantir uma entrega eficiente e fi\u00e1vel.<\/p>\n<h5>Qual \u00e9 a dura\u00e7\u00e3o t\u00edpica da expedi\u00e7\u00e3o?<\/h5>\n<p>A expedi\u00e7\u00e3o demora normalmente entre 7 e 15 dias \u00fateis. Durante os feriados ou condi\u00e7\u00f5es climat\u00e9ricas adversas, pode demorar at\u00e9 20 dias \u00fateis.<\/p>\n<h5>H\u00e1 alguma preocupa\u00e7\u00e3o em rela\u00e7\u00e3o a taxas alfandeg\u00e1rias ou adicionais?<\/h5>\n<p>Gerimos todos os procedimentos de desalfandegamento, garantindo que o seu envio passa sem problemas. N\u00e3o existem impostos ou taxas adicionais. Garantimos o desalfandegamento do 100%.<\/p>\n<h5>Como posso verificar a qualidade e a fiabilidade do produto?<\/h5>\n<p>Aceitamos pagamentos seguros por PayPal com prote\u00e7\u00e3o do comprador. Tamb\u00e9m pode ler as opini\u00f5es dos clientes em <a href=\"https:\/\/www.trustpilot.com\/review\/volovape.com?utm_medium=trustbox&amp;utm_source=TrustBoxReviewCollector\">TrustPilot<\/a>onde muitos clientes partilharam experi\u00eancias positivas com os nossos produtos e servi\u00e7os.<\/p>","protected":false},"excerpt":{"rendered":"<p>Experimente a vaporiza\u00e7\u00e3o prolongada com o Waspe 15000 Puffs. Ecr\u00e3 LCD, malha de 0,8\u03a9, 22ml, 850mAh recarreg\u00e1vel. Ideal para uso pessoal ou por atacado, oferecendo vapor suave e diversas op\u00e7\u00f5es de nicotina.<\/p>","protected":false},"featured_media":154,"comment_status":"open","ping_status":"closed","template":"","meta":[],"product_brand":[],"product_cat":[17,41,21,18,20,23,24,22,25,26,27,28,29,30,31,32,33,34,35,36,40],"product_tag":[],"class_list":{"0":"post-74","1":"product","2":"type-product","3":"status-publish","4":"has-post-thumbnail","6":"product_cat-waspe","7":"product_cat-15000-puffs-disposable-vape","8":"product_cat-big-puffs-vapes","9":"product_cat-different-puffs-of-disposable-vapes","10":"product_cat-disposable-vape-types","11":"product_cat-disposable-vapes-in-austria","12":"product_cat-disposable-vapes-in-belgium","13":"product_cat-disposable-vapes-in-europe","14":"product_cat-disposable-vapes-in-france","15":"product_cat-disposable-vapes-in-germany","16":"product_cat-disposable-vapes-in-hungary","17":"product_cat-disposable-vapes-in-ltaly","18":"product_cat-disposable-vapes-in-netherlands","19":"product_cat-disposable-vapes-in-norway","20":"product_cat-disposable-vapes-in-poland","21":"product_cat-disposable-vapes-in-portugal","22":"product_cat-disposable-vapes-in-spain","23":"product_cat-disposable-vapes-in-sweden","24":"product_cat-disposable-vapes-in-switzerland","25":"product_cat-rechargeable-vapes","26":"product_cat-smart-screen-vapes","28":"first","29":"instock","30":"shipping-taxable","31":"purchasable","32":"product-type-variable","33":"has-default-attributes"},"jetpack_sharing_enabled":true,"tiered_pricing_type":"fixed","tiered_pricing_fixed_rules":{"2000":4.75},"tiered_pricing_product_settings":{"layout":"default","base_unit_name":{"singular":null,"plural":null},"default_variation":null},"tiered_pricing_minimum_quantity":1000,"tiered_pricing_roles_data":[],"tiered_pricing_percentage_rules":[],"tiered_pricing_maximum_quantity":null,"tiered_pricing_quantity_step":"10","_links":{"self":[{"href":"https:\/\/volovape.com\/pt\/wp-json\/wp\/v2\/product\/74","targetHints":{"allow":["GET"]}}],"collection":[{"href":"https:\/\/volovape.com\/pt\/wp-json\/wp\/v2\/product"}],"about":[{"href":"https:\/\/volovape.com\/pt\/wp-json\/wp\/v2\/types\/product"}],"replies":[{"embeddable":true,"href":"https:\/\/volovape.com\/pt\/wp-json\/wp\/v2\/comments?post=74"}],"wp:featuredmedia":[{"embeddable":true,"href":"https:\/\/volovape.com\/pt\/wp-json\/wp\/v2\/media\/154"}],"wp:attachment":[{"href":"https:\/\/volovape.com\/pt\/wp-json\/wp\/v2\/media?parent=74"}],"wp:term":[{"taxonomy":"product_brand","embeddable":true,"href":"https:\/\/volovape.com\/pt\/wp-json\/wp\/v2\/product_brand?post=74"},{"taxonomy":"product_cat","embeddable":true,"href":"https:\/\/volovape.com\/pt\/wp-json\/wp\/v2\/product_cat?post=74"},{"taxonomy":"product_tag","embeddable":true,"href":"https:\/\/volovape.com\/pt\/wp-json\/wp\/v2\/product_tag?post=74"}],"curies":[{"name":"wp","href":"https:\/\/api.w.org\/{rel}","templated":true}]}}