{"id":700,"date":"2024-11-21T03:32:17","date_gmt":"2024-11-21T03:32:17","guid":{"rendered":"https:\/\/volovape.com\/?post_type=product&#038;p=700"},"modified":"2025-07-11T04:40:42","modified_gmt":"2025-07-11T04:40:42","slug":"vencedor-aivono-6000-puffs","status":"publish","type":"product","link":"https:\/\/volovape.com\/pt\/product\/aivono-winner-6000-puffs\/","title":{"rendered":"AIVONO WINNER 6000 Puffs 0% 2% 5% Nicotina Recarreg\u00e1vel A Granel Comprar Vape Descart\u00e1vel Atacado"},"content":{"rendered":"<p><strong>AIVONO WINNER 6000 Puffs Mesh Coil Vape descart\u00e1vel<\/strong> - Desfrute de uma experi\u00eancia de vaporiza\u00e7\u00e3o equilibrada e saborosa com o AIVONO WINNER 6000. Este vape descart\u00e1vel oferece at\u00e9 6.000 baforadas, com um reservat\u00f3rio de e-l\u00edquido de 15mL e uma bateria recarreg\u00e1vel de 600mAh. A bobina de malha de 1,2\u03a9 garante um vapor consistentemente suave e saboroso, ideal para uso pessoal e pedidos por atacado de vape descart\u00e1vel. Escolha entre os teores de nicotina 0%, 2% ou 5% e uma sele\u00e7\u00e3o de 10 deliciosos sabores.<\/p>\n<h3><strong>AIVONO WINNER 6000 Puffs Carater\u00edsticas:<\/strong><\/h3>\n<ul>\n<li>Puffs: 6000 puffs<\/li>\n<li>Capacidade do E-l\u00edquido: 15mL<\/li>\n<li>Bateria: 600mAh (recarreg\u00e1vel)<\/li>\n<li>Carregamento: Tipo C<\/li>\n<li>Bobina: Bobina de malha de 1.2\u03a9<\/li>\n<li>Pontos fortes da nicotina: 0%, 2%, 5%<\/li>\n<li>Op\u00e7\u00f5es de sabores: Melancia Ice, Menta Cool, Banana Ice, Mirtilo On Ice, P\u00eassego Ice, Uva Ice, Laranja Grapefruit, Manga Guava, Morango Maracuj\u00e1, Laranja Soda.<\/li>\n<\/ul>\n<h4>Perguntas frequentes<\/h4>\n<h5>Como \u00e9 que a bobina de malha de 1,2\u03a9 melhora a experi\u00eancia de vaporiza\u00e7\u00e3o?<\/h5>\n<p>A bobina de malha de 1,2\u03a9 foi concebida para proporcionar uma experi\u00eancia de vaporiza\u00e7\u00e3o equilibrada, fornecendo vapor suave e saboroso com um desempenho consistente. Esta bobina assegura uma entrega \u00f3ptima do sabor e uma tra\u00e7\u00e3o satisfat\u00f3ria.<\/p>\n<h5>Que m\u00e9todos de envio est\u00e3o dispon\u00edveis?<\/h5>\n<p>Estabelecemos parcerias com transportadoras fi\u00e1veis, incluindo a UPS, a DHL, a FedEx e a DPD, para oferecer um envio eficiente e fi\u00e1vel. O m\u00e9todo de envio mais adequado \u00e9 selecionado com base no seu local de entrega.<\/p>\n<h5>Quanto tempo demora normalmente a expedi\u00e7\u00e3o?<\/h5>\n<p>O envio demora normalmente 7 a 15 dias \u00fateis, embora os prazos de entrega possam prolongar-se at\u00e9 20 dias \u00fateis durante os feriados ou condi\u00e7\u00f5es climat\u00e9ricas adversas.<\/p>\n<h5>Terei de pagar taxas ou impostos alfandeg\u00e1rios?<\/h5>\n<p>Tratamos de todo o desalfandegamento, garantindo que n\u00e3o incorrer\u00e1 em quaisquer impostos ou taxas adicionais. 100% dos nossos produtos s\u00e3o desalfandegados sem problemas.<\/p>\n<h5>A minha compra \u00e9 segura e fi\u00e1vel?<\/h5>\n<p>Oferecemos transac\u00e7\u00f5es seguras atrav\u00e9s da prote\u00e7\u00e3o do comprador do PayPal. Tamb\u00e9m pode verificar a nossa fiabilidade consultando as opini\u00f5es dos clientes em <a href=\"https:\/\/www.trustpilot.com\/review\/volovape.com?utm_medium=trustbox&amp;utm_source=TrustBoxReviewCollector\">TrustPilot<\/a>.<\/p>","protected":false},"excerpt":{"rendered":"<p>Compre o Vape descart\u00e1vel AIVONO WINNER 6000 Puffs a granel. Com 15 ml de e-l\u00edquido, bobina de malha e v\u00e1rias op\u00e7\u00f5es de nicotina, \u00e9 uma \u00f3ptima escolha por atacado para lojas e distribuidores de vape.<\/p>","protected":false},"featured_media":1050,"comment_status":"open","ping_status":"closed","template":"","meta":[],"product_brand":[],"product_cat":[67,19,18,20,23,24,22,25,26,27,28,29,30,31,32,33,34,35,60,36],"product_tag":[],"class_list":{"0":"post-700","1":"product","2":"type-product","3":"status-publish","4":"has-post-thumbnail","6":"product_cat-aivono","7":"product_cat-5000-puffs-disposable-vape","8":"product_cat-different-puffs-of-disposable-vapes","9":"product_cat-disposable-vape-types","10":"product_cat-disposable-vapes-in-austria","11":"product_cat-disposable-vapes-in-belgium","12":"product_cat-disposable-vapes-in-europe","13":"product_cat-disposable-vapes-in-france","14":"product_cat-disposable-vapes-in-germany","15":"product_cat-disposable-vapes-in-hungary","16":"product_cat-disposable-vapes-in-ltaly","17":"product_cat-disposable-vapes-in-netherlands","18":"product_cat-disposable-vapes-in-norway","19":"product_cat-disposable-vapes-in-poland","20":"product_cat-disposable-vapes-in-portugal","21":"product_cat-disposable-vapes-in-spain","22":"product_cat-disposable-vapes-in-sweden","23":"product_cat-disposable-vapes-in-switzerland","24":"product_cat-mini-puffs-vapes","25":"product_cat-rechargeable-vapes","27":"first","28":"instock","29":"shipping-taxable","30":"purchasable","31":"product-type-variable","32":"has-default-attributes"},"jetpack_sharing_enabled":true,"tiered_pricing_type":"fixed","tiered_pricing_fixed_rules":{"2000":5.12999999999999989341858963598497211933135986328125},"tiered_pricing_product_settings":{"layout":"default","base_unit_name":{"singular":null,"plural":null},"default_variation":null},"tiered_pricing_minimum_quantity":1000,"tiered_pricing_roles_data":[],"tiered_pricing_percentage_rules":[],"tiered_pricing_maximum_quantity":null,"tiered_pricing_quantity_step":"10","_links":{"self":[{"href":"https:\/\/volovape.com\/pt\/wp-json\/wp\/v2\/product\/700","targetHints":{"allow":["GET"]}}],"collection":[{"href":"https:\/\/volovape.com\/pt\/wp-json\/wp\/v2\/product"}],"about":[{"href":"https:\/\/volovape.com\/pt\/wp-json\/wp\/v2\/types\/product"}],"replies":[{"embeddable":true,"href":"https:\/\/volovape.com\/pt\/wp-json\/wp\/v2\/comments?post=700"}],"wp:featuredmedia":[{"embeddable":true,"href":"https:\/\/volovape.com\/pt\/wp-json\/wp\/v2\/media\/1050"}],"wp:attachment":[{"href":"https:\/\/volovape.com\/pt\/wp-json\/wp\/v2\/media?parent=700"}],"wp:term":[{"taxonomy":"product_brand","embeddable":true,"href":"https:\/\/volovape.com\/pt\/wp-json\/wp\/v2\/product_brand?post=700"},{"taxonomy":"product_cat","embeddable":true,"href":"https:\/\/volovape.com\/pt\/wp-json\/wp\/v2\/product_cat?post=700"},{"taxonomy":"product_tag","embeddable":true,"href":"https:\/\/volovape.com\/pt\/wp-json\/wp\/v2\/product_tag?post=700"}],"curies":[{"name":"wp","href":"https:\/\/api.w.org\/{rel}","templated":true}]}}