{"id":69,"date":"2024-11-21T03:26:50","date_gmt":"2024-11-21T03:26:50","guid":{"rendered":"https:\/\/volovape.com\/?post_type=product&#038;p=69"},"modified":"2025-07-01T01:20:11","modified_gmt":"2025-07-01T01:20:11","slug":"desperdicar-5000-puffs","status":"publish","type":"product","link":"https:\/\/volovape.com\/pt\/product\/waspe-5000-puffs\/","title":{"rendered":"WASPE 5000 Puffs Vape descart\u00e1vel - recarreg\u00e1vel, bobina de malha"},"content":{"rendered":"<p><strong>Vape descart\u00e1vel recarreg\u00e1vel WASPE 5000 Puffs<\/strong> - Experimente o sabor e a conveni\u00eancia alargados.<\/p>\n<p>O <strong>WASPE 5000<\/strong> redefine o vaping descart\u00e1vel com a sua impressionante <strong>5000 puff<\/strong> capacidade e uma generosa <strong>13mL de e-l\u00edquido<\/strong> reservat\u00f3rio. Desfrute de um vapor consistente e saboroso gra\u00e7as ao <strong>bobina de malha avan\u00e7ada<\/strong>e selecione a sua concentra\u00e7\u00e3o de nicotina preferida de entre <strong>0%, 2%, ou 5%<\/strong>. O <strong>Bateria recarreg\u00e1vel de 650mAh<\/strong> com <strong>Carregamento tipo C<\/strong> garante que pode desfrutar at\u00e9 \u00e0 \u00faltima baforada. Perfeito para uso pessoal ou <strong>vape descart\u00e1vel por atacado<\/strong>Este dispositivo oferece desempenho e portabilidade. Explorar <strong>10 sabores \u00fanicos<\/strong> e descubra o seu novo favorito.<\/p>\n<h3><strong>WASPE 5000 Puffs Carater\u00edsticas:<\/strong><\/h3>\n<ul>\n<li>Puffs: At\u00e9 5000<\/li>\n<li>Capacidade do E-l\u00edquido: 13mL<\/li>\n<li>Bateria: 650mAh (recarreg\u00e1vel)<\/li>\n<li>Carregamento: Tipo C<\/li>\n<li>Bobina: Bobina de malha<\/li>\n<li>Pontos fortes da nicotina: 0%, 2%, 5%<\/li>\n<li>Sabores: Menta, Mirtilo Ice, Cola Ice, Morango Manga, Morango Melancia, Bagas Mistas, Lichia Ice, Melancia Ice, Uva Ice<\/li>\n<\/ul>\n<h4>Perguntas frequentes<\/h4>\n<h5>Como \u00e9 que a funcionalidade recarreg\u00e1vel melhora o WASPE 5000?<\/h5>\n<p>A bateria recarreg\u00e1vel de 650mAh, juntamente com o carregamento Tipo C, permite-lhe utilizar totalmente o e-l\u00edquido de 13mL, garantindo-lhe o m\u00e1ximo de 5000 baforadas. Isto elimina o problema comum de os vaporizadores descart\u00e1veis ficarem sem bateria antes de o e-l\u00edquido se esgotar, proporcionando uma experi\u00eancia de vaporiza\u00e7\u00e3o mais sustent\u00e1vel e satisfat\u00f3ria.<\/p>\n<h5>Que m\u00e9todos de envio s\u00e3o utilizados?<\/h5>\n<p>Cooperamos com a UPS\/DHL\/FEDEX\/DPD, etc. Escolheremos a op\u00e7\u00e3o de envio adequada em fun\u00e7\u00e3o do pa\u00eds de entrega para garantir que recebe os seus produtos o mais rapidamente poss\u00edvel.<\/p>\n<h5>Quanto tempo demora a chegar?<\/h5>\n<p>Este processo demora normalmente entre 7 e 15 dias \u00fateis, podendo chegar aos 20 dias \u00fateis nos feriados ou em condi\u00e7\u00f5es meteorol\u00f3gicas adversas.<\/p>\n<h5>Poder\u00e1 passar pela alf\u00e2ndega e causar-me-\u00e1 algum problema?<\/h5>\n<p>Garantimos que n\u00e3o ter\u00e1 qualquer problema, uma vez que trataremos do desalfandegamento e n\u00e3o haver\u00e1 impostos ou taxas. Garantimos que 100% dos nossos produtos ser\u00e3o desalfandegados.<\/p>\n<h5>Posso confiar nele?<\/h5>\n<p>Apoiamos o pagamento por PayPal e o servi\u00e7o de prote\u00e7\u00e3o do comprador. Tamb\u00e9m pode consultar os nossos coment\u00e1rios em <a href=\"https:\/\/www.trustpilot.com\/review\/volovape.com?utm_medium=trustbox&amp;utm_source=TrustBoxReviewCollector\">TrustPilot<\/a>.<\/p>","protected":false},"excerpt":{"rendered":"<p>Obtenha uma vaporiza\u00e7\u00e3o c\u00f3moda e saborosa com o WASPE 5000 Puffs. Bobina de malha, 13 ml, recarreg\u00e1vel. Ideal para uso pessoal ou para venda por grosso, oferecendo um vapor suave e diferentes dosagens de nicotina.<\/p>","protected":false},"featured_media":99,"comment_status":"open","ping_status":"closed","template":"","meta":[],"product_brand":[],"product_cat":[19,21,18,20,23,24,22,25,26,27,28,29,30,31,32,33,34,35,36,17],"product_tag":[],"class_list":{"0":"post-69","1":"product","2":"type-product","3":"status-publish","4":"has-post-thumbnail","6":"product_cat-5000-puffs-disposable-vape","7":"product_cat-big-puffs-vapes","8":"product_cat-different-puffs-of-disposable-vapes","9":"product_cat-disposable-vape-types","10":"product_cat-disposable-vapes-in-austria","11":"product_cat-disposable-vapes-in-belgium","12":"product_cat-disposable-vapes-in-europe","13":"product_cat-disposable-vapes-in-france","14":"product_cat-disposable-vapes-in-germany","15":"product_cat-disposable-vapes-in-hungary","16":"product_cat-disposable-vapes-in-ltaly","17":"product_cat-disposable-vapes-in-netherlands","18":"product_cat-disposable-vapes-in-norway","19":"product_cat-disposable-vapes-in-poland","20":"product_cat-disposable-vapes-in-portugal","21":"product_cat-disposable-vapes-in-spain","22":"product_cat-disposable-vapes-in-sweden","23":"product_cat-disposable-vapes-in-switzerland","24":"product_cat-rechargeable-vapes","25":"product_cat-waspe","27":"first","28":"instock","29":"shipping-taxable","30":"purchasable","31":"product-type-variable","32":"has-default-attributes"},"jetpack_sharing_enabled":true,"tiered_pricing_type":"fixed","tiered_pricing_fixed_rules":{"2000":3.79999999999999982236431605997495353221893310546875},"tiered_pricing_product_settings":{"layout":"default","base_unit_name":{"singular":null,"plural":null},"default_variation":null},"tiered_pricing_minimum_quantity":1000,"tiered_pricing_roles_data":[],"tiered_pricing_percentage_rules":[],"tiered_pricing_maximum_quantity":null,"tiered_pricing_quantity_step":"10","_links":{"self":[{"href":"https:\/\/volovape.com\/pt\/wp-json\/wp\/v2\/product\/69","targetHints":{"allow":["GET"]}}],"collection":[{"href":"https:\/\/volovape.com\/pt\/wp-json\/wp\/v2\/product"}],"about":[{"href":"https:\/\/volovape.com\/pt\/wp-json\/wp\/v2\/types\/product"}],"replies":[{"embeddable":true,"href":"https:\/\/volovape.com\/pt\/wp-json\/wp\/v2\/comments?post=69"}],"wp:featuredmedia":[{"embeddable":true,"href":"https:\/\/volovape.com\/pt\/wp-json\/wp\/v2\/media\/99"}],"wp:attachment":[{"href":"https:\/\/volovape.com\/pt\/wp-json\/wp\/v2\/media?parent=69"}],"wp:term":[{"taxonomy":"product_brand","embeddable":true,"href":"https:\/\/volovape.com\/pt\/wp-json\/wp\/v2\/product_brand?post=69"},{"taxonomy":"product_cat","embeddable":true,"href":"https:\/\/volovape.com\/pt\/wp-json\/wp\/v2\/product_cat?post=69"},{"taxonomy":"product_tag","embeddable":true,"href":"https:\/\/volovape.com\/pt\/wp-json\/wp\/v2\/product_tag?post=69"}],"curies":[{"name":"wp","href":"https:\/\/api.w.org\/{rel}","templated":true}]}}