{"id":660,"date":"2024-11-21T03:31:46","date_gmt":"2024-11-21T03:31:46","guid":{"rendered":"https:\/\/volovape.com\/?post_type=product&#038;p=660"},"modified":"2025-07-11T04:40:21","modified_gmt":"2025-07-11T04:40:21","slug":"aivono-aim-xxl-9000-puffs","status":"publish","type":"product","link":"https:\/\/volovape.com\/pt\/product\/aivono-aim-xxl-9000-puffs\/","title":{"rendered":"AIVONO AIM XXL 9000 Puffs Vape descart\u00e1vel - Bobina de malha, LCD, bloqueio para crian\u00e7as"},"content":{"rendered":"<p><strong>AIVONO AIM XXL 9000 Puffs Mesh Coil LCD Child Lock Vape descart\u00e1vel<\/strong> - O AIVONO AIM XXL 9000 oferece uma experi\u00eancia de vaporiza\u00e7\u00e3o prolongada com carater\u00edsticas de seguran\u00e7a acrescidas. Este vape descart\u00e1vel oferece at\u00e9 9.000 baforadas, com um reservat\u00f3rio de 19 ml de e-l\u00edquido e uma bateria recarreg\u00e1vel de 650 mAh. A bobina de malha de 1,2\u03a9 garante um vapor suave e saboroso, enquanto o ecr\u00e3 LCD e o bloqueio para crian\u00e7as aumentam a seguran\u00e7a e a conveni\u00eancia. Ideal para uso pessoal e para encomendas por grosso de vape descart\u00e1vel, este dispositivo oferece concentra\u00e7\u00f5es de nicotina 0%, 2%, 3% ou 5% e uma sele\u00e7\u00e3o de 10 deliciosos sabores.<\/p>\n<h3><strong>AIVONO AIM XXL 9000 Puffs Carater\u00edsticas:<\/strong><\/h3>\n<ul>\n<li>Puffs: 9000 puffs<\/li>\n<li>Capacidade do E-l\u00edquido: 19mL<\/li>\n<li>Bateria: 650mAh (recarreg\u00e1vel)<\/li>\n<li>Carregamento: Tipo C<\/li>\n<li>Bobina: Bobina de malha de 1.2\u03a9<\/li>\n<li>Ecr\u00e3: LCD (Bateria e contagem de baforadas)<\/li>\n<li>Carater\u00edsticas de seguran\u00e7a: Bloqueio para crian\u00e7as<\/li>\n<li>Pontos fortes da nicotina: 0%, 2%, 3%, 5%<\/li>\n<li>Op\u00e7\u00f5es de sabores: Morango Melancia, Anan\u00e1s Coco Ice, Menta Mojito, Uva Groselha Preta, Bagas Mistas, Manga Anan\u00e1s P\u00eassego, Melancia Ice, Blue Razz Ice, Mirtilo Ice, Cereja Cantaloupe.<\/li>\n<\/ul>\n<h4>Perguntas frequentes<\/h4>\n<h5>Como \u00e9 que a funcionalidade de bloqueio para crian\u00e7as aumenta a seguran\u00e7a?<\/h5>\n<p>A fun\u00e7\u00e3o de bloqueio para crian\u00e7as impede a ativa\u00e7\u00e3o acidental, proporcionando maior seguran\u00e7a e tranquilidade, especialmente para fam\u00edlias com crian\u00e7as ou animais de estima\u00e7\u00e3o. Esta funcionalidade garante que o dispositivo permanece seguro quando n\u00e3o est\u00e1 a ser utilizado.<\/p>\n<h5>Que m\u00e9todos de envio s\u00e3o utilizados?<\/h5>\n<p>Estabelecemos parcerias com transportadoras fi\u00e1veis, incluindo a UPS, a DHL, a FedEx e a DPD, para oferecer um envio eficiente e fi\u00e1vel. O m\u00e9todo de envio mais adequado \u00e9 selecionado com base no seu local de entrega.<\/p>\n<h5>Quanto tempo demora normalmente a expedi\u00e7\u00e3o?<\/h5>\n<p>O envio demora normalmente 7 a 15 dias \u00fateis, embora os prazos de entrega possam prolongar-se at\u00e9 20 dias \u00fateis durante os feriados ou condi\u00e7\u00f5es climat\u00e9ricas adversas.<\/p>\n<h5>Terei de pagar taxas ou impostos alfandeg\u00e1rios?<\/h5>\n<p>Tratamos de todo o desalfandegamento, garantindo que n\u00e3o incorrer\u00e1 em quaisquer impostos ou taxas adicionais. 100% dos nossos produtos s\u00e3o desalfandegados sem problemas.<\/p>\n<h5>A minha compra \u00e9 segura e fi\u00e1vel?<\/h5>\n<p>Oferecemos transac\u00e7\u00f5es seguras atrav\u00e9s da prote\u00e7\u00e3o do comprador do PayPal. Tamb\u00e9m pode verificar a nossa fiabilidade consultando as opini\u00f5es dos clientes em <a href=\"https:\/\/www.trustpilot.com\/review\/volovape.com?utm_medium=trustbox&amp;utm_source=TrustBoxReviewCollector\">TrustPilot<\/a>.<\/p>","protected":false},"excerpt":{"rendered":"<p>Experimente uma vaporiza\u00e7\u00e3o segura e prolongada com o AIVONO AIM XXL 9000 Puffs. Bloqueio para crian\u00e7as, ecr\u00e3 LCD, malha de 1,2\u03a9, 19ml, recarreg\u00e1vel. Perfeito para uso pessoal ou para venda por grosso.<\/p>","protected":false},"featured_media":1028,"comment_status":"open","ping_status":"closed","template":"","meta":[],"product_brand":[],"product_cat":[67,48,21,18,20,23,24,22,25,26,27,28,29,30,31,32,33,34,35,36],"product_tag":[],"class_list":{"0":"post-660","1":"product","2":"type-product","3":"status-publish","4":"has-post-thumbnail","6":"product_cat-aivono","7":"product_cat-9000-puffs-disposable-vape","8":"product_cat-big-puffs-vapes","9":"product_cat-different-puffs-of-disposable-vapes","10":"product_cat-disposable-vape-types","11":"product_cat-disposable-vapes-in-austria","12":"product_cat-disposable-vapes-in-belgium","13":"product_cat-disposable-vapes-in-europe","14":"product_cat-disposable-vapes-in-france","15":"product_cat-disposable-vapes-in-germany","16":"product_cat-disposable-vapes-in-hungary","17":"product_cat-disposable-vapes-in-ltaly","18":"product_cat-disposable-vapes-in-netherlands","19":"product_cat-disposable-vapes-in-norway","20":"product_cat-disposable-vapes-in-poland","21":"product_cat-disposable-vapes-in-portugal","22":"product_cat-disposable-vapes-in-spain","23":"product_cat-disposable-vapes-in-sweden","24":"product_cat-disposable-vapes-in-switzerland","25":"product_cat-rechargeable-vapes","27":"first","28":"instock","29":"shipping-taxable","30":"purchasable","31":"product-type-variable","32":"has-default-attributes"},"jetpack_sharing_enabled":true,"tiered_pricing_type":"fixed","tiered_pricing_fixed_rules":{"2000":5.9900000000000002131628207280300557613372802734375},"tiered_pricing_product_settings":{"layout":"default","base_unit_name":{"singular":null,"plural":null},"default_variation":null},"tiered_pricing_minimum_quantity":1000,"tiered_pricing_roles_data":[],"tiered_pricing_percentage_rules":[],"tiered_pricing_maximum_quantity":null,"tiered_pricing_quantity_step":"10","_links":{"self":[{"href":"https:\/\/volovape.com\/pt\/wp-json\/wp\/v2\/product\/660","targetHints":{"allow":["GET"]}}],"collection":[{"href":"https:\/\/volovape.com\/pt\/wp-json\/wp\/v2\/product"}],"about":[{"href":"https:\/\/volovape.com\/pt\/wp-json\/wp\/v2\/types\/product"}],"replies":[{"embeddable":true,"href":"https:\/\/volovape.com\/pt\/wp-json\/wp\/v2\/comments?post=660"}],"wp:featuredmedia":[{"embeddable":true,"href":"https:\/\/volovape.com\/pt\/wp-json\/wp\/v2\/media\/1028"}],"wp:attachment":[{"href":"https:\/\/volovape.com\/pt\/wp-json\/wp\/v2\/media?parent=660"}],"wp:term":[{"taxonomy":"product_brand","embeddable":true,"href":"https:\/\/volovape.com\/pt\/wp-json\/wp\/v2\/product_brand?post=660"},{"taxonomy":"product_cat","embeddable":true,"href":"https:\/\/volovape.com\/pt\/wp-json\/wp\/v2\/product_cat?post=660"},{"taxonomy":"product_tag","embeddable":true,"href":"https:\/\/volovape.com\/pt\/wp-json\/wp\/v2\/product_tag?post=660"}],"curies":[{"name":"wp","href":"https:\/\/api.w.org\/{rel}","templated":true}]}}