{"id":639,"date":"2024-11-21T03:31:25","date_gmt":"2024-11-21T03:31:25","guid":{"rendered":"https:\/\/volovape.com\/?post_type=product&#038;p=639"},"modified":"2025-07-06T04:19:59","modified_gmt":"2025-07-06T04:19:59","slug":"tanque-de-mira-aivono-9500-puffs","status":"publish","type":"product","link":"https:\/\/volovape.com\/pt\/product\/aivono-aim-tank-9500-puffs\/","title":{"rendered":"AIVONO AIM TANK 9500 puffs vape descart\u00e1vel - bobina de malha com LCD e bloqueio para crian\u00e7as"},"content":{"rendered":"<p><strong>AIVONO AIM TANK 9500 Puffs Mesh Coil LCD Child Lock Vape descart\u00e1vel<\/strong> - Experimente uma vaporiza\u00e7\u00e3o segura e satisfat\u00f3ria com o AIVONO AIM TANK 9500. Este vape descart\u00e1vel oferece at\u00e9 9.500 baforadas, com um reservat\u00f3rio de e-l\u00edquido de 18mL e uma bateria recarreg\u00e1vel de 650mAh. A bobina de malha de 1,2\u03a9 garante um vapor suave e saboroso, enquanto o ecr\u00e3 LCD e a fun\u00e7\u00e3o de bloqueio para crian\u00e7as proporcionam maior seguran\u00e7a e comodidade. Ideal para uso pessoal e para encomendas por atacado de vape descart\u00e1vel, este dispositivo oferece concentra\u00e7\u00f5es de nicotina 0%, 2%, 3% ou 5% e uma vasta sele\u00e7\u00e3o de 15 deliciosos sabores.<\/p>\n<h3><strong>AIVONO AIM TANK 9500 Puffs Carater\u00edsticas:<\/strong><\/h3>\n<ul>\n<li>Puffs: 9500 puffs<\/li>\n<li>Capacidade do E-l\u00edquido: 18mL<\/li>\n<li>Bateria: 650mAh (recarreg\u00e1vel)<\/li>\n<li>Carregamento: Tipo C<\/li>\n<li>Bobina: Bobina de malha de 1.2\u03a9<\/li>\n<li>Ecr\u00e3: LCD (Bateria e contagem de baforadas)<\/li>\n<li>Carater\u00edsticas de seguran\u00e7a: Bloqueio para crian\u00e7as<\/li>\n<li>Pontos fortes da nicotina: 0%, 2%, 3%, 5%<\/li>\n<li>Op\u00e7\u00f5es de sabores: Melancia Morango, Manga Anan\u00e1s, Menta Lim\u00e3o, Uva Sakura, Kiwi Morango, Mirtilo Framboesa, Gelo Melancia, Cantaloupe Cereja, Pastilha el\u00e1stica Melancia, Baga Ma\u00e7\u00e3, Marshmallow Azul, P\u00eassego Pera, Coco Anan\u00e1s Gelo, Gelo Morango, Manga Tropical.<\/li>\n<\/ul>\n<h4>Perguntas frequentes<\/h4>\n<h5>Como \u00e9 que a funcionalidade de bloqueio para crian\u00e7as aumenta a seguran\u00e7a?<\/h5>\n<p>A fun\u00e7\u00e3o de bloqueio para crian\u00e7as impede a ativa\u00e7\u00e3o acidental, proporcionando maior seguran\u00e7a e tranquilidade, especialmente para fam\u00edlias com crian\u00e7as ou animais de estima\u00e7\u00e3o. Esta funcionalidade garante que o dispositivo permanece seguro quando n\u00e3o est\u00e1 a ser utilizado.<\/p>\n<h5>Que m\u00e9todos de envio est\u00e3o dispon\u00edveis?<\/h5>\n<p>Estabelecemos parcerias com transportadoras fi\u00e1veis, incluindo a UPS, a DHL, a FedEx e a DPD, para oferecer um envio eficiente e fi\u00e1vel. O m\u00e9todo de envio mais adequado \u00e9 selecionado com base no seu local de entrega.<\/p>\n<h5>Quanto tempo demora normalmente a expedi\u00e7\u00e3o?<\/h5>\n<p>O envio demora normalmente 7 a 15 dias \u00fateis, embora os prazos de entrega possam prolongar-se at\u00e9 20 dias \u00fateis durante os feriados ou condi\u00e7\u00f5es climat\u00e9ricas adversas.<\/p>\n<h5>Terei de pagar taxas ou impostos alfandeg\u00e1rios?<\/h5>\n<p>Tratamos de todo o desalfandegamento, garantindo que n\u00e3o incorrer\u00e1 em quaisquer impostos ou taxas adicionais. 100% dos nossos produtos s\u00e3o desalfandegados sem problemas.<\/p>\n<h5>A minha compra \u00e9 segura e fi\u00e1vel?<\/h5>\n<p>Oferecemos transac\u00e7\u00f5es seguras atrav\u00e9s da prote\u00e7\u00e3o do comprador do PayPal. Tamb\u00e9m pode verificar a nossa fiabilidade consultando as opini\u00f5es dos clientes em <a href=\"https:\/\/www.trustpilot.com\/review\/volovape.com?utm_medium=trustbox&amp;utm_source=TrustBoxReviewCollector\">TrustPilot<\/a>.<\/p>","protected":false},"excerpt":{"rendered":"<p>Desfrute de uma vaporiza\u00e7\u00e3o segura e saborosa com o AIVONO AIM TANK 9500 Puffs. Ecr\u00e3 LCD, bloqueio para crian\u00e7as, bobina de malha de 1,2\u03a9, 18ml, recarreg\u00e1vel. Ideal para uso pessoal ou para venda por grosso.<\/p>","protected":false},"featured_media":1009,"comment_status":"open","ping_status":"closed","template":"","meta":[],"product_brand":[],"product_cat":[67,57,48,21,18,39,20,23,24,22,25,26,27,28,29,30,31,32,33,34,35,36,40],"product_tag":[],"class_list":{"0":"post-639","1":"product","2":"type-product","3":"status-publish","4":"has-post-thumbnail","6":"product_cat-aivono","7":"product_cat-10000-puffs-disposable-vape","8":"product_cat-9000-puffs-disposable-vape","9":"product_cat-big-puffs-vapes","10":"product_cat-different-puffs-of-disposable-vapes","11":"product_cat-digital-box-vapes","12":"product_cat-disposable-vape-types","13":"product_cat-disposable-vapes-in-austria","14":"product_cat-disposable-vapes-in-belgium","15":"product_cat-disposable-vapes-in-europe","16":"product_cat-disposable-vapes-in-france","17":"product_cat-disposable-vapes-in-germany","18":"product_cat-disposable-vapes-in-hungary","19":"product_cat-disposable-vapes-in-ltaly","20":"product_cat-disposable-vapes-in-netherlands","21":"product_cat-disposable-vapes-in-norway","22":"product_cat-disposable-vapes-in-poland","23":"product_cat-disposable-vapes-in-portugal","24":"product_cat-disposable-vapes-in-spain","25":"product_cat-disposable-vapes-in-sweden","26":"product_cat-disposable-vapes-in-switzerland","27":"product_cat-rechargeable-vapes","28":"product_cat-smart-screen-vapes","30":"first","31":"instock","32":"shipping-taxable","33":"purchasable","34":"product-type-variable","35":"has-default-attributes"},"jetpack_sharing_enabled":true,"tiered_pricing_type":"fixed","tiered_pricing_fixed_rules":{"2000":5.37999999999999989341858963598497211933135986328125},"tiered_pricing_product_settings":{"layout":"default","base_unit_name":{"singular":null,"plural":null},"default_variation":null},"tiered_pricing_minimum_quantity":1000,"tiered_pricing_roles_data":[],"tiered_pricing_percentage_rules":[],"tiered_pricing_maximum_quantity":null,"tiered_pricing_quantity_step":"10","_links":{"self":[{"href":"https:\/\/volovape.com\/pt\/wp-json\/wp\/v2\/product\/639","targetHints":{"allow":["GET"]}}],"collection":[{"href":"https:\/\/volovape.com\/pt\/wp-json\/wp\/v2\/product"}],"about":[{"href":"https:\/\/volovape.com\/pt\/wp-json\/wp\/v2\/types\/product"}],"replies":[{"embeddable":true,"href":"https:\/\/volovape.com\/pt\/wp-json\/wp\/v2\/comments?post=639"}],"wp:featuredmedia":[{"embeddable":true,"href":"https:\/\/volovape.com\/pt\/wp-json\/wp\/v2\/media\/1009"}],"wp:attachment":[{"href":"https:\/\/volovape.com\/pt\/wp-json\/wp\/v2\/media?parent=639"}],"wp:term":[{"taxonomy":"product_brand","embeddable":true,"href":"https:\/\/volovape.com\/pt\/wp-json\/wp\/v2\/product_brand?post=639"},{"taxonomy":"product_cat","embeddable":true,"href":"https:\/\/volovape.com\/pt\/wp-json\/wp\/v2\/product_cat?post=639"},{"taxonomy":"product_tag","embeddable":true,"href":"https:\/\/volovape.com\/pt\/wp-json\/wp\/v2\/product_tag?post=639"}],"curies":[{"name":"wp","href":"https:\/\/api.w.org\/{rel}","templated":true}]}}