{"id":638,"date":"2024-11-21T03:31:25","date_gmt":"2024-11-21T03:31:25","guid":{"rendered":"https:\/\/volovape.com\/?post_type=product&#038;p=638"},"modified":"2025-08-06T08:06:53","modified_gmt":"2025-08-06T08:06:53","slug":"aivono-aim-freak-13000-puff","status":"publish","type":"product","link":"https:\/\/volovape.com\/pt\/product\/aivono-aim-freak-13000-puff\/","title":{"rendered":"AIVONO AIM FREAK 13000 Puffs Vape descart\u00e1vel - Bobina de malha, ecr\u00e3 LCD"},"content":{"rendered":"<p><strong>AIVONO AIM FREAK 13000 Puffs Bobina de malha LCD Vape descart\u00e1vel<\/strong> - Desfrute de uma experi\u00eancia de vaporiza\u00e7\u00e3o prolongada e de alto desempenho com o AIVONO AIM FREAK 13000. Este vape descart\u00e1vel fornece at\u00e9 13.000 baforadas, com um reservat\u00f3rio de 20 ml de e-l\u00edquido e uma bateria recarreg\u00e1vel de 500 mAh. A tecnologia de bobina em malha garante um vapor consistentemente suave e saboroso, enquanto o ecr\u00e3 LCD fornece informa\u00e7\u00f5es em tempo real sobre a bateria e a contagem de baforadas. Ideal para uso pessoal e para encomendas por grosso de vape descart\u00e1vel, este dispositivo oferece 0%, 2%, 3% ou 5% de nicotina e uma variedade de 10 deliciosos sabores.<\/p>\n<h3><strong>AIVONO AIM FREAK 13000 Puffs Carater\u00edsticas:<\/strong><\/h3>\n<ul>\n<li>Puffs: 13000 puffs<\/li>\n<li>Capacidade do E-l\u00edquido: 20mL<\/li>\n<li>Bateria: 500mAh (recarreg\u00e1vel)<\/li>\n<li>Carregamento: Tipo C<\/li>\n<li>Bobina: Bobina de malha<\/li>\n<li>Ecr\u00e3: LCD (Bateria e contagem de baforadas)<\/li>\n<li>Pontos fortes da nicotina: 0%, 2%, 3%, 5%<\/li>\n<li>Op\u00e7\u00f5es de sabores: Blue Razz Ice, Strawberry Ice, Watermelon Ice, Peach Fruit Juice, Strawberry Kiwi, Lush Bubble Gum, Pineapple Coconut Ice, Pink Lemonade, Pineapple Mango Peach, Grape Currant.<\/li>\n<\/ul>\n<h4>Perguntas frequentes<\/h4>\n<h5>Como \u00e9 que a bobina de malha melhora a experi\u00eancia de vaporiza\u00e7\u00e3o?<\/h5>\n<p>O design da bobina em malha proporciona uma maior superf\u00edcie de aquecimento, resultando num aquecimento mais uniforme e numa melhor produ\u00e7\u00e3o de sabor e vapor. Esta tecnologia garante uma experi\u00eancia de vaporiza\u00e7\u00e3o consistentemente suave e satisfat\u00f3ria.<\/p>\n<h5>Que m\u00e9todos de envio est\u00e3o dispon\u00edveis?<\/h5>\n<p>Estabelecemos parcerias com transportadoras fi\u00e1veis, incluindo a UPS, a DHL, a FedEx e a DPD, para oferecer um envio eficiente e fi\u00e1vel. O m\u00e9todo de envio mais adequado \u00e9 selecionado com base no seu local de entrega.<\/p>\n<h5>Quanto tempo demora normalmente a expedi\u00e7\u00e3o?<\/h5>\n<p>O envio demora normalmente 7 a 15 dias \u00fateis, embora os prazos de entrega possam prolongar-se at\u00e9 20 dias \u00fateis durante os feriados ou condi\u00e7\u00f5es climat\u00e9ricas adversas.<\/p>\n<h5>Terei de pagar taxas ou impostos alfandeg\u00e1rios?<\/h5>\n<p>Tratamos de todo o desalfandegamento, garantindo que n\u00e3o incorrer\u00e1 em quaisquer impostos ou taxas adicionais. 100% dos nossos produtos s\u00e3o desalfandegados sem problemas.<\/p>\n<h5>A minha compra \u00e9 segura e fi\u00e1vel?<\/h5>\n<p>Oferecemos transac\u00e7\u00f5es seguras atrav\u00e9s da prote\u00e7\u00e3o do comprador do PayPal. Tamb\u00e9m pode verificar a nossa fiabilidade consultando as opini\u00f5es dos clientes em <a href=\"https:\/\/www.trustpilot.com\/review\/volovape.com?utm_medium=trustbox&amp;utm_source=TrustBoxReviewCollector\">TrustPilot<\/a>.<\/p>","protected":false},"excerpt":{"rendered":"<p>Liberte um sabor duradouro com o AIVONO AIM FREAK 13000 Puffs. Ecr\u00e3 LCD, bobina de rede, 20 ml, recarreg\u00e1vel. Perfeito para uso pessoal ou para distribui\u00e7\u00e3o por grosso.<\/p>","protected":false},"featured_media":998,"comment_status":"open","ping_status":"closed","template":"","meta":[],"product_brand":[],"product_cat":[67,38,56,21,18,39,20,23,24,22,25,26,27,28,29,30,31,32,33,34,35,36,40],"product_tag":[],"class_list":{"0":"post-638","1":"product","2":"type-product","3":"status-publish","4":"has-post-thumbnail","6":"product_cat-aivono","7":"product_cat-12000-puffs-disposable-vape","8":"product_cat-14000-puffs-disposable-vape","9":"product_cat-big-puffs-vapes","10":"product_cat-different-puffs-of-disposable-vapes","11":"product_cat-digital-box-vapes","12":"product_cat-disposable-vape-types","13":"product_cat-disposable-vapes-in-austria","14":"product_cat-disposable-vapes-in-belgium","15":"product_cat-disposable-vapes-in-europe","16":"product_cat-disposable-vapes-in-france","17":"product_cat-disposable-vapes-in-germany","18":"product_cat-disposable-vapes-in-hungary","19":"product_cat-disposable-vapes-in-ltaly","20":"product_cat-disposable-vapes-in-netherlands","21":"product_cat-disposable-vapes-in-norway","22":"product_cat-disposable-vapes-in-poland","23":"product_cat-disposable-vapes-in-portugal","24":"product_cat-disposable-vapes-in-spain","25":"product_cat-disposable-vapes-in-sweden","26":"product_cat-disposable-vapes-in-switzerland","27":"product_cat-rechargeable-vapes","28":"product_cat-smart-screen-vapes","30":"first","31":"instock","32":"shipping-taxable","33":"purchasable","34":"product-type-variable","35":"has-default-attributes"},"jetpack_sharing_enabled":true,"tiered_pricing_type":"fixed","tiered_pricing_fixed_rules":{"2000":5.88999999999999968025576890795491635799407958984375},"tiered_pricing_product_settings":{"layout":"default","base_unit_name":{"singular":null,"plural":null},"default_variation":null},"tiered_pricing_minimum_quantity":1000,"tiered_pricing_roles_data":[],"tiered_pricing_percentage_rules":[],"tiered_pricing_maximum_quantity":null,"tiered_pricing_quantity_step":"10","_links":{"self":[{"href":"https:\/\/volovape.com\/pt\/wp-json\/wp\/v2\/product\/638","targetHints":{"allow":["GET"]}}],"collection":[{"href":"https:\/\/volovape.com\/pt\/wp-json\/wp\/v2\/product"}],"about":[{"href":"https:\/\/volovape.com\/pt\/wp-json\/wp\/v2\/types\/product"}],"replies":[{"embeddable":true,"href":"https:\/\/volovape.com\/pt\/wp-json\/wp\/v2\/comments?post=638"}],"wp:featuredmedia":[{"embeddable":true,"href":"https:\/\/volovape.com\/pt\/wp-json\/wp\/v2\/media\/998"}],"wp:attachment":[{"href":"https:\/\/volovape.com\/pt\/wp-json\/wp\/v2\/media?parent=638"}],"wp:term":[{"taxonomy":"product_brand","embeddable":true,"href":"https:\/\/volovape.com\/pt\/wp-json\/wp\/v2\/product_brand?post=638"},{"taxonomy":"product_cat","embeddable":true,"href":"https:\/\/volovape.com\/pt\/wp-json\/wp\/v2\/product_cat?post=638"},{"taxonomy":"product_tag","embeddable":true,"href":"https:\/\/volovape.com\/pt\/wp-json\/wp\/v2\/product_tag?post=638"}],"curies":[{"name":"wp","href":"https:\/\/api.w.org\/{rel}","templated":true}]}}