{"id":6250,"date":"2024-11-29T04:36:13","date_gmt":"2024-11-29T04:36:13","guid":{"rendered":"https:\/\/volovape.com\/?post_type=product&#038;p=6250"},"modified":"2025-08-07T08:19:53","modified_gmt":"2025-08-07T08:19:53","slug":"jnr-shisha-max-22000-22k-baforadas","status":"publish","type":"product","link":"https:\/\/volovape.com\/pt\/product\/jnr-shisha-max-22000-22k-puffs\/","title":{"rendered":"JNR Shisha Max 22000 Puffs Hookah Edition Vape descart\u00e1vel - Malha tripla, fluxo de ar ajust\u00e1vel"},"content":{"rendered":"<p><iframe title=\"Reprodutor de v\u00eddeo VideoPress\" aria-label='Reprodutor de v\u00eddeo VideoPress' width='421' height='750' src='https:\/\/videopress.com\/embed\/WoXrFsri?hd=0&amp;cover=1' frameborder='0' allowfullscreen allow='clipboard-write'><\/iframe><script src='https:\/\/v0.wordpress.com\/js\/next\/videopress-iframe.js?m=1739540970'><\/script><\/p>\n<p><strong>Vape descart\u00e1vel JNR Shisha Max 22000 Puffs<\/strong> - Experimente a vaporiza\u00e7\u00e3o inspirada no cachimbo de \u00e1gua com a tecnologia de bobina de malha tripla.<\/p>\n<p>O <strong>JNR Shisha Max 22000 Puffs<\/strong> traz a experi\u00eancia rica e saborosa do narguil\u00e9 tradicional para um moderno e conveniente vape descart\u00e1vel. Oferece um impressionante <strong>22.000 baforadas<\/strong> e uma generosa <strong>Capacidade para 29 ml de e-l\u00edquido<\/strong>Este dispositivo garante uma experi\u00eancia duradoura e satisfat\u00f3ria. Alimentado por um robusto <strong>Bateria recarreg\u00e1vel de 1100mAh<\/strong> com <strong>Carregamento tipo C<\/strong>O telem\u00f3vel \u00e9 um dispositivo que permite uma utiliza\u00e7\u00e3o prolongada e recargas r\u00e1pidas. A inovadora <strong>bobina de malha tripla<\/strong> proporciona um sabor intenso e um vapor denso, reproduzindo a profunda satisfa\u00e7\u00e3o de uma sess\u00e3o de narguil\u00e9. Com <strong>fluxo de ar ajust\u00e1vel<\/strong> e uma clara <strong>bateria e ecr\u00e3 de l\u00edquido<\/strong>pode personalizar e monitorizar a sua experi\u00eancia de vaporiza\u00e7\u00e3o. Dispon\u00edvel em <strong>15 sabores \u00fanicos<\/strong>, o <strong>JNR Shisha Max 22000 Puffs<\/strong> \u00e9 perfeito para quem procura um vape de qualidade superior, inspirado no narguil\u00e9, ideal tanto para o prazer pessoal como para <strong>vape descart\u00e1vel por atacado<\/strong>.<\/p>\n<h3><strong>JNR Shisha Max 22000 Puffs Carater\u00edsticas:<\/strong><\/h3>\n<ul>\n<li>Puffs: At\u00e9 22.000<\/li>\n<li>Capacidade do E-l\u00edquido: 29ml<\/li>\n<li>Bateria: 1100mAh (recarreg\u00e1vel)<\/li>\n<li>Carregamento: Tipo C<\/li>\n<li>Bobina: Bobina de malha tripla<\/li>\n<li>Fluxo de ar: Ajust\u00e1vel<\/li>\n<li>Ecr\u00e3: Bateria e ecr\u00e3 l\u00edquido<\/li>\n<li>Intensidade da nicotina: 2%<\/li>\n<\/ul>\n<h4>Perguntas frequentes<\/h4>\n<h5>Como \u00e9 que a bobina de malha tripla melhora a experi\u00eancia de vaporiza\u00e7\u00e3o?<\/h5>\n<p>O sistema de bobina de malha tripla do JNR Shisha Max 22000 Puffs foi concebido para maximizar o sabor e a produ\u00e7\u00e3o de vapor. Garante um aquecimento uniforme e uma maior \u00e1rea de superf\u00edcie para a vaporiza\u00e7\u00e3o do e-l\u00edquido, proporcionando um sabor rico e intenso e um vapor denso e suave, que faz lembrar uma sess\u00e3o tradicional de narguil\u00e9.<\/p>\n<h5>Posso mesmo obter 22 000 baforadas com um dispositivo?<\/h5>\n<p>Sim! O JNR Shisha Max 22000 Puffs foi concebido para uma utiliza\u00e7\u00e3o prolongada, oferecendo at\u00e9 22.000 baforadas. Esta elevada capacidade, combinada com um reservat\u00f3rio de e-l\u00edquido de 29 ml e uma potente bateria recarreg\u00e1vel de 1100 mAh, faz com que seja uma escolha duradoura e fi\u00e1vel, perfeita para <strong>encomenda por grosso<\/strong> necessidades.<\/p>\n<h5>O que torna a bateria e o ecr\u00e3 l\u00edquido t\u00e3o \u00fateis?<\/h5>\n<p>O visor integrado de bateria e l\u00edquido fornece informa\u00e7\u00f5es em tempo real sobre o n\u00edvel da bateria e o consumo de e-l\u00edquido. Esta funcionalidade permite-lhe monitorizar o seu dispositivo e garante que nunca \u00e9 apanhado desprevenido, melhorando a conveni\u00eancia geral e a experi\u00eancia do utilizador.<\/p>\n<h5>Como \u00e9 que posso ter a certeza da qualidade do produto e do apoio ao cliente?<\/h5>\n<p>Apoiamos o pagamento por PayPal e o servi\u00e7o de prote\u00e7\u00e3o do comprador. Tamb\u00e9m pode consultar os nossos coment\u00e1rios em <a href=\"https:\/\/www.trustpilot.com\/review\/volovape.com?utm_medium=trustbox&amp;utm_source=TrustBoxReviewCollector\">TrustPilot<\/a>.<\/p>","protected":false},"excerpt":{"rendered":"<p>Saboreie o JNR Shisha Max 22000 Puffs Disposable Vape, um dispositivo inspirado no narguil\u00e9 com 29ml de e-l\u00edquido, bateria de 1100mAh, bobinas de malha tripla, nicotina 2%. Venda por grosso a granel, 15 sabores, carregamento tipo C.<\/p>","protected":false},"featured_media":6342,"comment_status":"open","ping_status":"closed","template":"","meta":[],"product_brand":[],"product_cat":[79,63,21,18,20,23,24,22,25,26,27,28,29,30,31,32,33,34,35,36,47,40],"product_tag":[],"class_list":{"0":"post-6250","1":"product","2":"type-product","3":"status-publish","4":"has-post-thumbnail","6":"product_cat-jnr","7":"product_cat-30000-puffs-disposable-vape","8":"product_cat-big-puffs-vapes","9":"product_cat-different-puffs-of-disposable-vapes","10":"product_cat-disposable-vape-types","11":"product_cat-disposable-vapes-in-austria","12":"product_cat-disposable-vapes-in-belgium","13":"product_cat-disposable-vapes-in-europe","14":"product_cat-disposable-vapes-in-france","15":"product_cat-disposable-vapes-in-germany","16":"product_cat-disposable-vapes-in-hungary","17":"product_cat-disposable-vapes-in-ltaly","18":"product_cat-disposable-vapes-in-netherlands","19":"product_cat-disposable-vapes-in-norway","20":"product_cat-disposable-vapes-in-poland","21":"product_cat-disposable-vapes-in-portugal","22":"product_cat-disposable-vapes-in-spain","23":"product_cat-disposable-vapes-in-sweden","24":"product_cat-disposable-vapes-in-switzerland","25":"product_cat-rechargeable-vapes","26":"product_cat-shisha-hookah-vapes","27":"product_cat-smart-screen-vapes","29":"first","30":"instock","31":"shipping-taxable","32":"purchasable","33":"product-type-variable","34":"has-default-attributes"},"jetpack_sharing_enabled":true,"tiered_pricing_type":"fixed","tiered_pricing_fixed_rules":{"2000":6.8499999999999996447286321199499070644378662109375},"tiered_pricing_product_settings":{"layout":"default","base_unit_name":{"singular":null,"plural":null},"default_variation":null},"tiered_pricing_minimum_quantity":1000,"tiered_pricing_roles_data":[],"tiered_pricing_percentage_rules":[],"tiered_pricing_maximum_quantity":null,"tiered_pricing_quantity_step":"10","_links":{"self":[{"href":"https:\/\/volovape.com\/pt\/wp-json\/wp\/v2\/product\/6250","targetHints":{"allow":["GET"]}}],"collection":[{"href":"https:\/\/volovape.com\/pt\/wp-json\/wp\/v2\/product"}],"about":[{"href":"https:\/\/volovape.com\/pt\/wp-json\/wp\/v2\/types\/product"}],"replies":[{"embeddable":true,"href":"https:\/\/volovape.com\/pt\/wp-json\/wp\/v2\/comments?post=6250"}],"wp:featuredmedia":[{"embeddable":true,"href":"https:\/\/volovape.com\/pt\/wp-json\/wp\/v2\/media\/6342"}],"wp:attachment":[{"href":"https:\/\/volovape.com\/pt\/wp-json\/wp\/v2\/media?parent=6250"}],"wp:term":[{"taxonomy":"product_brand","embeddable":true,"href":"https:\/\/volovape.com\/pt\/wp-json\/wp\/v2\/product_brand?post=6250"},{"taxonomy":"product_cat","embeddable":true,"href":"https:\/\/volovape.com\/pt\/wp-json\/wp\/v2\/product_cat?post=6250"},{"taxonomy":"product_tag","embeddable":true,"href":"https:\/\/volovape.com\/pt\/wp-json\/wp\/v2\/product_tag?post=6250"}],"curies":[{"name":"wp","href":"https:\/\/api.w.org\/{rel}","templated":true}]}}