{"id":6249,"date":"2024-11-29T04:36:13","date_gmt":"2024-11-29T04:36:13","guid":{"rendered":"https:\/\/volovape.com\/?post_type=product&#038;p=6249"},"modified":"2025-08-07T08:19:52","modified_gmt":"2025-08-07T08:19:52","slug":"jnr-vape-watch-30000-30k-puffs","status":"publish","type":"product","link":"https:\/\/volovape.com\/pt\/product\/jnr-vape-watch-30000-30k-puffs\/","title":{"rendered":"JNR Vape Watch 30000 Puffs - Smartwatch e Vape descart\u00e1vel (Modo duplo)"},"content":{"rendered":"<p><iframe title=\"Reprodutor de v\u00eddeo VideoPress\" aria-label='Reprodutor de v\u00eddeo VideoPress' width='500' height='281' src='https:\/\/videopress.com\/embed\/3s6S9iWa?hd=0&amp;cover=1' frameborder='0' allowfullscreen allow='clipboard-write'><\/iframe><script src='https:\/\/v0.wordpress.com\/js\/next\/videopress-iframe.js?m=1739540970'><\/script><\/p>\n<p><strong>JNR Vape Watch 30000 Puffs<\/strong> - O h\u00edbrido revolucion\u00e1rio de smartwatch e Vape descart\u00e1vel.<\/p>\n<p>Experimente o futuro do vaping com o <strong>JNR Vape Watch 30000 Puffs<\/strong>um dispositivo inovador que integra na perfei\u00e7\u00e3o um vape descart\u00e1vel de alto desempenho com a funcionalidade de um smartwatch. Este design inovador oferece uma comodidade sem paralelo, permitindo-lhe desfrutar de at\u00e9 30 000 baforadas no modo normal ou 18 000 baforadas no modo pulsado. O dispositivo possui uma capacidade substancial de 19 ml de e-l\u00edquido, uma bateria recarreg\u00e1vel de 1000 mAh de longa dura\u00e7\u00e3o com carregamento Tipo C e bobinas de malha dupla para um melhor sabor e produ\u00e7\u00e3o de vapor. O design exclusivo de rel\u00f3gio amov\u00edvel permite-lhe retirar o vape para utiliza\u00e7\u00e3o tradicional ou us\u00e1-lo como smartwatch, com funcionalidades de chamadas, mensagens de texto, controlo remoto da c\u00e2mara, localiza\u00e7\u00e3o do telefone e bloqueio privado. Dispon\u00edvel em 10 sabores deliciosos, o JNR Vape Watch 30000 Puffs redefine a experi\u00eancia de vaporiza\u00e7\u00e3o, perfeita para o prazer pessoal e para a <strong>vape descart\u00e1vel por atacado<\/strong>.<\/p>\n<h3><strong>JNR Vape Watch 30000 Puffs Carater\u00edsticas:<\/strong><\/h3>\n<ul>\n<li>Modos de vaporiza\u00e7\u00e3o duplos: Modo Regular (at\u00e9 30.000 baforadas) \/ Modo Pulsado (at\u00e9 18.000 baforadas)<\/li>\n<li>Capacidade do E-l\u00edquido: 19ml<\/li>\n<li>Bateria: 1000mAh (recarreg\u00e1vel)<\/li>\n<li>Carregamento: Tipo C<\/li>\n<li>Bobina: Bobinas de malha dupla<\/li>\n<li>For\u00e7a da nicotina: 2% (20mg)<\/li>\n<li>Carater\u00edsticas do smartwatch: Chamada, texto, c\u00e2mara remota, localizar telefone, bloqueio privado, aplica\u00e7\u00e3o responsiva<\/li>\n<li>Design: Rel\u00f3gio amov\u00edvel<\/li>\n<\/ul>\n<h4>Perguntas frequentes<\/h4>\n<h5>Como \u00e9 que o design do rel\u00f3gio amov\u00edvel melhora a usabilidade?<\/h5>\n<p>O JNR Vape Watch 30000 Puffs oferece um design \u00fanico de rel\u00f3gio amov\u00edvel, que permite retirar a parte do vaporizador para utiliza\u00e7\u00e3o tradicional ou us\u00e1-lo como smartwatch. Este design proporciona a m\u00e1xima flexibilidade e conveni\u00eancia para vaporiza\u00e7\u00e3o em movimento e funcionalidade inteligente.<\/p>\n<h5>Quais s\u00e3o as vantagens de ter dois modos de vaporiza\u00e7\u00e3o?<\/h5>\n<p>O JNR Vape Watch 30000 Puffs possui dois modos de vaporiza\u00e7\u00e3o: Modo Regular (at\u00e9 30.000 baforadas) e Modo Pulso (at\u00e9 18.000 baforadas). Isto permite-lhe personalizar a sua experi\u00eancia de vaporiza\u00e7\u00e3o com base nas suas prefer\u00eancias, quer prefira uma vaporiza\u00e7\u00e3o mais duradoura ou um sabor e produ\u00e7\u00e3o de vapor mais intensos.<\/p>\n<h5>Posso realmente efetuar chamadas e enviar mensagens de texto a partir deste dispositivo?<\/h5>\n<p>Sim! O JNR Vape Watch 30000 Puffs integra a funcionalidade de smartwatch, permitindo-lhe fazer e receber chamadas, enviar e receber mensagens de texto, controlar a c\u00e2mara do seu telefone remotamente, encontrar o seu telefone e at\u00e9 proteger o seu dispositivo com um bloqueio privado. Todas estas funcionalidades s\u00e3o acess\u00edveis atrav\u00e9s de uma aplica\u00e7\u00e3o reactiva, tornando-o um dispositivo verdadeiramente revolucion\u00e1rio.<\/p>\n<h5>Como \u00e9 que posso ter a certeza da qualidade do produto e do apoio ao cliente?<\/h5>\n<p>Apoiamos o pagamento por PayPal e o servi\u00e7o de prote\u00e7\u00e3o do comprador. Tamb\u00e9m pode consultar os nossos coment\u00e1rios em <a href=\"https:\/\/www.trustpilot.com\/review\/volovape.com?utm_medium=trustbox&amp;utm_source=TrustBoxReviewCollector\">TrustPilot<\/a>.<\/p>","protected":false},"excerpt":{"rendered":"<p>Experimente o JNR Vape Watch 30000 Puffs, um h\u00edbrido smartwatch-vape. Oferece 19ml de e-l\u00edquido, bateria de 1000mAh, bobinas de malha dupla, recursos inteligentes, nicotina 2%. Dispon\u00edvel por grosso, 10 sabores, carregamento tipo C.<\/p>","protected":false},"featured_media":6330,"comment_status":"open","ping_status":"closed","template":"","meta":[],"product_brand":[],"product_cat":[79,63,21,18,39,20,23,24,22,25,26,27,28,29,30,31,32,33,34,35,36,40],"product_tag":[],"class_list":{"0":"post-6249","1":"product","2":"type-product","3":"status-publish","4":"has-post-thumbnail","6":"product_cat-jnr","7":"product_cat-30000-puffs-disposable-vape","8":"product_cat-big-puffs-vapes","9":"product_cat-different-puffs-of-disposable-vapes","10":"product_cat-digital-box-vapes","11":"product_cat-disposable-vape-types","12":"product_cat-disposable-vapes-in-austria","13":"product_cat-disposable-vapes-in-belgium","14":"product_cat-disposable-vapes-in-europe","15":"product_cat-disposable-vapes-in-france","16":"product_cat-disposable-vapes-in-germany","17":"product_cat-disposable-vapes-in-hungary","18":"product_cat-disposable-vapes-in-ltaly","19":"product_cat-disposable-vapes-in-netherlands","20":"product_cat-disposable-vapes-in-norway","21":"product_cat-disposable-vapes-in-poland","22":"product_cat-disposable-vapes-in-portugal","23":"product_cat-disposable-vapes-in-spain","24":"product_cat-disposable-vapes-in-sweden","25":"product_cat-disposable-vapes-in-switzerland","26":"product_cat-rechargeable-vapes","27":"product_cat-smart-screen-vapes","29":"first","30":"instock","31":"shipping-taxable","32":"purchasable","33":"product-type-variable","34":"has-default-attributes"},"jetpack_sharing_enabled":true,"tiered_pricing_type":"fixed","tiered_pricing_fixed_rules":{"2000":9.75},"tiered_pricing_product_settings":{"layout":"default","base_unit_name":{"singular":null,"plural":null},"default_variation":null},"tiered_pricing_minimum_quantity":1000,"tiered_pricing_roles_data":[],"tiered_pricing_percentage_rules":[],"tiered_pricing_maximum_quantity":null,"tiered_pricing_quantity_step":"10","_links":{"self":[{"href":"https:\/\/volovape.com\/pt\/wp-json\/wp\/v2\/product\/6249","targetHints":{"allow":["GET"]}}],"collection":[{"href":"https:\/\/volovape.com\/pt\/wp-json\/wp\/v2\/product"}],"about":[{"href":"https:\/\/volovape.com\/pt\/wp-json\/wp\/v2\/types\/product"}],"replies":[{"embeddable":true,"href":"https:\/\/volovape.com\/pt\/wp-json\/wp\/v2\/comments?post=6249"}],"wp:featuredmedia":[{"embeddable":true,"href":"https:\/\/volovape.com\/pt\/wp-json\/wp\/v2\/media\/6330"}],"wp:attachment":[{"href":"https:\/\/volovape.com\/pt\/wp-json\/wp\/v2\/media?parent=6249"}],"wp:term":[{"taxonomy":"product_brand","embeddable":true,"href":"https:\/\/volovape.com\/pt\/wp-json\/wp\/v2\/product_brand?post=6249"},{"taxonomy":"product_cat","embeddable":true,"href":"https:\/\/volovape.com\/pt\/wp-json\/wp\/v2\/product_cat?post=6249"},{"taxonomy":"product_tag","embeddable":true,"href":"https:\/\/volovape.com\/pt\/wp-json\/wp\/v2\/product_tag?post=6249"}],"curies":[{"name":"wp","href":"https:\/\/api.w.org\/{rel}","templated":true}]}}