{"id":6248,"date":"2024-11-29T04:36:13","date_gmt":"2024-11-29T04:36:13","guid":{"rendered":"https:\/\/volovape.com\/?post_type=product&#038;p=6248"},"modified":"2025-08-07T08:19:51","modified_gmt":"2025-08-07T08:19:51","slug":"jnr-telefone-vape-30000-30k-puffs","status":"publish","type":"product","link":"https:\/\/volovape.com\/pt\/product\/jnr-phone-vape-30000-30k-puffs\/","title":{"rendered":"JNR Phone Vape 30000 Puffs - Vape descart\u00e1vel inteligente com ecr\u00e3 t\u00e1til (chamadas, mensagens de texto, c\u00e2mara)"},"content":{"rendered":"<p><iframe title=\"Reprodutor de v\u00eddeo VideoPress\" aria-label='Reprodutor de v\u00eddeo VideoPress' width='500' height='281' src='https:\/\/videopress.com\/embed\/tgY6TILp?hd=0&amp;cover=1' frameborder='0' allowfullscreen allow='clipboard-write'><\/iframe><script src='https:\/\/v0.wordpress.com\/js\/next\/videopress-iframe.js?m=1739540970'><\/script><\/p>\n<p><strong>JNR Phone Vape 30000 Puffs<\/strong> - O primeiro Vape descart\u00e1vel inteligente do mundo com ecr\u00e3 t\u00e1til.<\/p>\n<p>Experimente o futuro do vaping com o <strong>JNR Phone Vape 30000 Puffs<\/strong>um dispositivo revolucion\u00e1rio que combina na perfei\u00e7\u00e3o a tecnologia de vaporiza\u00e7\u00e3o de ponta com a conveni\u00eancia de um smartphone. Este n\u00e3o \u00e9 apenas um vape descart\u00e1vel; \u00e9 um companheiro inteligente que oferece uma vaporiza\u00e7\u00e3o e conetividade excepcionais. Escolha entre o Modo Regular (at\u00e9 30 000 baforadas) e o Modo Pulso (at\u00e9 18 000 baforadas) para uma experi\u00eancia personalizada. Com um ecr\u00e3 t\u00e1til de f\u00e1cil utiliza\u00e7\u00e3o, capacidades de chamada e de texto, controlo remoto da c\u00e2mara e uma fun\u00e7\u00e3o de localiza\u00e7\u00e3o do telefone, este dispositivo mant\u00e9m-no ligado e oferece um desempenho superior. Com uma capacidade de 19 ml de e-l\u00edquido, uma bateria recarreg\u00e1vel de 850 mAh e um fluxo de ar ajust\u00e1vel, o JNR Phone Vape foi concebido para proporcionar comodidade e satisfa\u00e7\u00e3o. Dispon\u00edvel em 10 deliciosos sabores, este dispositivo \u00e9 perfeito para o prazer pessoal e <strong>vape descart\u00e1vel por atacado<\/strong>.<\/p>\n<h3><strong>JNR Phone Vape 30000 Puffs Carater\u00edsticas:<\/strong><\/h3>\n<ul>\n<li>Modos de vaporiza\u00e7\u00e3o duplos: Modo Regular (at\u00e9 30.000 baforadas) \/ Modo Pulsado (at\u00e9 18.000 baforadas)<\/li>\n<li>Capacidade do E-l\u00edquido: 19ml<\/li>\n<li>Bateria: 850mAh (recarreg\u00e1vel)<\/li>\n<li>Carregamento: Tipo C<\/li>\n<li>For\u00e7a da nicotina: 2% (20mg)<\/li>\n<li>Opera\u00e7\u00e3o: Ativado por sorteio<\/li>\n<li>Ecr\u00e3: Ecr\u00e3 t\u00e1til<\/li>\n<li>Fluxo de ar: Ajust\u00e1vel<\/li>\n<li>Funcionalidades inteligentes: Chamada, texto, c\u00e2mara remota, localizar telefone, bloqueio privado, aplica\u00e7\u00e3o suave<\/li>\n<\/ul>\n<h4>Perguntas frequentes<\/h4>\n<h5>Como \u00e9 que o ecr\u00e3 t\u00e1til melhora a experi\u00eancia de vaporiza\u00e7\u00e3o?<\/h5>\n<p>O JNR Phone Vape 30000 Puffs possui um ecr\u00e3 t\u00e1til de f\u00e1cil utiliza\u00e7\u00e3o, que permite um controlo intuitivo das fun\u00e7\u00f5es inteligentes do dispositivo e das defini\u00e7\u00f5es de vaporiza\u00e7\u00e3o. Isto torna a navega\u00e7\u00e3o atrav\u00e9s das fun\u00e7\u00f5es de chamada, texto, c\u00e2mara remota e outras fun\u00e7\u00f5es simples e direta, distinguindo-o de outros vapes descart\u00e1veis.<\/p>\n<h5>Quais s\u00e3o as vantagens de ter dois modos de vaporiza\u00e7\u00e3o?<\/h5>\n<p>O JNR Phone Vape 30000 Puffs oferece dois modos de vaporiza\u00e7\u00e3o: Modo Regular (at\u00e9 30.000 baforadas) e Modo Pulsado (at\u00e9 18.000 baforadas). Isto permite-lhe personalizar a sua experi\u00eancia de vaporiza\u00e7\u00e3o com base nas suas prefer\u00eancias, quer d\u00ea prioridade \u00e0 longevidade ou a um melhor sabor e produ\u00e7\u00e3o de vapor. Esta versatilidade torna-o ideal para <strong>encomenda por grosso<\/strong> necessidades.<\/p>\n<h5>Posso mesmo fazer chamadas e enviar mensagens de texto com este vape?<\/h5>\n<p>Sim! O JNR Phone Vape 30000 Puffs integra a funcionalidade de smartphone, permitindo-lhe fazer e receber chamadas, enviar e receber mensagens de texto, controlar a c\u00e2mara do seu telefone remotamente e at\u00e9 localizar o seu smartphone perdido. Estas carater\u00edsticas, combinadas com uma interface de aplica\u00e7\u00e3o simples, fazem dele um dispositivo verdadeiramente inovador.<\/p>\n<h5>Como \u00e9 que posso ter a certeza da qualidade do produto e do apoio ao cliente?<\/h5>\n<p>Apoiamos o pagamento por PayPal e o servi\u00e7o de prote\u00e7\u00e3o do comprador. Tamb\u00e9m pode consultar os nossos coment\u00e1rios em <a href=\"https:\/\/www.trustpilot.com\/review\/volovape.com?utm_medium=trustbox&amp;utm_source=TrustBoxReviewCollector\">TrustPilot<\/a>.<\/p>","protected":false},"excerpt":{"rendered":"<p>Descubra o JNR Phone Vape 30000 Puffs, a primeira combina\u00e7\u00e3o smartphone-vaporizador. Possui 19ml de e-l\u00edquido, bateria de 850mAh, ecr\u00e3 t\u00e1til, fun\u00e7\u00f5es inteligentes, nicotina 2%. Loja a granel por atacado, 10 sabores, carregamento tipo C.<\/p>","protected":false},"featured_media":6318,"comment_status":"open","ping_status":"closed","template":"","meta":[],"product_brand":[],"product_cat":[79,63,21,18,39,20,23,24,22,25,26,27,28,29,30,31,32,33,34,35,36,40],"product_tag":[],"class_list":{"0":"post-6248","1":"product","2":"type-product","3":"status-publish","4":"has-post-thumbnail","6":"product_cat-jnr","7":"product_cat-30000-puffs-disposable-vape","8":"product_cat-big-puffs-vapes","9":"product_cat-different-puffs-of-disposable-vapes","10":"product_cat-digital-box-vapes","11":"product_cat-disposable-vape-types","12":"product_cat-disposable-vapes-in-austria","13":"product_cat-disposable-vapes-in-belgium","14":"product_cat-disposable-vapes-in-europe","15":"product_cat-disposable-vapes-in-france","16":"product_cat-disposable-vapes-in-germany","17":"product_cat-disposable-vapes-in-hungary","18":"product_cat-disposable-vapes-in-ltaly","19":"product_cat-disposable-vapes-in-netherlands","20":"product_cat-disposable-vapes-in-norway","21":"product_cat-disposable-vapes-in-poland","22":"product_cat-disposable-vapes-in-portugal","23":"product_cat-disposable-vapes-in-spain","24":"product_cat-disposable-vapes-in-sweden","25":"product_cat-disposable-vapes-in-switzerland","26":"product_cat-rechargeable-vapes","27":"product_cat-smart-screen-vapes","29":"first","30":"instock","31":"shipping-taxable","32":"purchasable","33":"product-type-variable","34":"has-default-attributes"},"jetpack_sharing_enabled":true,"tiered_pricing_type":"fixed","tiered_pricing_fixed_rules":{"2000":12.589999999999999857891452847979962825775146484375},"tiered_pricing_product_settings":{"layout":"default","base_unit_name":{"singular":null,"plural":null},"default_variation":null},"tiered_pricing_minimum_quantity":1000,"tiered_pricing_roles_data":[],"tiered_pricing_percentage_rules":[],"tiered_pricing_maximum_quantity":null,"tiered_pricing_quantity_step":"10","_links":{"self":[{"href":"https:\/\/volovape.com\/pt\/wp-json\/wp\/v2\/product\/6248","targetHints":{"allow":["GET"]}}],"collection":[{"href":"https:\/\/volovape.com\/pt\/wp-json\/wp\/v2\/product"}],"about":[{"href":"https:\/\/volovape.com\/pt\/wp-json\/wp\/v2\/types\/product"}],"replies":[{"embeddable":true,"href":"https:\/\/volovape.com\/pt\/wp-json\/wp\/v2\/comments?post=6248"}],"wp:featuredmedia":[{"embeddable":true,"href":"https:\/\/volovape.com\/pt\/wp-json\/wp\/v2\/media\/6318"}],"wp:attachment":[{"href":"https:\/\/volovape.com\/pt\/wp-json\/wp\/v2\/media?parent=6248"}],"wp:term":[{"taxonomy":"product_brand","embeddable":true,"href":"https:\/\/volovape.com\/pt\/wp-json\/wp\/v2\/product_brand?post=6248"},{"taxonomy":"product_cat","embeddable":true,"href":"https:\/\/volovape.com\/pt\/wp-json\/wp\/v2\/product_cat?post=6248"},{"taxonomy":"product_tag","embeddable":true,"href":"https:\/\/volovape.com\/pt\/wp-json\/wp\/v2\/product_tag?post=6248"}],"curies":[{"name":"wp","href":"https:\/\/api.w.org\/{rel}","templated":true}]}}