{"id":6247,"date":"2024-11-29T04:36:13","date_gmt":"2024-11-29T04:36:13","guid":{"rendered":"https:\/\/volovape.com\/?post_type=product&#038;p=6247"},"modified":"2025-08-07T08:19:50","modified_gmt":"2025-08-07T08:19:50","slug":"jnr-media-max-40000-40k-puffs","status":"publish","type":"product","link":"https:\/\/volovape.com\/pt\/product\/jnr-media-max-40000-40k-puffs\/","title":{"rendered":"JNR Media Max 40000 Puffs Vape descart\u00e1vel inteligente - Chamadas, mensagens de texto, controlo da c\u00e2mara"},"content":{"rendered":"<p><strong>JNR Media Max 40000 Puffs<\/strong> - O Vape descart\u00e1vel inteligente com carater\u00edsticas inigual\u00e1veis.<\/p>\n<p>O <strong>JNR Media Max 40000 Puffs<\/strong> redefine a vaporiza\u00e7\u00e3o descart\u00e1vel ao integrar funcionalidades semelhantes \u00e0s de um smartphone num dispositivo de grande capacidade. Oferecendo um surpreendente <strong>40.000 baforadas<\/strong> e um substancial <strong>Capacidade para 21 ml de e-l\u00edquido<\/strong>Este vape foi concebido para um prazer prolongado. Alimentado por um robusto <strong>Bateria recarreg\u00e1vel de 1000mAh<\/strong> com <strong>Carregamento tipo C<\/strong>garante um desempenho fi\u00e1vel. O avan\u00e7ado <strong>tecnologia de bobina de malha dupla<\/strong> proporciona um sabor e uma produ\u00e7\u00e3o de vapor excepcionais. Funcionalidades inteligentes \u00fanicas, como capacidades de chamada e de texto, controlo remoto da c\u00e2mara e uma fun\u00e7\u00e3o de localiza\u00e7\u00e3o de telefone\/vaporizador, tudo acess\u00edvel atrav\u00e9s de uma <strong>Tela HD de 2,4\u201d<\/strong>, distinguem este dispositivo. Dispon\u00edvel em <strong>10 sabores deliciosos<\/strong>, o <strong>JNR Media Max 40000 Puffs<\/strong> \u00e9 perfeito para os utilizadores que procuram uma experi\u00eancia de vaporiza\u00e7\u00e3o multifuncional e de elevado desempenho, ideal tanto para uso pessoal como para <strong>vape descart\u00e1vel por atacado<\/strong>.<\/p>\n<h3><strong>JNR Media Max 40000 Puffs Carater\u00edsticas:<\/strong><\/h3>\n<ul>\n<li>Fun\u00e7\u00f5es inteligentes: Chamada, texto, c\u00e2mara remota, localizar telefone\/vaporizador<\/li>\n<li>Puffs: At\u00e9 40.000 baforadas<\/li>\n<li>Capacidade do E-l\u00edquido: 21ml<\/li>\n<li>Bateria: 1000mAh (recarreg\u00e1vel)<\/li>\n<li>Carregamento: Tipo C<\/li>\n<li>Bobina: Bobina de malha dupla<\/li>\n<li>Fluxo de ar: Ajust\u00e1vel<\/li>\n<li>Ecr\u00e3: Ecr\u00e3 HD de 2,4<\/li>\n<li>For\u00e7a da nicotina: 5%<\/li>\n<\/ul>\n<h4>Perguntas frequentes<\/h4>\n<h5>Como \u00e9 que as funcionalidades inteligentes melhoram a minha experi\u00eancia de vaporiza\u00e7\u00e3o?<\/h5>\n<p>O JNR Media Max 40000 Puffs vai al\u00e9m do vaping t\u00edpico, oferecendo funcionalidades inteligentes integradas, como fazer chamadas, enviar mensagens de texto e controlar remotamente a c\u00e2mara do telem\u00f3vel. Isto transforma o seu vape num gadget multifuncional, acrescentando comodidade \u00e0 sua vida quotidiana. A funcionalidade \"encontrar telem\u00f3vel\/vaporizador\" \u00e9 especialmente \u00fatil para evitar o extravio.<\/p>\n<h5>Posso realmente obter 40.000 baforadas com um dispositivo?<\/h5>\n<p>Sim! O JNR Media Max 40000 Puffs foi concebido para ser duradouro, proporcionando at\u00e9 40.000 baforadas. Esta elevada capacidade, combinada com um reservat\u00f3rio de e-l\u00edquido de 21 ml e uma potente bateria recarreg\u00e1vel de 1000 mAh, garante uma utiliza\u00e7\u00e3o prolongada, tornando-o uma excelente escolha para <strong>encomenda por grosso<\/strong> necessidades.<\/p>\n<h5>O que torna o ecr\u00e3 HD de 2,4\" t\u00e3o \u00fanico?<\/h5>\n<p>O ecr\u00e3 HD de 2,4\" de grandes dimens\u00f5es permite uma navega\u00e7\u00e3o f\u00e1cil pelas funcionalidades inteligentes e fornece informa\u00e7\u00f5es claras sobre as defini\u00e7\u00f5es de vaporiza\u00e7\u00e3o, contagem de baforadas e dura\u00e7\u00e3o da bateria. Esta interface de f\u00e1cil utiliza\u00e7\u00e3o faz com que o JNR Media Max 40000 Puffs se destaque no mercado dos vape descart\u00e1veis.<\/p>\n<h5>Como \u00e9 que posso ter a certeza da qualidade do produto e do apoio ao cliente?<\/h5>\n<p>Apoiamos o pagamento por PayPal e o servi\u00e7o de prote\u00e7\u00e3o do comprador. Tamb\u00e9m pode consultar os nossos coment\u00e1rios em <a href=\"https:\/\/www.trustpilot.com\/review\/volovape.com?utm_medium=trustbox&amp;utm_source=TrustBoxReviewCollector\">TrustPilot<\/a>.<\/p>","protected":false},"excerpt":{"rendered":"<p>Transforme o vaping com o JNR Media Max 40000 Puffs Smart Vape. Desfrute de 21ml de e-l\u00edquido, bateria de 1000mAh, tela HD de 2,4 \u2033, recursos inteligentes, nicotina 5% e 10 sabores. Carregamento tipo C.<\/p>","protected":false},"featured_media":6306,"comment_status":"open","ping_status":"closed","template":"","meta":[],"product_brand":[],"product_cat":[79,74,21,18,39,20,23,24,22,25,26,27,28,29,30,31,32,33,34,35,36,40],"product_tag":[],"class_list":{"0":"post-6247","1":"product","2":"type-product","3":"status-publish","4":"has-post-thumbnail","6":"product_cat-jnr","7":"product_cat-40000-puffs-disposable-vape","8":"product_cat-big-puffs-vapes","9":"product_cat-different-puffs-of-disposable-vapes","10":"product_cat-digital-box-vapes","11":"product_cat-disposable-vape-types","12":"product_cat-disposable-vapes-in-austria","13":"product_cat-disposable-vapes-in-belgium","14":"product_cat-disposable-vapes-in-europe","15":"product_cat-disposable-vapes-in-france","16":"product_cat-disposable-vapes-in-germany","17":"product_cat-disposable-vapes-in-hungary","18":"product_cat-disposable-vapes-in-ltaly","19":"product_cat-disposable-vapes-in-netherlands","20":"product_cat-disposable-vapes-in-norway","21":"product_cat-disposable-vapes-in-poland","22":"product_cat-disposable-vapes-in-portugal","23":"product_cat-disposable-vapes-in-spain","24":"product_cat-disposable-vapes-in-sweden","25":"product_cat-disposable-vapes-in-switzerland","26":"product_cat-rechargeable-vapes","27":"product_cat-smart-screen-vapes","29":"first","30":"instock","31":"shipping-taxable","32":"purchasable","33":"product-type-variable","34":"has-default-attributes"},"jetpack_sharing_enabled":true,"tiered_pricing_type":"fixed","tiered_pricing_fixed_rules":{"2000":10.25},"tiered_pricing_product_settings":{"layout":"default","base_unit_name":{"singular":null,"plural":null},"default_variation":null},"tiered_pricing_minimum_quantity":1000,"tiered_pricing_roles_data":[],"tiered_pricing_percentage_rules":[],"tiered_pricing_maximum_quantity":null,"tiered_pricing_quantity_step":"10","_links":{"self":[{"href":"https:\/\/volovape.com\/pt\/wp-json\/wp\/v2\/product\/6247","targetHints":{"allow":["GET"]}}],"collection":[{"href":"https:\/\/volovape.com\/pt\/wp-json\/wp\/v2\/product"}],"about":[{"href":"https:\/\/volovape.com\/pt\/wp-json\/wp\/v2\/types\/product"}],"replies":[{"embeddable":true,"href":"https:\/\/volovape.com\/pt\/wp-json\/wp\/v2\/comments?post=6247"}],"wp:featuredmedia":[{"embeddable":true,"href":"https:\/\/volovape.com\/pt\/wp-json\/wp\/v2\/media\/6306"}],"wp:attachment":[{"href":"https:\/\/volovape.com\/pt\/wp-json\/wp\/v2\/media?parent=6247"}],"wp:term":[{"taxonomy":"product_brand","embeddable":true,"href":"https:\/\/volovape.com\/pt\/wp-json\/wp\/v2\/product_brand?post=6247"},{"taxonomy":"product_cat","embeddable":true,"href":"https:\/\/volovape.com\/pt\/wp-json\/wp\/v2\/product_cat?post=6247"},{"taxonomy":"product_tag","embeddable":true,"href":"https:\/\/volovape.com\/pt\/wp-json\/wp\/v2\/product_tag?post=6247"}],"curies":[{"name":"wp","href":"https:\/\/api.w.org\/{rel}","templated":true}]}}