{"id":6246,"date":"2024-11-29T04:36:13","date_gmt":"2024-11-29T04:36:13","guid":{"rendered":"https:\/\/volovape.com\/?post_type=product&#038;p=6246"},"modified":"2025-11-11T04:40:40","modified_gmt":"2025-11-11T04:40:40","slug":"jnr-falcon-x-18000-18k-puffs","status":"publish","type":"product","link":"https:\/\/volovape.com\/pt\/product\/jnr-falcon-x-18000-18k-puffs\/","title":{"rendered":"JNR FALCON X 18000 puffs vape descart\u00e1vel - malha dupla, fluxo de ar ajust\u00e1vel, ecr\u00e3 digital"},"content":{"rendered":"<p><iframe title=\"Reprodutor de v\u00eddeo VideoPress\" aria-label='Reprodutor de v\u00eddeo VideoPress' width='421' height='750' src='https:\/\/videopress.com\/embed\/l1yxRMAO?hd=0&amp;cover=1' frameborder='0' allowfullscreen allow='clipboard-write'><\/iframe><script src='https:\/\/v0.wordpress.com\/js\/next\/videopress-iframe.js?m=1739540970'><\/script><\/p>\n<p><strong>JNR FALCON X 18000 Puffs Vape descart\u00e1vel<\/strong> - Vaping de n\u00edvel superior com inova\u00e7\u00e3o Dual Core.<\/p>\n<p>Experimente a tecnologia de ponta <strong>JNR FALCON X 18000<\/strong>com tecnologia dual core avan\u00e7ada para um desempenho sem paralelo. Com um enorme <strong>18.000 puff<\/strong> capacidade e <strong>Reservat\u00f3rio de e-l\u00edquido de 24mL<\/strong>Este dispositivo proporciona um prazer prolongado. O <strong>Bateria recarreg\u00e1vel de 950mAh<\/strong> e <strong>Carregamento tipo C<\/strong> garantem uma alimenta\u00e7\u00e3o fi\u00e1vel e recargas r\u00e1pidas. O <strong>Bobinas de malha dupla de 0,6\u03a9<\/strong>combinados com a tecnologia dual core, produzem sabores ricos e vapor denso. Personalize a sua experi\u00eancia com <strong>fluxo de ar ajust\u00e1vel<\/strong> e monitorizar a sua utiliza\u00e7\u00e3o com o <strong>display digital de LED<\/strong> mostrando a contagem de baforadas, a bateria e os n\u00edveis de e-l\u00edquido. Dispon\u00edvel em <strong>29 sabores \u00fanicos<\/strong>O FALCON X \u00e9 perfeito tanto para uso pessoal como para <strong>vape descart\u00e1vel por atacado<\/strong>, proporcionando uma experi\u00eancia de vaporiza\u00e7\u00e3o de qualidade superior para qualquer <strong>encomenda por grosso<\/strong>.<\/p>\n<h3><strong>JNR FALCON X 18000 Carater\u00edsticas:<\/strong><\/h3>\n<ul>\n<li>Puffs: At\u00e9 18.000<\/li>\n<li>Capacidade do E-l\u00edquido: 24mL<\/li>\n<li>Bateria: 950mAh (recarreg\u00e1vel)<\/li>\n<li>Carregamento: Tipo C<\/li>\n<li>Bobina: Bobina de malha dupla de 0,6\u03a9 e n\u00facleo duplo<\/li>\n<li>Fluxo de ar: Ajust\u00e1vel<\/li>\n<li>Ecr\u00e3: LED digital (contagem de baforadas, bateria, n\u00edvel de e-l\u00edquido)<\/li>\n<li>Intensidade da nicotina: 2%<\/li>\n<\/ul>\n<h4>Perguntas frequentes<\/h4>\n<h5>Como \u00e9 que a tecnologia dual core melhora a minha experi\u00eancia de vaporiza\u00e7\u00e3o?<\/h5>\n<p>O sistema de n\u00facleo duplo do JNR FALCON X 18000 assegura um aquecimento uniforme e uma produ\u00e7\u00e3o de sabor melhorada, proporcionando um vapor mais rico e consistente em cada tragada. Maximiza a densidade do vapor e a intensidade do sabor, distinguindo-o dos vapes descart\u00e1veis normais.<\/p>\n<h5>Posso realmente monitorizar o n\u00edvel do meu e-l\u00edquido no visor digital?<\/h5>\n<p>Sim! O JNR FALCON X 18000 est\u00e1 equipado com um visor digital LED que fornece actualiza\u00e7\u00f5es em tempo real sobre os n\u00edveis de e-l\u00edquido, a contagem de baforadas e a dura\u00e7\u00e3o da bateria. Isto permite-lhe gerir eficazmente a sua experi\u00eancia de vaporiza\u00e7\u00e3o e garante que nunca \u00e9 apanhado desprevenido.<\/p>\n<h5>O que torna as 29 op\u00e7\u00f5es de sabores t\u00e3o \u00fanicas?<\/h5>\n<p>Cada um dos 29 sabores do JNR FALCON X 18000 \u00e9 cuidadosamente elaborado para proporcionar um sabor distinto e satisfat\u00f3rio. Desde as misturas de frutas cl\u00e1ssicas at\u00e9 \u00e0s misturas inovadoras, como a Cherry Cola e a Watermelon Lychee, h\u00e1 um sabor para cada paladar. Ideal para <strong>encomenda por grosso<\/strong> cada sabor foi concebido para ser desfrutado de forma consistente.<\/p>\n<h5>Como posso ter a certeza da qualidade e fiabilidade do produto?<\/h5>\n<p>Apoiamos o pagamento por PayPal e o servi\u00e7o de prote\u00e7\u00e3o do comprador. Tamb\u00e9m pode consultar os nossos coment\u00e1rios em <a href=\"https:\/\/www.trustpilot.com\/review\/volovape.com?utm_medium=trustbox&amp;utm_source=TrustBoxReviewCollector\">TrustPilot<\/a>.<\/p>","protected":false},"excerpt":{"rendered":"<p>Liberte a excel\u00eancia da vaporiza\u00e7\u00e3o com o JNR Falcon X 18000 Puffs Vape. Inclui 24 ml de e-l\u00edquido, bateria de 950 mAh, bobinas de malha dupla, ecr\u00e3 LED, nicotina 2% e 29 sabores. Carregamento tipo C.<\/p>","protected":false},"featured_media":6280,"comment_status":"open","ping_status":"closed","template":"","meta":[],"product_brand":[],"product_cat":[79,50,21,43,18,39,20,23,24,22,25,26,27,28,29,30,31,32,33,34,35,44,36,40],"product_tag":[],"class_list":{"0":"post-6246","1":"product","2":"type-product","3":"status-publish","4":"has-post-thumbnail","6":"product_cat-jnr","7":"product_cat-18000-puffs-disposable-vape","8":"product_cat-big-puffs-vapes","9":"product_cat-crystal-vapes","10":"product_cat-different-puffs-of-disposable-vapes","11":"product_cat-digital-box-vapes","12":"product_cat-disposable-vape-types","13":"product_cat-disposable-vapes-in-austria","14":"product_cat-disposable-vapes-in-belgium","15":"product_cat-disposable-vapes-in-europe","16":"product_cat-disposable-vapes-in-france","17":"product_cat-disposable-vapes-in-germany","18":"product_cat-disposable-vapes-in-hungary","19":"product_cat-disposable-vapes-in-ltaly","20":"product_cat-disposable-vapes-in-netherlands","21":"product_cat-disposable-vapes-in-norway","22":"product_cat-disposable-vapes-in-poland","23":"product_cat-disposable-vapes-in-portugal","24":"product_cat-disposable-vapes-in-spain","25":"product_cat-disposable-vapes-in-sweden","26":"product_cat-disposable-vapes-in-switzerland","27":"product_cat-dual-mesh-vapes","28":"product_cat-rechargeable-vapes","29":"product_cat-smart-screen-vapes","31":"first","32":"instock","33":"shipping-taxable","34":"purchasable","35":"product-type-variable","36":"has-default-attributes"},"jetpack_sharing_enabled":true,"tiered_pricing_type":"fixed","tiered_pricing_fixed_rules":{"30":8.17999999999999971578290569595992565155029296875,"50":7.78000000000000024868995751603506505489349365234375,"100":7.04000000000000003552713678800500929355621337890625,"200":6.6699999999999999289457264239899814128875732421875,"400":6.11000000000000031974423109204508364200592041015625},"tiered_pricing_product_settings":{"layout":"default","base_unit_name":{"singular":null,"plural":null},"default_variation":null},"tiered_pricing_minimum_quantity":null,"tiered_pricing_roles_data":[],"tiered_pricing_percentage_rules":[],"tiered_pricing_maximum_quantity":"10","tiered_pricing_quantity_step":"10","_links":{"self":[{"href":"https:\/\/volovape.com\/pt\/wp-json\/wp\/v2\/product\/6246","targetHints":{"allow":["GET"]}}],"collection":[{"href":"https:\/\/volovape.com\/pt\/wp-json\/wp\/v2\/product"}],"about":[{"href":"https:\/\/volovape.com\/pt\/wp-json\/wp\/v2\/types\/product"}],"replies":[{"embeddable":true,"href":"https:\/\/volovape.com\/pt\/wp-json\/wp\/v2\/comments?post=6246"}],"wp:featuredmedia":[{"embeddable":true,"href":"https:\/\/volovape.com\/pt\/wp-json\/wp\/v2\/media\/6280"}],"wp:attachment":[{"href":"https:\/\/volovape.com\/pt\/wp-json\/wp\/v2\/media?parent=6246"}],"wp:term":[{"taxonomy":"product_brand","embeddable":true,"href":"https:\/\/volovape.com\/pt\/wp-json\/wp\/v2\/product_brand?post=6246"},{"taxonomy":"product_cat","embeddable":true,"href":"https:\/\/volovape.com\/pt\/wp-json\/wp\/v2\/product_cat?post=6246"},{"taxonomy":"product_tag","embeddable":true,"href":"https:\/\/volovape.com\/pt\/wp-json\/wp\/v2\/product_tag?post=6246"}],"curies":[{"name":"wp","href":"https:\/\/api.w.org\/{rel}","templated":true}]}}