{"id":6245,"date":"2024-11-29T04:36:13","date_gmt":"2024-11-29T04:36:13","guid":{"rendered":"https:\/\/volovape.com\/?post_type=product&#038;p=6245"},"modified":"2025-11-04T06:54:05","modified_gmt":"2025-11-04T06:54:05","slug":"jnr-falon-16000-16k-puffs","status":"publish","type":"product","link":"https:\/\/volovape.com\/pt\/product\/jnr-falon-16000-16k-puffs\/","title":{"rendered":"JNR Falcon 16000 Puffs Vape descart\u00e1vel - Malha dupla, fluxo de ar ajust\u00e1vel, design cristalino"},"content":{"rendered":"<p><iframe title=\"Reprodutor de v\u00eddeo VideoPress\" aria-label='Reprodutor de v\u00eddeo VideoPress' width='500' height='281' src='https:\/\/videopress.com\/embed\/IW3jjut3?hd=0&amp;cover=1' frameborder='0' allowfullscreen allow='clipboard-write'><\/iframe><script src='https:\/\/v0.wordpress.com\/js\/next\/videopress-iframe.js?m=1739540970'><\/script><\/p>\n<p><strong>JNR Falcon 16000 Puffs Edi\u00e7\u00e3o Original Vape Descart\u00e1vel<\/strong> - Experimente um estilo e um desempenho inigual\u00e1veis.<\/p>\n<p>O <strong>JNR Falcon 16000 Puffs<\/strong> estabelece um novo padr\u00e3o para os vaporizadores descart\u00e1veis, combinando um design sofisticado em cristal com um desempenho excecional. Desfrute de at\u00e9 <strong>16 000 baforadas<\/strong> de um generoso <strong>22mL de capacidade de e-l\u00edquido<\/strong>garantindo uma experi\u00eancia duradoura e satisfat\u00f3ria. O avan\u00e7ado <strong>Bobina de malha dupla de 1\u03a9<\/strong> proporciona um sabor rico e consistente, enquanto o <strong>fluxo de ar ajust\u00e1vel<\/strong> permite um sorteio personalizado. Com <strong>28 op\u00e7\u00f5es de sabores<\/strong> e um <strong>For\u00e7a da nicotina 2%<\/strong>Este dispositivo responde a diversas prefer\u00eancias. Equipado com um <strong>Bateria recarreg\u00e1vel de 850mAh<\/strong> com <strong>Carregamento r\u00e1pido tipo C<\/strong>O Falcon 16000 oferece fiabilidade e comodidade. Ideal para o prazer pessoal ou <strong>vape descart\u00e1vel por atacado<\/strong>, explore a nossa <strong>encomenda por grosso<\/strong> op\u00e7\u00f5es para grandes poupan\u00e7as.<\/p>\n<h3><strong>JNR Falcon 16000 Puffs Carater\u00edsticas:<\/strong><\/h3>\n<ul>\n<li>Nicotina: 2%<\/li>\n<li>Puffs: 16000<\/li>\n<li>Capacidade do E-l\u00edquido: 22mL<\/li>\n<li>Bateria: 850mAh (recarreg\u00e1vel)<\/li>\n<li>Bobina: 1\u03a9 bobina de malha dupla<\/li>\n<li>Design: Crystal Craft Exterior<\/li>\n<li>Fluxo de ar: Ajust\u00e1vel<\/li>\n<li>Sabores: 28 op\u00e7\u00f5es<\/li>\n<li>Carregamento: Tipo C<\/li>\n<\/ul>\n<h4>Perguntas frequentes<\/h4>\n<h5>Como \u00e9 que o fluxo de ar ajust\u00e1vel melhora a minha experi\u00eancia de vaporiza\u00e7\u00e3o?<\/h5>\n<p>A fun\u00e7\u00e3o de fluxo de ar ajust\u00e1vel permite-lhe personalizar a resist\u00eancia de extra\u00e7\u00e3o, permitindo-lhe alternar entre um sabor forte e concentrado ou uma produ\u00e7\u00e3o de vapor mais solta e arejada, adaptando o vape \u00e0 sua prefer\u00eancia.<\/p>\n<h5>Que m\u00e9todos de envio s\u00e3o utilizados?<\/h5>\n<p>Trabalhamos com transportadoras de confian\u00e7a como a UPS, DHL, FedEx e DPD para fornecer a op\u00e7\u00e3o de envio mais eficiente com base na sua localiza\u00e7\u00e3o, garantindo uma entrega r\u00e1pida e fi\u00e1vel.<\/p>\n<h5>Quanto tempo demora a minha encomenda a chegar?<\/h5>\n<p>A entrega demora normalmente 7 a 15 dias \u00fateis. No entanto, \u00e9 necess\u00e1rio aguardar at\u00e9 20 dias \u00fateis durante os feriados ou em condi\u00e7\u00f5es climat\u00e9ricas adversas.<\/p>\n<h5>Terei problemas com a alf\u00e2ndega ou com os impostos?<\/h5>\n<p>Tratamos de todos os procedimentos de desalfandegamento, garantindo que n\u00e3o haver\u00e1 taxas ou impostos adicionais. Asseguramos o desalfandegamento 100% de todos os nossos produtos.<\/p>\n<h5>A minha compra est\u00e1 protegida?<\/h5>\n<p>Sim, oferecemos op\u00e7\u00f5es de pagamento seguras, incluindo PayPal com prote\u00e7\u00e3o do comprador. Tamb\u00e9m pode verificar a nossa credibilidade consultando os coment\u00e1rios dos nossos clientes em <a href=\"https:\/\/www.trustpilot.com\/review\/volovape.com?utm_medium=trustbox&amp;utm_source=TrustBoxReviewCollector\">TrustPilot<\/a>.<\/p>","protected":false},"excerpt":{"rendered":"<p>Descubra o JNR Falcon 16000 Puffs Vape descart\u00e1vel com 22ml de e-l\u00edquido, bateria de 850mAh, bobinas de malha dupla, fluxo de ar ajust\u00e1vel e nicotina 2%. Design elegante em cristal, 28 sabores, carregamento tipo C.<\/p>","protected":false},"featured_media":6263,"comment_status":"open","ping_status":"closed","template":"","meta":[],"product_brand":[],"product_cat":[79,51,21,43,18,39,20,23,24,22,25,26,27,28,29,30,31,32,33,34,35,44,36,40],"product_tag":[],"class_list":{"0":"post-6245","1":"product","2":"type-product","3":"status-publish","4":"has-post-thumbnail","6":"product_cat-jnr","7":"product_cat-16000-puffs-disposable-vape","8":"product_cat-big-puffs-vapes","9":"product_cat-crystal-vapes","10":"product_cat-different-puffs-of-disposable-vapes","11":"product_cat-digital-box-vapes","12":"product_cat-disposable-vape-types","13":"product_cat-disposable-vapes-in-austria","14":"product_cat-disposable-vapes-in-belgium","15":"product_cat-disposable-vapes-in-europe","16":"product_cat-disposable-vapes-in-france","17":"product_cat-disposable-vapes-in-germany","18":"product_cat-disposable-vapes-in-hungary","19":"product_cat-disposable-vapes-in-ltaly","20":"product_cat-disposable-vapes-in-netherlands","21":"product_cat-disposable-vapes-in-norway","22":"product_cat-disposable-vapes-in-poland","23":"product_cat-disposable-vapes-in-portugal","24":"product_cat-disposable-vapes-in-spain","25":"product_cat-disposable-vapes-in-sweden","26":"product_cat-disposable-vapes-in-switzerland","27":"product_cat-dual-mesh-vapes","28":"product_cat-rechargeable-vapes","29":"product_cat-smart-screen-vapes","31":"first","32":"instock","33":"shipping-taxable","34":"purchasable","35":"product-type-variable","36":"has-default-attributes"},"jetpack_sharing_enabled":true,"tiered_pricing_type":"fixed","tiered_pricing_fixed_rules":{"30":8,"50":7.589999999999999857891452847979962825775146484375,"100":6.8499999999999996447286321199499070644378662109375,"200":6.480000000000000426325641456060111522674560546875,"400":5.92999999999999971578290569595992565155029296875},"tiered_pricing_product_settings":{"layout":"default","base_unit_name":{"singular":null,"plural":null},"default_variation":null},"tiered_pricing_minimum_quantity":10,"tiered_pricing_roles_data":[],"tiered_pricing_percentage_rules":[],"tiered_pricing_maximum_quantity":null,"tiered_pricing_quantity_step":"10","_links":{"self":[{"href":"https:\/\/volovape.com\/pt\/wp-json\/wp\/v2\/product\/6245","targetHints":{"allow":["GET"]}}],"collection":[{"href":"https:\/\/volovape.com\/pt\/wp-json\/wp\/v2\/product"}],"about":[{"href":"https:\/\/volovape.com\/pt\/wp-json\/wp\/v2\/types\/product"}],"replies":[{"embeddable":true,"href":"https:\/\/volovape.com\/pt\/wp-json\/wp\/v2\/comments?post=6245"}],"wp:featuredmedia":[{"embeddable":true,"href":"https:\/\/volovape.com\/pt\/wp-json\/wp\/v2\/media\/6263"}],"wp:attachment":[{"href":"https:\/\/volovape.com\/pt\/wp-json\/wp\/v2\/media?parent=6245"}],"wp:term":[{"taxonomy":"product_brand","embeddable":true,"href":"https:\/\/volovape.com\/pt\/wp-json\/wp\/v2\/product_brand?post=6245"},{"taxonomy":"product_cat","embeddable":true,"href":"https:\/\/volovape.com\/pt\/wp-json\/wp\/v2\/product_cat?post=6245"},{"taxonomy":"product_tag","embeddable":true,"href":"https:\/\/volovape.com\/pt\/wp-json\/wp\/v2\/product_tag?post=6245"}],"curies":[{"name":"wp","href":"https:\/\/api.w.org\/{rel}","templated":true}]}}