{"id":597,"date":"2024-11-21T03:31:02","date_gmt":"2024-11-21T03:31:02","guid":{"rendered":"https:\/\/volovape.com\/?post_type=product&#038;p=597"},"modified":"2025-07-09T09:46:45","modified_gmt":"2025-07-09T09:46:45","slug":"caixa-de-estrondo-15000-baforadas","status":"publish","type":"product","link":"https:\/\/volovape.com\/pt\/product\/bang-box-15000-puffs\/","title":{"rendered":"Bang Box 15000 Puffs Vape descart\u00e1vel - Recarreg\u00e1vel, Bobina de malha"},"content":{"rendered":"<p><strong>Bang Box 15000 Puffs Vape descart\u00e1vel de alta capacidade<\/strong> - Desfrute de uma experi\u00eancia de vaporiza\u00e7\u00e3o prolongada e satisfat\u00f3ria com o Bang Box 15000. Este vape descart\u00e1vel oferece at\u00e9 15.000 baforadas, um reservat\u00f3rio de e-l\u00edquido de 25 ml e uma bateria recarreg\u00e1vel de 650 mAh. A avan\u00e7ada bobina de malha garante um vapor consistentemente suave e saboroso, ideal tanto para uso pessoal como para encomendas por grosso de vape descart\u00e1vel. Escolha entre os teores de nicotina 0%, 2%, 3% ou 5% e uma variedade de 10 deliciosos sabores.<\/p>\n<h3><strong>Bang Box 15000 Puffs Carater\u00edsticas:<\/strong><\/h3>\n<ul>\n<li>Puffs: 15000 puffs<\/li>\n<li>Capacidade do E-l\u00edquido: 25mL<\/li>\n<li>Bateria: 650mAh (recarreg\u00e1vel)<\/li>\n<li>Carregamento: Tipo C<\/li>\n<li>Bobina: Bobina de malha<\/li>\n<li>Pontos fortes da nicotina: 0%, 2%, 3%, 5%<\/li>\n<li>Op\u00e7\u00f5es de sabores: Morango Kiwi, Melancia Framboesa, Melancia Manga P\u00eassego, Morango Uva, Morango Manga, Melancia Morango, P\u00eassego Ice, Triple Berry Ice, Melancia Ice, Blue Razz Ice.<\/li>\n<\/ul>\n<h4>Perguntas frequentes<\/h4>\n<h5>Como \u00e9 que a bobina de malha melhora a experi\u00eancia de vaporiza\u00e7\u00e3o?<\/h5>\n<p>O design da bobina em malha proporciona uma maior superf\u00edcie de aquecimento, resultando num aquecimento mais uniforme e numa melhor produ\u00e7\u00e3o de sabor e vapor. Isto garante uma experi\u00eancia de vaporiza\u00e7\u00e3o mais suave e agrad\u00e1vel.<\/p>\n<h5>Que m\u00e9todos de envio est\u00e3o dispon\u00edveis?<\/h5>\n<p>Trabalhamos com transportadoras de confian\u00e7a, incluindo a UPS, a DHL, a FedEx e a DPD, para proporcionar um envio fi\u00e1vel e eficiente. O m\u00e9todo de envio ideal \u00e9 selecionado com base na sua localiza\u00e7\u00e3o.<\/p>\n<h5>Qual \u00e9 o tempo de envio t\u00edpico?<\/h5>\n<p>O envio demora normalmente 7 a 15 dias \u00fateis, mas os prazos de entrega podem prolongar-se at\u00e9 20 dias \u00fateis durante os feriados ou condi\u00e7\u00f5es climat\u00e9ricas adversas.<\/p>\n<h5>Existem taxas alfandeg\u00e1rias ou impostos?<\/h5>\n<p>Tratamos de todo o desalfandegamento, garantindo que n\u00e3o incorrer\u00e1 em quaisquer impostos ou taxas adicionais. 100% dos nossos produtos s\u00e3o desalfandegados sem problemas.<\/p>\n<h5>Qu\u00e3o segura \u00e9 a minha compra?<\/h5>\n<p>Oferecemos transac\u00e7\u00f5es seguras atrav\u00e9s da prote\u00e7\u00e3o do comprador do PayPal. Tamb\u00e9m pode verificar a nossa fiabilidade consultando as opini\u00f5es dos clientes em <a href=\"https:\/\/www.trustpilot.com\/review\/volovape.com?utm_medium=trustbox&amp;utm_source=TrustBoxReviewCollector\">TrustPilot<\/a>.<\/p>","protected":false},"excerpt":{"rendered":"<p>Capitalize no mercado de vape com Bang Box 15000 Puffs por atacado! Bobina de malha, 25ml, recarreg\u00e1vel. Estoque de vapes fi\u00e1veis e de alta pot\u00eancia com diversas op\u00e7\u00f5es de nicotina.<\/p>","protected":false},"featured_media":925,"comment_status":"open","ping_status":"closed","template":"","meta":[],"product_brand":[],"product_cat":[61,41,21,18,20,23,24,22,25,26,27,28,29,30,31,32,33,34,35,36],"product_tag":[],"class_list":{"0":"post-597","1":"product","2":"type-product","3":"status-publish","4":"has-post-thumbnail","6":"product_cat-bang","7":"product_cat-15000-puffs-disposable-vape","8":"product_cat-big-puffs-vapes","9":"product_cat-different-puffs-of-disposable-vapes","10":"product_cat-disposable-vape-types","11":"product_cat-disposable-vapes-in-austria","12":"product_cat-disposable-vapes-in-belgium","13":"product_cat-disposable-vapes-in-europe","14":"product_cat-disposable-vapes-in-france","15":"product_cat-disposable-vapes-in-germany","16":"product_cat-disposable-vapes-in-hungary","17":"product_cat-disposable-vapes-in-ltaly","18":"product_cat-disposable-vapes-in-netherlands","19":"product_cat-disposable-vapes-in-norway","20":"product_cat-disposable-vapes-in-poland","21":"product_cat-disposable-vapes-in-portugal","22":"product_cat-disposable-vapes-in-spain","23":"product_cat-disposable-vapes-in-sweden","24":"product_cat-disposable-vapes-in-switzerland","25":"product_cat-rechargeable-vapes","27":"first","28":"instock","29":"shipping-taxable","30":"purchasable","31":"product-type-variable","32":"has-default-attributes"},"jetpack_sharing_enabled":true,"tiered_pricing_type":"fixed","tiered_pricing_fixed_rules":{"2000":5.7599999999999997868371792719699442386627197265625},"tiered_pricing_product_settings":{"layout":"default","base_unit_name":{"singular":null,"plural":null},"default_variation":null},"tiered_pricing_minimum_quantity":1000,"tiered_pricing_roles_data":[],"tiered_pricing_percentage_rules":[],"tiered_pricing_maximum_quantity":null,"tiered_pricing_quantity_step":"10","_links":{"self":[{"href":"https:\/\/volovape.com\/pt\/wp-json\/wp\/v2\/product\/597","targetHints":{"allow":["GET"]}}],"collection":[{"href":"https:\/\/volovape.com\/pt\/wp-json\/wp\/v2\/product"}],"about":[{"href":"https:\/\/volovape.com\/pt\/wp-json\/wp\/v2\/types\/product"}],"replies":[{"embeddable":true,"href":"https:\/\/volovape.com\/pt\/wp-json\/wp\/v2\/comments?post=597"}],"wp:featuredmedia":[{"embeddable":true,"href":"https:\/\/volovape.com\/pt\/wp-json\/wp\/v2\/media\/925"}],"wp:attachment":[{"href":"https:\/\/volovape.com\/pt\/wp-json\/wp\/v2\/media?parent=597"}],"wp:term":[{"taxonomy":"product_brand","embeddable":true,"href":"https:\/\/volovape.com\/pt\/wp-json\/wp\/v2\/product_brand?post=597"},{"taxonomy":"product_cat","embeddable":true,"href":"https:\/\/volovape.com\/pt\/wp-json\/wp\/v2\/product_cat?post=597"},{"taxonomy":"product_tag","embeddable":true,"href":"https:\/\/volovape.com\/pt\/wp-json\/wp\/v2\/product_tag?post=597"}],"curies":[{"name":"wp","href":"https:\/\/api.w.org\/{rel}","templated":true}]}}