{"id":5798,"date":"2024-11-21T03:49:18","date_gmt":"2024-11-21T03:49:18","guid":{"rendered":"https:\/\/volovape.com\/?post_type=product&#038;p=5798"},"modified":"2025-11-04T06:53:58","modified_gmt":"2025-11-04T06:53:58","slug":"vapme-20k-cristal-sabor-duplo-20000-puffs","status":"publish","type":"product","link":"https:\/\/volovape.com\/pt\/product\/vapme-20k-crystal-double-flavor-20000-puffs\/","title":{"rendered":"VAPME 20K Crystal vape descart\u00e1vel de duplo sabor - 20000 baforadas, bobina de rede"},"content":{"rendered":"<p><strong>VAPME 20K Crystal Vape descart\u00e1vel de duplo sabor<\/strong> - Experimente sabores duplos e 20.000 baforadas num s\u00f3 dispositivo.<\/p>\n<p>O <strong>VAPME 20K Crystal Duplo Sabor<\/strong> redefine a vaporiza\u00e7\u00e3o descart\u00e1vel com o seu sistema \u00fanico de duplo sabor, permitindo-lhe alternar entre dois sabores habilmente combinados sem esfor\u00e7o. Desfrute de at\u00e9 <strong>20.000 baforadas<\/strong> com uma generosa <strong>20mL de capacidade de e-l\u00edquido<\/strong> e um robusto <strong>Bateria recarreg\u00e1vel de 700mAh<\/strong>. Apresentando um <strong>bobina de malha<\/strong> para uma entrega de sabor superior e um <strong>For\u00e7a da nicotina 2%<\/strong>Este dispositivo proporciona uma vaporiza\u00e7\u00e3o suave e satisfat\u00f3ria. Ideal tanto para uso pessoal como para <strong>vape descart\u00e1vel por atacado<\/strong>Este dispositivo oferece comodidade e longevidade. Perfeito para quem procura um <strong>encomenda por grosso<\/strong> de produtos descart\u00e1veis de grande capacidade.<\/p>\n<h3><strong>VAPME 20K Crystal Double Flavor Carater\u00edsticas:<\/strong><\/h3>\n<ul>\n<li>Puffs: At\u00e9 20.000<\/li>\n<li>Capacidade do E-l\u00edquido: 20mL<\/li>\n<li>Bateria: 700mAh (recarreg\u00e1vel)<\/li>\n<li>Carregamento: Tipo C<\/li>\n<li>Bobina: Bobina de malha<\/li>\n<li>Intensidade da nicotina: 2%<\/li>\n<li>Sistema de duplo sabor<\/li>\n<\/ul>\n<h4>Perguntas frequentes<\/h4>\n<h5>Como \u00e9 que o sistema de duplo aroma funciona?<\/h5>\n<p>O VAPME 20K Crystal Double Flavor foi concebido com duas c\u00e2maras de e-l\u00edquido separadas e um mecanismo de comuta\u00e7\u00e3o. Isto permite-lhe alternar facilmente entre os dois sabores distintos, proporcionando uma experi\u00eancia de vaporiza\u00e7\u00e3o vers\u00e1til e agrad\u00e1vel sem necessitar de v\u00e1rios dispositivos.<\/p>\n<h5>Que m\u00e9todos de envio s\u00e3o utilizados?<\/h5>\n<p>Temos parcerias com transportadoras l\u00edderes como a UPS, DHL, FedEx e DPD para garantir uma entrega fi\u00e1vel e eficiente. O melhor m\u00e9todo de envio ser\u00e1 escolhido com base na sua localiza\u00e7\u00e3o para garantir uma chegada r\u00e1pida.<\/p>\n<h5>Quanto tempo demora a chegar?<\/h5>\n<p>A entrega demora normalmente 7 a 15 dias \u00fateis. No entanto, durante os feriados ou condi\u00e7\u00f5es climat\u00e9ricas adversas, pode demorar at\u00e9 20 dias \u00fateis.<\/p>\n<h5>Irei deparar-me com problemas aduaneiros ou fiscais?<\/h5>\n<p>Tratamos de todos os procedimentos de desalfandegamento e garantimos que n\u00e3o haver\u00e1 impostos ou taxas adicionais. Pode confiar que 100% dos nossos envios ser\u00e3o desalfandegados sem problemas.<\/p>\n<h5>A minha compra \u00e9 segura?<\/h5>\n<p>Sim, oferecemos op\u00e7\u00f5es de pagamento seguras, incluindo PayPal com prote\u00e7\u00e3o do comprador. Tamb\u00e9m pode verificar a nossa credibilidade consultando os coment\u00e1rios dos nossos clientes em <a href=\"https:\/\/www.trustpilot.com\/review\/volovape.com?utm_medium=trustbox&amp;utm_source=TrustBoxReviewCollector\">TrustPilot<\/a>.<\/p>","protected":false},"excerpt":{"rendered":"<p>Desfrute de dois sabores com o VAPME 20K Crystal Double Flavor Vape. Oferece 20ml de e-l\u00edquido, bateria de 700mAh, bobinas de malha, nicotina 2%, at\u00e9 20.000 baforadas. Venda por grosso a granel, carregamento tipo C.<\/p>","protected":false},"featured_media":5814,"comment_status":"open","ping_status":"closed","template":"","meta":[],"product_brand":[],"product_cat":[49,42,21,43,18,39,20,23,24,22,25,26,27,28,29,30,31,32,33,34,35,64,36,40],"product_tag":[],"class_list":{"0":"post-5798","1":"product","2":"type-product","3":"status-publish","4":"has-post-thumbnail","6":"product_cat-vapme","7":"product_cat-20000-puffs-disposable-vape","8":"product_cat-big-puffs-vapes","9":"product_cat-crystal-vapes","10":"product_cat-different-puffs-of-disposable-vapes","11":"product_cat-digital-box-vapes","12":"product_cat-disposable-vape-types","13":"product_cat-disposable-vapes-in-austria","14":"product_cat-disposable-vapes-in-belgium","15":"product_cat-disposable-vapes-in-europe","16":"product_cat-disposable-vapes-in-france","17":"product_cat-disposable-vapes-in-germany","18":"product_cat-disposable-vapes-in-hungary","19":"product_cat-disposable-vapes-in-ltaly","20":"product_cat-disposable-vapes-in-netherlands","21":"product_cat-disposable-vapes-in-norway","22":"product_cat-disposable-vapes-in-poland","23":"product_cat-disposable-vapes-in-portugal","24":"product_cat-disposable-vapes-in-spain","25":"product_cat-disposable-vapes-in-sweden","26":"product_cat-disposable-vapes-in-switzerland","27":"product_cat-dual-flavor-vapes","28":"product_cat-rechargeable-vapes","29":"product_cat-smart-screen-vapes","31":"first","32":"instock","33":"shipping-taxable","34":"purchasable","35":"product-type-variable","36":"has-default-attributes"},"jetpack_sharing_enabled":true,"tiered_pricing_type":"fixed","tiered_pricing_fixed_rules":{"30":8.28999999999999914734871708787977695465087890625,"50":7.28000000000000024868995751603506505489349365234375,"100":6.6699999999999999289457264239899814128875732421875,"200":6.29999999999999982236431605997495353221893310546875},"tiered_pricing_product_settings":{"layout":"default","base_unit_name":{"singular":null,"plural":null},"default_variation":null},"tiered_pricing_minimum_quantity":10,"tiered_pricing_roles_data":[],"tiered_pricing_percentage_rules":[],"tiered_pricing_maximum_quantity":null,"tiered_pricing_quantity_step":"10","_links":{"self":[{"href":"https:\/\/volovape.com\/pt\/wp-json\/wp\/v2\/product\/5798","targetHints":{"allow":["GET"]}}],"collection":[{"href":"https:\/\/volovape.com\/pt\/wp-json\/wp\/v2\/product"}],"about":[{"href":"https:\/\/volovape.com\/pt\/wp-json\/wp\/v2\/types\/product"}],"replies":[{"embeddable":true,"href":"https:\/\/volovape.com\/pt\/wp-json\/wp\/v2\/comments?post=5798"}],"wp:featuredmedia":[{"embeddable":true,"href":"https:\/\/volovape.com\/pt\/wp-json\/wp\/v2\/media\/5814"}],"wp:attachment":[{"href":"https:\/\/volovape.com\/pt\/wp-json\/wp\/v2\/media?parent=5798"}],"wp:term":[{"taxonomy":"product_brand","embeddable":true,"href":"https:\/\/volovape.com\/pt\/wp-json\/wp\/v2\/product_brand?post=5798"},{"taxonomy":"product_cat","embeddable":true,"href":"https:\/\/volovape.com\/pt\/wp-json\/wp\/v2\/product_cat?post=5798"},{"taxonomy":"product_tag","embeddable":true,"href":"https:\/\/volovape.com\/pt\/wp-json\/wp\/v2\/product_tag?post=5798"}],"curies":[{"name":"wp","href":"https:\/\/api.w.org\/{rel}","templated":true}]}}