{"id":535,"date":"2024-11-21T03:30:33","date_gmt":"2024-11-21T03:30:33","guid":{"rendered":"https:\/\/volovape.com\/?post_type=product&#038;p=535"},"modified":"2025-08-06T07:58:39","modified_gmt":"2025-08-06T07:58:39","slug":"tela-inteligente-bang-crown-bar-18000-puffs","status":"publish","type":"product","link":"https:\/\/volovape.com\/pt\/product\/bang-smart-screen-crown-bar-18000-puffs\/","title":{"rendered":"Vape descart\u00e1vel Bang Crown Bar 18000 Puffs Smart Screen - bobina de malha de 0,6\u03a9, recarreg\u00e1vel"},"content":{"rendered":"<p><strong>Bang Crown Bar 18000 Puffs Ecr\u00e3 Inteligente Vape Descart\u00e1vel<\/strong> - Experimente uma vaporiza\u00e7\u00e3o superior com o Bang Crown Bar 18000. Este vape descart\u00e1vel de alta capacidade fornece at\u00e9 18.000 baforadas, com um reservat\u00f3rio de e-l\u00edquido de 24mL e uma bateria recarreg\u00e1vel de 650mAh. O ecr\u00e3 inteligente permite monitorizar facilmente os n\u00edveis da bateria e do e-l\u00edquido, enquanto a bobina de malha de 0,6\u03a9 garante nuvens densas e um sabor rico. Ideal para uso pessoal e pedidos por atacado de vape descart\u00e1vel a granel, este dispositivo oferece dosagens de nicotina 0%, 2%, 3% ou 5% e uma ampla variedade de 11 sabores deliciosos.<\/p>\n<h3><strong>Bang Crown Bar 18000 Puffs Carater\u00edsticas:<\/strong><\/h3>\n<ul>\n<li>Puffs: 18000 puffs<\/li>\n<li>Capacidade do E-l\u00edquido: 24mL<\/li>\n<li>Bateria: 650mAh (recarreg\u00e1vel)<\/li>\n<li>Carregamento: Tipo C<\/li>\n<li>Bobina: Bobina de malha de 0,6\u03a9<\/li>\n<li>Ecr\u00e3: Ecr\u00e3 inteligente (n\u00edveis de bateria e de e-l\u00edquido)<\/li>\n<li>Pontos fortes da nicotina: 0%, 2%, 3%, 5%<\/li>\n<li>Op\u00e7\u00f5es de sabores: Melancia Ice, Morango Melancia, Mirtilo Framboesa, Mirtilo Ice, Morango Kiwi, P\u00eassego Ice, Frutas Mistas, Cereja Cola, Ma\u00e7\u00e3 Dupla, Mirtilo Lim\u00e3o, Uva Ice.<\/li>\n<\/ul>\n<h4>Perguntas frequentes<\/h4>\n<h5>Como \u00e9 que a bobina de malha de 0,6\u03a9 melhora a produ\u00e7\u00e3o de vapor?<\/h5>\n<p>A bobina de malha de 0,6\u03a9 foi concebida para aquecer o e-l\u00edquido de forma mais eficiente, resultando em nuvens mais densas e perfis de sabor mais ricos. Isto proporciona uma experi\u00eancia de vaporiza\u00e7\u00e3o mais intensa e satisfat\u00f3ria.<\/p>\n<h5>Que m\u00e9todos de envio est\u00e3o dispon\u00edveis?<\/h5>\n<p>Estabelecemos parcerias com transportadoras fi\u00e1veis como a UPS, a DHL, a FedEx e a DPD para garantir um envio eficiente e fi\u00e1vel. O m\u00e9todo de envio mais adequado \u00e9 selecionado com base no seu local de entrega.<\/p>\n<h5>Quanto tempo demora normalmente a expedi\u00e7\u00e3o?<\/h5>\n<p>O envio demora normalmente entre 7 e 15 dias \u00fateis, embora os prazos de entrega possam prolongar-se at\u00e9 20 dias \u00fateis durante os feriados ou condi\u00e7\u00f5es climat\u00e9ricas adversas.<\/p>\n<h5>Terei de pagar taxas alfandeg\u00e1rias ou impostos?<\/h5>\n<p>Tratamos de todo o desalfandegamento, garantindo que n\u00e3o incorrer\u00e1 em quaisquer impostos ou taxas adicionais. 100% dos nossos produtos s\u00e3o desalfandegados sem problemas.<\/p>\n<h5>Qu\u00e3o segura \u00e9 a minha compra?<\/h5>\n<p>Oferecemos transac\u00e7\u00f5es seguras atrav\u00e9s da prote\u00e7\u00e3o do comprador do PayPal. Tamb\u00e9m pode verificar a nossa credibilidade consultando as opini\u00f5es dos clientes em <a href=\"https:\/\/www.trustpilot.com\/review\/volovape.com?utm_medium=trustbox&amp;utm_source=TrustBoxReviewCollector\">TrustPilot<\/a>.<\/p>","protected":false},"excerpt":{"rendered":"<p>Revolucione suas ofertas de vape com Bang Crown Bar 18000 Puffs no atacado! Tecnologia de tela inteligente, malha de 0.6\u03a9, 24ml, recarreg\u00e1vel. Estoque descart\u00e1veis de \u00faltima gera\u00e7\u00e3o para clientes exigentes.<\/p>","protected":false},"featured_media":905,"comment_status":"open","ping_status":"closed","template":"","meta":[],"product_brand":[],"product_cat":[61,50,21,18,20,23,24,22,25,26,27,28,29,30,31,32,33,34,35,36,47,40],"product_tag":[],"class_list":{"0":"post-535","1":"product","2":"type-product","3":"status-publish","4":"has-post-thumbnail","6":"product_cat-bang","7":"product_cat-18000-puffs-disposable-vape","8":"product_cat-big-puffs-vapes","9":"product_cat-different-puffs-of-disposable-vapes","10":"product_cat-disposable-vape-types","11":"product_cat-disposable-vapes-in-austria","12":"product_cat-disposable-vapes-in-belgium","13":"product_cat-disposable-vapes-in-europe","14":"product_cat-disposable-vapes-in-france","15":"product_cat-disposable-vapes-in-germany","16":"product_cat-disposable-vapes-in-hungary","17":"product_cat-disposable-vapes-in-ltaly","18":"product_cat-disposable-vapes-in-netherlands","19":"product_cat-disposable-vapes-in-norway","20":"product_cat-disposable-vapes-in-poland","21":"product_cat-disposable-vapes-in-portugal","22":"product_cat-disposable-vapes-in-spain","23":"product_cat-disposable-vapes-in-sweden","24":"product_cat-disposable-vapes-in-switzerland","25":"product_cat-rechargeable-vapes","26":"product_cat-shisha-hookah-vapes","27":"product_cat-smart-screen-vapes","29":"first","30":"instock","31":"shipping-taxable","32":"purchasable","33":"product-type-variable","34":"has-default-attributes"},"jetpack_sharing_enabled":true,"tiered_pricing_type":"fixed","tiered_pricing_fixed_rules":{"2000":3.890000000000000124344978758017532527446746826171875},"tiered_pricing_product_settings":{"layout":"default","base_unit_name":{"singular":null,"plural":null},"default_variation":null},"tiered_pricing_minimum_quantity":1000,"tiered_pricing_roles_data":[],"tiered_pricing_percentage_rules":[],"tiered_pricing_maximum_quantity":null,"tiered_pricing_quantity_step":"10","_links":{"self":[{"href":"https:\/\/volovape.com\/pt\/wp-json\/wp\/v2\/product\/535","targetHints":{"allow":["GET"]}}],"collection":[{"href":"https:\/\/volovape.com\/pt\/wp-json\/wp\/v2\/product"}],"about":[{"href":"https:\/\/volovape.com\/pt\/wp-json\/wp\/v2\/types\/product"}],"replies":[{"embeddable":true,"href":"https:\/\/volovape.com\/pt\/wp-json\/wp\/v2\/comments?post=535"}],"wp:featuredmedia":[{"embeddable":true,"href":"https:\/\/volovape.com\/pt\/wp-json\/wp\/v2\/media\/905"}],"wp:attachment":[{"href":"https:\/\/volovape.com\/pt\/wp-json\/wp\/v2\/media?parent=535"}],"wp:term":[{"taxonomy":"product_brand","embeddable":true,"href":"https:\/\/volovape.com\/pt\/wp-json\/wp\/v2\/product_brand?post=535"},{"taxonomy":"product_cat","embeddable":true,"href":"https:\/\/volovape.com\/pt\/wp-json\/wp\/v2\/product_cat?post=535"},{"taxonomy":"product_tag","embeddable":true,"href":"https:\/\/volovape.com\/pt\/wp-json\/wp\/v2\/product_tag?post=535"}],"curies":[{"name":"wp","href":"https:\/\/api.w.org\/{rel}","templated":true}]}}