{"id":533,"date":"2024-11-21T03:30:33","date_gmt":"2024-11-21T03:30:33","guid":{"rendered":"https:\/\/volovape.com\/?post_type=product&#038;p=533"},"modified":"2025-08-06T08:11:38","modified_gmt":"2025-08-06T08:11:38","slug":"foguete-bang-box-18000-puffs","status":"publish","type":"product","link":"https:\/\/volovape.com\/pt\/product\/bang-box-rocket-18000-puffs\/","title":{"rendered":"Bang Box Rocket 18000 Puffs Vape descart\u00e1vel - bobina de malha de 1.0\u03a9, display inteligente, recarreg\u00e1vel"},"content":{"rendered":"<p><strong>Bang Box Rocket 18000 Puffs Vape descart\u00e1vel inteligente<\/strong> - Experimente o futuro da vaporiza\u00e7\u00e3o com o Bang Box Rocket 18000. Este inovador vape descart\u00e1vel oferece uma enorme quantidade de 18.000 baforadas, uma capacidade de e-l\u00edquido de 28mL e um ecr\u00e3 inteligente para monitorizar os n\u00edveis da bateria e do e-l\u00edquido. Com uma bobina de malha de 1.0\u03a9 para vapor suave e saboroso e uma bateria recarreg\u00e1vel de 650mAh com carregamento Tipo C, este dispositivo \u00e9 perfeito para uso pessoal e pedidos por atacado de vape descart\u00e1vel. Escolha entre as dosagens de nicotina 0%, 2%, 3% ou 5% e desfrute de uma ampla variedade de 12 sabores deliciosos.<\/p>\n<h3><strong>Bang Box Rocket 18000 Puffs Carater\u00edsticas:<\/strong><\/h3>\n<ul>\n<li>Puffs: 18000 puffs<\/li>\n<li>Capacidade do E-l\u00edquido: 28mL<\/li>\n<li>Bateria: 650mAh (recarreg\u00e1vel)<\/li>\n<li>Carregamento: Tipo C<\/li>\n<li>Bobina: 1.0\u03a9 Bobina de malha<\/li>\n<li>Ecr\u00e3: Ecr\u00e3 inteligente (n\u00edveis de bateria e de e-l\u00edquido)<\/li>\n<li>Pontos fortes da nicotina: 0%, 2%, 3%, 5%<\/li>\n<li>Op\u00e7\u00f5es de sabores: Morango Banana, Melancia Ice, Morango Kiwi, Morango Manga, Mirtilo Ice, Manga M\u00e9xico, P\u00eassego Juicy Ice, Ma\u00e7\u00e3 Sour Ice, Blue Razz Ice, Tropical Rainbow Blast.<\/li>\n<\/ul>\n<h4>Perguntas frequentes<\/h4>\n<h5>Como \u00e9 que o ecr\u00e3 inteligente melhora a minha experi\u00eancia de vaporiza\u00e7\u00e3o?<\/h5>\n<p>O visor inteligente integrado fornece actualiza\u00e7\u00f5es em tempo real sobre a dura\u00e7\u00e3o da bateria e os n\u00edveis de e-l\u00edquido, eliminando as suposi\u00e7\u00f5es e garantindo que est\u00e1 sempre preparado. Esta carater\u00edstica permite uma experi\u00eancia de vaporiza\u00e7\u00e3o mais controlada e agrad\u00e1vel.<\/p>\n<h5>Que m\u00e9todos de envio s\u00e3o utilizados?<\/h5>\n<p>Trabalhamos com transportadoras de confian\u00e7a como a UPS, a DHL, a FedEx e a DPD para oferecer um envio fi\u00e1vel e eficiente. A melhor op\u00e7\u00e3o de envio \u00e9 selecionada com base na sua localiza\u00e7\u00e3o para garantir uma entrega atempada.<\/p>\n<h5>Quanto tempo demora normalmente a expedi\u00e7\u00e3o?<\/h5>\n<p>O envio demora normalmente entre 7 e 15 dias \u00fateis, mas pode prolongar-se at\u00e9 20 dias \u00fateis durante feriados ou condi\u00e7\u00f5es climat\u00e9ricas adversas.<\/p>\n<h5>Existem taxas alfandeg\u00e1rias ou fiscais?<\/h5>\n<p>Tratamos de todo o desalfandegamento, garantindo que n\u00e3o incorrer\u00e1 em quaisquer impostos ou taxas adicionais. 100% dos nossos produtos s\u00e3o desalfandegados sem problemas.<\/p>\n<h5>A minha compra \u00e9 segura e fi\u00e1vel?<\/h5>\n<p>Apoiamos transac\u00e7\u00f5es seguras atrav\u00e9s da prote\u00e7\u00e3o do comprador do PayPal. Tamb\u00e9m pode consultar os coment\u00e1rios dos nossos clientes em <a href=\"https:\/\/www.trustpilot.com\/review\/volovape.com?utm_medium=trustbox&amp;utm_source=TrustBoxReviewCollector\">TrustPilot<\/a> para verificar a nossa fiabilidade.<\/p>","protected":false},"excerpt":{"rendered":"<p>Domine o mercado de vape com Bang Box Rocket 18000 Puffs por atacado! Ecr\u00e3 inteligente, malha de 1.0\u03a9, 28ml, recarreg\u00e1vel. Ofere\u00e7a vapes de ponta e de alta capacidade aos seus clientes.<\/p>","protected":false},"featured_media":879,"comment_status":"open","ping_status":"closed","template":"","meta":[],"product_brand":[],"product_cat":[61,50,21,18,39,20,23,24,22,25,26,27,28,29,30,31,32,33,34,35,44,36,40],"product_tag":[],"class_list":{"0":"post-533","1":"product","2":"type-product","3":"status-publish","4":"has-post-thumbnail","6":"product_cat-bang","7":"product_cat-18000-puffs-disposable-vape","8":"product_cat-big-puffs-vapes","9":"product_cat-different-puffs-of-disposable-vapes","10":"product_cat-digital-box-vapes","11":"product_cat-disposable-vape-types","12":"product_cat-disposable-vapes-in-austria","13":"product_cat-disposable-vapes-in-belgium","14":"product_cat-disposable-vapes-in-europe","15":"product_cat-disposable-vapes-in-france","16":"product_cat-disposable-vapes-in-germany","17":"product_cat-disposable-vapes-in-hungary","18":"product_cat-disposable-vapes-in-ltaly","19":"product_cat-disposable-vapes-in-netherlands","20":"product_cat-disposable-vapes-in-norway","21":"product_cat-disposable-vapes-in-poland","22":"product_cat-disposable-vapes-in-portugal","23":"product_cat-disposable-vapes-in-spain","24":"product_cat-disposable-vapes-in-sweden","25":"product_cat-disposable-vapes-in-switzerland","26":"product_cat-dual-mesh-vapes","27":"product_cat-rechargeable-vapes","28":"product_cat-smart-screen-vapes","30":"first","31":"instock","32":"shipping-taxable","33":"purchasable","34":"product-type-variable","35":"has-default-attributes"},"jetpack_sharing_enabled":true,"tiered_pricing_type":"fixed","tiered_pricing_fixed_rules":{"2000":6.20999999999999996447286321199499070644378662109375},"tiered_pricing_product_settings":{"layout":"default","base_unit_name":{"singular":null,"plural":null},"default_variation":null},"tiered_pricing_minimum_quantity":1000,"tiered_pricing_roles_data":[],"tiered_pricing_percentage_rules":[],"tiered_pricing_maximum_quantity":null,"tiered_pricing_quantity_step":"10","_links":{"self":[{"href":"https:\/\/volovape.com\/pt\/wp-json\/wp\/v2\/product\/533","targetHints":{"allow":["GET"]}}],"collection":[{"href":"https:\/\/volovape.com\/pt\/wp-json\/wp\/v2\/product"}],"about":[{"href":"https:\/\/volovape.com\/pt\/wp-json\/wp\/v2\/types\/product"}],"replies":[{"embeddable":true,"href":"https:\/\/volovape.com\/pt\/wp-json\/wp\/v2\/comments?post=533"}],"wp:featuredmedia":[{"embeddable":true,"href":"https:\/\/volovape.com\/pt\/wp-json\/wp\/v2\/media\/879"}],"wp:attachment":[{"href":"https:\/\/volovape.com\/pt\/wp-json\/wp\/v2\/media?parent=533"}],"wp:term":[{"taxonomy":"product_brand","embeddable":true,"href":"https:\/\/volovape.com\/pt\/wp-json\/wp\/v2\/product_brand?post=533"},{"taxonomy":"product_cat","embeddable":true,"href":"https:\/\/volovape.com\/pt\/wp-json\/wp\/v2\/product_cat?post=533"},{"taxonomy":"product_tag","embeddable":true,"href":"https:\/\/volovape.com\/pt\/wp-json\/wp\/v2\/product_tag?post=533"}],"curies":[{"name":"wp","href":"https:\/\/api.w.org\/{rel}","templated":true}]}}