{"id":501,"date":"2024-11-21T03:30:08","date_gmt":"2024-11-21T03:30:08","guid":{"rendered":"https:\/\/volovape.com\/?post_type=product&#038;p=501"},"modified":"2025-09-08T03:35:07","modified_gmt":"2025-09-08T03:35:07","slug":"bang-king-cristal-duplo-20000-puffs","status":"publish","type":"product","link":"https:\/\/volovape.com\/pt\/product\/bang-king-double-crystal-20000-puffs\/","title":{"rendered":"Bang King Double Crystal 20000 Puffs Vape descart\u00e1vel recarreg\u00e1vel (0-5% Nicotina) - Atacado"},"content":{"rendered":"<p><iframe title=\"Reprodutor de v\u00eddeo VideoPress\" aria-label='Reprodutor de v\u00eddeo VideoPress' width='425' height='750' src='https:\/\/videopress.com\/embed\/UidYNEY0?hd=0&amp;cover=1' frameborder='0' allowfullscreen allow='clipboard-write'><\/iframe><script src='https:\/\/v0.wordpress.com\/js\/next\/videopress-iframe.js?m=1739540970'><\/script><\/p>\n<p><strong>Bang King Double Crystal 20000 Puffs Vape Descart\u00e1vel<\/strong> - Experimente uma longevidade e um sabor sem paralelo com o Bang King Double Crystal 20000. Com 20.000 baforadas e uma capacidade de 25 ml de e-l\u00edquido, este vape descart\u00e1vel recarreg\u00e1vel \u00e9 perfeito tanto para uso pessoal como para encomendas por grosso de vape descart\u00e1vel. Escolha entre as dosagens de nicotina 0%, 2%, 3% ou 5% e desfrute de uma experi\u00eancia de vaporiza\u00e7\u00e3o personaliz\u00e1vel com fluxo de ar ajust\u00e1vel e uma bobina de malha de 1,0\u03a9 para um vapor rico e suave. A bateria recarreg\u00e1vel de 650mAh garante que pode desfrutar de cada tragada, enquanto a vasta gama de 12 sabores \u00fanicos garante sempre um vapor satisfat\u00f3rio.<\/p>\n<h3><strong>Bang King Double Crystal 20000 Puffs Carater\u00edsticas:<\/strong><\/h3>\n<ul>\n<li>Puffs: 20000 puffs<\/li>\n<li>Capacidade do E-l\u00edquido: 25mL<\/li>\n<li>Bateria: 650mAh (recarreg\u00e1vel)<\/li>\n<li>Carregamento: Tipo C<\/li>\n<li>Bobina: 1.0\u03a9 Bobina de malha<\/li>\n<li>Pontos fortes da nicotina: 0%, 2%, 3%, 5%<\/li>\n<li>Fluxo de ar: Ajust\u00e1vel<\/li>\n<li>Op\u00e7\u00f5es de sabores: Ma\u00e7\u00e3 Azeda Framboesa, P\u00eassego Ice, Fruta Tropical, Melancia Morango, Melancia Ice, Uva Ice, Mirtilo Ice, Blue Razz Ice, Morango Manga, Kiwi Rom\u00e3, Bebida Energ\u00e9tica, Morango Kiwi.<\/li>\n<\/ul>\n<h4>Perguntas frequentes<\/h4>\n<h5>Como \u00e9 que o fluxo de ar ajust\u00e1vel melhora a minha experi\u00eancia de vaporiza\u00e7\u00e3o?<\/h5>\n<p>A fun\u00e7\u00e3o de fluxo de ar ajust\u00e1vel permite-lhe afinar a tiragem, permitindo-lhe alternar entre uma batida apertada e restrita e um vapor solto e arejado. Esta personaliza\u00e7\u00e3o proporciona uma experi\u00eancia personalizada, que se adapta a diferentes estilos e prefer\u00eancias de vaporiza\u00e7\u00e3o.<\/p>\n<h5>Que m\u00e9todos de envio s\u00e3o utilizados?<\/h5>\n<p>Estabelecemos parcerias com transportadoras l\u00edderes como a UPS, DHL, FedEx e DPD para garantir uma entrega r\u00e1pida e fi\u00e1vel. O m\u00e9todo de envio mais adequado \u00e9 selecionado com base no seu local de entrega.<\/p>\n<h5>Quanto tempo demora normalmente a expedi\u00e7\u00e3o?<\/h5>\n<p>A sua encomenda dever\u00e1 chegar no prazo de 7 a 15 dias \u00fateis, embora a entrega possa prolongar-se at\u00e9 20 dias \u00fateis durante feriados ou condi\u00e7\u00f5es climat\u00e9ricas adversas.<\/p>\n<h5>Irei deparar-me com problemas alfandeg\u00e1rios ou taxas adicionais?<\/h5>\n<p>Garantimos um desalfandegamento sem problemas para todos os nossos envios, sem taxas ou impostos adicionais. Pode ter a certeza de que 100% dos nossos produtos foram concebidos para serem desalfandegados sem complica\u00e7\u00f5es.<\/p>\n<h5>A minha compra \u00e9 segura?<\/h5>\n<p>Aceitamos PayPal, que oferece prote\u00e7\u00e3o ao comprador para transac\u00e7\u00f5es seguras. Pode tamb\u00e9m verificar a nossa credibilidade consultando os coment\u00e1rios dos nossos clientes em <a href=\"https:\/\/www.trustpilot.com\/review\/volovape.com?utm_medium=trustbox&amp;utm_source=TrustBoxReviewCollector\">TrustPilot<\/a>.<\/p>","protected":false},"excerpt":{"rendered":"<p>Expanda suas ofertas de vape com Bang King Double Crystal 20000 Puffs no atacado! 20,000 puffs, 25ml, fluxo de ar ajust\u00e1vel, bobina de malha de 1.0\u03a9. Estoque recarreg\u00e1vel, vapes de alta capacidade.<\/p>","protected":false},"featured_media":868,"comment_status":"open","ping_status":"closed","template":"","meta":[],"product_brand":[],"product_cat":[61,42,21,43,18,39,20,23,24,22,25,26,27,28,29,30,31,32,33,34,35,44,36,40],"product_tag":[],"class_list":{"0":"post-501","1":"product","2":"type-product","3":"status-publish","4":"has-post-thumbnail","6":"product_cat-bang","7":"product_cat-20000-puffs-disposable-vape","8":"product_cat-big-puffs-vapes","9":"product_cat-crystal-vapes","10":"product_cat-different-puffs-of-disposable-vapes","11":"product_cat-digital-box-vapes","12":"product_cat-disposable-vape-types","13":"product_cat-disposable-vapes-in-austria","14":"product_cat-disposable-vapes-in-belgium","15":"product_cat-disposable-vapes-in-europe","16":"product_cat-disposable-vapes-in-france","17":"product_cat-disposable-vapes-in-germany","18":"product_cat-disposable-vapes-in-hungary","19":"product_cat-disposable-vapes-in-ltaly","20":"product_cat-disposable-vapes-in-netherlands","21":"product_cat-disposable-vapes-in-norway","22":"product_cat-disposable-vapes-in-poland","23":"product_cat-disposable-vapes-in-portugal","24":"product_cat-disposable-vapes-in-spain","25":"product_cat-disposable-vapes-in-sweden","26":"product_cat-disposable-vapes-in-switzerland","27":"product_cat-dual-mesh-vapes","28":"product_cat-rechargeable-vapes","29":"product_cat-smart-screen-vapes","31":"first","32":"instock","33":"shipping-taxable","34":"purchasable","35":"product-type-variable","36":"has-default-attributes"},"jetpack_sharing_enabled":true,"tiered_pricing_type":"fixed","tiered_pricing_fixed_rules":{"2000":4.62999999999999989341858963598497211933135986328125},"tiered_pricing_product_settings":{"layout":"default","base_unit_name":{"singular":null,"plural":null},"default_variation":null},"tiered_pricing_minimum_quantity":1000,"tiered_pricing_roles_data":[],"tiered_pricing_percentage_rules":[],"tiered_pricing_maximum_quantity":null,"tiered_pricing_quantity_step":"10","_links":{"self":[{"href":"https:\/\/volovape.com\/pt\/wp-json\/wp\/v2\/product\/501","targetHints":{"allow":["GET"]}}],"collection":[{"href":"https:\/\/volovape.com\/pt\/wp-json\/wp\/v2\/product"}],"about":[{"href":"https:\/\/volovape.com\/pt\/wp-json\/wp\/v2\/types\/product"}],"replies":[{"embeddable":true,"href":"https:\/\/volovape.com\/pt\/wp-json\/wp\/v2\/comments?post=501"}],"wp:featuredmedia":[{"embeddable":true,"href":"https:\/\/volovape.com\/pt\/wp-json\/wp\/v2\/media\/868"}],"wp:attachment":[{"href":"https:\/\/volovape.com\/pt\/wp-json\/wp\/v2\/media?parent=501"}],"wp:term":[{"taxonomy":"product_brand","embeddable":true,"href":"https:\/\/volovape.com\/pt\/wp-json\/wp\/v2\/product_brand?post=501"},{"taxonomy":"product_cat","embeddable":true,"href":"https:\/\/volovape.com\/pt\/wp-json\/wp\/v2\/product_cat?post=501"},{"taxonomy":"product_tag","embeddable":true,"href":"https:\/\/volovape.com\/pt\/wp-json\/wp\/v2\/product_tag?post=501"}],"curies":[{"name":"wp","href":"https:\/\/api.w.org\/{rel}","templated":true}]}}