{"id":499,"date":"2024-11-21T03:30:08","date_gmt":"2024-11-21T03:30:08","guid":{"rendered":"https:\/\/volovape.com\/?post_type=product&#038;p=499"},"modified":"2025-08-06T08:09:50","modified_gmt":"2025-08-06T08:09:50","slug":"caixa-de-estrondo-18000-baforadas","status":"publish","type":"product","link":"https:\/\/volovape.com\/pt\/product\/bang-box-18000-puffs\/","title":{"rendered":"BANG BOX 18000 Puffs Vape descart\u00e1vel - Bobina de malha dupla, ecr\u00e3 LED, recarreg\u00e1vel"},"content":{"rendered":"<p><strong>BANG BOX 18000 Puffs Vape descart\u00e1vel<\/strong> - Bobinas de malha dupla para um sabor e longevidade superiores.<\/p>\n<p>O <strong>BANG BOX 18000 Puffs<\/strong> oferece uma experi\u00eancia de vaporiza\u00e7\u00e3o inigual\u00e1vel com o seu design de alta capacidade e tecnologia avan\u00e7ada de bobina de malha dupla. Desfrute de at\u00e9 <strong>18.000 baforadas<\/strong>, um enorme <strong>Reservat\u00f3rio de e-l\u00edquido de 26 ml<\/strong>e um <strong>Bateria recarreg\u00e1vel de 850mAh<\/strong> com carregamento Tipo C. O <strong>Bobinas de malha dupla de 0,8\u03a9<\/strong> garantem um sabor rico e consistente, enquanto o visor digital LED fornece actualiza\u00e7\u00f5es em tempo real sobre os n\u00edveis da bateria e do e-l\u00edquido. Escolha entre <strong>Concentra\u00e7\u00f5es de nicotina 0%, 2%, 3% ou 5%<\/strong> e 12 deliciosos sabores. Ideal para uso pessoal ou <strong>vape descart\u00e1vel por atacado<\/strong>, o <strong>Caixa de estrondo 18000<\/strong> estabelece um novo padr\u00e3o para vapes descart\u00e1veis. Considere um <strong>encomenda por grosso<\/strong> para obter pre\u00e7os competitivos.<\/p>\n<h3><strong>BANG BOX 18000 Puffs Carater\u00edsticas:<\/strong><\/h3>\n<ul>\n<li>Puffs: At\u00e9 18.000<\/li>\n<li>Capacidade do E-l\u00edquido: 26ml<\/li>\n<li>Bateria: 850mAh (recarreg\u00e1vel)<\/li>\n<li>Carregamento: Tipo C<\/li>\n<li>Bobina: Bobinas de malha dupla de 0,8\u03a9<\/li>\n<li>Ecr\u00e3: Ecr\u00e3 digital LED<\/li>\n<li>Pontos fortes da nicotina: 0%, 2%, 3%, 5%<\/li>\n<li>12 sabores dispon\u00edveis<\/li>\n<\/ul>\n<h4>Perguntas frequentes<\/h4>\n<h5>O que torna as bobinas de malha dupla superiores?<\/h5>\n<p>O design da bobina de malha dupla proporciona uma maior \u00e1rea de superf\u00edcie de aquecimento, resultando num aquecimento mais r\u00e1pido e uniforme. Isto melhora a produ\u00e7\u00e3o de sabor, a densidade do vapor e a consist\u00eancia geral, proporcionando uma experi\u00eancia de vaporiza\u00e7\u00e3o mais satisfat\u00f3ria.<\/p>\n<h5>Que m\u00e9todos de envio s\u00e3o utilizados para encomendas por grosso a granel?<\/h5>\n<p>Utilizamos transportadoras de confian\u00e7a como a UPS, DHL, FedEx e DPD para garantir uma entrega segura e eficiente das encomendas por grosso a granel. O m\u00e9todo de envio mais adequado \u00e9 selecionado com base na sua localiza\u00e7\u00e3o e no tamanho da encomenda.<\/p>\n<h5>Quanto tempo demora normalmente a expedi\u00e7\u00e3o das encomendas por grosso?<\/h5>\n<p>A expedi\u00e7\u00e3o demora normalmente 7 a 15 dias \u00fateis. Aguarde at\u00e9 20 dias \u00fateis durante as \u00e9pocas altas ou condi\u00e7\u00f5es climat\u00e9ricas adversas.<\/p>\n<h5>Existem quest\u00f5es alfandeg\u00e1rias ou taxas adicionais que eu deva ter em conta quando encomendar a granel?<\/h5>\n<p>Tratamos de todos os processos de desalfandegamento para garantir uma entrega sem problemas. N\u00e3o incorrer\u00e1 em quaisquer impostos ou taxas inesperadas e garantimos o desalfandegamento de 100% para todos os envios.<\/p>\n<h5>Como posso verificar a fiabilidade da minha compra a granel?<\/h5>\n<p>Oferecemos op\u00e7\u00f5es de pagamento seguras e estamos empenhados em fornecer produtos e servi\u00e7os de alta qualidade. Tamb\u00e9m pode consultar as opini\u00f5es dos nossos clientes em plataformas de confian\u00e7a para confirmar a nossa fiabilidade.<\/p>","protected":false},"excerpt":{"rendered":"<p>Maximize as suas vendas com a BANG BOX 18000 Puffs por grosso! Bobinas de malha dupla, ecr\u00e3 LED, 26ml, recarreg\u00e1vel. Estoque de vapes de alta capacidade com sabor rico e nicotina variada.<\/p>","protected":false},"featured_media":840,"comment_status":"open","ping_status":"closed","template":"","meta":[],"product_brand":[],"product_cat":[61,50,21,18,39,20,23,24,22,25,26,27,28,29,30,31,32,33,34,35,36,40],"product_tag":[],"class_list":{"0":"post-499","1":"product","2":"type-product","3":"status-publish","4":"has-post-thumbnail","6":"product_cat-bang","7":"product_cat-18000-puffs-disposable-vape","8":"product_cat-big-puffs-vapes","9":"product_cat-different-puffs-of-disposable-vapes","10":"product_cat-digital-box-vapes","11":"product_cat-disposable-vape-types","12":"product_cat-disposable-vapes-in-austria","13":"product_cat-disposable-vapes-in-belgium","14":"product_cat-disposable-vapes-in-europe","15":"product_cat-disposable-vapes-in-france","16":"product_cat-disposable-vapes-in-germany","17":"product_cat-disposable-vapes-in-hungary","18":"product_cat-disposable-vapes-in-ltaly","19":"product_cat-disposable-vapes-in-netherlands","20":"product_cat-disposable-vapes-in-norway","21":"product_cat-disposable-vapes-in-poland","22":"product_cat-disposable-vapes-in-portugal","23":"product_cat-disposable-vapes-in-spain","24":"product_cat-disposable-vapes-in-sweden","25":"product_cat-disposable-vapes-in-switzerland","26":"product_cat-rechargeable-vapes","27":"product_cat-smart-screen-vapes","29":"first","30":"instock","31":"shipping-taxable","32":"purchasable","33":"product-type-variable","34":"has-default-attributes"},"jetpack_sharing_enabled":true,"tiered_pricing_type":"fixed","tiered_pricing_fixed_rules":{"2000":4.62999999999999989341858963598497211933135986328125},"tiered_pricing_product_settings":{"layout":"default","base_unit_name":{"singular":null,"plural":null},"default_variation":null},"tiered_pricing_minimum_quantity":1000,"tiered_pricing_roles_data":[],"tiered_pricing_percentage_rules":[],"tiered_pricing_maximum_quantity":null,"tiered_pricing_quantity_step":"10","_links":{"self":[{"href":"https:\/\/volovape.com\/pt\/wp-json\/wp\/v2\/product\/499","targetHints":{"allow":["GET"]}}],"collection":[{"href":"https:\/\/volovape.com\/pt\/wp-json\/wp\/v2\/product"}],"about":[{"href":"https:\/\/volovape.com\/pt\/wp-json\/wp\/v2\/types\/product"}],"replies":[{"embeddable":true,"href":"https:\/\/volovape.com\/pt\/wp-json\/wp\/v2\/comments?post=499"}],"wp:featuredmedia":[{"embeddable":true,"href":"https:\/\/volovape.com\/pt\/wp-json\/wp\/v2\/media\/840"}],"wp:attachment":[{"href":"https:\/\/volovape.com\/pt\/wp-json\/wp\/v2\/media?parent=499"}],"wp:term":[{"taxonomy":"product_brand","embeddable":true,"href":"https:\/\/volovape.com\/pt\/wp-json\/wp\/v2\/product_brand?post=499"},{"taxonomy":"product_cat","embeddable":true,"href":"https:\/\/volovape.com\/pt\/wp-json\/wp\/v2\/product_cat?post=499"},{"taxonomy":"product_tag","embeddable":true,"href":"https:\/\/volovape.com\/pt\/wp-json\/wp\/v2\/product_tag?post=499"}],"curies":[{"name":"wp","href":"https:\/\/api.w.org\/{rel}","templated":true}]}}