{"id":498,"date":"2024-11-21T03:30:08","date_gmt":"2024-11-21T03:30:08","guid":{"rendered":"https:\/\/volovape.com\/?post_type=product&#038;p=498"},"modified":"2025-07-09T09:46:30","modified_gmt":"2025-07-09T09:46:30","slug":"caixa-digital-fluum-tn-15000-puffs","status":"publish","type":"product","link":"https:\/\/volovape.com\/pt\/product\/fluum-digital-box-tn-15000-puffs\/","title":{"rendered":"FluuM Digital Box TN 15000 Puffs Vape descart\u00e1vel - recarreg\u00e1vel, ecr\u00e3 digital"},"content":{"rendered":"<p><strong>FluuM Digital Box TN 15000 Puffs Vape descart\u00e1vel<\/strong> - Mantenha-se informado e desfrute de uma experi\u00eancia de vaporiza\u00e7\u00e3o prolongada.<\/p>\n<p>O <strong>FluuM Digital Box TN 15000 Puffs<\/strong> proporciona uma experi\u00eancia de vaporiza\u00e7\u00e3o de vanguarda com o seu visor digital integrado, permitindo-lhe monitorizar os n\u00edveis da bateria e do e-l\u00edquido num relance. Desfrute de at\u00e9 <strong>15.000 baforadas<\/strong>, um generoso <strong>Capacidade para 25 ml de e-l\u00edquido<\/strong>, e um <strong>Bateria recarreg\u00e1vel de 650mAh<\/strong> com carregamento Tipo C. Escolha entre <strong>Concentra\u00e7\u00f5es de nicotina 0%, 2%, 3% ou 5%<\/strong> para se adequar \u00e0s suas prefer\u00eancias. A avan\u00e7ada bobina de malha proporciona um vapor suave e saboroso e, com 12 deliciosos sabores, encontrar\u00e1 a combina\u00e7\u00e3o perfeita. Ideal para uso pessoal ou <strong>vape descart\u00e1vel por atacado<\/strong>, o <strong>Caixa digital FluuM TN 15000<\/strong> combina comodidade com carater\u00edsticas avan\u00e7adas. Considere um <strong>encomenda por grosso<\/strong> para obter pre\u00e7os competitivos.<\/p>\n<h3><strong>Caixa digital FluuM TN 15000 Puffs Carater\u00edsticas:<\/strong><\/h3>\n<ul>\n<li>Puffs: At\u00e9 15.000<\/li>\n<li>Capacidade do E-l\u00edquido: 25ml<\/li>\n<li>Bateria: 650mAh (recarreg\u00e1vel)<\/li>\n<li>Carregamento: Tipo C<\/li>\n<li>Ecr\u00e3: Ecr\u00e3 digital (n\u00edveis de bateria e de e-l\u00edquido)<\/li>\n<li>Pontos fortes da nicotina: 0%, 2%, 3%, 5%<\/li>\n<li>12 sabores dispon\u00edveis<\/li>\n<\/ul>\n<h4>Perguntas frequentes<\/h4>\n<h5>Qual \u00e9 a principal vantagem do ecr\u00e3 digital?<\/h5>\n<p>O visor digital fornece informa\u00e7\u00f5es em tempo real sobre a dura\u00e7\u00e3o da bateria e os n\u00edveis de e-l\u00edquido, eliminando as suposi\u00e7\u00f5es e assegurando que est\u00e1 sempre a par do estado do seu dispositivo. Esta carater\u00edstica aumenta a comodidade e permite-lhe gerir a sua experi\u00eancia de vaporiza\u00e7\u00e3o de forma mais eficaz.<\/p>\n<h5>Que m\u00e9todos de envio s\u00e3o utilizados e para que pa\u00edses enviam?<\/h5>\n<p>Trabalhamos com transportadoras fi\u00e1veis para garantir uma entrega eficiente. Enviamos para a maioria dos pa\u00edses europeus, incluindo os Pa\u00edses Baixos, Alemanha, Fran\u00e7a, Espanha, entre outros. Os prazos de entrega podem variar consoante o destino.<\/p>\n<h5>Quanto tempo demora normalmente a expedi\u00e7\u00e3o?<\/h5>\n<p>Os prazos de entrega variam consoante o destino. Contacte-nos para obter estimativas de entrega espec\u00edficas para a sua localiza\u00e7\u00e3o.<\/p>\n<h5>Existem quest\u00f5es alfandeg\u00e1rias ou taxas adicionais que eu deva ter em conta para as encomendas europeias?<\/h5>\n<p>Tratamos do desalfandegamento das encomendas europeias para garantir um processo de entrega sem problemas. Embora nos esforcemos por evitar taxas adicionais, tenha em aten\u00e7\u00e3o que as pol\u00edticas aduaneiras podem variar e quaisquer taxas potenciais s\u00e3o da responsabilidade do comprador.<\/p>\n<h5>Como posso ter a certeza da qualidade do produto e da fiabilidade do vosso servi\u00e7o?<\/h5>\n<p>Damos prioridade \u00e0 satisfa\u00e7\u00e3o do cliente e oferecemos op\u00e7\u00f5es de pagamento seguras. Tamb\u00e9m pode ver as opini\u00f5es dos clientes em plataformas fi\u00e1veis para verificar o nosso compromisso com a qualidade e o servi\u00e7o.<\/p>","protected":false},"excerpt":{"rendered":"<p>Aumente o seu stock com FluuM Digital Box TN 15000 Puffs por atacado! Ecr\u00e3 digital, 25ml, recarreg\u00e1vel. Oferece vapes pr\u00e1ticos e duradouros com v\u00e1rias op\u00e7\u00f5es de nicotina.<\/p>","protected":false},"featured_media":827,"comment_status":"open","ping_status":"closed","template":"","meta":[],"product_brand":[],"product_cat":[66,41,21,18,39,20,23,24,22,25,26,27,28,29,30,31,32,33,34,35,36,40],"product_tag":[],"class_list":{"0":"post-498","1":"product","2":"type-product","3":"status-publish","4":"has-post-thumbnail","6":"product_cat-fluum","7":"product_cat-15000-puffs-disposable-vape","8":"product_cat-big-puffs-vapes","9":"product_cat-different-puffs-of-disposable-vapes","10":"product_cat-digital-box-vapes","11":"product_cat-disposable-vape-types","12":"product_cat-disposable-vapes-in-austria","13":"product_cat-disposable-vapes-in-belgium","14":"product_cat-disposable-vapes-in-europe","15":"product_cat-disposable-vapes-in-france","16":"product_cat-disposable-vapes-in-germany","17":"product_cat-disposable-vapes-in-hungary","18":"product_cat-disposable-vapes-in-ltaly","19":"product_cat-disposable-vapes-in-netherlands","20":"product_cat-disposable-vapes-in-norway","21":"product_cat-disposable-vapes-in-poland","22":"product_cat-disposable-vapes-in-portugal","23":"product_cat-disposable-vapes-in-spain","24":"product_cat-disposable-vapes-in-sweden","25":"product_cat-disposable-vapes-in-switzerland","26":"product_cat-rechargeable-vapes","27":"product_cat-smart-screen-vapes","29":"first","30":"instock","31":"shipping-taxable","32":"purchasable","33":"product-type-variable","34":"has-default-attributes"},"jetpack_sharing_enabled":true,"tiered_pricing_type":"fixed","tiered_pricing_fixed_rules":{"2000":6.44000000000000039079850466805510222911834716796875},"tiered_pricing_product_settings":{"layout":"default","base_unit_name":{"singular":null,"plural":null},"default_variation":null},"tiered_pricing_minimum_quantity":1000,"tiered_pricing_roles_data":[],"tiered_pricing_percentage_rules":[],"tiered_pricing_maximum_quantity":null,"tiered_pricing_quantity_step":"10","_links":{"self":[{"href":"https:\/\/volovape.com\/pt\/wp-json\/wp\/v2\/product\/498","targetHints":{"allow":["GET"]}}],"collection":[{"href":"https:\/\/volovape.com\/pt\/wp-json\/wp\/v2\/product"}],"about":[{"href":"https:\/\/volovape.com\/pt\/wp-json\/wp\/v2\/types\/product"}],"replies":[{"embeddable":true,"href":"https:\/\/volovape.com\/pt\/wp-json\/wp\/v2\/comments?post=498"}],"wp:featuredmedia":[{"embeddable":true,"href":"https:\/\/volovape.com\/pt\/wp-json\/wp\/v2\/media\/827"}],"wp:attachment":[{"href":"https:\/\/volovape.com\/pt\/wp-json\/wp\/v2\/media?parent=498"}],"wp:term":[{"taxonomy":"product_brand","embeddable":true,"href":"https:\/\/volovape.com\/pt\/wp-json\/wp\/v2\/product_brand?post=498"},{"taxonomy":"product_cat","embeddable":true,"href":"https:\/\/volovape.com\/pt\/wp-json\/wp\/v2\/product_cat?post=498"},{"taxonomy":"product_tag","embeddable":true,"href":"https:\/\/volovape.com\/pt\/wp-json\/wp\/v2\/product_tag?post=498"}],"curies":[{"name":"wp","href":"https:\/\/api.w.org\/{rel}","templated":true}]}}