{"id":497,"date":"2024-11-21T03:30:08","date_gmt":"2024-11-21T03:30:08","guid":{"rendered":"https:\/\/volovape.com\/?post_type=product&#038;p=497"},"modified":"2025-08-20T02:44:41","modified_gmt":"2025-08-20T02:44:41","slug":"bang-king-15000-sopros","status":"publish","type":"product","link":"https:\/\/volovape.com\/pt\/product\/bang-king-15000-puffs\/","title":{"rendered":"Bang King 15000 puffs vape descart\u00e1vel - recarreg\u00e1vel, fluxo de ar ajust\u00e1vel"},"content":{"rendered":"<p><strong>Bang King 15000 Puffs Vape descart\u00e1vel<\/strong> - Vaporiza\u00e7\u00f5es personalizadas com muitas op\u00e7\u00f5es de sabores.<\/p>\n<p>O <strong>Bang King 15000 Puffs<\/strong> oferece uma experi\u00eancia de vaporiza\u00e7\u00e3o personaliz\u00e1vel com o seu fluxo de ar ajust\u00e1vel, permitindo-lhe alternar entre os estilos MTL e DTL. Desfrute de at\u00e9 <strong>15.000 baforadas<\/strong>, um generoso <strong>Capacidade para 25 ml de e-l\u00edquido<\/strong>, e um <strong>Bateria recarreg\u00e1vel de 650mAh<\/strong> com carregamento Tipo C. Escolha entre <strong>Concentra\u00e7\u00f5es de nicotina 0%, 2%, 3% ou 5%<\/strong> para corresponder \u00e0s suas prefer\u00eancias. Com 20 sabores diferentes, incluindo misturas \u00fanicas como Iogurte com Morango e Goiaba com Kiwi e Maracuj\u00e1, este dispositivo satisfaz todos os paladares. Ideal para uso pessoal ou <strong>vape descart\u00e1vel por atacado<\/strong>, o <strong>Rei do Bang 15000<\/strong> proporciona longevidade e versatilidade. Considere um <strong>encomenda por grosso<\/strong> para obter pre\u00e7os competitivos.<\/p>\n<h3><strong>Bang King 15000 Puffs Carater\u00edsticas:<\/strong><\/h3>\n<ul>\n<li>Puffs: At\u00e9 15.000<\/li>\n<li>Capacidade do E-l\u00edquido: 25ml<\/li>\n<li>Bateria: 650mAh (recarreg\u00e1vel)<\/li>\n<li>Carregamento: Tipo C<\/li>\n<li>Fluxo de ar: Ajust\u00e1vel<\/li>\n<li>Pontos fortes da nicotina: 0%, 2%, 3%, 5%<\/li>\n<li>20 sabores dispon\u00edveis<\/li>\n<\/ul>\n<h4>Perguntas frequentes<\/h4>\n<h5>Como \u00e9 que o fluxo de ar ajust\u00e1vel beneficia os diferentes estilos de vaporiza\u00e7\u00e3o?<\/h5>\n<p>O fluxo de ar ajust\u00e1vel permite-lhe personalizar a tiragem, satisfazendo as prefer\u00eancias de vaporiza\u00e7\u00e3o MTL (boca a pulm\u00e3o) e DTL (direta a pulm\u00e3o). Um fluxo de ar mais apertado imita a tragada de um cigarro tradicional, ideal para MTL, enquanto um fluxo de ar mais solto produz nuvens maiores e \u00e9 preferido para a vaporiza\u00e7\u00e3o DTL.<\/p>\n<h5>Que m\u00e9todos de envio s\u00e3o utilizados para encomendas por grosso?<\/h5>\n<p>Estabelecemos parcerias com transportadoras fi\u00e1veis como a UPS, DHL, FedEx e DPD para garantir um envio seguro e eficiente de todas as encomendas por grosso. A melhor transportadora \u00e9 escolhida com base na sua localiza\u00e7\u00e3o e no tamanho da encomenda.<\/p>\n<h5>Quanto tempo demora normalmente a expedi\u00e7\u00e3o?<\/h5>\n<p>A expedi\u00e7\u00e3o demora normalmente entre 7 e 15 dias \u00fateis. Aguarde at\u00e9 20 dias \u00fateis durante as \u00e9pocas altas ou condi\u00e7\u00f5es climat\u00e9ricas adversas.<\/p>\n<h5>Irei deparar-me com problemas alfandeg\u00e1rios ou taxas adicionais?<\/h5>\n<p>Tratamos de todos os processos de desalfandegamento para garantir uma entrega sem problemas. N\u00e3o incorrer\u00e1 em quaisquer impostos ou taxas inesperadas e garantimos o desalfandegamento de 100% para todos os envios.<\/p>\n<h5>Como posso verificar a fiabilidade da minha compra?<\/h5>\n<p>Oferecemos op\u00e7\u00f5es de pagamento seguro atrav\u00e9s do PayPal, que inclui a prote\u00e7\u00e3o do comprador. Tamb\u00e9m pode consultar os coment\u00e1rios dos nossos clientes em <a href=\"https:\/\/www.trustpilot.com\/review\/volovape.com?utm_medium=trustbox&amp;utm_source=TrustBoxReviewCollector\">TrustPilot<\/a> para confirmar o nosso empenhamento na qualidade e no servi\u00e7o.<\/p>","protected":false},"excerpt":{"rendered":"<p>Maximize as vendas de vape com o Bang King 15000 Puffs por atacado! Fluxo de ar ajust\u00e1vel, 25ml, recarreg\u00e1vel. Estoque de vapes personaliz\u00e1veis com diversas op\u00e7\u00f5es de nicotina e sabor.<\/p>","protected":false},"featured_media":809,"comment_status":"open","ping_status":"closed","template":"","meta":[],"product_brand":[],"product_cat":[61,41,21,18,20,23,24,22,25,26,27,28,29,30,31,32,33,34,35,36],"product_tag":[],"class_list":{"0":"post-497","1":"product","2":"type-product","3":"status-publish","4":"has-post-thumbnail","6":"product_cat-bang","7":"product_cat-15000-puffs-disposable-vape","8":"product_cat-big-puffs-vapes","9":"product_cat-different-puffs-of-disposable-vapes","10":"product_cat-disposable-vape-types","11":"product_cat-disposable-vapes-in-austria","12":"product_cat-disposable-vapes-in-belgium","13":"product_cat-disposable-vapes-in-europe","14":"product_cat-disposable-vapes-in-france","15":"product_cat-disposable-vapes-in-germany","16":"product_cat-disposable-vapes-in-hungary","17":"product_cat-disposable-vapes-in-ltaly","18":"product_cat-disposable-vapes-in-netherlands","19":"product_cat-disposable-vapes-in-norway","20":"product_cat-disposable-vapes-in-poland","21":"product_cat-disposable-vapes-in-portugal","22":"product_cat-disposable-vapes-in-spain","23":"product_cat-disposable-vapes-in-sweden","24":"product_cat-disposable-vapes-in-switzerland","25":"product_cat-rechargeable-vapes","27":"first","28":"instock","29":"shipping-taxable","30":"purchasable","31":"product-type-variable","32":"has-default-attributes"},"jetpack_sharing_enabled":true,"tiered_pricing_type":"fixed","tiered_pricing_fixed_rules":{"2000":3.520000000000000017763568394002504646778106689453125},"tiered_pricing_product_settings":{"layout":"default","base_unit_name":{"singular":null,"plural":null},"default_variation":null},"tiered_pricing_minimum_quantity":1000,"tiered_pricing_roles_data":[],"tiered_pricing_percentage_rules":[],"tiered_pricing_maximum_quantity":null,"tiered_pricing_quantity_step":"10","_links":{"self":[{"href":"https:\/\/volovape.com\/pt\/wp-json\/wp\/v2\/product\/497","targetHints":{"allow":["GET"]}}],"collection":[{"href":"https:\/\/volovape.com\/pt\/wp-json\/wp\/v2\/product"}],"about":[{"href":"https:\/\/volovape.com\/pt\/wp-json\/wp\/v2\/types\/product"}],"replies":[{"embeddable":true,"href":"https:\/\/volovape.com\/pt\/wp-json\/wp\/v2\/comments?post=497"}],"wp:featuredmedia":[{"embeddable":true,"href":"https:\/\/volovape.com\/pt\/wp-json\/wp\/v2\/media\/809"}],"wp:attachment":[{"href":"https:\/\/volovape.com\/pt\/wp-json\/wp\/v2\/media?parent=497"}],"wp:term":[{"taxonomy":"product_brand","embeddable":true,"href":"https:\/\/volovape.com\/pt\/wp-json\/wp\/v2\/product_brand?post=497"},{"taxonomy":"product_cat","embeddable":true,"href":"https:\/\/volovape.com\/pt\/wp-json\/wp\/v2\/product_cat?post=497"},{"taxonomy":"product_tag","embeddable":true,"href":"https:\/\/volovape.com\/pt\/wp-json\/wp\/v2\/product_tag?post=497"}],"curies":[{"name":"wp","href":"https:\/\/api.w.org\/{rel}","templated":true}]}}