{"id":496,"date":"2024-11-21T03:30:08","date_gmt":"2024-11-21T03:30:08","guid":{"rendered":"https:\/\/volovape.com\/?post_type=product&#038;p=496"},"modified":"2025-07-29T08:14:03","modified_gmt":"2025-07-29T08:14:03","slug":"vopk-barra-legal-9000-puffs","status":"publish","type":"product","link":"https:\/\/volovape.com\/pt\/product\/vopk-cool-bar-9000-puffs\/","title":{"rendered":"VOPK Cool Bar 9000 Puffs Vape descart\u00e1vel - Fluxo de ar ajust\u00e1vel, bobina de malha de 1.0\u03a9"},"content":{"rendered":"<p><strong>VOPK Cool Bar 9000 Puffs Vape descart\u00e1vel<\/strong> - Vaping personalizado com fluxo de ar ajust\u00e1vel.<\/p>\n<p>Experimente a vaporiza\u00e7\u00e3o personalizada com o <strong>VOPK Cool Bar 9000 Puffs<\/strong>. Este vape descart\u00e1vel oferece at\u00e9 <strong>9.000 baforadas<\/strong>, a <strong>Capacidade para 15 ml de e-l\u00edquido<\/strong>, e um <strong>Bateria recarreg\u00e1vel de 600mAh<\/strong> para uma utiliza\u00e7\u00e3o prolongada. A carater\u00edstica de destaque \u00e9 a sua <strong>fluxo de ar ajust\u00e1vel<\/strong>permitindo-lhe alternar entre os estilos de vaporiza\u00e7\u00e3o MTL e DTL. O <strong>Bobina de malha de 1,0\u03a9<\/strong> garante um sabor consistente e um vapor suave. Com um <strong>3% concentra\u00e7\u00e3o de nicotina<\/strong> e 10 sabores refrescantes, este dispositivo proporciona uma experi\u00eancia satisfat\u00f3ria. Ideal para uso pessoal ou <strong>vape descart\u00e1vel por atacado<\/strong>, o <strong>Barra de resfriamento VOPK 9000<\/strong> foi concebido para ser c\u00f3modo e personalizado. Considere um <strong>encomenda por grosso<\/strong> para obter pre\u00e7os competitivos.<\/p>\n<h3><strong>VOPK Cool Bar 9000 Puffs Carater\u00edsticas:<\/strong><\/h3>\n<ul>\n<li>Puffs: At\u00e9 9.000<\/li>\n<li>Capacidade do E-l\u00edquido: 15ml<\/li>\n<li>Bateria: 600mAh (recarreg\u00e1vel)<\/li>\n<li>Carregamento: Tipo C<\/li>\n<li>Bobina: 1.0\u03a9 Bobina de malha<\/li>\n<li>Fluxo de ar: Ajust\u00e1vel<\/li>\n<li>Intensidade da nicotina: 3%<\/li>\n<li>10 sabores dispon\u00edveis<\/li>\n<\/ul>\n<h4>Perguntas frequentes<\/h4>\n<h5>Como \u00e9 que o fluxo de ar ajust\u00e1vel melhora a minha experi\u00eancia de vaporiza\u00e7\u00e3o?<\/h5>\n<p>O fluxo de ar ajust\u00e1vel permite-te personalizar o teu trago, oferecendo flexibilidade entre um trago MTL (boca-pulm\u00e3o) mais apertado, tipo cigarro, e um trago DTL (direto-pulm\u00e3o) mais aberto e arejado. Esta personaliza\u00e7\u00e3o permite-lhe encontrar o equil\u00edbrio perfeito entre o sabor e a produ\u00e7\u00e3o de vapor para satisfazer as suas prefer\u00eancias.<\/p>\n<h5>Que m\u00e9todos de envio s\u00e3o utilizados?<\/h5>\n<p>Trabalhamos com transportadoras de confian\u00e7a, como a UPS, a DHL, a FedEx e a DPD, para garantir que a sua encomenda chega de forma segura e r\u00e1pida. O m\u00e9todo de envio mais adequado \u00e9 selecionado com base na sua localiza\u00e7\u00e3o.<\/p>\n<h5>Quanto tempo demora a minha encomenda a chegar?<\/h5>\n<p>A entrega demora normalmente 7 a 15 dias \u00fateis. Por favor, tenha em conta poss\u00edveis atrasos de at\u00e9 20 dias \u00fateis durante feriados ou condi\u00e7\u00f5es climat\u00e9ricas adversas.<\/p>\n<h5>Existem taxas ou quest\u00f5es aduaneiras que eu deva ter em conta?<\/h5>\n<p>Gerimos todos os procedimentos de desalfandegamento para garantir uma entrega sem problemas. N\u00e3o ter\u00e1 de pagar quaisquer impostos ou taxas adicionais e asseguramos o desalfandegamento de 100% em todos os envios.<\/p>\n<h5>A minha compra \u00e9 segura e fi\u00e1vel?<\/h5>\n<p>Oferecemos op\u00e7\u00f5es de pagamento seguras atrav\u00e9s do PayPal, que inclui a prote\u00e7\u00e3o do comprador. Tamb\u00e9m pode verificar a nossa fiabilidade analisando os coment\u00e1rios dos clientes em <a href=\"https:\/\/www.trustpilot.com\/review\/volovape.com?utm_medium=trustbox&amp;utm_source=TrustBoxReviewCollector\">TrustPilot<\/a>.<\/p>","protected":false},"excerpt":{"rendered":"<p>Aumente as vendas de vapor com o atacado VOPK Cool Bar 9000 Puffs! Fluxo de ar ajust\u00e1vel, bobina de malha de 1.0\u03a9, 15ml, recarreg\u00e1vel. Ofere\u00e7a vapes personaliz\u00e1veis com sabores refrescantes.<\/p>","protected":false},"featured_media":798,"comment_status":"open","ping_status":"closed","template":"","meta":[],"product_brand":[],"product_cat":[65,48,21,18,20,23,24,22,25,26,27,28,29,30,31,32,33,34,35,36],"product_tag":[],"class_list":{"0":"post-496","1":"product","2":"type-product","3":"status-publish","4":"has-post-thumbnail","6":"product_cat-vopk","7":"product_cat-9000-puffs-disposable-vape","8":"product_cat-big-puffs-vapes","9":"product_cat-different-puffs-of-disposable-vapes","10":"product_cat-disposable-vape-types","11":"product_cat-disposable-vapes-in-austria","12":"product_cat-disposable-vapes-in-belgium","13":"product_cat-disposable-vapes-in-europe","14":"product_cat-disposable-vapes-in-france","15":"product_cat-disposable-vapes-in-germany","16":"product_cat-disposable-vapes-in-hungary","17":"product_cat-disposable-vapes-in-ltaly","18":"product_cat-disposable-vapes-in-netherlands","19":"product_cat-disposable-vapes-in-norway","20":"product_cat-disposable-vapes-in-poland","21":"product_cat-disposable-vapes-in-portugal","22":"product_cat-disposable-vapes-in-spain","23":"product_cat-disposable-vapes-in-sweden","24":"product_cat-disposable-vapes-in-switzerland","25":"product_cat-rechargeable-vapes","27":"first","28":"instock","29":"shipping-taxable","30":"purchasable","31":"product-type-variable","32":"has-default-attributes"},"jetpack_sharing_enabled":true,"tiered_pricing_type":"fixed","tiered_pricing_fixed_rules":{"30":6.5,"50":6.4900000000000002131628207280300557613372802734375,"100":6.29000000000000003552713678800500929355621337890625,"200":5.78000000000000024868995751603506505489349365234375,"400":5.04000000000000003552713678800500929355621337890625},"tiered_pricing_product_settings":{"layout":"default","base_unit_name":{"singular":null,"plural":null},"default_variation":null},"tiered_pricing_minimum_quantity":10,"tiered_pricing_roles_data":[],"tiered_pricing_percentage_rules":[],"tiered_pricing_maximum_quantity":null,"tiered_pricing_quantity_step":"10","_links":{"self":[{"href":"https:\/\/volovape.com\/pt\/wp-json\/wp\/v2\/product\/496","targetHints":{"allow":["GET"]}}],"collection":[{"href":"https:\/\/volovape.com\/pt\/wp-json\/wp\/v2\/product"}],"about":[{"href":"https:\/\/volovape.com\/pt\/wp-json\/wp\/v2\/types\/product"}],"replies":[{"embeddable":true,"href":"https:\/\/volovape.com\/pt\/wp-json\/wp\/v2\/comments?post=496"}],"wp:featuredmedia":[{"embeddable":true,"href":"https:\/\/volovape.com\/pt\/wp-json\/wp\/v2\/media\/798"}],"wp:attachment":[{"href":"https:\/\/volovape.com\/pt\/wp-json\/wp\/v2\/media?parent=496"}],"wp:term":[{"taxonomy":"product_brand","embeddable":true,"href":"https:\/\/volovape.com\/pt\/wp-json\/wp\/v2\/product_brand?post=496"},{"taxonomy":"product_cat","embeddable":true,"href":"https:\/\/volovape.com\/pt\/wp-json\/wp\/v2\/product_cat?post=496"},{"taxonomy":"product_tag","embeddable":true,"href":"https:\/\/volovape.com\/pt\/wp-json\/wp\/v2\/product_tag?post=496"}],"curies":[{"name":"wp","href":"https:\/\/api.w.org\/{rel}","templated":true}]}}