{"id":494,"date":"2024-11-21T03:30:07","date_gmt":"2024-11-21T03:30:07","guid":{"rendered":"https:\/\/volovape.com\/?post_type=product&#038;p=494"},"modified":"2025-11-19T07:50:31","modified_gmt":"2025-11-19T07:50:31","slug":"narguile-shisha-vopk-15000-baforadas","status":"publish","type":"product","link":"https:\/\/volovape.com\/pt\/product\/vopk-shisha-hookah-15000-puffs\/","title":{"rendered":"VOPK Narguil\u00e9 15000 Puffs Vape descart\u00e1vel - Bobina de malha 0.6\u03a9, recarreg\u00e1vel"},"content":{"rendered":"<p><strong>VOPK Narguil\u00e9 15000 Puffs Vape descart\u00e1vel<\/strong> - Experi\u00eancia aut\u00eantica de narguil\u00e9 com uma potente bobina de malha.<\/p>\n<p>Experimente os sabores ricos e suaves do narguil\u00e9 tradicional num pr\u00e1tico formato descart\u00e1vel com o <strong>Narguil\u00e9 VOPK Shisha 15000 Puffs<\/strong>. Este dispositivo oferece uma impressionante capacidade de 15.000 baforadas, um reservat\u00f3rio de 20 ml de e-l\u00edquido e uma bateria recarreg\u00e1vel de 650 mAh. A bobina de malha de 0,6\u03a9 \u00e9 optimizada para nuvens grandes e saborosas, reproduzindo a aut\u00eantica experi\u00eancia do cachimbo de \u00e1gua. Escolha entre as dosagens de nicotina 0%, 2%, 3% ou 5% e desfrute de 10 sabores inspirados no narguil\u00e9. Ideal para uso pessoal e <strong>vape descart\u00e1vel por atacado<\/strong> ou <strong>encomendas por grosso<\/strong>.<\/p>\n<h3><strong>VOPK Narguil\u00e9 15000 Puffs Carater\u00edsticas:<\/strong><\/h3>\n<ul>\n<li>Puffs: At\u00e9 15.000<\/li>\n<li>Capacidade do E-l\u00edquido: 20mL<\/li>\n<li>Bateria: 650mAh (recarreg\u00e1vel)<\/li>\n<li>Carregamento: Tipo C<\/li>\n<li>Bobina: Bobina de malha de 0,6\u03a9<\/li>\n<li>Pontos fortes da nicotina: 0%, 2%, 3%, 5%<\/li>\n<li>10 sabores inspirados no narguil\u00e9<\/li>\n<\/ul>\n<h4>Perguntas frequentes<\/h4>\n<h5>Que op\u00e7\u00f5es de envio est\u00e3o dispon\u00edveis?<\/h5>\n<p>Trabalhamos com uma variedade de transportadoras para oferecer op\u00e7\u00f5es de envio fi\u00e1veis. O m\u00e9todo mais adequado \u00e9 escolhido com base na sua localiza\u00e7\u00e3o para garantir a entrega atempada da sua <strong>vape descart\u00e1vel<\/strong> produtos. Tenha em aten\u00e7\u00e3o que, devido \u00e0 regulamenta\u00e7\u00e3o, o envio de produtos para vaporiza\u00e7\u00e3o tornou-se mais restrito e que os servi\u00e7os de transportadoras como a UPS, a DHL e a FedEx j\u00e1 n\u00e3o est\u00e3o dispon\u00edveis.<\/p>\n<h5>Quanto tempo demora normalmente a entrega normal?<\/h5>\n<p>A entrega normal demora geralmente 7 a 15 dias \u00fateis. Tenha em conta eventuais atrasos durante os feriados ou devido a condi\u00e7\u00f5es climat\u00e9ricas adversas, que podem prolongar os prazos de entrega at\u00e9 20 dias \u00fateis.<\/p>\n<h5>Os procedimentos aduaneiros s\u00e3o tratados?<\/h5>\n<p>Tratamos dos procedimentos alfandeg\u00e1rios necess\u00e1rios para garantir um processo de entrega sem problemas. O nosso objetivo \u00e9 minimizar quaisquer problemas potenciais, no entanto, tenha em aten\u00e7\u00e3o que, devido \u00e0s situa\u00e7\u00f5es legais em torno dos produtos vaporizadores, a qualquer momento, as ag\u00eancias alfandeg\u00e1rias podem parar ou suspender uma encomenda, e que esta situa\u00e7\u00e3o estaria fora do nosso controlo.<\/p>\n<h5>Como \u00e9 que a bobina de malha de 0,6\u03a9 melhora a experi\u00eancia de vaporiza\u00e7\u00e3o tipo shisha?<\/h5>\n<p>A bobina de malha de 0,6\u03a9 foi especificamente concebida para produzir nuvens maiores e mais densas e proporcionar sabores ricos e intensos, reproduzindo a tra\u00e7\u00e3o suave e satisfat\u00f3ria de um narguil\u00e9 tradicional. Esta bobina optimiza a produ\u00e7\u00e3o de vapor e o fornecimento de sabor, proporcionando uma experi\u00eancia aut\u00eantica de narguil\u00e9 em cada baforada.<\/p>\n<h5>A minha compra \u00e9 segura?<\/h5>\n<p>Oferecemos op\u00e7\u00f5es de pagamento seguras, especialmente atrav\u00e9s de plataformas como o Paypal, que proporcionam prote\u00e7\u00e3o ao comprador. Embora as cr\u00edticas possam ajudar a tomar decis\u00f5es de compra, n\u00e3o as associamos diretamente.<\/p>","protected":false},"excerpt":{"rendered":"<p>Saboreie o narguil\u00e9 em viagem com o VOPK Shisha Hookah 15000 Puffs. Bobina de malha de 0,6\u03a9, 20ml, recarreg\u00e1vel. Ideal para uso pessoal ou para venda por grosso, oferecendo sabores aut\u00eanticos de narguil\u00e9.<\/p>","protected":false},"featured_media":772,"comment_status":"open","ping_status":"closed","template":"","meta":[],"product_brand":[],"product_cat":[65,41,21,18,20,23,24,22,25,26,27,28,29,30,31,32,33,34,35,36,47,40],"product_tag":[],"class_list":{"0":"post-494","1":"product","2":"type-product","3":"status-publish","4":"has-post-thumbnail","6":"product_cat-vopk","7":"product_cat-15000-puffs-disposable-vape","8":"product_cat-big-puffs-vapes","9":"product_cat-different-puffs-of-disposable-vapes","10":"product_cat-disposable-vape-types","11":"product_cat-disposable-vapes-in-austria","12":"product_cat-disposable-vapes-in-belgium","13":"product_cat-disposable-vapes-in-europe","14":"product_cat-disposable-vapes-in-france","15":"product_cat-disposable-vapes-in-germany","16":"product_cat-disposable-vapes-in-hungary","17":"product_cat-disposable-vapes-in-ltaly","18":"product_cat-disposable-vapes-in-netherlands","19":"product_cat-disposable-vapes-in-norway","20":"product_cat-disposable-vapes-in-poland","21":"product_cat-disposable-vapes-in-portugal","22":"product_cat-disposable-vapes-in-spain","23":"product_cat-disposable-vapes-in-sweden","24":"product_cat-disposable-vapes-in-switzerland","25":"product_cat-rechargeable-vapes","26":"product_cat-shisha-hookah-vapes","27":"product_cat-smart-screen-vapes","29":"first","30":"instock","31":"shipping-taxable","32":"purchasable","33":"product-type-variable","34":"has-default-attributes"},"jetpack_sharing_enabled":true,"tiered_pricing_type":"fixed","tiered_pricing_fixed_rules":{"2000":4.2599999999999997868371792719699442386627197265625},"tiered_pricing_product_settings":{"layout":"default","base_unit_name":{"singular":null,"plural":null},"default_variation":null},"tiered_pricing_minimum_quantity":10,"tiered_pricing_roles_data":[],"tiered_pricing_percentage_rules":[],"tiered_pricing_maximum_quantity":null,"tiered_pricing_quantity_step":"1000","_links":{"self":[{"href":"https:\/\/volovape.com\/pt\/wp-json\/wp\/v2\/product\/494","targetHints":{"allow":["GET"]}}],"collection":[{"href":"https:\/\/volovape.com\/pt\/wp-json\/wp\/v2\/product"}],"about":[{"href":"https:\/\/volovape.com\/pt\/wp-json\/wp\/v2\/types\/product"}],"replies":[{"embeddable":true,"href":"https:\/\/volovape.com\/pt\/wp-json\/wp\/v2\/comments?post=494"}],"wp:featuredmedia":[{"embeddable":true,"href":"https:\/\/volovape.com\/pt\/wp-json\/wp\/v2\/media\/772"}],"wp:attachment":[{"href":"https:\/\/volovape.com\/pt\/wp-json\/wp\/v2\/media?parent=494"}],"wp:term":[{"taxonomy":"product_brand","embeddable":true,"href":"https:\/\/volovape.com\/pt\/wp-json\/wp\/v2\/product_brand?post=494"},{"taxonomy":"product_cat","embeddable":true,"href":"https:\/\/volovape.com\/pt\/wp-json\/wp\/v2\/product_cat?post=494"},{"taxonomy":"product_tag","embeddable":true,"href":"https:\/\/volovape.com\/pt\/wp-json\/wp\/v2\/product_tag?post=494"}],"curies":[{"name":"wp","href":"https:\/\/api.w.org\/{rel}","templated":true}]}}