{"id":492,"date":"2024-11-21T03:30:07","date_gmt":"2024-11-21T03:30:07","guid":{"rendered":"https:\/\/volovape.com\/?post_type=product&#038;p=492"},"modified":"2025-07-26T06:14:36","modified_gmt":"2025-07-26T06:14:36","slug":"vopk-tornado-15000-puffs","status":"publish","type":"product","link":"https:\/\/volovape.com\/pt\/product\/vopk-tornado-15000-puffs\/","title":{"rendered":"VOPK TORNADO 15000 Puffs Vape descart\u00e1vel - recarreg\u00e1vel, bobina de malha de 1.0\u03a9"},"content":{"rendered":"<p><iframe title=\"Reprodutor de v\u00eddeo VideoPress\" aria-label='Reprodutor de v\u00eddeo VideoPress' width='421' height='750' src='https:\/\/videopress.com\/embed\/IVRVhbGH?hd=0&amp;cover=1' frameborder='0' allowfullscreen allow='clipboard-write'><\/iframe><script src='https:\/\/v0.wordpress.com\/js\/next\/videopress-iframe.js?m=1739540970'><\/script><\/p>\n<p><strong>VOPK TORNADO 15000 Puffs Vape descart\u00e1vel<\/strong> - Vaping prolongado com a tecnologia de bobina de malha suave.<\/p>\n<p>O <strong>VOPK TORNADO 15000 Puffs<\/strong> O vape descart\u00e1vel oferece uma experi\u00eancia de vaporiza\u00e7\u00e3o excecional com at\u00e9 15.000 baforadas e um enorme reservat\u00f3rio de e-l\u00edquido de 25mL. Com uma bateria recarreg\u00e1vel de 850mAh e uma bobina de malha de 1,0\u03a9, este dispositivo garante um vapor consistentemente suave e saboroso. Escolha entre as concentra\u00e7\u00f5es de nicotina 0%, 2%, 3% ou 5% e desfrute de 10 sabores distintos. O seu design port\u00e1til e sem manuten\u00e7\u00e3o torna-o perfeito para uso pessoal e <strong>vape descart\u00e1vel por atacado<\/strong> ou <strong>encomendas por grosso<\/strong>.<\/p>\n<h3><strong>VOPK TORNADO 15000 Puffs Carater\u00edsticas:<\/strong><\/h3>\n<ul>\n<li>Puffs: At\u00e9 15.000<\/li>\n<li>Capacidade do E-l\u00edquido: 25mL<\/li>\n<li>Bateria: 850mAh (recarreg\u00e1vel)<\/li>\n<li>Carregamento: Tipo C<\/li>\n<li>Bobina: 1.0\u03a9 Bobina de malha<\/li>\n<li>Pontos fortes da nicotina: 0%, 2%, 3%, 5%<\/li>\n<li>10 sabores \u00fanicos<\/li>\n<\/ul>\n<h4>Perguntas frequentes<\/h4>\n<h5>Que op\u00e7\u00f5es de envio est\u00e3o dispon\u00edveis?<\/h5>\n<p>Trabalhamos com uma variedade de transportadoras para oferecer op\u00e7\u00f5es de envio fi\u00e1veis. O m\u00e9todo mais adequado \u00e9 escolhido com base na sua localiza\u00e7\u00e3o para garantir a entrega atempada da sua <strong>vape descart\u00e1vel<\/strong> produtos. Tenha em aten\u00e7\u00e3o que, devido \u00e0 regulamenta\u00e7\u00e3o, o envio de produtos para vaporiza\u00e7\u00e3o tornou-se mais restrito e que os servi\u00e7os de transportadoras como a UPS, a DHL e a FedEx j\u00e1 n\u00e3o est\u00e3o dispon\u00edveis.<\/p>\n<h5>Quanto tempo demora normalmente a entrega normal?<\/h5>\n<p>A entrega normal demora geralmente 7 a 15 dias \u00fateis. Tenha em conta eventuais atrasos durante os feriados ou devido a condi\u00e7\u00f5es climat\u00e9ricas adversas, que podem prolongar os prazos de entrega at\u00e9 20 dias \u00fateis.<\/p>\n<h5>Os procedimentos aduaneiros s\u00e3o tratados?<\/h5>\n<p>Tratamos dos procedimentos alfandeg\u00e1rios necess\u00e1rios para garantir um processo de entrega sem problemas. O nosso objetivo \u00e9 minimizar quaisquer problemas potenciais, no entanto, tenha em aten\u00e7\u00e3o que, devido \u00e0s situa\u00e7\u00f5es legais em torno dos produtos vaporizadores, a qualquer momento, as ag\u00eancias alfandeg\u00e1rias podem parar ou suspender uma encomenda, e que esta situa\u00e7\u00e3o estaria fora do nosso controlo.<\/p>\n<h5>Como \u00e9 que a bobina de malha de 1.0\u03a9 melhora a experi\u00eancia de vaporiza\u00e7\u00e3o?<\/h5>\n<p>A bobina de malha de 1.0\u03a9 proporciona uma superf\u00edcie de aquecimento equilibrada, garantindo um aquecimento consistente e uniforme do e-l\u00edquido. Este design melhora o fornecimento de sabor e produz um vapor suave e satisfat\u00f3rio, proporcionando uma experi\u00eancia de vaporiza\u00e7\u00e3o premium com sabor e produ\u00e7\u00e3o de vapor consistentes.<\/p>\n<h5>A minha compra \u00e9 segura?<\/h5>\n<p>Oferecemos op\u00e7\u00f5es de pagamento seguras, especialmente atrav\u00e9s de plataformas como o Paypal, que proporcionam prote\u00e7\u00e3o ao comprador. Embora as cr\u00edticas possam ajudar a tomar decis\u00f5es de compra, n\u00e3o as associamos diretamente.<\/p>","protected":false},"excerpt":{"rendered":"<p>Gire para um sabor duradouro com o VOPK TORNADO 15000 Puffs. Malha de 1.0\u03a9, 25ml, 850mAh recarreg\u00e1vel. Ideal para uso pessoal ou venda por grosso, com v\u00e1rias op\u00e7\u00f5es de nicotina.<\/p>","protected":false},"featured_media":751,"comment_status":"open","ping_status":"closed","template":"","meta":[],"product_brand":[],"product_cat":[65,41,21,18,20,23,24,22,25,26,27,28,29,30,31,32,33,34,35,36,40],"product_tag":[],"class_list":{"0":"post-492","1":"product","2":"type-product","3":"status-publish","4":"has-post-thumbnail","6":"product_cat-vopk","7":"product_cat-15000-puffs-disposable-vape","8":"product_cat-big-puffs-vapes","9":"product_cat-different-puffs-of-disposable-vapes","10":"product_cat-disposable-vape-types","11":"product_cat-disposable-vapes-in-austria","12":"product_cat-disposable-vapes-in-belgium","13":"product_cat-disposable-vapes-in-europe","14":"product_cat-disposable-vapes-in-france","15":"product_cat-disposable-vapes-in-germany","16":"product_cat-disposable-vapes-in-hungary","17":"product_cat-disposable-vapes-in-ltaly","18":"product_cat-disposable-vapes-in-netherlands","19":"product_cat-disposable-vapes-in-norway","20":"product_cat-disposable-vapes-in-poland","21":"product_cat-disposable-vapes-in-portugal","22":"product_cat-disposable-vapes-in-spain","23":"product_cat-disposable-vapes-in-sweden","24":"product_cat-disposable-vapes-in-switzerland","25":"product_cat-rechargeable-vapes","26":"product_cat-smart-screen-vapes","28":"first","29":"instock","30":"shipping-taxable","31":"purchasable","32":"product-type-variable","33":"has-default-attributes"},"jetpack_sharing_enabled":true,"tiered_pricing_type":"fixed","tiered_pricing_fixed_rules":{"30":6.62000000000000010658141036401502788066864013671875,"50":6.19000000000000039079850466805510222911834716796875,"100":5.87999999999999989341858963598497211933135986328125,"200":5.67999999999999971578290569595992565155029296875,"400":4.87999999999999989341858963598497211933135986328125},"tiered_pricing_product_settings":{"layout":"default","base_unit_name":{"singular":null,"plural":null},"default_variation":null},"tiered_pricing_minimum_quantity":10,"tiered_pricing_roles_data":[],"tiered_pricing_percentage_rules":[],"tiered_pricing_maximum_quantity":null,"tiered_pricing_quantity_step":"10","_links":{"self":[{"href":"https:\/\/volovape.com\/pt\/wp-json\/wp\/v2\/product\/492","targetHints":{"allow":["GET"]}}],"collection":[{"href":"https:\/\/volovape.com\/pt\/wp-json\/wp\/v2\/product"}],"about":[{"href":"https:\/\/volovape.com\/pt\/wp-json\/wp\/v2\/types\/product"}],"replies":[{"embeddable":true,"href":"https:\/\/volovape.com\/pt\/wp-json\/wp\/v2\/comments?post=492"}],"wp:featuredmedia":[{"embeddable":true,"href":"https:\/\/volovape.com\/pt\/wp-json\/wp\/v2\/media\/751"}],"wp:attachment":[{"href":"https:\/\/volovape.com\/pt\/wp-json\/wp\/v2\/media?parent=492"}],"wp:term":[{"taxonomy":"product_brand","embeddable":true,"href":"https:\/\/volovape.com\/pt\/wp-json\/wp\/v2\/product_brand?post=492"},{"taxonomy":"product_cat","embeddable":true,"href":"https:\/\/volovape.com\/pt\/wp-json\/wp\/v2\/product_cat?post=492"},{"taxonomy":"product_tag","embeddable":true,"href":"https:\/\/volovape.com\/pt\/wp-json\/wp\/v2\/product_tag?post=492"}],"curies":[{"name":"wp","href":"https:\/\/api.w.org\/{rel}","templated":true}]}}