{"id":487,"date":"2024-11-21T03:30:07","date_gmt":"2024-11-21T03:30:07","guid":{"rendered":"https:\/\/volovape.com\/?post_type=product&#038;p=487"},"modified":"2025-06-19T03:44:56","modified_gmt":"2025-06-19T03:44:56","slug":"bang-tn-12000-baforadas","status":"publish","type":"product","link":"https:\/\/volovape.com\/pt\/product\/bang-tn-12000-puffs\/","title":{"rendered":"Bang Tn 12000 Puffs Vape descart\u00e1vel - Recarreg\u00e1vel, Bobina de malha"},"content":{"rendered":"<p><strong>Bang Tn 12000 Puffs Vape descart\u00e1vel<\/strong> - Vaping prolongado com desempenho melhorado da bobina de malha.<\/p>\n<p>O <strong>Bang Tn 12000 Puffs<\/strong> O vape descart\u00e1vel oferece uma experi\u00eancia de vaporiza\u00e7\u00e3o duradoura e conveniente com at\u00e9 12 000 baforadas e um reservat\u00f3rio de 20 ml de e-l\u00edquido. Com uma bateria recarreg\u00e1vel de 650mAh e tecnologia avan\u00e7ada de bobina de malha, este dispositivo garante um vapor consistentemente suave e saboroso. Escolha entre as dosagens de nicotina 0%, 2%, 3% ou 5% e desfrute de 11 sabores distintos. O seu design port\u00e1til e sem manuten\u00e7\u00e3o torna-o perfeito para uso pessoal e <strong>vape descart\u00e1vel por atacado<\/strong> ou <strong>encomendas por grosso<\/strong>.<\/p>\n<h3><strong>Bang Tn 12000 Puffs Carater\u00edsticas:<\/strong><\/h3>\n<ul>\n<li>Puffs: At\u00e9 12.000<\/li>\n<li>Capacidade do E-l\u00edquido: 20mL<\/li>\n<li>Bateria: 650mAh (recarreg\u00e1vel)<\/li>\n<li>Carregamento: Tipo C<\/li>\n<li>Bobina: Bobina de malha<\/li>\n<li>Pontos fortes da nicotina: 0%, 2%, 3%, 5%<\/li>\n<li>11 sabores \u00fanicos<\/li>\n<\/ul>\n<h4>Perguntas frequentes<\/h4>\n<h5>Quais s\u00e3o as op\u00e7\u00f5es de envio t\u00edpicas?<\/h5>\n<p>Trabalhamos com uma rede de transportadoras fi\u00e1veis para garantir que a sua encomenda \u00e9 entregue de forma eficiente. Os m\u00e9todos de envio s\u00e3o escolhidos para melhor se adaptarem \u00e0 sua localiza\u00e7\u00e3o e garantirem a chegada atempada da sua encomenda. <strong>vape descart\u00e1vel<\/strong> encomendas. Tenha em aten\u00e7\u00e3o que, devido \u00e0 regulamenta\u00e7\u00e3o, o envio de produtos para vaporiza\u00e7\u00e3o tornou-se mais restrito e que os servi\u00e7os de transportadoras como a UPS, a DHL e a FedEx j\u00e1 n\u00e3o est\u00e3o dispon\u00edveis.<\/p>\n<h5>Quanto tempo demora normalmente a entrega normal?<\/h5>\n<p>A entrega normal demora geralmente 7 a 15 dias \u00fateis. Tenha em conta eventuais atrasos durante os feriados ou devido a condi\u00e7\u00f5es climat\u00e9ricas imprevistas, que podem prolongar os prazos de entrega at\u00e9 20 dias \u00fateis.<\/p>\n<h5>Os procedimentos aduaneiros s\u00e3o tratados?<\/h5>\n<p>Tratamos dos procedimentos alfandeg\u00e1rios necess\u00e1rios para garantir um processo de entrega sem problemas. O nosso objetivo \u00e9 minimizar quaisquer problemas potenciais, no entanto, tenha em aten\u00e7\u00e3o que, devido \u00e0s situa\u00e7\u00f5es legais em torno dos produtos vaporizadores, a qualquer momento, as ag\u00eancias alfandeg\u00e1rias podem parar ou suspender uma encomenda, e que esta situa\u00e7\u00e3o estaria fora do nosso controlo.<\/p>\n<h5>Como \u00e9 que a tecnologia avan\u00e7ada da bobina de malha melhora a experi\u00eancia de vaporiza\u00e7\u00e3o?<\/h5>\n<p>A tecnologia avan\u00e7ada da bobina de malha foi concebida para otimizar o sabor e a produ\u00e7\u00e3o de vapor. Esta configura\u00e7\u00e3o da bobina garante uma experi\u00eancia de vaporiza\u00e7\u00e3o mais consistente e satisfat\u00f3ria, proporcionando um aquecimento eficiente e uma distribui\u00e7\u00e3o uniforme do e-l\u00edquido, resultando em sabores mais ricos e vapor mais suave.<\/p>\n<h5>A minha compra \u00e9 segura?<\/h5>\n<p>Damos prioridade a transac\u00e7\u00f5es seguras, especialmente atrav\u00e9s de plataformas de pagamento como o Paypal, que oferecem prote\u00e7\u00e3o ao comprador. Embora as avalia\u00e7\u00f5es possam ajudar nas decis\u00f5es de compra, n\u00e3o as associamos diretamente.<\/p>","protected":false},"excerpt":{"rendered":"<p>Experimenta um sabor consistente com o Bang Tn 12000 Puffs. Bobina de malha, 20ml, recarreg\u00e1vel. Perfeito para uso pessoal ou para venda por grosso, oferecendo uma vaporiza\u00e7\u00e3o fi\u00e1vel e diversas concentra\u00e7\u00f5es de nicotina.<\/p>","protected":false},"featured_media":687,"comment_status":"open","ping_status":"closed","template":"","meta":[],"product_brand":[],"product_cat":[61,38,21,18,20,23,24,22,25,26,27,28,29,30,31,32,33,34,35,36],"product_tag":[],"class_list":{"0":"post-487","1":"product","2":"type-product","3":"status-publish","4":"has-post-thumbnail","6":"product_cat-bang","7":"product_cat-12000-puffs-disposable-vape","8":"product_cat-big-puffs-vapes","9":"product_cat-different-puffs-of-disposable-vapes","10":"product_cat-disposable-vape-types","11":"product_cat-disposable-vapes-in-austria","12":"product_cat-disposable-vapes-in-belgium","13":"product_cat-disposable-vapes-in-europe","14":"product_cat-disposable-vapes-in-france","15":"product_cat-disposable-vapes-in-germany","16":"product_cat-disposable-vapes-in-hungary","17":"product_cat-disposable-vapes-in-ltaly","18":"product_cat-disposable-vapes-in-netherlands","19":"product_cat-disposable-vapes-in-norway","20":"product_cat-disposable-vapes-in-poland","21":"product_cat-disposable-vapes-in-portugal","22":"product_cat-disposable-vapes-in-spain","23":"product_cat-disposable-vapes-in-sweden","24":"product_cat-disposable-vapes-in-switzerland","25":"product_cat-rechargeable-vapes","27":"first","28":"instock","29":"shipping-taxable","30":"purchasable","31":"product-type-variable","32":"has-default-attributes"},"jetpack_sharing_enabled":true,"tiered_pricing_type":"fixed","tiered_pricing_fixed_rules":{"2000":6.20000000000000017763568394002504646778106689453125},"tiered_pricing_product_settings":{"layout":"default","base_unit_name":{"singular":null,"plural":null},"default_variation":null},"tiered_pricing_minimum_quantity":1000,"tiered_pricing_roles_data":[],"tiered_pricing_percentage_rules":[],"tiered_pricing_maximum_quantity":null,"tiered_pricing_quantity_step":"100","_links":{"self":[{"href":"https:\/\/volovape.com\/pt\/wp-json\/wp\/v2\/product\/487","targetHints":{"allow":["GET"]}}],"collection":[{"href":"https:\/\/volovape.com\/pt\/wp-json\/wp\/v2\/product"}],"about":[{"href":"https:\/\/volovape.com\/pt\/wp-json\/wp\/v2\/types\/product"}],"replies":[{"embeddable":true,"href":"https:\/\/volovape.com\/pt\/wp-json\/wp\/v2\/comments?post=487"}],"wp:featuredmedia":[{"embeddable":true,"href":"https:\/\/volovape.com\/pt\/wp-json\/wp\/v2\/media\/687"}],"wp:attachment":[{"href":"https:\/\/volovape.com\/pt\/wp-json\/wp\/v2\/media?parent=487"}],"wp:term":[{"taxonomy":"product_brand","embeddable":true,"href":"https:\/\/volovape.com\/pt\/wp-json\/wp\/v2\/product_brand?post=487"},{"taxonomy":"product_cat","embeddable":true,"href":"https:\/\/volovape.com\/pt\/wp-json\/wp\/v2\/product_cat?post=487"},{"taxonomy":"product_tag","embeddable":true,"href":"https:\/\/volovape.com\/pt\/wp-json\/wp\/v2\/product_tag?post=487"}],"curies":[{"name":"wp","href":"https:\/\/api.w.org\/{rel}","templated":true}]}}