{"id":424,"date":"2024-11-21T03:29:43","date_gmt":"2024-11-21T03:29:43","guid":{"rendered":"https:\/\/volovape.com\/?post_type=product&#038;p=424"},"modified":"2025-06-19T03:44:54","modified_gmt":"2025-06-19T03:44:54","slug":"voo-vaxe-15000-puffs","status":"publish","type":"product","link":"https:\/\/volovape.com\/pt\/product\/vaxe-flight-15000-puffs\/","title":{"rendered":"VAXE Flight 15000 Puffs Vape descart\u00e1vel - 1.0\u03a9 Bobina de malha, recarreg\u00e1vel"},"content":{"rendered":"<p><strong>VAXE Flight 15000 Puffs Vape descart\u00e1vel<\/strong> - Vaporiza\u00e7\u00f5es prolongadas com uma entrega de sabor robusta.<\/p>\n<p>O <strong>VAXE Voo 15000 Puffs<\/strong> proporciona uma experi\u00eancia de vaporiza\u00e7\u00e3o duradoura e satisfat\u00f3ria com at\u00e9 15.000 baforadas e um reservat\u00f3rio de e-l\u00edquido de 16 ml. Com uma bateria recarreg\u00e1vel de 650mAh e uma bobina de malha de 1,0\u03a9, este dispositivo garante uma produ\u00e7\u00e3o de vapor suave e saborosa. Com uma concentra\u00e7\u00e3o de nicotina de 5% e 10 sabores distintos, \u00e9 ideal para quem procura um vape forte e agrad\u00e1vel. O seu design port\u00e1til e pr\u00e1tico torna-o perfeito para uso pessoal e <strong>vape descart\u00e1vel por atacado<\/strong> ou <strong>encomenda por grosso<\/strong> necessidades.<\/p>\n<h3><strong>VAXE Flight 15000 Puffs Carater\u00edsticas:<\/strong><\/h3>\n<ul>\n<li>Puffs: At\u00e9 15.000<\/li>\n<li>Capacidade do E-l\u00edquido: 16mL<\/li>\n<li>Bateria: 650mAh (recarreg\u00e1vel)<\/li>\n<li>Carregamento: Tipo C<\/li>\n<li>Bobina: 1.0\u03a9 Bobina de malha<\/li>\n<li>For\u00e7a da nicotina: 5%<\/li>\n<li>10 sabores \u00fanicos<\/li>\n<\/ul>\n<h4>Perguntas frequentes<\/h4>\n<h5>Quais s\u00e3o as op\u00e7\u00f5es de envio dispon\u00edveis?<\/h5>\n<p>Temos parcerias com v\u00e1rias transportadoras para oferecer op\u00e7\u00f5es de envio fi\u00e1veis. O m\u00e9todo mais adequado \u00e9 escolhido com base na sua localiza\u00e7\u00e3o para garantir a entrega atempada da sua <strong>vape descart\u00e1vel<\/strong> produtos. Tenha em aten\u00e7\u00e3o que, devido \u00e0 regulamenta\u00e7\u00e3o, o envio de produtos para vaporiza\u00e7\u00e3o tornou-se mais restrito e que os servi\u00e7os de transportadoras como a UPS, a DHL e a FedEx j\u00e1 n\u00e3o est\u00e3o dispon\u00edveis.<\/p>\n<h5>Quanto tempo demora normalmente a expedi\u00e7\u00e3o normal?<\/h5>\n<p>O envio normal demora geralmente 7 a 15 dias \u00fateis. Tenha em conta eventuais atrasos durante os feriados ou devido a condi\u00e7\u00f5es climat\u00e9ricas adversas, que podem prolongar os prazos de entrega at\u00e9 20 dias \u00fateis.<\/p>\n<h5>Os procedimentos aduaneiros s\u00e3o tratados?<\/h5>\n<p>Tratamos dos procedimentos alfandeg\u00e1rios necess\u00e1rios para garantir um processo de entrega sem problemas. O nosso objetivo \u00e9 minimizar quaisquer problemas potenciais, no entanto, tenha em aten\u00e7\u00e3o que, devido \u00e0s situa\u00e7\u00f5es legais em torno dos produtos vaporizadores, a qualquer momento, as ag\u00eancias alfandeg\u00e1rias podem parar ou suspender uma encomenda, e que esta situa\u00e7\u00e3o estaria fora do nosso controlo.<\/p>\n<h5>Como \u00e9 que a bobina de malha de 1.0\u03a9 melhora a experi\u00eancia de vaporiza\u00e7\u00e3o?<\/h5>\n<p>A bobina de malha de 1.0\u03a9 proporciona uma superf\u00edcie de aquecimento equilibrada, garantindo um aquecimento consistente e uniforme do e-l\u00edquido. Este design melhora o fornecimento de sabor e produz um vapor suave e satisfat\u00f3rio, proporcionando uma experi\u00eancia de vaporiza\u00e7\u00e3o premium com uma forte dose de nicotina.<\/p>\n<h5>A minha compra \u00e9 segura?<\/h5>\n<p>Oferecemos op\u00e7\u00f5es de pagamento seguras, especialmente atrav\u00e9s de plataformas como o Paypal, que proporcionam prote\u00e7\u00e3o ao comprador. Embora as cr\u00edticas possam ajudar a tomar decis\u00f5es de compra, n\u00e3o as associamos diretamente.<\/p>","protected":false},"excerpt":{"rendered":"<p>Experimente o sabor prolongado com o VAXE Flight 15000 Puffs. Bobina de malha de 1,0\u03a9, 16ml, recarreg\u00e1vel, nicotina 5%. Ideal para uso pessoal ou distribui\u00e7\u00e3o por atacado.<\/p>","protected":false},"featured_media":650,"comment_status":"open","ping_status":"closed","template":"","meta":[],"product_brand":[],"product_cat":[62,41,21,18,39,20,23,24,22,25,26,27,28,29,30,31,32,33,34,35,44,36,40],"product_tag":[],"class_list":{"0":"post-424","1":"product","2":"type-product","3":"status-publish","4":"has-post-thumbnail","6":"product_cat-vaxe","7":"product_cat-15000-puffs-disposable-vape","8":"product_cat-big-puffs-vapes","9":"product_cat-different-puffs-of-disposable-vapes","10":"product_cat-digital-box-vapes","11":"product_cat-disposable-vape-types","12":"product_cat-disposable-vapes-in-austria","13":"product_cat-disposable-vapes-in-belgium","14":"product_cat-disposable-vapes-in-europe","15":"product_cat-disposable-vapes-in-france","16":"product_cat-disposable-vapes-in-germany","17":"product_cat-disposable-vapes-in-hungary","18":"product_cat-disposable-vapes-in-ltaly","19":"product_cat-disposable-vapes-in-netherlands","20":"product_cat-disposable-vapes-in-norway","21":"product_cat-disposable-vapes-in-poland","22":"product_cat-disposable-vapes-in-portugal","23":"product_cat-disposable-vapes-in-spain","24":"product_cat-disposable-vapes-in-sweden","25":"product_cat-disposable-vapes-in-switzerland","26":"product_cat-dual-mesh-vapes","27":"product_cat-rechargeable-vapes","28":"product_cat-smart-screen-vapes","30":"first","31":"instock","32":"shipping-taxable","33":"purchasable","34":"product-type-variable","35":"has-default-attributes"},"jetpack_sharing_enabled":true,"tiered_pricing_type":"fixed","tiered_pricing_fixed_rules":{"2000":5.44000000000000039079850466805510222911834716796875},"tiered_pricing_product_settings":{"layout":"default","base_unit_name":{"singular":null,"plural":null},"default_variation":null},"tiered_pricing_minimum_quantity":1000,"tiered_pricing_roles_data":[],"tiered_pricing_percentage_rules":[],"tiered_pricing_maximum_quantity":null,"tiered_pricing_quantity_step":"10","_links":{"self":[{"href":"https:\/\/volovape.com\/pt\/wp-json\/wp\/v2\/product\/424","targetHints":{"allow":["GET"]}}],"collection":[{"href":"https:\/\/volovape.com\/pt\/wp-json\/wp\/v2\/product"}],"about":[{"href":"https:\/\/volovape.com\/pt\/wp-json\/wp\/v2\/types\/product"}],"replies":[{"embeddable":true,"href":"https:\/\/volovape.com\/pt\/wp-json\/wp\/v2\/comments?post=424"}],"wp:featuredmedia":[{"embeddable":true,"href":"https:\/\/volovape.com\/pt\/wp-json\/wp\/v2\/media\/650"}],"wp:attachment":[{"href":"https:\/\/volovape.com\/pt\/wp-json\/wp\/v2\/media?parent=424"}],"wp:term":[{"taxonomy":"product_brand","embeddable":true,"href":"https:\/\/volovape.com\/pt\/wp-json\/wp\/v2\/product_brand?post=424"},{"taxonomy":"product_cat","embeddable":true,"href":"https:\/\/volovape.com\/pt\/wp-json\/wp\/v2\/product_cat?post=424"},{"taxonomy":"product_tag","embeddable":true,"href":"https:\/\/volovape.com\/pt\/wp-json\/wp\/v2\/product_tag?post=424"}],"curies":[{"name":"wp","href":"https:\/\/api.w.org\/{rel}","templated":true}]}}