{"id":423,"date":"2024-11-21T03:29:43","date_gmt":"2024-11-21T03:29:43","guid":{"rendered":"https:\/\/volovape.com\/?post_type=product&#038;p=423"},"modified":"2025-11-03T05:04:33","modified_gmt":"2025-11-03T05:04:33","slug":"bang-king-25000-sopros","status":"publish","type":"product","link":"https:\/\/volovape.com\/pt\/product\/bang-king-25000-puffs\/","title":{"rendered":"Bang King 25000 Puffs | vape descart\u00e1vel recarreg\u00e1vel - venda por grosso a granel (0%, 2%, 3%, 5% nicotina)"},"content":{"rendered":"<p>Bang King 25000 Puffs: Vape descart\u00e1vel recarreg\u00e1vel - Atacado a granel (0%, 2%, 3%, 5% Nicotina)<br \/>\n<strong>Bang King 25000 Puffs Vape descart\u00e1vel<\/strong> - Design de c\u00e1psula dupla para desfrutar do sabor durante mais tempo.<\/p>\n<p>O <strong>Bang King 25000 Puffs<\/strong> oferece uma experi\u00eancia de vaporiza\u00e7\u00e3o excecional com o seu inovador sistema dual-pod, proporcionando uma enorme capacidade de 46 ml de e-l\u00edquido (2x23 ml de c\u00e1psulas) e at\u00e9 25 000 baforadas. Alimentado por uma bateria recarreg\u00e1vel de 650mAh e com uma bobina de malha de 1,0\u03a9, este dispositivo proporciona um vapor suave e consistente e um sabor rico. Escolha entre as dosagens de nicotina 0%, 2%, 3% ou 5% e desfrute de 12 sabores deliciosos. O seu carregamento Tipo C e a conveni\u00eancia de dois pods tornam-no perfeito para uso pessoal e <strong>vape descart\u00e1vel por atacado<\/strong> ou <strong>encomendas por grosso<\/strong>.<\/p>\n<h3><strong>Bang King 25000 Puffs Carater\u00edsticas:<\/strong><\/h3>\n<ul>\n<li>Puffs: At\u00e9 25.000<\/li>\n<li>Capacidade de E-l\u00edquido: 46mL (2 c\u00e1psulas de 23mL)<\/li>\n<li>Bateria: 650mAh (recarreg\u00e1vel)<\/li>\n<li>Bobina: 1.0\u03a9 Bobina de malha<\/li>\n<li>Pontos fortes da nicotina: 0%, 2%, 3%, 5%<\/li>\n<li>Carregamento: Tipo C<\/li>\n<li>Sistema de c\u00e1psula dupla<\/li>\n<li>12 sabores \u00fanicos<\/li>\n<\/ul>\n<h4>Perguntas frequentes<\/h4>\n<h5>Que op\u00e7\u00f5es de envio est\u00e3o dispon\u00edveis?<\/h5>\n<p>Trabalhamos com v\u00e1rias transportadoras para oferecer op\u00e7\u00f5es de envio fi\u00e1veis. O m\u00e9todo mais adequado \u00e9 escolhido com base na sua localiza\u00e7\u00e3o para garantir a entrega atempada da sua <strong>vape descart\u00e1vel<\/strong> produtos. Tenha em aten\u00e7\u00e3o que, devido \u00e0 regulamenta\u00e7\u00e3o, o envio de produtos para vaporiza\u00e7\u00e3o tornou-se mais restrito e que os servi\u00e7os de transportadoras como a UPS, a DHL e a FedEx j\u00e1 n\u00e3o est\u00e3o dispon\u00edveis.<\/p>\n<h5>Quanto tempo demora normalmente a entrega normal?<\/h5>\n<p>A entrega normal demora geralmente 7 a 15 dias \u00fateis. Tenha em conta eventuais atrasos durante os feriados ou devido a condi\u00e7\u00f5es climat\u00e9ricas adversas, que podem prolongar os prazos de entrega at\u00e9 20 dias \u00fateis.<\/p>\n<h5>Os procedimentos aduaneiros s\u00e3o tratados?<\/h5>\n<p>Tratamos dos procedimentos alfandeg\u00e1rios necess\u00e1rios para garantir um processo de entrega sem problemas. O nosso objetivo \u00e9 minimizar quaisquer problemas potenciais, no entanto, tenha em aten\u00e7\u00e3o que, devido \u00e0s situa\u00e7\u00f5es legais em torno dos produtos vaporizadores, a qualquer momento, as ag\u00eancias alfandeg\u00e1rias podem parar ou suspender uma encomenda, e que esta situa\u00e7\u00e3o estaria fora do nosso controlo.<\/p>\n<h5>Como \u00e9 que o sistema de c\u00e1psula dupla melhora a experi\u00eancia de vaporiza\u00e7\u00e3o?<\/h5>\n<p>O sistema de c\u00e1psula dupla permite alternar facilmente entre duas c\u00e1psulas de e-l\u00edquido de 23 ml, proporcionando comodidade e a capacidade de alternar sabores sem necessitar de v\u00e1rios dispositivos. Este design garante uma maior dura\u00e7\u00e3o da vaporiza\u00e7\u00e3o e permite uma experi\u00eancia de sabor personaliz\u00e1vel.<\/p>\n<h5>A minha compra \u00e9 segura?<\/h5>\n<p>Oferecemos op\u00e7\u00f5es de pagamento seguras, especialmente atrav\u00e9s de plataformas como o Paypal, que proporcionam prote\u00e7\u00e3o ao comprador. Embora as cr\u00edticas possam ajudar a tomar decis\u00f5es de compra, n\u00e3o as associamos diretamente.<\/p>","protected":false},"excerpt":{"rendered":"<p>Domine o mercado dos vaporizadores descart\u00e1veis com o Bang King 25000, um vaporizador recarreg\u00e1vel de alta capacidade que oferece umas impressionantes 25.000 baforadas. Perfeito para compradores grossistas que procuram uma solu\u00e7\u00e3o de vaporiza\u00e7\u00e3o duradoura e saborosa.<\/p>","protected":false},"featured_media":640,"comment_status":"open","ping_status":"closed","template":"","meta":[],"product_brand":[],"product_cat":[61,45,21,18,20,23,24,22,25,26,27,28,29,30,31,32,33,34,35,44,36],"product_tag":[],"class_list":{"0":"post-423","1":"product","2":"type-product","3":"status-publish","4":"has-post-thumbnail","6":"product_cat-bang","7":"product_cat-25000-puffs-disposable-vape","8":"product_cat-big-puffs-vapes","9":"product_cat-different-puffs-of-disposable-vapes","10":"product_cat-disposable-vape-types","11":"product_cat-disposable-vapes-in-austria","12":"product_cat-disposable-vapes-in-belgium","13":"product_cat-disposable-vapes-in-europe","14":"product_cat-disposable-vapes-in-france","15":"product_cat-disposable-vapes-in-germany","16":"product_cat-disposable-vapes-in-hungary","17":"product_cat-disposable-vapes-in-ltaly","18":"product_cat-disposable-vapes-in-netherlands","19":"product_cat-disposable-vapes-in-norway","20":"product_cat-disposable-vapes-in-poland","21":"product_cat-disposable-vapes-in-portugal","22":"product_cat-disposable-vapes-in-spain","23":"product_cat-disposable-vapes-in-sweden","24":"product_cat-disposable-vapes-in-switzerland","25":"product_cat-dual-mesh-vapes","26":"product_cat-rechargeable-vapes","28":"first","29":"instock","30":"shipping-taxable","31":"purchasable","32":"product-type-variable","33":"has-default-attributes"},"jetpack_sharing_enabled":true,"tiered_pricing_type":"fixed","tiered_pricing_fixed_rules":{"30":6.63999999999999968025576890795491635799407958984375,"50":5.9900000000000002131628207280300557613372802734375,"100":5.25,"200":4.87999999999999989341858963598497211933135986328125,"400":4.32000000000000028421709430404007434844970703125},"tiered_pricing_product_settings":{"layout":"default","base_unit_name":{"singular":null,"plural":null},"default_variation":null},"tiered_pricing_minimum_quantity":10,"tiered_pricing_roles_data":[],"tiered_pricing_percentage_rules":[],"tiered_pricing_maximum_quantity":null,"tiered_pricing_quantity_step":"10","_links":{"self":[{"href":"https:\/\/volovape.com\/pt\/wp-json\/wp\/v2\/product\/423","targetHints":{"allow":["GET"]}}],"collection":[{"href":"https:\/\/volovape.com\/pt\/wp-json\/wp\/v2\/product"}],"about":[{"href":"https:\/\/volovape.com\/pt\/wp-json\/wp\/v2\/types\/product"}],"replies":[{"embeddable":true,"href":"https:\/\/volovape.com\/pt\/wp-json\/wp\/v2\/comments?post=423"}],"wp:featuredmedia":[{"embeddable":true,"href":"https:\/\/volovape.com\/pt\/wp-json\/wp\/v2\/media\/640"}],"wp:attachment":[{"href":"https:\/\/volovape.com\/pt\/wp-json\/wp\/v2\/media?parent=423"}],"wp:term":[{"taxonomy":"product_brand","embeddable":true,"href":"https:\/\/volovape.com\/pt\/wp-json\/wp\/v2\/product_brand?post=423"},{"taxonomy":"product_cat","embeddable":true,"href":"https:\/\/volovape.com\/pt\/wp-json\/wp\/v2\/product_cat?post=423"},{"taxonomy":"product_tag","embeddable":true,"href":"https:\/\/volovape.com\/pt\/wp-json\/wp\/v2\/product_tag?post=423"}],"curies":[{"name":"wp","href":"https:\/\/api.w.org\/{rel}","templated":true}]}}