{"id":421,"date":"2024-11-21T03:29:43","date_gmt":"2024-11-21T03:29:43","guid":{"rendered":"https:\/\/volovape.com\/?post_type=product&#038;p=421"},"modified":"2025-07-08T04:50:02","modified_gmt":"2025-07-08T04:50:02","slug":"bang-vape-rocket-18000-baforadas","status":"publish","type":"product","link":"https:\/\/volovape.com\/pt\/product\/bang-vape-rocket-18000-puffs\/","title":{"rendered":"Bang Vape Rocket 18000 Puffs Tela de LED 0% 2% 3% 5% Nicotina a granel Compre Vapes descart\u00e1veis no atacado"},"content":{"rendered":"<p><strong>Bang Vape Rocket 18000 Puffs Vape Descart\u00e1vel<\/strong> - Vaping de modo duplo com maior longevidade.<\/p>\n<p>Experimente uma versatilidade sem paralelo com o <strong>Bang Vape Rocket 18000 Puffs<\/strong>O dispositivo tem uma capacidade generosa de 26 ml de e-l\u00edquido, oferecendo at\u00e9 18 000 baforadas no modo normal e 9 000 baforadas no modo pulsado. Este dispositivo possui uma generosa capacidade de 26mL de e-l\u00edquido, uma robusta bateria recarreg\u00e1vel de 650mAh e uma avan\u00e7ada tecnologia de bobina bi-shot de rede dupla para um sabor e vapor consistentes. Escolha entre as concentra\u00e7\u00f5es de nicotina 0%, 2%, 3% ou 5% e desfrute de 12 sabores \u00fanicos. O visor digital LED e o carregamento Tipo C aumentam a conveni\u00eancia do utilizador, tornando-o perfeito para uso pessoal e <strong>vape descart\u00e1vel por atacado<\/strong> ou <strong>encomendas por grosso<\/strong>.<\/p>\n<h3><strong>Bang Vape Rocket 18000 Puffs Carater\u00edsticas:<\/strong><\/h3>\n<ul>\n<li>Puffs: At\u00e9 18.000 (modo normal), 9.000 (modo pulsado)<\/li>\n<li>Capacidade do E-l\u00edquido: 26mL<\/li>\n<li>Bateria: 650mAh (recarreg\u00e1vel)<\/li>\n<li>Carregamento: Tipo C<\/li>\n<li>Bobina: Bobina de rede dupla Bi-Shot<\/li>\n<li>Pontos fortes da nicotina: 0%, 2%, 3%, 5%<\/li>\n<li>Display digital LED<\/li>\n<li>12 sabores \u00fanicos<\/li>\n<\/ul>\n<h4>Perguntas frequentes<\/h4>\n<h5>Quais s\u00e3o as op\u00e7\u00f5es de envio t\u00edpicas?<\/h5>\n<p>Trabalhamos com uma rede de transportadoras fi\u00e1veis para garantir que a sua encomenda \u00e9 entregue de forma eficiente. Os m\u00e9todos de envio s\u00e3o escolhidos para melhor se adaptarem \u00e0 sua localiza\u00e7\u00e3o e garantirem a chegada atempada da sua encomenda. <strong>vape descart\u00e1vel<\/strong> encomendas. Tenha em aten\u00e7\u00e3o que, devido \u00e0 regulamenta\u00e7\u00e3o, o envio de produtos para vaporiza\u00e7\u00e3o tornou-se mais restrito e que os servi\u00e7os de transportadoras como a UPS, a DHL e a FedEx j\u00e1 n\u00e3o est\u00e3o dispon\u00edveis.<\/p>\n<h5>Quanto tempo demora normalmente a entrega normal?<\/h5>\n<p>A entrega normal demora geralmente 7 a 15 dias \u00fateis. Tenha em conta eventuais atrasos durante os feriados ou devido a condi\u00e7\u00f5es climat\u00e9ricas imprevistas, que podem prolongar os prazos de entrega at\u00e9 20 dias \u00fateis.<\/p>\n<h5>Os procedimentos aduaneiros s\u00e3o tratados?<\/h5>\n<p>Tratamos dos procedimentos alfandeg\u00e1rios necess\u00e1rios para garantir um processo de entrega sem problemas. O nosso objetivo \u00e9 minimizar quaisquer problemas potenciais, no entanto, tenha em aten\u00e7\u00e3o que, devido \u00e0s situa\u00e7\u00f5es legais em torno dos produtos vaporizadores, a qualquer momento, as ag\u00eancias alfandeg\u00e1rias podem parar ou suspender uma encomenda, e que esta situa\u00e7\u00e3o estaria fora do nosso controlo.<\/p>\n<h5>Qual \u00e9 a vantagem da tecnologia de bobina bi-shot de rede dupla?<\/h5>\n<p>A tecnologia de bobina bi-shot de rede dupla foi concebida para otimizar o sabor e a produ\u00e7\u00e3o de vapor. Esta configura\u00e7\u00e3o avan\u00e7ada da bobina assegura uma experi\u00eancia de vaporiza\u00e7\u00e3o mais consistente e satisfat\u00f3ria, proporcionando um aquecimento eficiente e uma distribui\u00e7\u00e3o uniforme do e-l\u00edquido.<\/p>\n<h5>Qu\u00e3o segura \u00e9 a minha compra?<\/h5>\n<p>Damos prioridade a transac\u00e7\u00f5es seguras, especialmente atrav\u00e9s de plataformas de pagamento como o Paypal, que oferecem prote\u00e7\u00e3o ao comprador. Embora as avalia\u00e7\u00f5es possam ajudar nas decis\u00f5es de compra, n\u00e3o as associamos diretamente.<\/p>","protected":false},"excerpt":{"rendered":"<p>Bang Vape Rocket 18000 Puffs oferece at\u00e9 18.000 puffs no modo regular, um reservat\u00f3rio de e-l\u00edquido de 26 ml e uma bateria recarreg\u00e1vel de 650 mAh. Com bobinas bi-shot de rede dupla, um display LED e 12 sabores deliciosos, \u00e9 o vape de longa dura\u00e7\u00e3o perfeito para qualquer prefer\u00eancia.<\/p>","protected":false},"featured_media":617,"comment_status":"open","ping_status":"closed","template":"","meta":[],"product_brand":[],"product_cat":[61,50,21,18,39,20,23,24,22,25,26,27,28,29,30,31,32,33,34,35,44,36,40],"product_tag":[],"class_list":{"0":"post-421","1":"product","2":"type-product","3":"status-publish","4":"has-post-thumbnail","6":"product_cat-bang","7":"product_cat-18000-puffs-disposable-vape","8":"product_cat-big-puffs-vapes","9":"product_cat-different-puffs-of-disposable-vapes","10":"product_cat-digital-box-vapes","11":"product_cat-disposable-vape-types","12":"product_cat-disposable-vapes-in-austria","13":"product_cat-disposable-vapes-in-belgium","14":"product_cat-disposable-vapes-in-europe","15":"product_cat-disposable-vapes-in-france","16":"product_cat-disposable-vapes-in-germany","17":"product_cat-disposable-vapes-in-hungary","18":"product_cat-disposable-vapes-in-ltaly","19":"product_cat-disposable-vapes-in-netherlands","20":"product_cat-disposable-vapes-in-norway","21":"product_cat-disposable-vapes-in-poland","22":"product_cat-disposable-vapes-in-portugal","23":"product_cat-disposable-vapes-in-spain","24":"product_cat-disposable-vapes-in-sweden","25":"product_cat-disposable-vapes-in-switzerland","26":"product_cat-dual-mesh-vapes","27":"product_cat-rechargeable-vapes","28":"product_cat-smart-screen-vapes","30":"first","31":"instock","32":"shipping-taxable","33":"purchasable","34":"product-type-variable","35":"has-default-attributes"},"jetpack_sharing_enabled":true,"tiered_pricing_type":"fixed","tiered_pricing_fixed_rules":{"2000":6},"tiered_pricing_product_settings":{"layout":"default","base_unit_name":{"singular":null,"plural":null},"default_variation":null},"tiered_pricing_minimum_quantity":1000,"tiered_pricing_roles_data":[],"tiered_pricing_percentage_rules":[],"tiered_pricing_maximum_quantity":null,"tiered_pricing_quantity_step":"10","_links":{"self":[{"href":"https:\/\/volovape.com\/pt\/wp-json\/wp\/v2\/product\/421","targetHints":{"allow":["GET"]}}],"collection":[{"href":"https:\/\/volovape.com\/pt\/wp-json\/wp\/v2\/product"}],"about":[{"href":"https:\/\/volovape.com\/pt\/wp-json\/wp\/v2\/types\/product"}],"replies":[{"embeddable":true,"href":"https:\/\/volovape.com\/pt\/wp-json\/wp\/v2\/comments?post=421"}],"wp:featuredmedia":[{"embeddable":true,"href":"https:\/\/volovape.com\/pt\/wp-json\/wp\/v2\/media\/617"}],"wp:attachment":[{"href":"https:\/\/volovape.com\/pt\/wp-json\/wp\/v2\/media?parent=421"}],"wp:term":[{"taxonomy":"product_brand","embeddable":true,"href":"https:\/\/volovape.com\/pt\/wp-json\/wp\/v2\/product_brand?post=421"},{"taxonomy":"product_cat","embeddable":true,"href":"https:\/\/volovape.com\/pt\/wp-json\/wp\/v2\/product_cat?post=421"},{"taxonomy":"product_tag","embeddable":true,"href":"https:\/\/volovape.com\/pt\/wp-json\/wp\/v2\/product_tag?post=421"}],"curies":[{"name":"wp","href":"https:\/\/api.w.org\/{rel}","templated":true}]}}