{"id":416,"date":"2024-11-21T03:29:43","date_gmt":"2024-11-21T03:29:43","guid":{"rendered":"https:\/\/volovape.com\/?post_type=product&#038;p=416"},"modified":"2026-04-08T01:50:51","modified_gmt":"2026-04-08T01:50:51","slug":"bang-vape-20000-baforadas","status":"publish","type":"product","link":"https:\/\/volovape.com\/pt\/product\/bang-vape-20000-puffs\/","title":{"rendered":"Bang Vape 20000 puffs vape descart\u00e1vel - ecr\u00e3 LED, recarreg\u00e1vel, bobina de rede"},"content":{"rendered":"<p><strong>Bang Vape 20000 Puffs Vape descart\u00e1vel<\/strong> - Experimente o Vaping prolongado com tecnologia avan\u00e7ada.<\/p>\n<p>O <strong>Bang Vape 20000 Puffs<\/strong> estabelece um novo padr\u00e3o para vapes descart\u00e1veis de alta capacidade, fornecendo at\u00e9 <strong>20.000 baforadas<\/strong> com uma generosa <strong>Reservat\u00f3rio de 25 ml de e-l\u00edquido<\/strong>. Apresentando um <strong>Bobina de malha de 0,8\u03a9<\/strong> para um vapor suave e saboroso e um <strong>Ecr\u00e3 digital LED<\/strong> para monitoriza\u00e7\u00e3o em tempo real, este dispositivo combina comodidade com tecnologia de ponta. Escolha entre <strong>Concentra\u00e7\u00f5es de nicotina 0%, 2%, 3% ou 5%<\/strong>e desfrutar de uma vasta gama de <strong>15 sabores \u00fanicos<\/strong>. O <strong>Bateria recarreg\u00e1vel de 650mAh<\/strong> com <strong>Carregamento tipo C<\/strong> garante um desempenho duradouro, tornando-o perfeito tanto para uso pessoal como para <strong>vape descart\u00e1vel por atacado<\/strong> ou <strong>encomenda por grosso<\/strong> necessidades.<\/p>\n<h3><strong>Bang Vape 20000 Puffs Carater\u00edsticas:<\/strong><\/h3>\n<ul>\n<li>Puffs: At\u00e9 20.000<\/li>\n<li>Capacidade do E-l\u00edquido: 25mL<\/li>\n<li>Bateria: 650mAh (recarreg\u00e1vel)<\/li>\n<li>Carregamento: Tipo C<\/li>\n<li>Bobina: Bobina de malha de 0,8\u03a9<\/li>\n<li>Ecr\u00e3: Ecr\u00e3 digital LED<\/li>\n<li>Pontos fortes da nicotina: 0%, 2%, 3%, 5%<\/li>\n<li>15 sabores \u00fanicos<\/li>\n<\/ul>\n<h4>Perguntas frequentes<\/h4>\n<h5>Que m\u00e9todos de envio s\u00e3o utilizados?<\/h5>\n<p>Estabelecemos parcerias com transportadoras l\u00edderes como a UPS, DHL, FedEx e DPD para garantir uma entrega r\u00e1pida e fi\u00e1vel. O m\u00e9todo de envio mais adequado \u00e9 selecionado com base na sua localiza\u00e7\u00e3o, garantindo que recebe a sua encomenda <strong>vape descart\u00e1vel<\/strong> encomendar o mais rapidamente poss\u00edvel.<\/p>\n<h5>Quanto tempo demora normalmente a entrega?<\/h5>\n<p>A entrega normal demora normalmente entre 7 e 15 dias \u00fateis. No entanto, durante os feriados ou condi\u00e7\u00f5es climat\u00e9ricas adversas, pode demorar at\u00e9 20 dias \u00fateis.<\/p>\n<h5>Terei problemas com a alf\u00e2ndega?<\/h5>\n<p>Tratamos de todos os procedimentos de desalfandegamento, garantindo uma experi\u00eancia sem complica\u00e7\u00f5es. N\u00e3o ter\u00e1 de pagar quaisquer impostos ou taxas adicionais. Garantimos o desalfandegamento 100% para todos os nossos produtos.<\/p>\n<h5>Qual \u00e9 a precis\u00e3o da contagem de baforadas e da dura\u00e7\u00e3o da bateria apresentadas no ecr\u00e3 LED?<\/h5>\n<p>O visor digital LED fornece dados precisos e em tempo real sobre o n\u00famero de baforadas e a dura\u00e7\u00e3o da bateria. Isto permite-lhe monitorizar a sua utiliza\u00e7\u00e3o e o estado da bateria com precis\u00e3o, garantindo que nunca \u00e9 apanhado desprevenido. Pode confiar na precis\u00e3o do visor para uma experi\u00eancia de vaporiza\u00e7\u00e3o consistente.<\/p>\n<h5>Posso confiar nesta compra?<\/h5>\n<p>Apoiamos o pagamento por PayPal e oferecemos prote\u00e7\u00e3o ao comprador para transac\u00e7\u00f5es seguras. Tamb\u00e9m pode verificar a nossa credibilidade consultando os coment\u00e1rios dos nossos clientes em <a href=\"https:\/\/www.trustpilot.com\/review\/volovape.com?utm_medium=trustbox&amp;utm_source=TrustBoxReviewCollector\">TrustPilot<\/a>.<\/p>","protected":false},"excerpt":{"rendered":"<p>Desfrute de uma vaporiza\u00e7\u00e3o prolongada e saborosa com o Bang Vape 20000 Puffs. Ecr\u00e3 LED, bobina de malha de 0,8\u03a9, 25ml, recarreg\u00e1vel. Perfeito para uso pessoal ou por atacado, com v\u00e1rios n\u00edveis de nicotina.<\/p>","protected":false},"featured_media":579,"comment_status":"open","ping_status":"closed","template":"","meta":[],"product_brand":[],"product_cat":[61,42,21,18,39,20,23,24,22,25,26,27,28,29,30,31,32,33,34,35,44,36,40],"product_tag":[],"class_list":{"0":"post-416","1":"product","2":"type-product","3":"status-publish","4":"has-post-thumbnail","6":"product_cat-bang","7":"product_cat-20000-puffs-disposable-vape","8":"product_cat-big-puffs-vapes","9":"product_cat-different-puffs-of-disposable-vapes","10":"product_cat-digital-box-vapes","11":"product_cat-disposable-vape-types","12":"product_cat-disposable-vapes-in-austria","13":"product_cat-disposable-vapes-in-belgium","14":"product_cat-disposable-vapes-in-europe","15":"product_cat-disposable-vapes-in-france","16":"product_cat-disposable-vapes-in-germany","17":"product_cat-disposable-vapes-in-hungary","18":"product_cat-disposable-vapes-in-ltaly","19":"product_cat-disposable-vapes-in-netherlands","20":"product_cat-disposable-vapes-in-norway","21":"product_cat-disposable-vapes-in-poland","22":"product_cat-disposable-vapes-in-portugal","23":"product_cat-disposable-vapes-in-spain","24":"product_cat-disposable-vapes-in-sweden","25":"product_cat-disposable-vapes-in-switzerland","26":"product_cat-dual-mesh-vapes","27":"product_cat-rechargeable-vapes","28":"product_cat-smart-screen-vapes","30":"first","31":"instock","32":"shipping-taxable","33":"purchasable","34":"product-type-variable","35":"has-default-attributes"},"jetpack_sharing_enabled":true,"tiered_pricing_type":"fixed","tiered_pricing_fixed_rules":{"30":6.36000000000000031974423109204508364200592041015625,"50":6.04999999999999982236431605997495353221893310546875,"100":5.30999999999999960920149533194489777088165283203125,"200":5.05999999999999960920149533194489777088165283203125,"400":4.5099999999999997868371792719699442386627197265625},"tiered_pricing_product_settings":{"layout":"default","base_unit_name":{"singular":null,"plural":null},"default_variation":null},"tiered_pricing_minimum_quantity":10,"tiered_pricing_roles_data":[],"tiered_pricing_percentage_rules":[],"tiered_pricing_maximum_quantity":null,"tiered_pricing_quantity_step":"10","_links":{"self":[{"href":"https:\/\/volovape.com\/pt\/wp-json\/wp\/v2\/product\/416","targetHints":{"allow":["GET"]}}],"collection":[{"href":"https:\/\/volovape.com\/pt\/wp-json\/wp\/v2\/product"}],"about":[{"href":"https:\/\/volovape.com\/pt\/wp-json\/wp\/v2\/types\/product"}],"replies":[{"embeddable":true,"href":"https:\/\/volovape.com\/pt\/wp-json\/wp\/v2\/comments?post=416"}],"wp:featuredmedia":[{"embeddable":true,"href":"https:\/\/volovape.com\/pt\/wp-json\/wp\/v2\/media\/579"}],"wp:attachment":[{"href":"https:\/\/volovape.com\/pt\/wp-json\/wp\/v2\/media?parent=416"}],"wp:term":[{"taxonomy":"product_brand","embeddable":true,"href":"https:\/\/volovape.com\/pt\/wp-json\/wp\/v2\/product_brand?post=416"},{"taxonomy":"product_cat","embeddable":true,"href":"https:\/\/volovape.com\/pt\/wp-json\/wp\/v2\/product_cat?post=416"},{"taxonomy":"product_tag","embeddable":true,"href":"https:\/\/volovape.com\/pt\/wp-json\/wp\/v2\/product_tag?post=416"}],"curies":[{"name":"wp","href":"https:\/\/api.w.org\/{rel}","templated":true}]}}