{"id":414,"date":"2024-11-21T03:29:42","date_gmt":"2024-11-21T03:29:42","guid":{"rendered":"https:\/\/volovape.com\/?post_type=product&#038;p=414"},"modified":"2025-07-07T03:41:56","modified_gmt":"2025-07-07T03:41:56","slug":"barra-de-cristal-caixa-elfo-600-puffs","status":"publish","type":"product","link":"https:\/\/volovape.com\/pt\/product\/elf-box-crystal-bar-600-puffs\/","title":{"rendered":"ELF BOX CRYSTAL BAR 600 Puffs Vape descart\u00e1vel - Compacto e recarreg\u00e1vel"},"content":{"rendered":"<p><iframe title=\"Reprodutor de v\u00eddeo VideoPress\" aria-label='Reprodutor de v\u00eddeo VideoPress' width='421' height='750' src='https:\/\/videopress.com\/embed\/J12z3YdL?hd=0&amp;cover=1' frameborder='0' allowfullscreen allow='clipboard-write'><\/iframe><script src='https:\/\/v0.wordpress.com\/js\/next\/videopress-iframe.js?m=1739540970'><\/script><\/p>\n<h2>ELF BOX CRYSTAL BAR 600 Puffs: Vape elegante, recarreg\u00e1vel e compacto.<\/h2>\n<p>Descubra o <strong>CAIXA ELF BARRA DE CRISTAL 600<\/strong>, um elegante e port\u00e1til <strong>vape recarreg\u00e1vel e descart\u00e1vel<\/strong> Concebido para proporcionar estilo e comodidade. Oferecendo at\u00e9 <strong>600 puffs<\/strong> com um <strong>Capacidade para 2 ml de e-l\u00edquido<\/strong> e um <strong>Bateria recarreg\u00e1vel de 500mAh<\/strong>Este dispositivo garante uma experi\u00eancia de vaporiza\u00e7\u00e3o satisfat\u00f3ria. O elegante <strong>desenho de cristais<\/strong> e <strong>1,6\u03a9 de resist\u00eancia<\/strong> proporcionam um vapor suave e saboroso num formato compacto. Escolha entre <strong>Doses de nicotina 0%, 2% ou 5%<\/strong> e desfrutar <strong>13 sabores deliciosos<\/strong>. Ideal para vaporizar em movimento e perfeito para quem procura um dispositivo elegante e sem complica\u00e7\u00f5es <strong>vape descart\u00e1vel<\/strong>, dispon\u00edvel para <strong>encomenda por grosso<\/strong> e <strong>grossista<\/strong>.<\/p>\n<h3><strong>ELF BOX CRYSTAL BAR 600 Carater\u00edsticas:<\/strong><\/h3>\n<ul>\n<li>Puffs: At\u00e9 600<\/li>\n<li>Capacidade do E-l\u00edquido: 2ml<\/li>\n<li>Bateria: 500mAh (recarreg\u00e1vel)<\/li>\n<li>Carregamento: Tipo C<\/li>\n<li>Resist\u00eancia: 1,6\u03a9<\/li>\n<li>Pontos fortes da nicotina: 0%, 2%, 5%<\/li>\n<li>13 op\u00e7\u00f5es de sabores<\/li>\n<li>Design de cristais<\/li>\n<li>Dispositivo descart\u00e1vel<\/li>\n<\/ul>\n<h4>Perguntas frequentes<\/h4>\n<h5>De que forma \u00e9 que a funcionalidade recarreg\u00e1vel beneficia os utilizadores?<\/h5>\n<p>A bateria recarreg\u00e1vel de 500mAh permite que os utilizadores maximizem a utiliza\u00e7\u00e3o do e-l\u00edquido pr\u00e9-carregado, garantindo que pode desfrutar de cada tragada sem se preocupar com o esgotamento prematuro da bateria. Esta carater\u00edstica prolonga a vida \u00fatil do dispositivo e fornece energia consistente para uma experi\u00eancia de vaporiza\u00e7\u00e3o fi\u00e1vel.<\/p>\n<h5>Que m\u00e9todos de envio s\u00e3o utilizados?<\/h5>\n<p>Cooperamos com a UPS\/DHL\/FEDEX\/DPD, etc. Escolheremos a op\u00e7\u00e3o de envio adequada em fun\u00e7\u00e3o do pa\u00eds de entrega para garantir que recebe os seus produtos o mais rapidamente poss\u00edvel.<\/p>\n<h5>Quanto tempo demora a chegar?<\/h5>\n<p>Este processo demora normalmente entre 7 e 15 dias \u00fateis, podendo chegar aos 20 dias \u00fateis nos feriados ou em condi\u00e7\u00f5es meteorol\u00f3gicas adversas.<\/p>\n<h5>Poder\u00e1 passar pela alf\u00e2ndega e causar-me-\u00e1 algum problema?<\/h5>\n<p>Garantimos que n\u00e3o ter\u00e1 qualquer problema, uma vez que trataremos do desalfandegamento e n\u00e3o haver\u00e1 impostos ou taxas. Garantimos que 100% dos nossos produtos ser\u00e3o desalfandegados.<\/p>\n<h5>Posso confiar nele?<\/h5>\n<p>Apoiamos o pagamento por PayPal e o servi\u00e7o de prote\u00e7\u00e3o do comprador. Tamb\u00e9m pode consultar os nossos coment\u00e1rios em <a href=\"https:\/\/www.trustpilot.com\/review\/volovape.com?utm_medium=trustbox&amp;utm_source=TrustBoxReviewCollector\">TrustPilot<\/a>.<\/p>","protected":false},"excerpt":{"rendered":"<p>Experimente a vaporiza\u00e7\u00e3o elegante e port\u00e1til com o ELF BOX CRYSTAL BAR 600 Puffs. Recarreg\u00e1vel, design de cristal, 2ml, resist\u00eancia de 1,6\u03a9. Perfeito para uso pessoal ou por atacado, com nicotina variada.<\/p>","protected":false},"featured_media":556,"comment_status":"open","ping_status":"closed","template":"","meta":[],"product_brand":[],"product_cat":[54,59,43,18,20,23,24,22,25,26,27,28,29,30,31,32,33,34,35,60],"product_tag":[],"class_list":{"0":"post-414","1":"product","2":"type-product","3":"status-publish","4":"has-post-thumbnail","6":"product_cat-elf-box","7":"product_cat-800-puffs-disposable-vape","8":"product_cat-crystal-vapes","9":"product_cat-different-puffs-of-disposable-vapes","10":"product_cat-disposable-vape-types","11":"product_cat-disposable-vapes-in-austria","12":"product_cat-disposable-vapes-in-belgium","13":"product_cat-disposable-vapes-in-europe","14":"product_cat-disposable-vapes-in-france","15":"product_cat-disposable-vapes-in-germany","16":"product_cat-disposable-vapes-in-hungary","17":"product_cat-disposable-vapes-in-ltaly","18":"product_cat-disposable-vapes-in-netherlands","19":"product_cat-disposable-vapes-in-norway","20":"product_cat-disposable-vapes-in-poland","21":"product_cat-disposable-vapes-in-portugal","22":"product_cat-disposable-vapes-in-spain","23":"product_cat-disposable-vapes-in-sweden","24":"product_cat-disposable-vapes-in-switzerland","25":"product_cat-mini-puffs-vapes","27":"first","28":"instock","29":"featured","30":"shipping-taxable","31":"purchasable","32":"product-type-variable","33":"has-default-attributes"},"jetpack_sharing_enabled":true,"tiered_pricing_type":"fixed","tiered_pricing_fixed_rules":{"2000":3.100000000000000088817841970012523233890533447265625},"tiered_pricing_product_settings":{"layout":"default","base_unit_name":{"singular":null,"plural":null},"default_variation":null},"tiered_pricing_minimum_quantity":1000,"tiered_pricing_roles_data":[],"tiered_pricing_percentage_rules":[],"tiered_pricing_maximum_quantity":null,"tiered_pricing_quantity_step":"10","_links":{"self":[{"href":"https:\/\/volovape.com\/pt\/wp-json\/wp\/v2\/product\/414","targetHints":{"allow":["GET"]}}],"collection":[{"href":"https:\/\/volovape.com\/pt\/wp-json\/wp\/v2\/product"}],"about":[{"href":"https:\/\/volovape.com\/pt\/wp-json\/wp\/v2\/types\/product"}],"replies":[{"embeddable":true,"href":"https:\/\/volovape.com\/pt\/wp-json\/wp\/v2\/comments?post=414"}],"wp:featuredmedia":[{"embeddable":true,"href":"https:\/\/volovape.com\/pt\/wp-json\/wp\/v2\/media\/556"}],"wp:attachment":[{"href":"https:\/\/volovape.com\/pt\/wp-json\/wp\/v2\/media?parent=414"}],"wp:term":[{"taxonomy":"product_brand","embeddable":true,"href":"https:\/\/volovape.com\/pt\/wp-json\/wp\/v2\/product_brand?post=414"},{"taxonomy":"product_cat","embeddable":true,"href":"https:\/\/volovape.com\/pt\/wp-json\/wp\/v2\/product_cat?post=414"},{"taxonomy":"product_tag","embeddable":true,"href":"https:\/\/volovape.com\/pt\/wp-json\/wp\/v2\/product_tag?post=414"}],"curies":[{"name":"wp","href":"https:\/\/api.w.org\/{rel}","templated":true}]}}