{"id":413,"date":"2024-11-21T03:29:42","date_gmt":"2024-11-21T03:29:42","guid":{"rendered":"https:\/\/volovape.com\/?post_type=product&#038;p=413"},"modified":"2025-07-07T03:41:44","modified_gmt":"2025-07-07T03:41:44","slug":"caixa-de-elfo-bk12000-puffs","status":"publish","type":"product","link":"https:\/\/volovape.com\/pt\/product\/elf-box-bk12000-puffs\/","title":{"rendered":"Vape descart\u00e1vel ELF BOX BK12000 - 12.000 baforadas, bobina de malha de 0,8\u03a9, recarreg\u00e1vel"},"content":{"rendered":"<p><iframe title=\"Reprodutor de v\u00eddeo VideoPress\" aria-label='Reprodutor de v\u00eddeo VideoPress' width='421' height='750' src='https:\/\/videopress.com\/embed\/E8nSg6O6?hd=0&amp;cover=1' frameborder='0' allowfullscreen allow='clipboard-write'><\/iframe><script src='https:\/\/v0.wordpress.com\/js\/next\/videopress-iframe.js?m=1739540970'><\/script><\/p>\n<h2>Vape descart\u00e1vel ELF BOX BK12000: Vaping prolongado com precis\u00e3o de bobina de malha.<\/h2>\n<p>Experimente uma satisfa\u00e7\u00e3o duradoura com o <strong>CAIXA DE ELFO BK12000<\/strong>com at\u00e9 <strong>12.000 baforadas<\/strong> e uma generosa <strong>Capacidade para 23 ml de e-l\u00edquido<\/strong>. Alimentado por um <strong>Bateria recarreg\u00e1vel de 650mAh<\/strong> com <strong>Carregamento tipo C<\/strong>Este dispositivo assegura um desempenho constante. O <strong>Bobina de malha de 0,8\u03a9<\/strong> proporciona um vapor excecionalmente suave e saboroso, real\u00e7ando cada tragada. Escolha entre <strong>Concentra\u00e7\u00f5es de nicotina 0%, 2%, 3% ou 5%<\/strong> para personalizar a sua experi\u00eancia. Com <strong>12 sabores diversos<\/strong>A ELF BOX BK12000 \u00e9 perfeita para quem procura um aparelho de alta capacidade, pr\u00e1tico e saboroso. <strong>vape descart\u00e1vel por atacado<\/strong> op\u00e7\u00e3o. Ideal tanto para o prazer pessoal como para <strong>encomenda por grosso<\/strong> necessidades.<\/p>\n<h3><strong>ELF BOX BK12000 Carater\u00edsticas:<\/strong><\/h3>\n<ul>\n<li>Puffs: At\u00e9 12.000<\/li>\n<li>Capacidade do E-l\u00edquido: 23ml<\/li>\n<li>Bateria: 650mAh (recarreg\u00e1vel)<\/li>\n<li>Carregamento: Tipo C<\/li>\n<li>Bobina: Bobina de malha de 0,8\u03a9<\/li>\n<li>Pontos fortes da nicotina: 0%, 2%, 3%, 5%<\/li>\n<li>12 op\u00e7\u00f5es de sabores<\/li>\n<li>Dispositivo descart\u00e1vel<\/li>\n<\/ul>\n<h4>Perguntas frequentes<\/h4>\n<h5>Como \u00e9 que a bobina de malha melhora a experi\u00eancia de vaporiza\u00e7\u00e3o?<\/h5>\n<p>A bobina de malha de 0,8\u03a9 do ELF BOX BK12000 proporciona uma superf\u00edcie de aquecimento maior, resultando num aquecimento mais uniforme e num melhor fornecimento de sabor. Esta tecnologia garante uma produ\u00e7\u00e3o de vapor consistentemente suave e saborosa durante toda a vida \u00fatil do dispositivo.<\/p>\n<h5>Que m\u00e9todos de envio s\u00e3o utilizados?<\/h5>\n<p>Cooperamos com a UPS\/DHL\/FEDEX\/DPD, etc. Escolheremos a op\u00e7\u00e3o de envio adequada em fun\u00e7\u00e3o do pa\u00eds de entrega para garantir que recebe os seus produtos o mais rapidamente poss\u00edvel.<\/p>\n<h5>Quanto tempo demora a chegar?<\/h5>\n<p>Este processo demora normalmente entre 7 e 15 dias \u00fateis, podendo chegar aos 20 dias \u00fateis nos feriados ou em condi\u00e7\u00f5es meteorol\u00f3gicas adversas.<\/p>\n<h5>Poder\u00e1 passar pela alf\u00e2ndega e causar-me-\u00e1 algum problema?<\/h5>\n<p>Garantimos que n\u00e3o ter\u00e1 qualquer problema, uma vez que trataremos do desalfandegamento e n\u00e3o haver\u00e1 impostos ou taxas. Garantimos que 100% dos nossos produtos ser\u00e3o desalfandegados.<\/p>\n<h5>Posso confiar nele?<\/h5>\n<p>Apoiamos o pagamento por PayPal e o servi\u00e7o de prote\u00e7\u00e3o do comprador. Tamb\u00e9m pode consultar os nossos coment\u00e1rios em <a href=\"https:\/\/www.trustpilot.com\/review\/volovape.com?utm_medium=trustbox&amp;utm_source=TrustBoxReviewCollector\">TrustPilot<\/a>.<\/p>","protected":false},"excerpt":{"rendered":"<p>Delicie-se com um sabor prolongado com o ELF BOX BK12000. Malha de 0,8\u03a9, 23ml, recarreg\u00e1vel. Ideal para uso pessoal ou por atacado, oferecendo vapor suave e diversas concentra\u00e7\u00f5es de nicotina.<\/p>","protected":false},"featured_media":545,"comment_status":"open","ping_status":"closed","template":"","meta":[],"product_brand":[],"product_cat":[54,38,21,18,20,23,24,22,25,26,27,28,29,30,31,32,33,34,35,36],"product_tag":[],"class_list":{"0":"post-413","1":"product","2":"type-product","3":"status-publish","4":"has-post-thumbnail","6":"product_cat-elf-box","7":"product_cat-12000-puffs-disposable-vape","8":"product_cat-big-puffs-vapes","9":"product_cat-different-puffs-of-disposable-vapes","10":"product_cat-disposable-vape-types","11":"product_cat-disposable-vapes-in-austria","12":"product_cat-disposable-vapes-in-belgium","13":"product_cat-disposable-vapes-in-europe","14":"product_cat-disposable-vapes-in-france","15":"product_cat-disposable-vapes-in-germany","16":"product_cat-disposable-vapes-in-hungary","17":"product_cat-disposable-vapes-in-ltaly","18":"product_cat-disposable-vapes-in-netherlands","19":"product_cat-disposable-vapes-in-norway","20":"product_cat-disposable-vapes-in-poland","21":"product_cat-disposable-vapes-in-portugal","22":"product_cat-disposable-vapes-in-spain","23":"product_cat-disposable-vapes-in-sweden","24":"product_cat-disposable-vapes-in-switzerland","25":"product_cat-rechargeable-vapes","27":"first","28":"instock","29":"shipping-taxable","30":"purchasable","31":"product-type-variable","32":"has-default-attributes"},"jetpack_sharing_enabled":true,"tiered_pricing_type":"fixed","tiered_pricing_fixed_rules":{"2000":5.9900000000000002131628207280300557613372802734375},"tiered_pricing_product_settings":{"layout":"default","base_unit_name":{"singular":null,"plural":null},"default_variation":null},"tiered_pricing_minimum_quantity":1000,"tiered_pricing_roles_data":[],"tiered_pricing_percentage_rules":[],"tiered_pricing_maximum_quantity":null,"tiered_pricing_quantity_step":"10","_links":{"self":[{"href":"https:\/\/volovape.com\/pt\/wp-json\/wp\/v2\/product\/413","targetHints":{"allow":["GET"]}}],"collection":[{"href":"https:\/\/volovape.com\/pt\/wp-json\/wp\/v2\/product"}],"about":[{"href":"https:\/\/volovape.com\/pt\/wp-json\/wp\/v2\/types\/product"}],"replies":[{"embeddable":true,"href":"https:\/\/volovape.com\/pt\/wp-json\/wp\/v2\/comments?post=413"}],"wp:featuredmedia":[{"embeddable":true,"href":"https:\/\/volovape.com\/pt\/wp-json\/wp\/v2\/media\/545"}],"wp:attachment":[{"href":"https:\/\/volovape.com\/pt\/wp-json\/wp\/v2\/media?parent=413"}],"wp:term":[{"taxonomy":"product_brand","embeddable":true,"href":"https:\/\/volovape.com\/pt\/wp-json\/wp\/v2\/product_brand?post=413"},{"taxonomy":"product_cat","embeddable":true,"href":"https:\/\/volovape.com\/pt\/wp-json\/wp\/v2\/product_cat?post=413"},{"taxonomy":"product_tag","embeddable":true,"href":"https:\/\/volovape.com\/pt\/wp-json\/wp\/v2\/product_tag?post=413"}],"curies":[{"name":"wp","href":"https:\/\/api.w.org\/{rel}","templated":true}]}}