{"id":409,"date":"2024-11-21T03:29:42","date_gmt":"2024-11-21T03:29:42","guid":{"rendered":"https:\/\/volovape.com\/?post_type=product&#038;p=409"},"modified":"2025-07-07T03:40:57","modified_gmt":"2025-07-07T03:40:57","slug":"mrvi-tornado-9000-puffs","status":"publish","type":"product","link":"https:\/\/volovape.com\/pt\/product\/mrvi-tornado-9000-puffs\/","title":{"rendered":"MRVI Tornado 9000 Puffs Vape descart\u00e1vel - Bobina de malha, recarreg\u00e1vel"},"content":{"rendered":"<p><strong>MRVI Tornado 9000 Puffs Vape Descart\u00e1vel<\/strong> - Vaping fi\u00e1vel e saboroso com tecnologia avan\u00e7ada de bobina de malha.<\/p>\n<p>O <strong>MRVI Tornado 9000<\/strong> O vape descart\u00e1vel proporciona uma experi\u00eancia de vaporiza\u00e7\u00e3o prolongada e de alta qualidade com at\u00e9 <strong>9.000 baforadas<\/strong> e um <strong>Reservat\u00f3rio de e-l\u00edquido de 18 ml<\/strong>. Alimentado por um <strong>Bateria recarreg\u00e1vel de 600mAh<\/strong> e com <strong>Carregamento tipo C<\/strong>Este dispositivo assegura um desempenho constante. O <strong>tecnologia avan\u00e7ada de bobinas de malha<\/strong> proporciona um vapor suave, rico e saboroso. Escolha entre <strong>Concentra\u00e7\u00f5es de nicotina 0%, 2%, 3% ou 5%<\/strong> para corresponder \u00e0s suas prefer\u00eancias. Com <strong>10 deliciosas op\u00e7\u00f5es de sabores<\/strong>O MRVI Tornado 9000 \u00e9 perfeito para <strong>vape descart\u00e1vel por atacado<\/strong>, <strong>encomendas por grosso<\/strong>, ou <strong>uso pessoal<\/strong>.<\/p>\n<h3><strong>Carater\u00edsticas do MRVI Tornado 9000:<\/strong><\/h3>\n<ul>\n<li>Puffs: At\u00e9 9.000 Puffs<\/li>\n<li>Capacidade do E-l\u00edquido: 18mL<\/li>\n<li>Bateria: 600mAh (recarreg\u00e1vel)<\/li>\n<li>Carregamento: Tipo C<\/li>\n<li>Bobina: Bobina de malha<\/li>\n<li>Pontos fortes da nicotina: 0%, 2%, 3%, 5%<\/li>\n<li>Sabores: 10 op\u00e7\u00f5es \u00fanicas<\/li>\n<li>Dispositivo descart\u00e1vel<\/li>\n<\/ul>\n<h4>Perguntas frequentes<\/h4>\n<h5>Como \u00e9 que a tecnologia avan\u00e7ada da bobina de malha melhora a experi\u00eancia de vaporiza\u00e7\u00e3o?<\/h5>\n<p>O design avan\u00e7ado da bobina em malha aumenta a \u00e1rea da superf\u00edcie de aquecimento, assegurando uma distribui\u00e7\u00e3o uniforme do calor e maximizando a vaporiza\u00e7\u00e3o do e-l\u00edquido. Isto resulta em sabores mais ricos e intensos e nuvens de vapor mais densas, proporcionando uma experi\u00eancia de vaporiza\u00e7\u00e3o superior em compara\u00e7\u00e3o com as bobinas tradicionais.<\/p>\n<h5>Que m\u00e9todos de envio s\u00e3o utilizados?<\/h5>\n<p>Estabelecemos parcerias com transportadoras fi\u00e1veis, como a UPS, a DHL, a FedEx e a DPD, para garantir que a sua encomenda \u00e9 entregue de forma r\u00e1pida e segura. O m\u00e9todo de envio mais eficiente \u00e9 selecionado com base na sua localiza\u00e7\u00e3o para otimizar a velocidade e a fiabilidade da entrega.<\/p>\n<h5>Quanto tempo demora a minha encomenda a chegar?<\/h5>\n<p>A entrega demora normalmente 7 a 15 dias \u00fateis. No entanto, durante os feriados ou condi\u00e7\u00f5es climat\u00e9ricas adversas, o prazo de entrega pode ser de 20 dias \u00fateis, o que pode provocar ligeiros atrasos no transporte.<\/p>\n<h5>Irei deparar-me com problemas alfandeg\u00e1rios ou taxas adicionais?<\/h5>\n<p>Tratamos de todos os procedimentos de desalfandegamento, garantindo uma experi\u00eancia tranquila e sem complica\u00e7\u00f5es. N\u00e3o incorrer\u00e1 em quaisquer impostos ou taxas adicionais. Asseguramos que 100% dos nossos produtos s\u00e3o desalfandegados com sucesso.<\/p>\n<h5>As compras no vosso s\u00edtio s\u00e3o seguras e fi\u00e1veis?<\/h5>\n<p>Sim, oferecemos transac\u00e7\u00f5es PayPal seguras com prote\u00e7\u00e3o do comprador. Tamb\u00e9m pode verificar a nossa fiabilidade consultando as opini\u00f5es dos nossos clientes em <a href=\"https:\/\/www.trustpilot.com\/review\/volovape.com?utm_medium=trustbox&amp;utm_source=TrustBoxReviewCollector\">TrustPilot<\/a>onde encontrar\u00e1 testemunhos de clientes satisfeitos.<\/p>","protected":false},"excerpt":{"rendered":"<p>Deixe-se envolver por um sabor duradouro com o MRVI Tornado 9000 Puffs. Malha avan\u00e7ada, 18 ml, recarreg\u00e1vel. Perfeito para uso pessoal ou por atacado, oferecendo vapor suave e diversas op\u00e7\u00f5es de nicotina.<\/p>","protected":false},"featured_media":502,"comment_status":"open","ping_status":"closed","template":"","meta":[],"product_brand":[],"product_cat":[55,48,21,18,20,23,24,22,25,26,27,28,29,30,31,32,33,34,35,36],"product_tag":[],"class_list":{"0":"post-409","1":"product","2":"type-product","3":"status-publish","4":"has-post-thumbnail","6":"product_cat-mrvi","7":"product_cat-9000-puffs-disposable-vape","8":"product_cat-big-puffs-vapes","9":"product_cat-different-puffs-of-disposable-vapes","10":"product_cat-disposable-vape-types","11":"product_cat-disposable-vapes-in-austria","12":"product_cat-disposable-vapes-in-belgium","13":"product_cat-disposable-vapes-in-europe","14":"product_cat-disposable-vapes-in-france","15":"product_cat-disposable-vapes-in-germany","16":"product_cat-disposable-vapes-in-hungary","17":"product_cat-disposable-vapes-in-ltaly","18":"product_cat-disposable-vapes-in-netherlands","19":"product_cat-disposable-vapes-in-norway","20":"product_cat-disposable-vapes-in-poland","21":"product_cat-disposable-vapes-in-portugal","22":"product_cat-disposable-vapes-in-spain","23":"product_cat-disposable-vapes-in-sweden","24":"product_cat-disposable-vapes-in-switzerland","25":"product_cat-rechargeable-vapes","27":"first","28":"instock","29":"shipping-taxable","30":"purchasable","31":"product-type-variable","32":"has-default-attributes"},"jetpack_sharing_enabled":true,"tiered_pricing_type":"fixed","tiered_pricing_fixed_rules":{"2000":5.589999999999999857891452847979962825775146484375},"tiered_pricing_product_settings":{"layout":"default","base_unit_name":{"singular":null,"plural":null},"default_variation":null},"tiered_pricing_minimum_quantity":1000,"tiered_pricing_roles_data":[],"tiered_pricing_percentage_rules":[],"tiered_pricing_maximum_quantity":null,"tiered_pricing_quantity_step":"10","_links":{"self":[{"href":"https:\/\/volovape.com\/pt\/wp-json\/wp\/v2\/product\/409","targetHints":{"allow":["GET"]}}],"collection":[{"href":"https:\/\/volovape.com\/pt\/wp-json\/wp\/v2\/product"}],"about":[{"href":"https:\/\/volovape.com\/pt\/wp-json\/wp\/v2\/types\/product"}],"replies":[{"embeddable":true,"href":"https:\/\/volovape.com\/pt\/wp-json\/wp\/v2\/comments?post=409"}],"wp:featuredmedia":[{"embeddable":true,"href":"https:\/\/volovape.com\/pt\/wp-json\/wp\/v2\/media\/502"}],"wp:attachment":[{"href":"https:\/\/volovape.com\/pt\/wp-json\/wp\/v2\/media?parent=409"}],"wp:term":[{"taxonomy":"product_brand","embeddable":true,"href":"https:\/\/volovape.com\/pt\/wp-json\/wp\/v2\/product_brand?post=409"},{"taxonomy":"product_cat","embeddable":true,"href":"https:\/\/volovape.com\/pt\/wp-json\/wp\/v2\/product_cat?post=409"},{"taxonomy":"product_tag","embeddable":true,"href":"https:\/\/volovape.com\/pt\/wp-json\/wp\/v2\/product_tag?post=409"}],"curies":[{"name":"wp","href":"https:\/\/api.w.org\/{rel}","templated":true}]}}