{"id":408,"date":"2024-11-21T03:29:42","date_gmt":"2024-11-21T03:29:42","guid":{"rendered":"https:\/\/volovape.com\/?post_type=product&#038;p=408"},"modified":"2025-08-20T02:44:51","modified_gmt":"2025-08-20T02:44:51","slug":"mrvi-chegando-10000-puffs","status":"publish","type":"product","link":"https:\/\/volovape.com\/pt\/product\/mrvi-coming-10000-puffs\/","title":{"rendered":"MRVI Coming 10000 puffs vape descart\u00e1vel com bobina de malha de 0,9\u03a9 e display de energia"},"content":{"rendered":"<p><strong>MRVI Coming 10000 Puffs Vape Descart\u00e1vel<\/strong> - Vaping fi\u00e1vel com ecr\u00e3 de pot\u00eancia e precis\u00e3o da bobina de malha.<\/p>\n<p>O <strong>MRVI A chegar 10000<\/strong> O vape descart\u00e1vel oferece uma experi\u00eancia de vaporiza\u00e7\u00e3o fi\u00e1vel e prolongada com at\u00e9 <strong>10.000 baforadas<\/strong> e um <strong>Reservat\u00f3rio de e-l\u00edquido de 19 ml<\/strong>. Alimentado por um <strong>Bateria recarreg\u00e1vel de 650mAh<\/strong> e com <strong>Carregamento tipo C<\/strong>Este dispositivo assegura um desempenho constante. O <strong>Bobina de malha de 0,9\u03a9<\/strong> proporciona um vapor suave, rico e saboroso. O sistema integrado <strong>ecr\u00e3 de alimenta\u00e7\u00e3o<\/strong> fornece monitoriza\u00e7\u00e3o em tempo real da dura\u00e7\u00e3o da bateria e dos n\u00edveis de e-l\u00edquido para maior comodidade. Escolha entre <strong>Concentra\u00e7\u00f5es de nicotina 0%, 2%, 3% ou 5%<\/strong> para corresponder \u00e0s suas prefer\u00eancias. Com <strong>8 deliciosas op\u00e7\u00f5es de sabores<\/strong>o MRVI Coming 10000 \u00e9 perfeito para <strong>vape descart\u00e1vel por atacado<\/strong>, <strong>encomendas por grosso<\/strong>, ou <strong>uso pessoal<\/strong>.<\/p>\n<h3><strong>MRVI Coming 10000 Carater\u00edsticas:<\/strong><\/h3>\n<ul>\n<li>Puffs: At\u00e9 10.000 Puffs<\/li>\n<li>Capacidade do E-l\u00edquido: 19mL<\/li>\n<li>Bateria: 650mAh (recarreg\u00e1vel)<\/li>\n<li>Carregamento: Tipo C<\/li>\n<li>Bobina: Bobina de malha de 0,9\u03a9<\/li>\n<li>Ecr\u00e3: Ecr\u00e3 de alimenta\u00e7\u00e3o (n\u00edveis de bateria e de e-l\u00edquido)<\/li>\n<li>Pontos fortes da nicotina: 0%, 2%, 3%, 5%<\/li>\n<li>Sabores: 8 op\u00e7\u00f5es \u00fanicas<\/li>\n<li>Dispositivo descart\u00e1vel<\/li>\n<\/ul>\n<h4>Perguntas frequentes<\/h4>\n<h5>Como \u00e9 que a apresenta\u00e7\u00e3o do ecr\u00e3 el\u00e9trico beneficia os utilizadores?<\/h5>\n<p>O ecr\u00e3 de alimenta\u00e7\u00e3o proporciona uma visibilidade instant\u00e2nea da dura\u00e7\u00e3o da bateria e dos n\u00edveis de e-l\u00edquido, permitindo aos utilizadores monitorizar o estado do seu dispositivo e evitar interrup\u00e7\u00f5es inesperadas. Esta funcionalidade aumenta a comodidade e assegura uma experi\u00eancia de vaporiza\u00e7\u00e3o mais controlada.<\/p>\n<h5>Que m\u00e9todos de envio s\u00e3o utilizados?<\/h5>\n<p>Estabelecemos parcerias com transportadoras fi\u00e1veis, como a UPS, a DHL, a FedEx e a DPD, para garantir que a sua encomenda \u00e9 entregue de forma r\u00e1pida e segura. O m\u00e9todo de envio mais eficiente \u00e9 selecionado com base na sua localiza\u00e7\u00e3o para otimizar a velocidade e a fiabilidade da entrega.<\/p>\n<h5>Quanto tempo demora a minha encomenda a chegar?<\/h5>\n<p>A entrega demora normalmente 7 a 15 dias \u00fateis. No entanto, durante os feriados ou condi\u00e7\u00f5es climat\u00e9ricas adversas, o prazo de entrega pode ser de 20 dias \u00fateis, o que pode provocar ligeiros atrasos no transporte.<\/p>\n<h5>Irei deparar-me com problemas alfandeg\u00e1rios ou taxas adicionais?<\/h5>\n<p>Tratamos de todos os procedimentos de desalfandegamento, garantindo uma experi\u00eancia tranquila e sem complica\u00e7\u00f5es. N\u00e3o incorrer\u00e1 em quaisquer impostos ou taxas adicionais. Asseguramos que 100% dos nossos produtos s\u00e3o desalfandegados com sucesso.<\/p>\n<h5>As compras no vosso s\u00edtio s\u00e3o seguras e fi\u00e1veis?<\/h5>\n<p>Sim, oferecemos transac\u00e7\u00f5es PayPal seguras com prote\u00e7\u00e3o do comprador. Tamb\u00e9m pode verificar a nossa fiabilidade consultando as opini\u00f5es dos nossos clientes em <a href=\"https:\/\/www.trustpilot.com\/review\/volovape.com?utm_medium=trustbox&amp;utm_source=TrustBoxReviewCollector\">TrustPilot<\/a>onde encontrar\u00e1 testemunhos de clientes satisfeitos.<\/p>","protected":false},"excerpt":{"rendered":"<p>Antecipe um sabor duradouro com o MRVI Coming 10000 Puffs. Ecr\u00e3 de alimenta\u00e7\u00e3o, malha de 0,9\u03a9, 19ml, recarreg\u00e1vel. Ideal para uso pessoal ou por atacado, proporcionando vapor suave e diversas op\u00e7\u00f5es de nicotina.<\/p>","protected":false},"featured_media":476,"comment_status":"open","ping_status":"closed","template":"","meta":[],"product_brand":[],"product_cat":[33,57,21,43,18,39,20,23,24,22,25,26,27,28,29,30,31,32,34,35,55,36,40],"product_tag":[],"class_list":{"0":"post-408","1":"product","2":"type-product","3":"status-publish","4":"has-post-thumbnail","6":"product_cat-disposable-vapes-in-spain","7":"product_cat-10000-puffs-disposable-vape","8":"product_cat-big-puffs-vapes","9":"product_cat-crystal-vapes","10":"product_cat-different-puffs-of-disposable-vapes","11":"product_cat-digital-box-vapes","12":"product_cat-disposable-vape-types","13":"product_cat-disposable-vapes-in-austria","14":"product_cat-disposable-vapes-in-belgium","15":"product_cat-disposable-vapes-in-europe","16":"product_cat-disposable-vapes-in-france","17":"product_cat-disposable-vapes-in-germany","18":"product_cat-disposable-vapes-in-hungary","19":"product_cat-disposable-vapes-in-ltaly","20":"product_cat-disposable-vapes-in-netherlands","21":"product_cat-disposable-vapes-in-norway","22":"product_cat-disposable-vapes-in-poland","23":"product_cat-disposable-vapes-in-portugal","24":"product_cat-disposable-vapes-in-sweden","25":"product_cat-disposable-vapes-in-switzerland","26":"product_cat-mrvi","27":"product_cat-rechargeable-vapes","28":"product_cat-smart-screen-vapes","30":"first","31":"instock","32":"shipping-taxable","33":"purchasable","34":"product-type-variable","35":"has-default-attributes"},"jetpack_sharing_enabled":true,"tiered_pricing_type":"fixed","tiered_pricing_fixed_rules":{"2000":4.75},"tiered_pricing_product_settings":{"layout":"default","base_unit_name":{"singular":null,"plural":null},"default_variation":null},"tiered_pricing_minimum_quantity":1000,"tiered_pricing_roles_data":[],"tiered_pricing_percentage_rules":[],"tiered_pricing_maximum_quantity":null,"tiered_pricing_quantity_step":"10","_links":{"self":[{"href":"https:\/\/volovape.com\/pt\/wp-json\/wp\/v2\/product\/408","targetHints":{"allow":["GET"]}}],"collection":[{"href":"https:\/\/volovape.com\/pt\/wp-json\/wp\/v2\/product"}],"about":[{"href":"https:\/\/volovape.com\/pt\/wp-json\/wp\/v2\/types\/product"}],"replies":[{"embeddable":true,"href":"https:\/\/volovape.com\/pt\/wp-json\/wp\/v2\/comments?post=408"}],"wp:featuredmedia":[{"embeddable":true,"href":"https:\/\/volovape.com\/pt\/wp-json\/wp\/v2\/media\/476"}],"wp:attachment":[{"href":"https:\/\/volovape.com\/pt\/wp-json\/wp\/v2\/media?parent=408"}],"wp:term":[{"taxonomy":"product_brand","embeddable":true,"href":"https:\/\/volovape.com\/pt\/wp-json\/wp\/v2\/product_brand?post=408"},{"taxonomy":"product_cat","embeddable":true,"href":"https:\/\/volovape.com\/pt\/wp-json\/wp\/v2\/product_cat?post=408"},{"taxonomy":"product_tag","embeddable":true,"href":"https:\/\/volovape.com\/pt\/wp-json\/wp\/v2\/product_tag?post=408"}],"curies":[{"name":"wp","href":"https:\/\/api.w.org\/{rel}","templated":true}]}}