{"id":407,"date":"2024-11-21T03:29:42","date_gmt":"2024-11-21T03:29:42","guid":{"rendered":"https:\/\/volovape.com\/?post_type=product&#038;p=407"},"modified":"2025-08-06T08:05:36","modified_gmt":"2025-08-06T08:05:36","slug":"mrvi-explorer-12000-baforadas","status":"publish","type":"product","link":"https:\/\/volovape.com\/pt\/product\/mrvi-explorer-12000-puffs\/","title":{"rendered":"MRVI Explorer 12000 Puffs Vape descart\u00e1vel - bobina de malha de 0,8\u03a9, visor de energia"},"content":{"rendered":"<p><strong>MRVI Explorer 12000 Puffs Vape Descart\u00e1vel<\/strong> - Vaping de alto desempenho com ecr\u00e3 de pot\u00eancia e precis\u00e3o da bobina de malha.<\/p>\n<p>O <strong>MRVI Explorer 12000<\/strong> O vape descart\u00e1vel proporciona uma experi\u00eancia de vaporiza\u00e7\u00e3o duradoura e conveniente com at\u00e9 <strong>12.000 baforadas<\/strong> e uma generosa <strong>Reservat\u00f3rio de e-l\u00edquido de 22 ml<\/strong>. Alimentado por um <strong>Bateria recarreg\u00e1vel de 650mAh<\/strong> e com <strong>Carregamento tipo C<\/strong>Este dispositivo garante uma utiliza\u00e7\u00e3o prolongada. O <strong>Bobina de malha de 0,8\u03a9<\/strong> proporciona um vapor consistentemente suave, rico e saboroso. O sistema integrado <strong>ecr\u00e3 de alimenta\u00e7\u00e3o<\/strong> oferece monitoriza\u00e7\u00e3o em tempo real da dura\u00e7\u00e3o da bateria e dos n\u00edveis de e-l\u00edquido, dando-lhe controlo sobre a sua experi\u00eancia de vaporiza\u00e7\u00e3o. Escolha entre <strong>Concentra\u00e7\u00f5es de nicotina 0%, 2%, 3% ou 5%<\/strong> para corresponder \u00e0s suas prefer\u00eancias. Com <strong>9 deliciosas op\u00e7\u00f5es de sabores<\/strong>O MRVI Explorer 12000 \u00e9 perfeito para <strong>vape descart\u00e1vel por atacado<\/strong>, <strong>encomendas por grosso<\/strong>, ou <strong>uso pessoal<\/strong>.<\/p>\n<h3><strong>MRVI Explorer 12000 Carater\u00edsticas:<\/strong><\/h3>\n<ul>\n<li>Puffs: At\u00e9 12,000 Puffs<\/li>\n<li>Capacidade do E-l\u00edquido: 22mL<\/li>\n<li>Bateria: 650mAh (recarreg\u00e1vel)<\/li>\n<li>Carregamento: Tipo C<\/li>\n<li>Bobina: Bobina de malha de 0,8\u03a9<\/li>\n<li>Ecr\u00e3: Ecr\u00e3 de alimenta\u00e7\u00e3o (n\u00edveis de bateria e de e-l\u00edquido)<\/li>\n<li>Pontos fortes da nicotina: 0%, 2%, 3%, 5%<\/li>\n<li>Sabores: 9 op\u00e7\u00f5es \u00fanicas<\/li>\n<li>Dispositivo descart\u00e1vel<\/li>\n<\/ul>\n<h4>Perguntas frequentes<\/h4>\n<h5>Como \u00e9 que o ecr\u00e3 el\u00e9trico melhora a experi\u00eancia de vaporiza\u00e7\u00e3o?<\/h5>\n<p>O ecr\u00e3 de alimenta\u00e7\u00e3o fornece informa\u00e7\u00f5es em tempo real sobre a dura\u00e7\u00e3o da bateria e os n\u00edveis de e-l\u00edquido, permitindo aos utilizadores monitorizar o seu dispositivo e evitar interrup\u00e7\u00f5es inesperadas. Esta funcionalidade garante uma experi\u00eancia de vaporiza\u00e7\u00e3o mais controlada e c\u00f3moda.<\/p>\n<h5>Que m\u00e9todos de envio s\u00e3o utilizados?<\/h5>\n<p>Estabelecemos parcerias com transportadoras fi\u00e1veis, como a UPS, a DHL, a FedEx e a DPD, para garantir que a sua encomenda \u00e9 entregue de forma r\u00e1pida e segura. O m\u00e9todo de envio mais eficiente \u00e9 selecionado com base na sua localiza\u00e7\u00e3o para otimizar a velocidade e a fiabilidade da entrega.<\/p>\n<h5>Quanto tempo demora a minha encomenda a chegar?<\/h5>\n<p>A entrega demora normalmente 7 a 15 dias \u00fateis. No entanto, durante os feriados ou condi\u00e7\u00f5es climat\u00e9ricas adversas, o prazo de entrega pode ser de 20 dias \u00fateis, o que pode provocar ligeiros atrasos no transporte.<\/p>\n<h5>Irei deparar-me com problemas alfandeg\u00e1rios ou taxas adicionais?<\/h5>\n<p>Tratamos de todos os procedimentos de desalfandegamento, garantindo uma experi\u00eancia tranquila e sem complica\u00e7\u00f5es. N\u00e3o incorrer\u00e1 em quaisquer impostos ou taxas adicionais. Asseguramos que 100% dos nossos produtos s\u00e3o desalfandegados com sucesso.<\/p>\n<h5>As compras no vosso s\u00edtio s\u00e3o seguras e fi\u00e1veis?<\/h5>\n<p>Sim, oferecemos transac\u00e7\u00f5es PayPal seguras com prote\u00e7\u00e3o do comprador. Tamb\u00e9m pode verificar a nossa fiabilidade consultando as opini\u00f5es dos nossos clientes em <a href=\"https:\/\/www.trustpilot.com\/review\/volovape.com?utm_medium=trustbox&amp;utm_source=TrustBoxReviewCollector\">TrustPilot<\/a>onde encontrar\u00e1 testemunhos de clientes satisfeitos.<\/p>","protected":false},"excerpt":{"rendered":"<p>Explore o sabor duradouro com o MRVI Explorer 12000 Puffs. Ecr\u00e3 de alimenta\u00e7\u00e3o, malha de 0,8\u03a9, 22ml, recarreg\u00e1vel. Perfeito para necessidades de vaporiza\u00e7\u00e3o pessoais ou por atacado.<\/p>","protected":false},"featured_media":466,"comment_status":"open","ping_status":"closed","template":"","meta":[],"product_brand":[],"product_cat":[55,38,21,18,39,20,23,24,22,25,26,27,28,29,30,31,32,33,34,35,36,40],"product_tag":[],"class_list":{"0":"post-407","1":"product","2":"type-product","3":"status-publish","4":"has-post-thumbnail","6":"product_cat-mrvi","7":"product_cat-12000-puffs-disposable-vape","8":"product_cat-big-puffs-vapes","9":"product_cat-different-puffs-of-disposable-vapes","10":"product_cat-digital-box-vapes","11":"product_cat-disposable-vape-types","12":"product_cat-disposable-vapes-in-austria","13":"product_cat-disposable-vapes-in-belgium","14":"product_cat-disposable-vapes-in-europe","15":"product_cat-disposable-vapes-in-france","16":"product_cat-disposable-vapes-in-germany","17":"product_cat-disposable-vapes-in-hungary","18":"product_cat-disposable-vapes-in-ltaly","19":"product_cat-disposable-vapes-in-netherlands","20":"product_cat-disposable-vapes-in-norway","21":"product_cat-disposable-vapes-in-poland","22":"product_cat-disposable-vapes-in-portugal","23":"product_cat-disposable-vapes-in-spain","24":"product_cat-disposable-vapes-in-sweden","25":"product_cat-disposable-vapes-in-switzerland","26":"product_cat-rechargeable-vapes","27":"product_cat-smart-screen-vapes","29":"first","30":"instock","31":"shipping-taxable","32":"purchasable","33":"product-type-variable","34":"has-default-attributes"},"jetpack_sharing_enabled":true,"tiered_pricing_type":"fixed","tiered_pricing_fixed_rules":{"2000":5.9900000000000002131628207280300557613372802734375},"tiered_pricing_product_settings":{"layout":"default","base_unit_name":{"singular":null,"plural":null},"default_variation":null},"tiered_pricing_minimum_quantity":1000,"tiered_pricing_roles_data":[],"tiered_pricing_percentage_rules":[],"tiered_pricing_maximum_quantity":null,"tiered_pricing_quantity_step":"10","_links":{"self":[{"href":"https:\/\/volovape.com\/pt\/wp-json\/wp\/v2\/product\/407","targetHints":{"allow":["GET"]}}],"collection":[{"href":"https:\/\/volovape.com\/pt\/wp-json\/wp\/v2\/product"}],"about":[{"href":"https:\/\/volovape.com\/pt\/wp-json\/wp\/v2\/types\/product"}],"replies":[{"embeddable":true,"href":"https:\/\/volovape.com\/pt\/wp-json\/wp\/v2\/comments?post=407"}],"wp:featuredmedia":[{"embeddable":true,"href":"https:\/\/volovape.com\/pt\/wp-json\/wp\/v2\/media\/466"}],"wp:attachment":[{"href":"https:\/\/volovape.com\/pt\/wp-json\/wp\/v2\/media?parent=407"}],"wp:term":[{"taxonomy":"product_brand","embeddable":true,"href":"https:\/\/volovape.com\/pt\/wp-json\/wp\/v2\/product_brand?post=407"},{"taxonomy":"product_cat","embeddable":true,"href":"https:\/\/volovape.com\/pt\/wp-json\/wp\/v2\/product_cat?post=407"},{"taxonomy":"product_tag","embeddable":true,"href":"https:\/\/volovape.com\/pt\/wp-json\/wp\/v2\/product_tag?post=407"}],"curies":[{"name":"wp","href":"https:\/\/api.w.org\/{rel}","templated":true}]}}