{"id":37432,"date":"2025-09-11T09:48:26","date_gmt":"2025-09-11T09:48:26","guid":{"rendered":"https:\/\/volovape.com\/?post_type=product&#038;p=37432"},"modified":"2026-04-14T05:55:19","modified_gmt":"2026-04-14T05:55:19","slug":"bangbox-80k-triple-flavor-80000-puffs-bulk-vape-descartavel-com-60ml-e-liquid","status":"publish","type":"product","link":"https:\/\/volovape.com\/pt\/product\/bangbox-80k-triple-flavor-80000-puffs-bulk-disposable-vape-with-60ml-e-liquid\/","title":{"rendered":"BANGBOX 80K 3 em 1 80000 Puffs | vape descart\u00e1vel de triplo sabor"},"content":{"rendered":"<h2>Porqu\u00ea escolher a BANGBOX 80000?<\/h2>\n<ul>\n<li>\u26a1 <strong>80.000 Puffs<\/strong> - a contagem de puffs extremos para uma satisfa\u00e7\u00e3o a longo prazo<\/li>\n<li>\ud83d\udd0b <strong>Bateria de cobalto puro de 17350-850mAh<\/strong> com descarga de 5A - pot\u00eancia consistente, sem batidas fracas<\/li>\n<li>\ud83d\udca7 <strong>60 ml de e-l\u00edquido pr\u00e9-carregado<\/strong> - dep\u00f3sito de longa dura\u00e7\u00e3o, menos problemas<\/li>\n<li>\ud83c\udf00 <strong>Bobina de malha tripla de 0,8\u03a9<\/strong> - aquecimento mais r\u00e1pido, vapor denso e sabores arrojados<\/li>\n<li>\ud83d\udd04 <strong>C\u00e1psulas de sabor triplo 3 em 1<\/strong> - alternar entre 3 sabores num \u00fanico dispositivo<\/li>\n<li>\ud83d\udcca <strong>Indicadores de bateria e e-l\u00edquido em tempo real<\/strong> - n\u00e3o h\u00e1 mais adivinha\u00e7\u00f5es<\/li>\n<li>\u26a1 <strong>Carregamento r\u00e1pido tipo C<\/strong> - solu\u00e7\u00e3o de carregamento r\u00e1pida e moderna<\/li>\n<li>\ud83c\udf1f <strong>Op\u00e7\u00f5es de nicotina: 0%, 2%, 3%, 5%<\/strong> - Adequa-se tanto a utilizadores casuais como a ex-fumadores<\/li>\n<li>\ud83d\udce6 <strong>Embalagem por grosso<\/strong> - Concebido para distribuidores e retalhistas<\/li>\n<\/ul>\n<h2>Especifica\u00e7\u00f5es<\/h2>\n<table border=\"1\" cellpadding=\"6\">\n<tbody>\n<tr>\n<td><strong>Contagem de Tragadas<\/strong><\/td>\n<td>At\u00e9 80.000 baforadas<\/td>\n<\/tr>\n<tr>\n<td><strong>Bateria<\/strong><\/td>\n<td>17350-850mAh de cobalto puro, descarga de 5A<\/td>\n<\/tr>\n<tr>\n<td><strong>Capacidade de E-l\u00edquido<\/strong><\/td>\n<td>60 ml pr\u00e9-cheios<\/td>\n<\/tr>\n<tr>\n<td><strong>Bobina<\/strong><\/td>\n<td>Bobina de malha tripla de 0,8\u03a9<\/td>\n<\/tr>\n<tr>\n<td><strong>Sistema de aromas<\/strong><\/td>\n<td>C\u00e1psulas de sabor triplo 3 em 1<\/td>\n<\/tr>\n<tr>\n<td><strong>Indicadores<\/strong><\/td>\n<td>Visor do n\u00edvel da bateria e do e-l\u00edquido<\/td>\n<\/tr>\n<tr>\n<td><strong>Carregando<\/strong><\/td>\n<td>Carregamento r\u00e1pido tipo C<\/td>\n<\/tr>\n<tr>\n<td><strong>For\u00e7a da nicotina<\/strong><\/td>\n<td>0% \/ 2% \/ 3% \/ 5%<\/td>\n<\/tr>\n<tr>\n<td><strong>Embalagem<\/strong><\/td>\n<td>Pronto para venda por grosso<\/td>\n<\/tr>\n<\/tbody>\n<\/table>\n<h2>Combina\u00e7\u00f5es de sabores - Triplicar a divers\u00e3o \ud83c\udf6d<\/h2>\n<ul>\n<li><strong>Banana com morango - Melancia com framboesa - Amor 666<\/strong> - frutado, sumarento, ousado<\/li>\n<li><strong>Frutos tropicais - Morango Melancia - Lim\u00e3o P\u00eassego<\/strong> - ex\u00f3tico e refrescante<\/li>\n<li><strong>Morango Baunilha Cola - Ma\u00e7\u00e3 \u00c1cida Framboesa - Lima Lim\u00e3o<\/strong> - efervescente, picante, doce<\/li>\n<li><strong>Uva Dupla - Morango Manga - Mirtilo Framboesa \u00c1cida Gelo<\/strong> - rico, em camadas, gelado<\/li>\n<li><strong>Gelado de melancia - Gelado de morango - Triplo mel\u00e3o<\/strong> - cremoso, fresco e fresco<\/li>\n<li><strong>Refrigerante de cola com lim\u00e3o - Pastilha el\u00e1stica de melancia - Drag\u00e3o negro gelado<\/strong> - \u00fanico, efervescente, misterioso<\/li>\n<li><strong>Triple Berry Ice - Manga P\u00eassego - Morango Kiwi<\/strong> - suave, doce, fresco<\/li>\n<li><strong>Gelado de morango - Morango Melancia - Anan\u00e1s Manga P\u00eassego<\/strong> - medley de frutas com profundidade<\/li>\n<li><strong>Coco anan\u00e1s - Gelo de morango - Gelo Blue Razz<\/strong> - toque tropical com uma pancada fresca<\/li>\n<li><strong>Lima Lim\u00e3o - Manga P\u00eassego Melancia - Mirtilo Gelado<\/strong> - picante, doce, equilibrado<\/li>\n<li><strong>Melancia Ice - Red Bull - Morango Kiwi<\/strong> - fus\u00e3o frutada energizante<\/li>\n<li><strong>Morango Kiwi - Manga \u00c1cida Anan\u00e1s - Morango Red Bull<\/strong> - doce, azedo e poderoso<\/li>\n<\/ul>\n<h2>FAQ \ud83e\udd14<\/h2>\n<p><strong>Q: Qual \u00e9 a dura\u00e7\u00e3o da BANGBOX 80000?<\/strong><br \/>\nR: Com at\u00e9 80.000 baforadas e 60 ml de e-l\u00edquido, dura mais do que a maioria dos descart\u00e1veis - semanas a meses, dependendo da utiliza\u00e7\u00e3o.<\/p>\n<p><strong>P: Posso utilizar v\u00e1rios sabores num dispositivo?<\/strong><br \/>\nR: Sim! Vem com c\u00e1psulas de sabor triplo 3 em 1 para que possas mudar de sabor em qualquer altura.<\/p>\n<p><strong>P: Existe vaporizador sem nicotina?<\/strong><br \/>\nR: Sim - escolhe a op\u00e7\u00e3o de nicotina 0% se quiseres apenas sabor e vapor.<\/p>\n<p><strong>P: Para quem \u00e9 que este dispositivo \u00e9 melhor?<\/strong><br \/>\nR: \u00c9 perfeito para utilizadores intensivos, entusiastas de sabores, lojas de vape e distribuidores grossistas.<\/p>\n<p><strong>P: Carrega-se rapidamente?<\/strong><br \/>\nR: Sim, com o carregamento r\u00e1pido do tipo C, voltar\u00e1 a vaporizar num instante.<\/p>\n<h2>Perfeito para si \u2705<\/h2>\n<p>O <strong>BANGBOX 80K<\/strong> \u00e9 mais do que um simples vape descart\u00e1vel - \u00e9 um <em>potente, constru\u00eddo para vapers pesados, ca\u00e7adores de sabores e empresas<\/em>. Com comuta\u00e7\u00e3o de sabor triplo, uma contagem massiva de puff, bateria confi\u00e1vel e design pronto para atacado, \u00e9 um must-have para lojas de vape e distribuidores que procuram um produto de alta demanda e aumento de lucro \ud83c\udf1f.<\/p>","protected":false},"excerpt":{"rendered":"<p><strong>Um dos vaporizadores descart\u00e1veis mais duradouros<\/strong> com <strong>80.000 baforadas<\/strong>, vagens de sabor triplo e um enorme <strong>Dep\u00f3sito de e-l\u00edquido de 60 ml<\/strong> - perfeito para lojas de vape, distribuidores e vapers s\u00e9rios \ud83d\ude80.<\/p>","protected":false},"featured_media":37494,"comment_status":"open","ping_status":"closed","template":"","meta":[],"product_brand":[227],"product_cat":[61,230],"product_tag":[],"class_list":{"0":"post-37432","1":"product","2":"type-product","3":"status-publish","4":"has-post-thumbnail","6":"product_brand-bang","7":"product_cat-bang","8":"product_cat-new","10":"first","11":"instock","12":"shipping-taxable","13":"purchasable","14":"product-type-variable","15":"has-default-attributes"},"jetpack_sharing_enabled":true,"tiered_pricing_type":"fixed","tiered_pricing_fixed_rules":{"30":8.6400000000000005684341886080801486968994140625,"50":6.910000000000000142108547152020037174224853515625,"100":6.6699999999999999289457264239899814128875732421875,"200":6.04999999999999982236431605997495353221893310546875,"400":5.7400000000000002131628207280300557613372802734375},"tiered_pricing_product_settings":{"layout":"default","base_unit_name":{"singular":null,"plural":null},"default_variation":null},"tiered_pricing_minimum_quantity":10,"tiered_pricing_roles_data":[],"tiered_pricing_percentage_rules":[],"tiered_pricing_maximum_quantity":null,"tiered_pricing_quantity_step":"10","_links":{"self":[{"href":"https:\/\/volovape.com\/pt\/wp-json\/wp\/v2\/product\/37432","targetHints":{"allow":["GET"]}}],"collection":[{"href":"https:\/\/volovape.com\/pt\/wp-json\/wp\/v2\/product"}],"about":[{"href":"https:\/\/volovape.com\/pt\/wp-json\/wp\/v2\/types\/product"}],"replies":[{"embeddable":true,"href":"https:\/\/volovape.com\/pt\/wp-json\/wp\/v2\/comments?post=37432"}],"wp:featuredmedia":[{"embeddable":true,"href":"https:\/\/volovape.com\/pt\/wp-json\/wp\/v2\/media\/37494"}],"wp:attachment":[{"href":"https:\/\/volovape.com\/pt\/wp-json\/wp\/v2\/media?parent=37432"}],"wp:term":[{"taxonomy":"product_brand","embeddable":true,"href":"https:\/\/volovape.com\/pt\/wp-json\/wp\/v2\/product_brand?post=37432"},{"taxonomy":"product_cat","embeddable":true,"href":"https:\/\/volovape.com\/pt\/wp-json\/wp\/v2\/product_cat?post=37432"},{"taxonomy":"product_tag","embeddable":true,"href":"https:\/\/volovape.com\/pt\/wp-json\/wp\/v2\/product_tag?post=37432"}],"curies":[{"name":"wp","href":"https:\/\/api.w.org\/{rel}","templated":true}]}}