{"id":37430,"date":"2025-09-11T09:48:26","date_gmt":"2025-09-11T09:48:26","guid":{"rendered":"https:\/\/volovape.com\/?post_type=product&#038;p=37430"},"modified":"2026-04-14T05:51:31","modified_gmt":"2026-04-14T05:51:31","slug":"bang-legend-120k-5-em-1-120000-puffs-multi-sabor-ajustavel-vape-descartavel-a-granel","status":"publish","type":"product","link":"https:\/\/volovape.com\/pt\/product\/bang-legend-120k-5-in-1-120000-puffs-multi-flavor-adjustable-bulk-disposable-vape\/","title":{"rendered":"Bang Legend 120K 5 em 1 | 120.000 puffs mega vape descart\u00e1vel com 5 modos de sabor"},"content":{"rendered":"<h2>Porqu\u00ea escolher o Bang Legend 120K 5 em 1?<\/h2>\n<ul>\n<li>\ud83d\udd25 Maci\u00e7o <strong>120.000 baforadas<\/strong> por dispositivo - concebido para utilizadores intensivos e distribuidores.<\/li>\n<li>\ud83c\udf08 <strong>Modos de sabor 5 em 1<\/strong> com sabor vari\u00e1vel para uma variedade infinita.<\/li>\n<li>\ud83d\udd0b <strong>Bateria recarreg\u00e1vel de 850mAh<\/strong> com carregamento r\u00e1pido Tipo C.<\/li>\n<li>\ud83d\udcca <strong>Ecr\u00e3 LED<\/strong> mostra a contagem de baforadas, a dura\u00e7\u00e3o da bateria e o modo de sabor.<\/li>\n<li>Vapor suave e rico com <strong>Bobinas de 5 malhas<\/strong> para a m\u00e1xima satisfa\u00e7\u00e3o.<\/li>\n<li>\ud83d\udce6 Embalagem amiga do ambiente: <strong>10 unidades por embalagem<\/strong>perfeito para lojas e grossistas.<\/li>\n<\/ul>\n<h2>Especifica\u00e7\u00f5es<\/h2>\n<table border=\"1\" cellpadding=\"5\">\n<tbody>\n<tr>\n<td><strong>For\u00e7a da nicotina<\/strong><\/td>\n<td>2% \/ 3% \/ 5%<\/td>\n<\/tr>\n<tr>\n<td><strong>Contagem de Tragadas<\/strong><\/td>\n<td>At\u00e9 120.000<\/td>\n<\/tr>\n<tr>\n<td><strong>Modos de sabor<\/strong><\/td>\n<td>5 sabores ajust\u00e1veis<\/td>\n<\/tr>\n<tr>\n<td><strong>Tanque de \u00f3leo<\/strong><\/td>\n<td>5 tanques<\/td>\n<\/tr>\n<tr>\n<td><strong>Bateria<\/strong><\/td>\n<td>850mAh recarreg\u00e1vel<\/td>\n<\/tr>\n<tr>\n<td><strong>Bobina<\/strong><\/td>\n<td>Bobinas de 5 malhas<\/td>\n<\/tr>\n<tr>\n<td><strong>Ecr\u00e3 LED<\/strong><\/td>\n<td>Sim (bateria, contagem de baforadas, modo de sabor)<\/td>\n<\/tr>\n<tr>\n<td><strong>Porta de carregamento<\/strong><\/td>\n<td>Tipo C<\/td>\n<\/tr>\n<tr>\n<td><strong>Embalagem<\/strong><\/td>\n<td>10 unidades\/embalagem<\/td>\n<\/tr>\n<\/tbody>\n<\/table>\n<h2>Sabores<\/h2>\n<p>\ud83c\udf89 Com <strong>12 conjuntos multi-sabores<\/strong>O Bang Legend 120K 5 em 1 oferece algo para todos:<\/p>\n<ol>\n<li>Bebida energ\u00e9tica - Mirtilo Cereja - Ma\u00e7\u00e3 Uva - Melancia Fruta do Drag\u00e3o - Mamba<\/li>\n<li>Bebida energ\u00e9tica - P\u00eassego Ice - Manga Ice - Arando Uva - Groselha Preta<\/li>\n<li>Mirtilo Framboesa - P\u00eassego Manga Melancia - Cereja Coca-Cola - Uva Amora Ice - Manga P\u00eassego Alperce<\/li>\n<li>Mirtilo Framboesa - Gelo Drag\u00e3o Negro - Doce Arco-\u00cdris - Gelo Fuji - Melancia P\u00eassego Azedo<\/li>\n<li>Blueberry Ice - Kiwi Maracuj\u00e1 Goiaba - Mel\u00e3o Triplo - P\u00eassego Anan\u00e1s - Beijo Apaixonado<\/li>\n<li>Blueberry Ice - Melancia Bubble Gum - Ma\u00e7\u00e3 Azeda Framboesa - Fruta de L\u00f3tus Manga Mel\u00e3o - Maracuj\u00e1 Kiwi Lima<\/li>\n<li>Gelo de melancia - Mistura de frutos silvestres - Pera-ma\u00e7\u00e3 - Hortel\u00e3-azul - Hora de ver\u00e3o<\/li>\n<li>Gelado de melancia - Gelado de morango e manga - Gelado de cereja da Calif\u00f3rnia - Gelado de p\u00eassego e mirtilo - Gelado de frutos silvestres<\/li>\n<li>Morango Melancia - Gelo de Uva - Mojito Vermelho - Gelo de Banana - Lim\u00e3o Lima<\/li>\n<li>Melancia Morango - Ma\u00e7\u00e3 Cantaloupe - Cola Ice - Manga P\u00eassego - Amor 66<\/li>\n<li>Morango Kiwi - Morango Banana - Lichia Ice - Melancia Baga - Maracuj\u00e1 Manga<\/li>\n<li>Morango Kiwi - Mirtilo Melancia - Caramelo de Urso - Pastilha el\u00e1stica de mirtilo - Manga azeda Anan\u00e1s<\/li>\n<\/ol>\n<p>Total de 60 sabores em 12 conjuntos, concebidos tanto para vapers gulosos como para perseguidores de sabores arrojados.<\/p>\n<h2>Perguntas frequentes<\/h2>\n<p><strong>P: Quanto tempo dura o Bang Legend 120K?<\/strong><br \/>\nR: Com at\u00e9 120 000 baforadas, um dispositivo pode durar mais do que dezenas de dispositivos descart\u00e1veis normais.<\/p>\n<p><strong>P: \u00c9 recarreg\u00e1vel?<\/strong><br \/>\nR: \u2705 Sim, vem com um <strong>Bateria recarreg\u00e1vel de 850mAh<\/strong> e porta de carregamento Tipo C.<\/p>\n<p><strong>P: Posso mudar de aroma?<\/strong><br \/>\nR: Sem d\u00favida! O <strong>Sistema 5 em 1<\/strong> permite-lhe alternar entre cinco dep\u00f3sitos pr\u00e9-carregados em qualquer altura.<\/p>\n<p><strong>P: Para quem \u00e9 que este produto \u00e9 melhor?<\/strong><br \/>\nR: Perfeito para <em>vapers pesados<\/em>, <em>entusiastas do sabor<\/em>, <em>lojas de vape<\/em>e <em>distribuidores grossistas<\/em>.<\/p>\n<p>\ud83d\ude80 <strong>Bang Legend 120K 5 em 1<\/strong> \u00e9 o derradeiro vape descart\u00e1vel - duradouro, vers\u00e1til e repleto de variedade de sabores. Se voc\u00ea est\u00e1 estocando uma loja de vape, comprando por atacado ou procurando um dispositivo de alta capacidade para uso pessoal, esta pot\u00eancia \u00e9 feita para voc\u00ea. \ud83d\udca8<\/p>","protected":false},"excerpt":{"rendered":"<p>Vape descart\u00e1vel repleto de energia com at\u00e9 120.000 baforadas, 5 sabores ajust\u00e1veis e tela de LED - perfeito para compradores atacadistas e amantes de vape. \ud83d\udca8<\/p>","protected":false},"featured_media":37468,"comment_status":"open","ping_status":"closed","template":"","meta":[],"product_brand":[227],"product_cat":[249,61,230],"product_tag":[],"class_list":{"0":"post-37430","1":"product","2":"type-product","3":"status-publish","4":"has-post-thumbnail","6":"product_brand-bang","7":"product_cat-100k-puffs-disposable-vape","8":"product_cat-bang","9":"product_cat-new","11":"first","12":"instock","13":"shipping-taxable","14":"purchasable","15":"product-type-variable","16":"has-default-attributes"},"jetpack_sharing_enabled":true,"tiered_pricing_type":"fixed","tiered_pricing_fixed_rules":{"30":11.300000000000000710542735760100185871124267578125,"50":8.269999999999999573674358543939888477325439453125,"100":8.019999999999999573674358543939888477325439453125,"200":7.410000000000000142108547152020037174224853515625,"400":7.04000000000000003552713678800500929355621337890625},"tiered_pricing_product_settings":{"layout":"default","base_unit_name":{"singular":null,"plural":null},"default_variation":null},"tiered_pricing_minimum_quantity":10,"tiered_pricing_roles_data":[],"tiered_pricing_percentage_rules":[],"tiered_pricing_maximum_quantity":null,"tiered_pricing_quantity_step":"10","_links":{"self":[{"href":"https:\/\/volovape.com\/pt\/wp-json\/wp\/v2\/product\/37430","targetHints":{"allow":["GET"]}}],"collection":[{"href":"https:\/\/volovape.com\/pt\/wp-json\/wp\/v2\/product"}],"about":[{"href":"https:\/\/volovape.com\/pt\/wp-json\/wp\/v2\/types\/product"}],"replies":[{"embeddable":true,"href":"https:\/\/volovape.com\/pt\/wp-json\/wp\/v2\/comments?post=37430"}],"wp:featuredmedia":[{"embeddable":true,"href":"https:\/\/volovape.com\/pt\/wp-json\/wp\/v2\/media\/37468"}],"wp:attachment":[{"href":"https:\/\/volovape.com\/pt\/wp-json\/wp\/v2\/media?parent=37430"}],"wp:term":[{"taxonomy":"product_brand","embeddable":true,"href":"https:\/\/volovape.com\/pt\/wp-json\/wp\/v2\/product_brand?post=37430"},{"taxonomy":"product_cat","embeddable":true,"href":"https:\/\/volovape.com\/pt\/wp-json\/wp\/v2\/product_cat?post=37430"},{"taxonomy":"product_tag","embeddable":true,"href":"https:\/\/volovape.com\/pt\/wp-json\/wp\/v2\/product_tag?post=37430"}],"curies":[{"name":"wp","href":"https:\/\/api.w.org\/{rel}","templated":true}]}}