{"id":359,"date":"2024-11-21T03:29:22","date_gmt":"2024-11-21T03:29:22","guid":{"rendered":"https:\/\/volovape.com\/?post_type=product&#038;p=359"},"modified":"2025-07-07T03:40:40","modified_gmt":"2025-07-07T03:40:40","slug":"caixa-de-elfo-digital-12000-puffs","status":"publish","type":"product","link":"https:\/\/volovape.com\/pt\/product\/elf-box-digital-12000-puffs\/","title":{"rendered":"Vape descart\u00e1vel ELF BOX Digital 12000 Puffs - bobina de malha de 0,8\u03a9, recarreg\u00e1vel, visor"},"content":{"rendered":"<p><iframe title=\"Reprodutor de v\u00eddeo VideoPress\" aria-label='Reprodutor de v\u00eddeo VideoPress' width='500' height='281' src='https:\/\/videopress.com\/embed\/W9CpuhPq?hd=0&amp;cover=1' frameborder='0' allowfullscreen allow='clipboard-write'><\/iframe><script src='https:\/\/v0.wordpress.com\/js\/next\/videopress-iframe.js?m=1739540970'><\/script><\/p>\n<p><strong>ELF BOX Digital 12000 Puffs Vape Descart\u00e1vel<\/strong> - Vaping de alta capacidade com ecr\u00e3 digital e precis\u00e3o da bobina de malha.<\/p>\n<p>O <strong>ELF BOX Digital 12000<\/strong> O vape descart\u00e1vel foi concebido para uma utiliza\u00e7\u00e3o prolongada e fornece as principais informa\u00e7\u00f5es sobre vaporiza\u00e7\u00e3o num relance. Fornece at\u00e9 <strong>12.000 baforadas<\/strong> com uma generosa <strong>Reservat\u00f3rio de e-l\u00edquido de 25 ml<\/strong> e \u00e9 alimentado por um <strong>Bateria recarreg\u00e1vel de 500mAh<\/strong>. O <strong>Bobina de malha de 0,8\u03a9<\/strong> garante um vapor suave, rico e saboroso. Uma carater\u00edstica fundamental \u00e9 o <strong>ecr\u00e3 digital integrado<\/strong>que mostra a dura\u00e7\u00e3o da bateria e as informa\u00e7\u00f5es de utiliza\u00e7\u00e3o. Este dispositivo oferece uma vasta sele\u00e7\u00e3o de <strong>20 sabores<\/strong> e dosagens de nicotina de <strong>0%, 2%, 3% e 5%<\/strong>. Foi concebido para ser port\u00e1til e c\u00f3modo, pronto a utilizar logo que sai da caixa.<\/p>\n<h3><strong>ELF BOX Digital 12000 Carater\u00edsticas:<\/strong><\/h3>\n<ul>\n<li>Puffs: At\u00e9 12,000 Puffs<\/li>\n<li>Capacidade do E-l\u00edquido: 25mL<\/li>\n<li>Bateria: 500mAh (recarreg\u00e1vel)<\/li>\n<li>Carregamento: Tipo C<\/li>\n<li>Bobina: Bobina de malha de 0,8\u03a9<\/li>\n<li>Ecr\u00e3: Ecr\u00e3 digital<\/li>\n<li>Pontos fortes da nicotina: 0%, 2%, 3%, 5%<\/li>\n<li>Sabores: 20 op\u00e7\u00f5es \u00fanicas<\/li>\n<li>Dispositivo descart\u00e1vel<\/li>\n<\/ul>\n<h4>Perguntas frequentes<\/h4>\n<h5>Como \u00e9 que o ecr\u00e3 digital melhora a experi\u00eancia de vaporiza\u00e7\u00e3o?<\/h5>\n<p>O visor digital integrado fornece aos utilizadores informa\u00e7\u00f5es r\u00e1pidas sobre a dura\u00e7\u00e3o e a utiliza\u00e7\u00e3o da bateria. Esta funcionalidade permite uma melhor monitoriza\u00e7\u00e3o e gest\u00e3o do dispositivo, garantindo uma experi\u00eancia de vaporiza\u00e7\u00e3o mais informada e conveniente.<\/p>\n<h5>Que m\u00e9todos de envio s\u00e3o utilizados?<\/h5>\n<p>Estabelecemos parcerias com transportadoras fi\u00e1veis, como a UPS, a DHL, a FedEx e a DPD, para garantir que a sua encomenda \u00e9 entregue de forma r\u00e1pida e segura. O m\u00e9todo de envio mais eficiente \u00e9 selecionado com base na sua localiza\u00e7\u00e3o para otimizar a velocidade e a fiabilidade da entrega.<\/p>\n<h5>Quanto tempo demora a minha encomenda a chegar?<\/h5>\n<p>A entrega demora normalmente 7 a 15 dias \u00fateis. No entanto, durante os feriados ou condi\u00e7\u00f5es climat\u00e9ricas adversas, o prazo de entrega pode ser de 20 dias \u00fateis, o que pode provocar ligeiros atrasos no transporte.<\/p>\n<h5>Irei deparar-me com problemas alfandeg\u00e1rios ou taxas adicionais?<\/h5>\n<p>Tratamos de todos os procedimentos de desalfandegamento, garantindo uma experi\u00eancia tranquila e sem complica\u00e7\u00f5es. N\u00e3o incorrer\u00e1 em quaisquer impostos ou taxas adicionais. Asseguramos que 100% dos nossos produtos s\u00e3o desalfandegados com sucesso.<\/p>\n<h5>As compras no vosso s\u00edtio s\u00e3o seguras e fi\u00e1veis?<\/h5>\n<p>Sim, oferecemos transac\u00e7\u00f5es PayPal seguras com prote\u00e7\u00e3o do comprador. Tamb\u00e9m pode verificar a nossa fiabilidade consultando as opini\u00f5es dos nossos clientes em <a href=\"https:\/\/www.trustpilot.com\/review\/volovape.com?utm_medium=trustbox&amp;utm_source=TrustBoxReviewCollector\">Trustpilot<\/a>onde encontrar\u00e1 testemunhos de clientes satisfeitos.<\/p>","protected":false},"excerpt":{"rendered":"<p>Desfrute de uma vaporiza\u00e7\u00e3o informada com o ELF BOX Digital 12000 Puffs. Ecr\u00e3 digital, malha de 0,8\u03a9, 25ml, recarreg\u00e1vel. Ideal para uso pessoal ou por atacado, oferecendo sabor duradouro e diversas op\u00e7\u00f5es de nicotina.<\/p>","protected":false},"featured_media":458,"comment_status":"open","ping_status":"closed","template":"","meta":[],"product_brand":[],"product_cat":[54,38,21,18,39,20,23,24,22,25,26,27,28,29,30,31,32,33,34,35,36,40],"product_tag":[],"class_list":{"0":"post-359","1":"product","2":"type-product","3":"status-publish","4":"has-post-thumbnail","6":"product_cat-elf-box","7":"product_cat-12000-puffs-disposable-vape","8":"product_cat-big-puffs-vapes","9":"product_cat-different-puffs-of-disposable-vapes","10":"product_cat-digital-box-vapes","11":"product_cat-disposable-vape-types","12":"product_cat-disposable-vapes-in-austria","13":"product_cat-disposable-vapes-in-belgium","14":"product_cat-disposable-vapes-in-europe","15":"product_cat-disposable-vapes-in-france","16":"product_cat-disposable-vapes-in-germany","17":"product_cat-disposable-vapes-in-hungary","18":"product_cat-disposable-vapes-in-ltaly","19":"product_cat-disposable-vapes-in-netherlands","20":"product_cat-disposable-vapes-in-norway","21":"product_cat-disposable-vapes-in-poland","22":"product_cat-disposable-vapes-in-portugal","23":"product_cat-disposable-vapes-in-spain","24":"product_cat-disposable-vapes-in-sweden","25":"product_cat-disposable-vapes-in-switzerland","26":"product_cat-rechargeable-vapes","27":"product_cat-smart-screen-vapes","29":"first","30":"instock","31":"shipping-taxable","32":"purchasable","33":"product-type-variable","34":"has-default-attributes"},"jetpack_sharing_enabled":true,"tiered_pricing_type":"fixed","tiered_pricing_fixed_rules":{"2000":5.589999999999999857891452847979962825775146484375},"tiered_pricing_product_settings":{"layout":"default","base_unit_name":{"singular":null,"plural":null},"default_variation":null},"tiered_pricing_minimum_quantity":1000,"tiered_pricing_roles_data":[],"tiered_pricing_percentage_rules":[],"tiered_pricing_maximum_quantity":null,"tiered_pricing_quantity_step":"10","_links":{"self":[{"href":"https:\/\/volovape.com\/pt\/wp-json\/wp\/v2\/product\/359","targetHints":{"allow":["GET"]}}],"collection":[{"href":"https:\/\/volovape.com\/pt\/wp-json\/wp\/v2\/product"}],"about":[{"href":"https:\/\/volovape.com\/pt\/wp-json\/wp\/v2\/types\/product"}],"replies":[{"embeddable":true,"href":"https:\/\/volovape.com\/pt\/wp-json\/wp\/v2\/comments?post=359"}],"wp:featuredmedia":[{"embeddable":true,"href":"https:\/\/volovape.com\/pt\/wp-json\/wp\/v2\/media\/458"}],"wp:attachment":[{"href":"https:\/\/volovape.com\/pt\/wp-json\/wp\/v2\/media?parent=359"}],"wp:term":[{"taxonomy":"product_brand","embeddable":true,"href":"https:\/\/volovape.com\/pt\/wp-json\/wp\/v2\/product_brand?post=359"},{"taxonomy":"product_cat","embeddable":true,"href":"https:\/\/volovape.com\/pt\/wp-json\/wp\/v2\/product_cat?post=359"},{"taxonomy":"product_tag","embeddable":true,"href":"https:\/\/volovape.com\/pt\/wp-json\/wp\/v2\/product_tag?post=359"}],"curies":[{"name":"wp","href":"https:\/\/api.w.org\/{rel}","templated":true}]}}