{"id":35613,"date":"2025-08-16T11:41:34","date_gmt":"2025-08-16T11:41:34","guid":{"rendered":"https:\/\/volovape.com\/?post_type=product&#038;p=35613"},"modified":"2026-04-14T05:57:10","modified_gmt":"2026-04-14T05:57:10","slug":"bang-king-twins-50000","status":"publish","type":"product","link":"https:\/\/volovape.com\/pt\/product\/bang-king-twins-50000\/","title":{"rendered":"Bang King Twins 50000 Puffs | duplo sabor LED display vape descart\u00e1vel por atacado"},"content":{"rendered":"<h2>Bang King Twins 50000 Puffs - Descri\u00e7\u00e3o geral e carater\u00edsticas<\/h2>\n<p>Prepare-se para uma experi\u00eancia de vaporiza\u00e7\u00e3o extraordin\u00e1ria com o <strong>Bang Rei G\u00e9meos 50000 Puffs<\/strong> vape descart\u00e1vel! Com at\u00e9 50.000 baforadas e dois sabores, este dispositivo oferece o melhor dos dois mundos. Com um design elegante, bobinas de malha e uma bateria recarreg\u00e1vel tipo C, esta \u00e9 a melhor escolha para quem deseja sabores intensos e satisfa\u00e7\u00e3o duradoura. O <strong>Bang Rei G\u00e9meos<\/strong> combina 56 ml de e-l\u00edquido (28 ml + 28 ml) e oferece v\u00e1rias op\u00e7\u00f5es de nicotina para satisfazer todos os gostos e prefer\u00eancias. Equipado com um visor digital LED, \u00e9 f\u00e1cil acompanhar a sua experi\u00eancia de vaporiza\u00e7\u00e3o e manter a divers\u00e3o durante mais tempo. Quer seja um vaporizador de longa data ou um distribuidor que procura armazenar produtos de qualidade superior, o <strong>Bang Rei G\u00e9meos<\/strong> tem tudo o que precisa.<\/p>\n<h4>Especifica\u00e7\u00f5es<\/h4>\n<table>\n<tbody>\n<tr>\n<td><strong>Capacidade de sopro:<\/strong><\/td>\n<td>At\u00e9 50000 baforadas<\/td>\n<\/tr>\n<tr>\n<td><strong>Capacidade de e-l\u00edquido:<\/strong><\/td>\n<td>56mL (28mL + 28mL)<\/td>\n<\/tr>\n<tr>\n<td><strong>Bateria:<\/strong><\/td>\n<td>650mAh, recarreg\u00e1vel tipo C<\/td>\n<\/tr>\n<tr>\n<td><strong>Tipo de bobina:<\/strong><\/td>\n<td>Bobina de malha 1.0\u03a9<\/td>\n<\/tr>\n<tr>\n<td><strong>Op\u00e7\u00f5es de nicotina:<\/strong><\/td>\n<td>2%, 3%, 5%<\/td>\n<\/tr>\n<tr>\n<td><strong>Ecr\u00e3:<\/strong><\/td>\n<td>Display digital LED<\/td>\n<\/tr>\n<tr>\n<td><strong>Conce\u00e7\u00e3o:<\/strong><\/td>\n<td>Elegante, elegante e ergon\u00f3mico<\/td>\n<\/tr>\n<\/tbody>\n<\/table>\n<h4>Sabores dispon\u00edveis<\/h4>\n<ul>\n<li>Amor 66 &amp; Lim\u00e3o Maracuj\u00e1<\/li>\n<li>P\u00eassego, Goiaba, Morango e Uva Sakura<\/li>\n<li>Morango, banana e Heisenberg<\/li>\n<li>Blue Razz Ice e Blue Razz Cherry<\/li>\n<li>Melancia com morango e gelado de morango<\/li>\n<li>Gelo de melancia e Hubba Bubba de melancia<\/li>\n<li>Dupla lima e gelo Alo\u00e9 Vera<\/li>\n<li>Mistura de frutos silvestres e morango e kiwi<\/li>\n<li>Lichia super fixe e homem cor-de-rosa<\/li>\n<li>Sumo de p\u00eassego gelado e morango com manga<\/li>\n<li>Skittles de lim\u00e3o e morango<\/li>\n<li>P\u00eassego, Manga, Melancia e Cereja Blue Razz<\/li>\n<\/ul>\n<h4>Porqu\u00ea escolher Bang King Twins 50000 Puffs?<\/h4>\n<ul>\n<li><strong>Desempenho de longa dura\u00e7\u00e3o:<\/strong> 50.000 baforadas de prazer cont\u00ednuo<\/li>\n<li><strong>Experi\u00eancia de duplo sabor:<\/strong> Desfrute de dois sabores \u00fanicos em cada baforada<\/li>\n<li><strong>Conveni\u00eancia recarreg\u00e1vel:<\/strong> O carregamento de tipo C garante que est\u00e1 sempre pronto para partir<\/li>\n<li><strong>Bobinas de malha de qualidade superior:<\/strong> Para batidas mais suaves e melhor sabor<\/li>\n<li><strong>Amplas op\u00e7\u00f5es de nicotina:<\/strong> Escolha entre os teores de nicotina 2%, 3% ou 5%<\/li>\n<li><strong>Ecr\u00e3 digital LED:<\/strong> Acompanhe o progresso do seu vape<\/li>\n<li><strong>Perfeito para distribui\u00e7\u00e3o:<\/strong> Ideal para grossistas e lojas de vape<\/li>\n<\/ul>\n<p>O <strong>Bang Rei G\u00e9meos 50000 Puffs<\/strong> O vape descart\u00e1vel \u00e9 a melhor escolha para lojas de vape e distribuidores grossistas que procuram oferecer um produto de alta qualidade e duradouro. Com os seus dois sabores, bateria recarreg\u00e1vel e tecnologia de bobina em malha, foi concebido tanto para os vaporizadores mais exigentes como para os que procuram sabores. Abaste\u00e7a-se agora e ofere\u00e7a aos seus clientes uma experi\u00eancia de vaporiza\u00e7\u00e3o de alta qualidade que eles v\u00e3o adorar!<\/p>\n<p><img decoding=\"async\" class=\"alignnone wp-image-35622 size-full\" src=\"https:\/\/volovape.com\/wp-content\/uploads\/2025\/08\/Bang-King-Twins-50000-flavor-chart.avif\" alt=\"\" title=\"\"><\/p>\n<p><img data-recalc-dims=\"1\" loading=\"lazy\" decoding=\"async\" class=\"alignnone wp-image-35632 size-full\" src=\"https:\/\/i0.wp.com\/volovape.com\/wp-content\/uploads\/2025\/08\/imgi_2_Bang_King_Twins_50K_11.webp?resize=800%2C800&#038;ssl=1\" alt=\"\" width=\"800\" height=\"800\" title=\"\" srcset=\"https:\/\/i0.wp.com\/volovape.com\/wp-content\/uploads\/2025\/08\/imgi_2_Bang_King_Twins_50K_11.webp?w=800&amp;ssl=1 800w, https:\/\/i0.wp.com\/volovape.com\/wp-content\/uploads\/2025\/08\/imgi_2_Bang_King_Twins_50K_11.webp?resize=300%2C300&amp;ssl=1 300w, https:\/\/i0.wp.com\/volovape.com\/wp-content\/uploads\/2025\/08\/imgi_2_Bang_King_Twins_50K_11.webp?resize=150%2C150&amp;ssl=1 150w, https:\/\/i0.wp.com\/volovape.com\/wp-content\/uploads\/2025\/08\/imgi_2_Bang_King_Twins_50K_11.webp?resize=768%2C768&amp;ssl=1 768w, https:\/\/i0.wp.com\/volovape.com\/wp-content\/uploads\/2025\/08\/imgi_2_Bang_King_Twins_50K_11.webp?resize=12%2C12&amp;ssl=1 12w, https:\/\/i0.wp.com\/volovape.com\/wp-content\/uploads\/2025\/08\/imgi_2_Bang_King_Twins_50K_11.webp?resize=510%2C510&amp;ssl=1 510w, https:\/\/i0.wp.com\/volovape.com\/wp-content\/uploads\/2025\/08\/imgi_2_Bang_King_Twins_50K_11.webp?resize=100%2C100&amp;ssl=1 100w, https:\/\/i0.wp.com\/volovape.com\/wp-content\/uploads\/2025\/08\/imgi_2_Bang_King_Twins_50K_11.webp?resize=50%2C50&amp;ssl=1 50w\" sizes=\"auto, (max-width: 800px) 100vw, 800px\" \/><\/p>","protected":false},"excerpt":{"rendered":"<p>Descubra o vape descart\u00e1vel Bang King Twins 50000 Puffs com dois sabores, bobinas de malha, 56 ml de e-l\u00edquido e uma bateria recarreg\u00e1vel tipo C. Perfeito para entusiastas de sabores e compradores grossistas!<\/p>","protected":false},"featured_media":35672,"comment_status":"open","ping_status":"closed","template":"","meta":[],"product_brand":[227],"product_cat":[61,230],"product_tag":[],"class_list":{"0":"post-35613","1":"product","2":"type-product","3":"status-publish","4":"has-post-thumbnail","6":"product_brand-bang","7":"product_cat-bang","8":"product_cat-new","10":"first","11":"instock","12":"shipping-taxable","13":"purchasable","14":"product-type-variable","15":"has-default-attributes"},"jetpack_sharing_enabled":true,"tiered_pricing_type":"fixed","tiered_pricing_fixed_rules":{"30":7.29999999999999982236431605997495353221893310546875,"50":6.0999999999999996447286321199499070644378662109375,"100":5.4000000000000003552713678800500929355621337890625,"200":4.9900000000000002131628207280300557613372802734375,"400":4.37999999999999989341858963598497211933135986328125},"tiered_pricing_product_settings":{"layout":"default","base_unit_name":{"singular":null,"plural":null},"default_variation":null},"tiered_pricing_minimum_quantity":10,"tiered_pricing_roles_data":[],"tiered_pricing_percentage_rules":[],"tiered_pricing_maximum_quantity":null,"tiered_pricing_quantity_step":"10","_links":{"self":[{"href":"https:\/\/volovape.com\/pt\/wp-json\/wp\/v2\/product\/35613","targetHints":{"allow":["GET"]}}],"collection":[{"href":"https:\/\/volovape.com\/pt\/wp-json\/wp\/v2\/product"}],"about":[{"href":"https:\/\/volovape.com\/pt\/wp-json\/wp\/v2\/types\/product"}],"replies":[{"embeddable":true,"href":"https:\/\/volovape.com\/pt\/wp-json\/wp\/v2\/comments?post=35613"}],"wp:featuredmedia":[{"embeddable":true,"href":"https:\/\/volovape.com\/pt\/wp-json\/wp\/v2\/media\/35672"}],"wp:attachment":[{"href":"https:\/\/volovape.com\/pt\/wp-json\/wp\/v2\/media?parent=35613"}],"wp:term":[{"taxonomy":"product_brand","embeddable":true,"href":"https:\/\/volovape.com\/pt\/wp-json\/wp\/v2\/product_brand?post=35613"},{"taxonomy":"product_cat","embeddable":true,"href":"https:\/\/volovape.com\/pt\/wp-json\/wp\/v2\/product_cat?post=35613"},{"taxonomy":"product_tag","embeddable":true,"href":"https:\/\/volovape.com\/pt\/wp-json\/wp\/v2\/product_tag?post=35613"}],"curies":[{"name":"wp","href":"https:\/\/api.w.org\/{rel}","templated":true}]}}