{"id":34627,"date":"2025-08-16T11:41:20","date_gmt":"2025-08-16T11:41:20","guid":{"rendered":"https:\/\/volovape.com\/?post_type=product&#038;p=34627"},"modified":"2026-05-06T12:42:57","modified_gmt":"2026-05-06T12:42:57","slug":"waspe-100000puffs-4-em-1","status":"publish","type":"product","link":"https:\/\/volovape.com\/pt\/product\/waspe-100000puffs-4-in-1\/","title":{"rendered":"WASPE 4-in-1 Flavor 100K Puffs | 100,000 puff vape descart\u00e1vel com 4 sabores e venda por grosso"},"content":{"rendered":"<h3>Porqu\u00ea escolher WASPE 4in1 Flavor 100000 Puffs?<\/h3>\n<ul>\n<li>Sistema de troca de sabores 4 em 1: Desfrute de quatro sabores diferentes num s\u00f3 dispositivo sem trocar as c\u00e1psulas.<\/li>\n<li>Capacidade de 100.000 baforadas: Projetado para uso prolongado, garantindo uma experi\u00eancia de vaping de longa dura\u00e7\u00e3o.<\/li>\n<li>Bateria recarreg\u00e1vel de 650mAh: Carregamento r\u00e1pido e eficiente com Type-C para maior comodidade.<\/li>\n<li>Bobinas de malha qu\u00e1drupla: Produz vapor suave e sabor rico a cada baforada.<\/li>\n<li>Capacidade de 56mL de E-l\u00edquido: Continue vaporizando por mais tempo com menos recargas.<\/li>\n<li>Perfeito para venda por grosso: Compacto e dur\u00e1vel, projetado para pedidos em massa, com op\u00e7\u00f5es flex\u00edveis de sabor.<\/li>\n<\/ul>\n<p>Este vape \u00e9 perfeito para utilizadores intensivos e perseguidores de sabores, oferecendo tudo o que precisa num \u00fanico dispositivo elegante. Ideal para lojas de vape, distribuidores e encomendas por grosso, o WASPE 4in1 Flavor 100000 Puffs oferece uma variedade, fiabilidade e desempenho imbat\u00edveis. Encomende a granel e aproveite os pre\u00e7os com desconto!<\/p>\n<h3>WASPE 4in1 Flavor 100000 Puffs | Vis\u00e3o geral e carater\u00edsticas<\/h3>\n<p>O WASPE 4in1 Flavor 100000 Puffs foi concebido para proporcionar a melhor experi\u00eancia de vaporiza\u00e7\u00e3o. Com a capacidade de alternar entre quatro sabores pr\u00e9-cheios, uma bateria recarreg\u00e1vel de 650mAh e uma enorme quantidade de 100.000 baforadas, este dispositivo \u00e9 ideal para quem deseja variedade e desempenho duradouro. Quer seja um entusiasta de sabores ou um vaporizador de longa data, o WASPE 4in1 Flavor \u00e9 a escolha perfeita para quem exige qualidade e conveni\u00eancia. Dispon\u00edvel para pedidos por atacado a granel na Gleevape, o fornecedor confi\u00e1vel de vape com baixo teor de nicotina da Europa. \ud83d\udd25\ud83d\udca8<\/p>\n<h3>Especifica\u00e7\u00f5es:<\/h3>\n<table>\n<tbody>\n<tr>\n<th>Recurso<\/th>\n<th>Detalhes<\/th>\n<\/tr>\n<tr>\n<td>Capacidade de sopro<\/td>\n<td>100.000 baforadas<\/td>\n<\/tr>\n<tr>\n<td>Capacidade de e-l\u00edquido<\/td>\n<td>56mL<\/td>\n<\/tr>\n<tr>\n<td>Bateria<\/td>\n<td>650mAh Recarreg\u00e1vel, Tipo C<\/td>\n<\/tr>\n<tr>\n<td>Tipo de bobina<\/td>\n<td>1.0\u03a9 Malha Quad<\/td>\n<\/tr>\n<tr>\n<td>Op\u00e7\u00f5es de nicotina<\/td>\n<td>0%, 2%, 5%<\/td>\n<\/tr>\n<tr>\n<td>Porta de carregamento<\/td>\n<td>Tipo C<\/td>\n<\/tr>\n<tr>\n<td>Tamanho do produto<\/td>\n<td>47 \u00d7 47 \u00d7 118 mm<\/td>\n<\/tr>\n<tr>\n<td>Peso por dispositivo<\/td>\n<td>142g<\/td>\n<\/tr>\n<\/tbody>\n<\/table>\n<h3>Sabores em stock:<\/h3>\n<p>Melancia Ice &amp; Morango Kiwi &amp; Framboesa Melancia &amp; Lima Lim\u00e3o<\/p>\n<p>Melancia com morango &amp; Mr. Blue &amp; Gelo de uva &amp; Rebu\u00e7ado de arco-\u00edris<\/p>\n<p>Red Bull Ice &amp; Banana Ice &amp; Anan\u00e1s Coco Ice &amp; Triple Mango Ice<\/p>\n<p>Morango Framboesa Cereja &amp; Cereja Louca Ice &amp; Cereja Azul Ice &amp; Cola Ice<\/p>\n<p>Banana com morango &amp; Red Bull com morango &amp; Manga com morango &amp; Limonada cor-de-rosa<\/p>\n<p>Gelo de mirtilo &amp; Cavaleiro negro &amp; Gelo de morango &amp; Melancia de morango<\/p>\n<p>Gelo de cola de cereja e gelo de cereja de morango e gelo de cola de morango e pastilha el\u00e1stica de melancia de morango<\/p>\n<p>Juicy Peach Ice &amp; Tropical Fruit &amp; Fruit Blast &amp; Peach Berry<\/p>\n<p>Uva Ice &amp; Morango Kiwi &amp; Morango Framboesa Cereja &amp; Cavaleiro Negro<\/p>\n<p>Mistura de frutos silvestres e gelo duplo de ma\u00e7\u00e3 e framboesa de mirtilo e mel de mirtilo<\/p>\n<p>Red Bull Morango &amp; Pastilha el\u00e1stica de morango e melancia &amp; Red Bull Ice &amp; Cherry Cola Ice<\/p>\n<p>Framboesa de mirtilo &amp; Limonada de mirtilo &amp; Mistura de frutos silvestres &amp; Gelo de mel de uva<\/p>","protected":false},"excerpt":{"rendered":"<p>Descubra o vape descart\u00e1vel WASPE 4in1 Flavor 100000 Puffs. Com 4 sabores comut\u00e1veis, uma enorme capacidade de 100.000 baforadas e recarreg\u00e1vel para um desempenho duradouro. Perfeito para compras a granel por grosso!<\/p>","protected":false},"featured_media":35714,"comment_status":"open","ping_status":"closed","template":"","meta":[],"product_brand":[245],"product_cat":[17,249,230],"product_tag":[],"class_list":{"0":"post-34627","1":"product","2":"type-product","3":"status-publish","4":"has-post-thumbnail","6":"product_brand-waspe","7":"product_cat-waspe","8":"product_cat-100k-puffs-disposable-vape","9":"product_cat-new","11":"first","12":"instock","13":"shipping-taxable","14":"purchasable","15":"product-type-variable","16":"has-default-attributes"},"jetpack_sharing_enabled":true,"tiered_pricing_type":"fixed","tiered_pricing_fixed_rules":{"30":9.6300000000000007815970093361102044582366943359375,"50":7.9000000000000003552713678800500929355621337890625,"100":7.6500000000000003552713678800500929355621337890625,"200":6.9900000000000002131628207280300557613372802734375,"400":6.54000000000000003552713678800500929355621337890625},"tiered_pricing_product_settings":{"layout":"default","base_unit_name":{"singular":null,"plural":null},"default_variation":null},"tiered_pricing_minimum_quantity":10,"tiered_pricing_roles_data":[],"tiered_pricing_percentage_rules":[],"tiered_pricing_maximum_quantity":null,"tiered_pricing_quantity_step":"10","_links":{"self":[{"href":"https:\/\/volovape.com\/pt\/wp-json\/wp\/v2\/product\/34627","targetHints":{"allow":["GET"]}}],"collection":[{"href":"https:\/\/volovape.com\/pt\/wp-json\/wp\/v2\/product"}],"about":[{"href":"https:\/\/volovape.com\/pt\/wp-json\/wp\/v2\/types\/product"}],"replies":[{"embeddable":true,"href":"https:\/\/volovape.com\/pt\/wp-json\/wp\/v2\/comments?post=34627"}],"wp:featuredmedia":[{"embeddable":true,"href":"https:\/\/volovape.com\/pt\/wp-json\/wp\/v2\/media\/35714"}],"wp:attachment":[{"href":"https:\/\/volovape.com\/pt\/wp-json\/wp\/v2\/media?parent=34627"}],"wp:term":[{"taxonomy":"product_brand","embeddable":true,"href":"https:\/\/volovape.com\/pt\/wp-json\/wp\/v2\/product_brand?post=34627"},{"taxonomy":"product_cat","embeddable":true,"href":"https:\/\/volovape.com\/pt\/wp-json\/wp\/v2\/product_cat?post=34627"},{"taxonomy":"product_tag","embeddable":true,"href":"https:\/\/volovape.com\/pt\/wp-json\/wp\/v2\/product_tag?post=34627"}],"curies":[{"name":"wp","href":"https:\/\/api.w.org\/{rel}","templated":true}]}}