{"id":34506,"date":"2025-07-28T03:09:53","date_gmt":"2025-07-28T03:09:53","guid":{"rendered":"https:\/\/volovape.com\/?post_type=product&#038;p=34506"},"modified":"2026-01-28T04:14:09","modified_gmt":"2026-01-28T04:14:09","slug":"caixa-vape-misteriosa","status":"publish","type":"product","link":"https:\/\/volovape.com\/pt\/product\/mystery-vape-box\/","title":{"rendered":"Caixa de vape misteriosa"},"content":{"rendered":"<p>Liberta a emo\u00e7\u00e3o com a nossa Caixa de Vape descart\u00e1vel Mystery! Cada embalagem inclui 10 vapes de qualidade superior com sabores surpresa - desde frutados a misturas ex\u00f3ticas. Perfeito para vapers aventureiros que desejam variedade. Desfrute de envio gratuito, entrega r\u00e1pida e desalfandegamento garantido.<\/p>\n<style>\n.tier-pricing-summary-table {display:none !important}\n.cart {margin-bottom: 50px;}\n<\/style>","protected":false},"excerpt":{"rendered":"<p>Caixa de 10 vapes misteriosos.<\/p>","protected":false},"featured_media":34055,"comment_status":"open","ping_status":"closed","template":"","meta":[],"product_brand":[],"product_cat":[16],"product_tag":[],"class_list":{"0":"post-34506","1":"product","2":"type-product","3":"status-publish","4":"has-post-thumbnail","6":"product_cat-volo-vape","8":"first","9":"instock","10":"sale","11":"shipping-taxable","12":"purchasable","13":"product-type-simple"},"jetpack_sharing_enabled":true,"tiered_pricing_type":"fixed","tiered_pricing_fixed_rules":[],"tiered_pricing_product_settings":{"layout":"default","base_unit_name":{"singular":null,"plural":null},"default_variation":null},"tiered_pricing_minimum_quantity":null,"tiered_pricing_roles_data":[],"tiered_pricing_percentage_rules":[],"tiered_pricing_maximum_quantity":null,"tiered_pricing_quantity_step":null,"_links":{"self":[{"href":"https:\/\/volovape.com\/pt\/wp-json\/wp\/v2\/product\/34506","targetHints":{"allow":["GET"]}}],"collection":[{"href":"https:\/\/volovape.com\/pt\/wp-json\/wp\/v2\/product"}],"about":[{"href":"https:\/\/volovape.com\/pt\/wp-json\/wp\/v2\/types\/product"}],"replies":[{"embeddable":true,"href":"https:\/\/volovape.com\/pt\/wp-json\/wp\/v2\/comments?post=34506"}],"wp:featuredmedia":[{"embeddable":true,"href":"https:\/\/volovape.com\/pt\/wp-json\/wp\/v2\/media\/34055"}],"wp:attachment":[{"href":"https:\/\/volovape.com\/pt\/wp-json\/wp\/v2\/media?parent=34506"}],"wp:term":[{"taxonomy":"product_brand","embeddable":true,"href":"https:\/\/volovape.com\/pt\/wp-json\/wp\/v2\/product_brand?post=34506"},{"taxonomy":"product_cat","embeddable":true,"href":"https:\/\/volovape.com\/pt\/wp-json\/wp\/v2\/product_cat?post=34506"},{"taxonomy":"product_tag","embeddable":true,"href":"https:\/\/volovape.com\/pt\/wp-json\/wp\/v2\/product_tag?post=34506"}],"curies":[{"name":"wp","href":"https:\/\/api.w.org\/{rel}","templated":true}]}}