{"id":34223,"date":"2025-07-27T03:57:14","date_gmt":"2025-07-27T03:57:14","guid":{"rendered":"https:\/\/volovape.com\/?post_type=product&#038;p=34223"},"modified":"2025-11-26T06:11:58","modified_gmt":"2025-11-26T06:11:58","slug":"jnr-falcon-pro-28000","status":"publish","type":"product","link":"https:\/\/volovape.com\/pt\/product\/jnr-falcon-pro-28000\/","title":{"rendered":"JNR Falcon Pro 28000 Puffs | bobina de malha dupla e visor digital vape descart\u00e1vel a granel"},"content":{"rendered":"<h2>\ud83d\udd25 Conhe\u00e7a o JNR Falcon Pro - Seu rebatedor pesado para sabor e nuvens! \ud83d\udd25<\/h2>\n<p>Quer aumentar o n\u00edvel do seu jogo vape ou abastecer sua loja com uma verdadeira besta da nuvem? \ud83d\ude24 O <em>JNR Falcon Pro<\/em> n\u00e3o \u00e9 um descart\u00e1vel comum - \u00e9 um <em>m\u00e1quina de vaporiza\u00e7\u00e3o de \u00faltima gera\u00e7\u00e3o<\/em>\u00a0feito para fumadores s\u00e9rios, fan\u00e1ticos por sabores e compradores a granel. Com um enorme <em>Capacidade de 28.000 puffs<\/em>A bateria \u00e9 composta por uma bobina de malha dupla de alto desempenho e uma <em>ecr\u00e3 digital<\/em>Este dispositivo nasceu para dominar as prateleiras <em>e<\/em>\u00a0as ruas. \ud83d\udca8<br \/>\nQuer esteja a perseguir sabores ousados ou a atender clientes B2B que desejam um desempenho duradouro - o Falcon Pro oferece um soco poderoso em cada sopro. \ud83d\udcaa<\/p>\n<h3>Especifica\u00e7\u00f5es<\/h3>\n<table>\n<tbody>\n<tr>\n<td><strong>Capacidade de sopro<\/strong><\/td>\n<td>At\u00e9 28.000 baforadas<\/td>\n<\/tr>\n<tr>\n<td><strong>Capacidade de e-l\u00edquido<\/strong><\/td>\n<td>30mL<\/td>\n<\/tr>\n<tr>\n<td><strong>Bateria<\/strong><\/td>\n<td>950mAh Recarreg\u00e1vel (Tipo C)<\/td>\n<\/tr>\n<tr>\n<td><strong>Tipo de bobina<\/strong><\/td>\n<td>Bobina de malha dupla<\/td>\n<\/tr>\n<tr>\n<td><strong>For\u00e7a da nicotina<\/strong><\/td>\n<td>2%<\/td>\n<\/tr>\n<tr>\n<td><strong>Ecr\u00e3<\/strong><\/td>\n<td>Ecr\u00e3 digital inteligente<\/td>\n<\/tr>\n<tr>\n<td><strong>Sabores dispon\u00edveis<\/strong><\/td>\n<td>20<\/td>\n<\/tr>\n<\/tbody>\n<\/table>\n<h3>Porqu\u00ea escolher o JNR Falcon Pro?<\/h3>\n<ul>\n<li>\ud83d\ude80 <em>Enorme capacidade de 28.000 puffs<\/em> - constru\u00eddo para uma satisfa\u00e7\u00e3o duradoura<\/li>\n<li>\ud83d\udd0b <em>Bateria potente de 950mAh<\/em> com carregamento r\u00e1pido Tipo C<\/li>\n<li>\ud83d\udd25 <em>Bobinas de malha dupla<\/em> para um fornecimento de sabor intenso e consistente<\/li>\n<li>\ud83d\udcf1 <em>Ecr\u00e3 digital<\/em> mostra os n\u00edveis da bateria e do e-l\u00edquido num relance<\/li>\n<li>\ud83c\udf6d <em>20 sabores deliciosos<\/em> para satisfazer todos os tipos de clientes<\/li>\n<li>\ud83d\udcbc <em>Perfeito para compradores a granel<\/em> e revendedores grossistas que procuram um invent\u00e1rio de grande procura<\/li>\n<li>Design elegante e duradouro, concebido para impressionar no ecr\u00e3 e em movimento<\/li>\n<\/ul>\n<h3>Lista de sabores<\/h3>\n<ul>\n<li>Sorvete de Morango<\/li>\n<li>Cola de cereja<\/li>\n<li>Gelo de melancia<\/li>\n<li>Cereja Razz Azul<\/li>\n<li>Morango Kiwi<\/li>\n<li>P\u00eassegos suculentos<\/li>\n<li>Gelo de mirtilo<\/li>\n<li>Frutas vermelhas mistas<\/li>\n<li>Ma\u00e7\u00e3 Dupla<\/li>\n<li>Cereja Berry<\/li>\n<li>Mirtilo Framboesa Cereja<\/li>\n<li>Gelo de melancia e morango<\/li>\n<li>Gelo de melancia com kiwi<\/li>\n<li>Mirtilo Framboesa Azeda<\/li>\n<li>P\u00eassego Branco Razz<\/li>\n<li>Manga Maracuj\u00e1<\/li>\n<li>P\u00eassego Manga Melancia<\/li>\n<li>Chiclete de melancia<\/li>\n<li>Morango Banana<\/li>\n<li>Goiaba Kiwi Passion<\/li>\n<\/ul>\n<p>Quer seja um grande utilizador que exige o melhor, um ca\u00e7ador de sabores que n\u00e3o se contenta com o mon\u00f3tono, ou uma loja de vape que precisa de um stock que agrade ao p\u00fablico e que <em>movimentos,<\/em> a <strong>JNR Falcon Pro 28000<\/strong> \u00e9 a sua derradeira solu\u00e7\u00e3o tudo-em-um. A sua capacidade imbat\u00edvel, a sele\u00e7\u00e3o de sabores premium e o design que melhora a exposi\u00e7\u00e3o fazem dela uma escolha de topo para grossistas e distribuidores que procuram dominar o seu mercado.<\/p>\n<p><a href=\"https:\/\/i0.wp.com\/volovape.com\/wp-content\/uploads\/2025\/07\/24h-vape-jnr-falcon-pro-28000-puffs-flavor-list-1.jpg?ssl=1\"><img data-recalc-dims=\"1\" loading=\"lazy\" decoding=\"async\" class=\"alignnone wp-image-34266 size-full\" src=\"https:\/\/i0.wp.com\/volovape.com\/wp-content\/uploads\/2025\/07\/24h-vape-jnr-falcon-pro-28000-puffs-flavor-list-1.jpg?resize=1920%2C1920&#038;ssl=1\" alt=\"\" width=\"1920\" height=\"1920\" title=\"\" srcset=\"https:\/\/i0.wp.com\/volovape.com\/wp-content\/uploads\/2025\/07\/24h-vape-jnr-falcon-pro-28000-puffs-flavor-list-1.jpg?w=1920&amp;ssl=1 1920w, https:\/\/i0.wp.com\/volovape.com\/wp-content\/uploads\/2025\/07\/24h-vape-jnr-falcon-pro-28000-puffs-flavor-list-1.jpg?resize=300%2C300&amp;ssl=1 300w, https:\/\/i0.wp.com\/volovape.com\/wp-content\/uploads\/2025\/07\/24h-vape-jnr-falcon-pro-28000-puffs-flavor-list-1.jpg?resize=1024%2C1024&amp;ssl=1 1024w, https:\/\/i0.wp.com\/volovape.com\/wp-content\/uploads\/2025\/07\/24h-vape-jnr-falcon-pro-28000-puffs-flavor-list-1.jpg?resize=150%2C150&amp;ssl=1 150w, https:\/\/i0.wp.com\/volovape.com\/wp-content\/uploads\/2025\/07\/24h-vape-jnr-falcon-pro-28000-puffs-flavor-list-1.jpg?resize=768%2C768&amp;ssl=1 768w, https:\/\/i0.wp.com\/volovape.com\/wp-content\/uploads\/2025\/07\/24h-vape-jnr-falcon-pro-28000-puffs-flavor-list-1.jpg?resize=1536%2C1536&amp;ssl=1 1536w, https:\/\/i0.wp.com\/volovape.com\/wp-content\/uploads\/2025\/07\/24h-vape-jnr-falcon-pro-28000-puffs-flavor-list-1.jpg?resize=12%2C12&amp;ssl=1 12w, https:\/\/i0.wp.com\/volovape.com\/wp-content\/uploads\/2025\/07\/24h-vape-jnr-falcon-pro-28000-puffs-flavor-list-1.jpg?resize=500%2C500&amp;ssl=1 500w, https:\/\/i0.wp.com\/volovape.com\/wp-content\/uploads\/2025\/07\/24h-vape-jnr-falcon-pro-28000-puffs-flavor-list-1.jpg?resize=800%2C800&amp;ssl=1 800w, https:\/\/i0.wp.com\/volovape.com\/wp-content\/uploads\/2025\/07\/24h-vape-jnr-falcon-pro-28000-puffs-flavor-list-1.jpg?resize=100%2C100&amp;ssl=1 100w\" sizes=\"auto, (max-width: 1000px) 100vw, 1000px\" \/><\/a><\/p>","protected":false},"excerpt":{"rendered":"<h5>JNR Vape descart\u00e1vel Falcon Pro 28000 Puffs com bobina de malha dupla, 30mL de e-l\u00edquido e ecr\u00e3 digital inteligente - ideal para venda grossista de vape a granel.<\/h5>","protected":false},"featured_media":34265,"comment_status":"open","ping_status":"closed","template":"","meta":[],"product_brand":[244],"product_cat":[79,230],"product_tag":[],"class_list":{"0":"post-34223","1":"product","2":"type-product","3":"status-publish","4":"has-post-thumbnail","6":"product_brand-jnr","7":"product_cat-jnr","8":"product_cat-new","10":"first","11":"instock","12":"shipping-taxable","13":"purchasable","14":"product-type-variable","15":"has-default-attributes"},"jetpack_sharing_enabled":true,"tiered_pricing_type":"fixed","tiered_pricing_fixed_rules":{"100":6.9000000000000003552713678800500929355621337890625,"200":6.5999999999999996447286321199499070644378662109375,"400":6.0999999999999996447286321199499070644378662109375},"tiered_pricing_product_settings":{"layout":"default","base_unit_name":{"singular":null,"plural":null},"default_variation":null},"tiered_pricing_minimum_quantity":50,"tiered_pricing_roles_data":[],"tiered_pricing_percentage_rules":[],"tiered_pricing_maximum_quantity":null,"tiered_pricing_quantity_step":"10","_links":{"self":[{"href":"https:\/\/volovape.com\/pt\/wp-json\/wp\/v2\/product\/34223","targetHints":{"allow":["GET"]}}],"collection":[{"href":"https:\/\/volovape.com\/pt\/wp-json\/wp\/v2\/product"}],"about":[{"href":"https:\/\/volovape.com\/pt\/wp-json\/wp\/v2\/types\/product"}],"replies":[{"embeddable":true,"href":"https:\/\/volovape.com\/pt\/wp-json\/wp\/v2\/comments?post=34223"}],"wp:featuredmedia":[{"embeddable":true,"href":"https:\/\/volovape.com\/pt\/wp-json\/wp\/v2\/media\/34265"}],"wp:attachment":[{"href":"https:\/\/volovape.com\/pt\/wp-json\/wp\/v2\/media?parent=34223"}],"wp:term":[{"taxonomy":"product_brand","embeddable":true,"href":"https:\/\/volovape.com\/pt\/wp-json\/wp\/v2\/product_brand?post=34223"},{"taxonomy":"product_cat","embeddable":true,"href":"https:\/\/volovape.com\/pt\/wp-json\/wp\/v2\/product_cat?post=34223"},{"taxonomy":"product_tag","embeddable":true,"href":"https:\/\/volovape.com\/pt\/wp-json\/wp\/v2\/product_tag?post=34223"}],"curies":[{"name":"wp","href":"https:\/\/api.w.org\/{rel}","templated":true}]}}