{"id":33440,"date":"2025-07-04T02:30:49","date_gmt":"2025-07-04T02:30:49","guid":{"rendered":"https:\/\/volovape.com\/?post_type=product&#038;p=33440"},"modified":"2025-11-20T09:02:31","modified_gmt":"2025-11-20T09:02:31","slug":"randm-fumot-tornado-20k","status":"publish","type":"product","link":"https:\/\/volovape.com\/pt\/product\/randm-fumot-tornado-20k\/","title":{"rendered":"RandM Fumot Tornado 20K | malha dupla 20000 puffs vape descart\u00e1vel por atacado"},"content":{"rendered":"<p>\ud83c\udf2a\ufe0f\ud83d\udca8 Experimente o vape definitivo com o <strong>RandM Fumot Tornado 20K<\/strong>! Este vape descart\u00e1vel foi concebido para entusiastas do sabor e utilizadores intensivos, oferecendo at\u00e9 <strong>20.000 puffs consistentemente ricos<\/strong>. Os seus avan\u00e7ados <strong>bobinas de malha dupla<\/strong> garantem uma sensa\u00e7\u00e3o de sabor inigual\u00e1vel. \ud83d\ude80<\/p>\n<p>\u2728 <strong>Porqu\u00ea escolher o Tornado 20K?<\/strong><\/p>\n<ul>\n<li>\ud83d\udee2\ufe0f <strong>Enorme capacidade de 20 ml de e-l\u00edquido<\/strong> para um prazer de vaporiza\u00e7\u00e3o prolongado.<\/li>\n<li>Longa dura\u00e7\u00e3o <strong>Bateria recarreg\u00e1vel de 850mAh<\/strong> com o pr\u00e1tico carregamento r\u00e1pido Tipo C.<\/li>\n<li>\ud83d\udd0d Design cristalino com leitura f\u00e1cil <strong>indicadores de \u00f3leo e de bateria<\/strong>.<\/li>\n<li>\ud83c\udf08 Explorar <strong>39 sabores incr\u00edveis<\/strong>desde o frutado ao fresco gelado.<\/li>\n<li>Ideal para compradores por grosso e a granel que procuram um produto com elevada procura.<\/li>\n<\/ul>\n<h3>\ud83d\udee0\ufe0f Especifica\u00e7\u00f5es:<\/h3>\n<table>\n<tbody>\n<tr>\n<th>Recurso<\/th>\n<th>Detalhes<\/th>\n<\/tr>\n<tr>\n<td>\ud83c\udf2c\ufe0f Contagem de puffs<\/td>\n<td>At\u00e9 20.000<\/td>\n<\/tr>\n<tr>\n<td>\ud83d\udee2\ufe0f Volume do E-l\u00edquido<\/td>\n<td>20mL<\/td>\n<\/tr>\n<tr>\n<td>Capacidade da bateria<\/td>\n<td>850mAh (recarreg\u00e1vel tipo C)<\/td>\n<\/tr>\n<tr>\n<td>\ud83d\udc8e Tipo de bobina<\/td>\n<td>Malha dupla<\/td>\n<\/tr>\n<tr>\n<td>Op\u00e7\u00f5es de nicotina<\/td>\n<td>2%, 3%, 5%<\/td>\n<\/tr>\n<tr>\n<td>\ud83d\udda5\ufe0f Ecr\u00e3<\/td>\n<td>Indicador de \u00f3leo e bateria<\/td>\n<\/tr>\n<tr>\n<td>\u2728 Conce\u00e7\u00e3o<\/td>\n<td>Caixa cristalina<\/td>\n<\/tr>\n<\/tbody>\n<\/table>\n<h3>\ud83c\udf53 Destaques da lista de sabores:<\/h3>\n<ul>\n<li>Rebu\u00e7ados de mirtilo e framboesa<\/li>\n<li>Morango Kiwi<\/li>\n<li>P\u00eassego Manga Melancia<\/li>\n<li>Bolas de boliche<\/li>\n<li>Algod\u00e3o doce<\/li>\n<li>Gomas de gelatina<\/li>\n<li>Hortel\u00e3 Fresca<\/li>\n<li>Kiwi Maracuj\u00e1 Goiaba<\/li>\n<li>Goma de ursinho Blue Razz<\/li>\n<li>Cola de cereja<\/li>\n<li>Mel\u00e3o de lichia<\/li>\n<li>Limonada de pepino<\/li>\n<li>...e mais 27 sabores excitantes!<\/li>\n<\/ul>","protected":false},"excerpt":{"rendered":"<p>Desfrute de at\u00e9 20.000 baforadas de sabor suave e intenso com o RandM Fumot Tornado 20K. As bobinas de malha dupla, um corpo cristalino e 39 sabores fazem deste o derradeiro vape por grosso.<\/p>","protected":false},"featured_media":33470,"comment_status":"open","ping_status":"closed","template":"","meta":[],"product_brand":[237],"product_cat":[230,52],"product_tag":[],"class_list":{"0":"post-33440","1":"product","2":"type-product","3":"status-publish","4":"has-post-thumbnail","6":"product_brand-randm","7":"product_cat-new","8":"product_cat-randm","10":"first","11":"instock","12":"shipping-taxable","13":"purchasable","14":"product-type-variable","15":"has-default-attributes"},"jetpack_sharing_enabled":true,"tiered_pricing_type":"fixed","tiered_pricing_fixed_rules":{"30":8.6099999999999994315658113919198513031005859375,"50":7.839999999999999857891452847979962825775146484375,"100":7.21999999999999975131004248396493494510650634765625,"200":6.8499999999999996447286321199499070644378662109375,"400":6.4199999999999999289457264239899814128875732421875},"tiered_pricing_product_settings":{"layout":"default","base_unit_name":{"singular":null,"plural":null},"default_variation":null},"tiered_pricing_minimum_quantity":10,"tiered_pricing_roles_data":[],"tiered_pricing_percentage_rules":[],"tiered_pricing_maximum_quantity":null,"tiered_pricing_quantity_step":"10","_links":{"self":[{"href":"https:\/\/volovape.com\/pt\/wp-json\/wp\/v2\/product\/33440","targetHints":{"allow":["GET"]}}],"collection":[{"href":"https:\/\/volovape.com\/pt\/wp-json\/wp\/v2\/product"}],"about":[{"href":"https:\/\/volovape.com\/pt\/wp-json\/wp\/v2\/types\/product"}],"replies":[{"embeddable":true,"href":"https:\/\/volovape.com\/pt\/wp-json\/wp\/v2\/comments?post=33440"}],"wp:featuredmedia":[{"embeddable":true,"href":"https:\/\/volovape.com\/pt\/wp-json\/wp\/v2\/media\/33470"}],"wp:attachment":[{"href":"https:\/\/volovape.com\/pt\/wp-json\/wp\/v2\/media?parent=33440"}],"wp:term":[{"taxonomy":"product_brand","embeddable":true,"href":"https:\/\/volovape.com\/pt\/wp-json\/wp\/v2\/product_brand?post=33440"},{"taxonomy":"product_cat","embeddable":true,"href":"https:\/\/volovape.com\/pt\/wp-json\/wp\/v2\/product_cat?post=33440"},{"taxonomy":"product_tag","embeddable":true,"href":"https:\/\/volovape.com\/pt\/wp-json\/wp\/v2\/product_tag?post=33440"}],"curies":[{"name":"wp","href":"https:\/\/api.w.org\/{rel}","templated":true}]}}